{"id":177823,"date":"2026-01-28T19:21:14","date_gmt":"2026-01-28T18:21:14","guid":{"rendered":"https:\/\/vintagecycling.store\/?post_type=product&#038;p=177823"},"modified":"2026-01-30T09:20:15","modified_gmt":"2026-01-30T08:20:15","slug":"malvor-bottecchia-sidi-1988-radtrikot","status":"publish","type":"product","link":"https:\/\/vintagecycling.store\/de\/retro-wielershirt\/malvor-bottecchia-sidi-1988-wielershirt\/","title":{"rendered":"MALVOR-BOTTECCHIA-SIDI 1988 RADTRIKOT"},"content":{"rendered":"<p>MALVOR-BOTTECCHIA-SIDI 1988.<\/p>\n<p>Das Malvor-Team wurde 1983 in Italien gegr\u00fcndet. 1987 traten sie unter dem Namen PAINI-BOTTECCHIA mit einer Schweizer Lizenz an. 1988 fuhren sie mit einer \u00f6sterreichischen Lizenz, da sieben \u00d6sterreicher im Team waren und es somit nicht zu zwei Dritteln aus Italienern bestand (eine Voraussetzung f\u00fcr eine italienische Lizenz).<\/p>\n<p>In den Jahren 1989 und 1990 trat das Team wieder als italienisches Team MALVOR-COLNAGO &amp; MALVOR-BOTTECCHIA an, ab 1992 als ZG MOBILI-BOTTECCHIA.<\/p>","protected":false},"excerpt":{"rendered":"<p>MALVOR-BOTTECCHIA-SIDI 1988. De Malvor ploeg begint in 1983 in Italie.\u00a0 In 1987 reed men als PAINI-BOTTECCHIA onder Zwitserse licentie.\u00a0 In 1988 onder Oostenrijkse licentie omdat er 7 Oostenrijkers in de ploeg zaten en en de ploeg zodoende niet voor\u00a0 2\/3 uit Italiaanse renners bestond.(voorwaarde voor een Italiaanse licentie) In 1989 en 1990 reed men weer [&hellip;]<\/p>\n","protected":false},"featured_media":177878,"template":"","meta":[],"product_brand":[],"product_cat":[151],"product_tag":[],"class_list":{"0":"post-177823","1":"product","2":"type-product","3":"status-publish","4":"has-post-thumbnail","6":"product_cat-pro-team","8":"first","9":"onbackorder","10":"taxable","11":"shipping-taxable","12":"purchasable","13":"product-type-variable"},"yoast_head":"<!-- This site is optimized with the Yoast SEO plugin v27.4 - https:\/\/yoast.com\/product\/yoast-seo-wordpress\/ -->\n<title>MALVOR-BOTTECCHIA-SIDI  1988 WIELERSHIRT - Vintage Cycling Store<\/title>\n<meta name=\"robots\" content=\"index, follow, max-snippet:-1, max-image-preview:large, max-video-preview:-1\" \/>\n<link rel=\"canonical\" href=\"https:\/\/mail.ton-merckx-wielershirts.nl\/en\/retro-cycling-jersey\/malvor-bottecchia-sidi-1988-cycling-jersey\/\" \/>\n<meta property=\"og:locale\" content=\"de_DE\" \/>\n<meta property=\"og:type\" content=\"article\" \/>\n<meta property=\"og:title\" content=\"MALVOR-BOTTECCHIA-SIDI  1988 WIELERSHIRT - Vintage Cycling Store\" \/>\n<meta property=\"og:description\" content=\"MALVOR-BOTTECCHIA-SIDI 1988. De Malvor ploeg begint in 1983 in Italie.\u00a0 In 1987 reed men als PAINI-BOTTECCHIA onder Zwitserse licentie.\u00a0 In 1988 onder Oostenrijkse licentie omdat er 7 Oostenrijkers in de ploeg zaten en en de ploeg zodoende niet voor\u00a0 2\/3 uit Italiaanse renners bestond.(voorwaarde voor een Italiaanse licentie) In 1989 en 1990 reed men weer [&hellip;]\" \/>\n<meta property=\"og:url\" content=\"https:\/\/mail.ton-merckx-wielershirts.nl\/en\/retro-cycling-jersey\/malvor-bottecchia-sidi-1988-cycling-jersey\/\" \/>\n<meta property=\"og:site_name\" content=\"Vintage Cycling Store\" \/>\n<meta property=\"article:modified_time\" content=\"2026-01-30T08:20:15+00:00\" \/>\n<meta property=\"og:image\" content=\"https:\/\/mail.ton-merckx-wielershirts.nl\/wp-content\/uploads\/2026\/01\/IMG_4806-scaled.jpg\" \/>\n\t<meta property=\"og:image:width\" content=\"1920\" \/>\n\t<meta property=\"og:image:height\" content=\"2560\" \/>\n\t<meta property=\"og:image:type\" content=\"image\/jpeg\" \/>\n<meta name=\"twitter:card\" content=\"summary_large_image\" \/>\n<meta name=\"twitter:label1\" content=\"Gesch\u00e4tzte Lesezeit\" \/>\n\t<meta name=\"twitter:data1\" content=\"1\u00a0Minute\" \/>\n<script type=\"application\/ld+json\" class=\"yoast-schema-graph\">{\"@context\":\"https:\\\/\\\/schema.org\",\"@graph\":[{\"@type\":\"WebPage\",\"@id\":\"https:\\\/\\\/mail.ton-merckx-wielershirts.nl\\\/en\\\/retro-cycling-jersey\\\/malvor-bottecchia-sidi-1988-cycling-jersey\\\/\",\"url\":\"https:\\\/\\\/mail.ton-merckx-wielershirts.nl\\\/en\\\/retro-cycling-jersey\\\/malvor-bottecchia-sidi-1988-cycling-jersey\\\/\",\"name\":\"MALVOR-BOTTECCHIA-SIDI 1988 WIELERSHIRT - Vintage Cycling Store\",\"isPartOf\":{\"@id\":\"https:\\\/\\\/mail.ton.connectingminds.net\\\/de\\\/#website\"},\"primaryImageOfPage\":{\"@id\":\"https:\\\/\\\/mail.ton-merckx-wielershirts.nl\\\/en\\\/retro-cycling-jersey\\\/malvor-bottecchia-sidi-1988-cycling-jersey\\\/#primaryimage\"},\"image\":{\"@id\":\"https:\\\/\\\/mail.ton-merckx-wielershirts.nl\\\/en\\\/retro-cycling-jersey\\\/malvor-bottecchia-sidi-1988-cycling-jersey\\\/#primaryimage\"},\"thumbnailUrl\":\"https:\\\/\\\/vintagecycling.store\\\/wp-content\\\/uploads\\\/2026\\\/01\\\/IMG_4806-scaled.jpg\",\"datePublished\":\"2026-01-28T18:21:14+00:00\",\"dateModified\":\"2026-01-30T08:20:15+00:00\",\"breadcrumb\":{\"@id\":\"https:\\\/\\\/mail.ton-merckx-wielershirts.nl\\\/en\\\/retro-cycling-jersey\\\/malvor-bottecchia-sidi-1988-cycling-jersey\\\/#breadcrumb\"},\"inLanguage\":\"de\",\"potentialAction\":[{\"@type\":\"ReadAction\",\"target\":[\"https:\\\/\\\/mail.ton-merckx-wielershirts.nl\\\/en\\\/retro-cycling-jersey\\\/malvor-bottecchia-sidi-1988-cycling-jersey\\\/\"]}]},{\"@type\":\"ImageObject\",\"inLanguage\":\"de\",\"@id\":\"https:\\\/\\\/mail.ton-merckx-wielershirts.nl\\\/en\\\/retro-cycling-jersey\\\/malvor-bottecchia-sidi-1988-cycling-jersey\\\/#primaryimage\",\"url\":\"https:\\\/\\\/vintagecycling.store\\\/wp-content\\\/uploads\\\/2026\\\/01\\\/IMG_4806-scaled.jpg\",\"contentUrl\":\"https:\\\/\\\/vintagecycling.store\\\/wp-content\\\/uploads\\\/2026\\\/01\\\/IMG_4806-scaled.jpg\",\"width\":1920,\"height\":2560,\"caption\":\"MALVOR-BOTTECCHIA-SIDI 1988\"},{\"@type\":\"BreadcrumbList\",\"@id\":\"https:\\\/\\\/mail.ton-merckx-wielershirts.nl\\\/en\\\/retro-cycling-jersey\\\/malvor-bottecchia-sidi-1988-cycling-jersey\\\/#breadcrumb\",\"itemListElement\":[{\"@type\":\"ListItem\",\"position\":1,\"name\":\"Home\",\"item\":\"https:\\\/\\\/mail.ton.connectingminds.net\\\/de\\\/\"},{\"@type\":\"ListItem\",\"position\":2,\"name\":\"Retro wielershirts\",\"item\":\"https:\\\/\\\/mail.ton.connectingminds.net\\\/de\\\/retro-radtrikots\\\/\"},{\"@type\":\"ListItem\",\"position\":3,\"name\":\"MALVOR-BOTTECCHIA-SIDI 1988 WIELERSHIRT\"}]},{\"@type\":\"WebSite\",\"@id\":\"https:\\\/\\\/mail.ton.connectingminds.net\\\/de\\\/#website\",\"url\":\"https:\\\/\\\/mail.ton.connectingminds.net\\\/de\\\/\",\"name\":\"Vintage Cycling Store\",\"description\":\"thousands of original cycling jerseys - order your replica!\",\"publisher\":{\"@id\":\"https:\\\/\\\/mail.ton.connectingminds.net\\\/de\\\/#organization\"},\"potentialAction\":[{\"@type\":\"SearchAction\",\"target\":{\"@type\":\"EntryPoint\",\"urlTemplate\":\"https:\\\/\\\/mail.ton.connectingminds.net\\\/de\\\/?s={search_term_string}\"},\"query-input\":{\"@type\":\"PropertyValueSpecification\",\"valueRequired\":true,\"valueName\":\"search_term_string\"}}],\"inLanguage\":\"de\"},{\"@type\":\"Organization\",\"@id\":\"https:\\\/\\\/mail.ton.connectingminds.net\\\/de\\\/#organization\",\"name\":\"Vintage Cycling Store\",\"url\":\"https:\\\/\\\/mail.ton.connectingminds.net\\\/de\\\/\",\"logo\":{\"@type\":\"ImageObject\",\"inLanguage\":\"de\",\"@id\":\"https:\\\/\\\/mail.ton.connectingminds.net\\\/de\\\/#\\\/schema\\\/logo\\\/image\\\/\",\"url\":\"https:\\\/\\\/vintagecycling.store\\\/wp-content\\\/uploads\\\/2023\\\/03\\\/ton-merckx-logo.jpg\",\"contentUrl\":\"https:\\\/\\\/vintagecycling.store\\\/wp-content\\\/uploads\\\/2023\\\/03\\\/ton-merckx-logo.jpg\",\"width\":391,\"height\":57,\"caption\":\"Vintage Cycling Store\"},\"image\":{\"@id\":\"https:\\\/\\\/mail.ton.connectingminds.net\\\/de\\\/#\\\/schema\\\/logo\\\/image\\\/\"}}]}<\/script>\n<!-- \/ Yoast SEO plugin. -->","yoast_head_json":{"title":"MALVOR-BOTTECCHIA-SIDI 1988 RADSHIRT - Vintage Radsportladen","robots":{"index":"index","follow":"follow","max-snippet":"max-snippet:-1","max-image-preview":"max-image-preview:large","max-video-preview":"max-video-preview:-1"},"canonical":"https:\/\/mail.ton-merckx-wielershirts.nl\/en\/retro-cycling-jersey\/malvor-bottecchia-sidi-1988-cycling-jersey\/","og_locale":"de_DE","og_type":"article","og_title":"MALVOR-BOTTECCHIA-SIDI  1988 WIELERSHIRT - Vintage Cycling Store","og_description":"MALVOR-BOTTECCHIA-SIDI 1988. De Malvor ploeg begint in 1983 in Italie.\u00a0 In 1987 reed men als PAINI-BOTTECCHIA onder Zwitserse licentie.\u00a0 In 1988 onder Oostenrijkse licentie omdat er 7 Oostenrijkers in de ploeg zaten en en de ploeg zodoende niet voor\u00a0 2\/3 uit Italiaanse renners bestond.(voorwaarde voor een Italiaanse licentie) In 1989 en 1990 reed men weer [&hellip;]","og_url":"https:\/\/mail.ton-merckx-wielershirts.nl\/en\/retro-cycling-jersey\/malvor-bottecchia-sidi-1988-cycling-jersey\/","og_site_name":"Vintage Cycling Store","article_modified_time":"2026-01-30T08:20:15+00:00","og_image":[{"width":1920,"height":2560,"url":"https:\/\/mail.ton-merckx-wielershirts.nl\/wp-content\/uploads\/2026\/01\/IMG_4806-scaled.jpg","type":"image\/jpeg"}],"twitter_card":"summary_large_image","twitter_misc":{"Gesch\u00e4tzte Lesezeit":"1\u00a0Minute"},"schema":{"@context":"https:\/\/schema.org","@graph":[{"@type":"WebPage","@id":"https:\/\/mail.ton-merckx-wielershirts.nl\/en\/retro-cycling-jersey\/malvor-bottecchia-sidi-1988-cycling-jersey\/","url":"https:\/\/mail.ton-merckx-wielershirts.nl\/en\/retro-cycling-jersey\/malvor-bottecchia-sidi-1988-cycling-jersey\/","name":"MALVOR-BOTTECCHIA-SIDI 1988 RADSHIRT - Vintage Radsportladen","isPartOf":{"@id":"https:\/\/mail.ton.connectingminds.net\/de\/#website"},"primaryImageOfPage":{"@id":"https:\/\/mail.ton-merckx-wielershirts.nl\/en\/retro-cycling-jersey\/malvor-bottecchia-sidi-1988-cycling-jersey\/#primaryimage"},"image":{"@id":"https:\/\/mail.ton-merckx-wielershirts.nl\/en\/retro-cycling-jersey\/malvor-bottecchia-sidi-1988-cycling-jersey\/#primaryimage"},"thumbnailUrl":"https:\/\/vintagecycling.store\/wp-content\/uploads\/2026\/01\/IMG_4806-scaled.jpg","datePublished":"2026-01-28T18:21:14+00:00","dateModified":"2026-01-30T08:20:15+00:00","breadcrumb":{"@id":"https:\/\/mail.ton-merckx-wielershirts.nl\/en\/retro-cycling-jersey\/malvor-bottecchia-sidi-1988-cycling-jersey\/#breadcrumb"},"inLanguage":"de","potentialAction":[{"@type":"ReadAction","target":["https:\/\/mail.ton-merckx-wielershirts.nl\/en\/retro-cycling-jersey\/malvor-bottecchia-sidi-1988-cycling-jersey\/"]}]},{"@type":"ImageObject","inLanguage":"de","@id":"https:\/\/mail.ton-merckx-wielershirts.nl\/en\/retro-cycling-jersey\/malvor-bottecchia-sidi-1988-cycling-jersey\/#primaryimage","url":"https:\/\/vintagecycling.store\/wp-content\/uploads\/2026\/01\/IMG_4806-scaled.jpg","contentUrl":"https:\/\/vintagecycling.store\/wp-content\/uploads\/2026\/01\/IMG_4806-scaled.jpg","width":1920,"height":2560,"caption":"MALVOR-BOTTECCHIA-SIDI 1988"},{"@type":"BreadcrumbList","@id":"https:\/\/mail.ton-merckx-wielershirts.nl\/en\/retro-cycling-jersey\/malvor-bottecchia-sidi-1988-cycling-jersey\/#breadcrumb","itemListElement":[{"@type":"ListItem","position":1,"name":"Home","item":"https:\/\/mail.ton.connectingminds.net\/de\/"},{"@type":"ListItem","position":2,"name":"Retro wielershirts","item":"https:\/\/mail.ton.connectingminds.net\/de\/retro-radtrikots\/"},{"@type":"ListItem","position":3,"name":"MALVOR-BOTTECCHIA-SIDI 1988 WIELERSHIRT"}]},{"@type":"WebSite","@id":"https:\/\/mail.ton.connectingminds.net\/de\/#website","url":"https:\/\/mail.ton.connectingminds.net\/de\/","name":"Vintage-Fahrradladen","description":"Tausende originale Radtrikots \u2013 bestellen Sie Ihr Replikat!","publisher":{"@id":"https:\/\/mail.ton.connectingminds.net\/de\/#organization"},"potentialAction":[{"@type":"SearchAction","target":{"@type":"EntryPoint","urlTemplate":"https:\/\/mail.ton.connectingminds.net\/de\/?s={search_term_string}"},"query-input":{"@type":"PropertyValueSpecification","valueRequired":true,"valueName":"search_term_string"}}],"inLanguage":"de"},{"@type":"Organization","@id":"https:\/\/mail.ton.connectingminds.net\/de\/#organization","name":"Vintage-Fahrradladen","url":"https:\/\/mail.ton.connectingminds.net\/de\/","logo":{"@type":"ImageObject","inLanguage":"de","@id":"https:\/\/mail.ton.connectingminds.net\/de\/#\/schema\/logo\/image\/","url":"https:\/\/vintagecycling.store\/wp-content\/uploads\/2023\/03\/ton-merckx-logo.jpg","contentUrl":"https:\/\/vintagecycling.store\/wp-content\/uploads\/2023\/03\/ton-merckx-logo.jpg","width":391,"height":57,"caption":"Vintage Cycling Store"},"image":{"@id":"https:\/\/mail.ton.connectingminds.net\/de\/#\/schema\/logo\/image\/"}}]}},"_links":{"self":[{"href":"https:\/\/vintagecycling.store\/de\/wp-json\/wp\/v2\/product\/177823","targetHints":{"allow":["GET"]}}],"collection":[{"href":"https:\/\/vintagecycling.store\/de\/wp-json\/wp\/v2\/product"}],"about":[{"href":"https:\/\/vintagecycling.store\/de\/wp-json\/wp\/v2\/types\/product"}],"wp:featuredmedia":[{"embeddable":true,"href":"https:\/\/vintagecycling.store\/de\/wp-json\/wp\/v2\/media\/177878"}],"wp:attachment":[{"href":"https:\/\/vintagecycling.store\/de\/wp-json\/wp\/v2\/media?parent=177823"}],"wp:term":[{"taxonomy":"product_brand","embeddable":true,"href":"https:\/\/vintagecycling.store\/de\/wp-json\/wp\/v2\/product_brand?post=177823"},{"taxonomy":"product_cat","embeddable":true,"href":"https:\/\/vintagecycling.store\/de\/wp-json\/wp\/v2\/product_cat?post=177823"},{"taxonomy":"product_tag","embeddable":true,"href":"https:\/\/vintagecycling.store\/de\/wp-json\/wp\/v2\/product_tag?post=177823"}],"curies":[{"name":"wp","href":"https:\/\/api.w.org\/{rel}","templated":true}]}}