{"id":29253,"date":"2024-05-23T21:16:39","date_gmt":"2024-05-23T19:16:39","guid":{"rendered":"https:\/\/vintagecycling.store\/?post_type=product&#038;p=29253"},"modified":"2026-01-28T12:00:40","modified_gmt":"2026-01-28T11:00:40","slug":"garmin-sharp-2014","status":"publish","type":"product","link":"https:\/\/vintagecycling.store\/de\/retro-wielershirt\/garmin-sharp-2014\/","title":{"rendered":"GARMIN-SHARP \u2013 2014 \u2013 Radtrikot"},"content":{"rendered":"<p>GARMIN-SHARP war ein im Jahr 2014 aktives professionelles Radsportteam. Das Team war f\u00fcr seinen starken Fokus auf sauberen Sport und Anti-Doping-Richtlinien bekannt. GARMIN-SHARP hatte eine vielf\u00e4ltige Auswahl an Fahrern aus verschiedenen L\u00e4ndern, darunter einige gro\u00dfe Namen im Radsport. Im Jahr 2014 nahm das Team an den wichtigsten Radrennen wie der Tour de France, dem Giro d\u2019Italia und der Vuelta a Espa\u00f1a teil. Einer der bemerkenswertesten Erfolge des Teams in diesem Jahr war der Sieg von Daniel Martin bei der Lombardei-Rundfahrt. Angef\u00fchrt wurde das Team von Jonathan Vaughters, einem ehemaligen Radprofi. GARMIN-SHARP war auch f\u00fcr seinen innovativen Ansatz in Bezug auf Training und Technologie bekannt. Der Sponsor Garmin stellte fortschrittliche GPS-Ausr\u00fcstung zur Verf\u00fcgung und Sharp war ein wichtiger Partner in der Technologie- und Kommunikationsbranche. Das Team hatte eine starke Fangemeinde und wurde f\u00fcr seinen Sportsgeist und seine Ausdauer gesch\u00e4tzt.<\/p>","protected":false},"excerpt":{"rendered":"<p>GARMIN-SHARP war ein im Jahr 2014 aktives professionelles Radsportteam. Das Team war f\u00fcr seinen starken Fokus auf sauberen Sport und Anti-Doping-Richtlinien bekannt.<\/p>","protected":false},"featured_media":29254,"template":"","meta":[],"product_brand":[],"product_cat":[151],"product_tag":[],"class_list":{"0":"post-29253","1":"product","2":"type-product","3":"status-publish","4":"has-post-thumbnail","6":"product_cat-pro-team","8":"first","9":"onbackorder","10":"taxable","11":"shipping-taxable","12":"purchasable","13":"product-type-variable"},"yoast_head":"<!-- This site is optimized with the Yoast SEO plugin v27.4 - https:\/\/yoast.com\/product\/yoast-seo-wordpress\/ -->\n<title>GARMIN-SHARP - 2014 - Wielershirt - Vintage Cycling Store<\/title>\n<meta name=\"description\" content=\"Wielershirt GARMIN-SHARP was een professioneel wielerteam dat actief was in 2014. Het team stond bekend om zijn sterke focus op schone sport en anti-dopingbeleid\" \/>\n<meta name=\"robots\" content=\"index, follow, max-snippet:-1, max-image-preview:large, max-video-preview:-1\" \/>\n<link rel=\"canonical\" href=\"https:\/\/mail.ton-merckx-wielershirts.nl\/it\/maglia-da-ciclismo-retro\/garmin-sharp-2014\/\" \/>\n<meta property=\"og:locale\" content=\"de_DE\" \/>\n<meta property=\"og:type\" content=\"article\" \/>\n<meta property=\"og:title\" content=\"GARMIN-SHARP - 2014 - Wielershirt - Vintage Cycling Store\" \/>\n<meta property=\"og:description\" content=\"Wielershirt GARMIN-SHARP was een professioneel wielerteam dat actief was in 2014. Het team stond bekend om zijn sterke focus op schone sport en anti-dopingbeleid\" \/>\n<meta property=\"og:url\" content=\"https:\/\/mail.ton-merckx-wielershirts.nl\/it\/maglia-da-ciclismo-retro\/garmin-sharp-2014\/\" \/>\n<meta property=\"og:site_name\" content=\"Vintage Cycling Store\" \/>\n<meta property=\"article:modified_time\" content=\"2026-01-28T11:00:40+00:00\" \/>\n<meta property=\"og:image\" content=\"https:\/\/mail.ton-merckx-wielershirts.nl\/wp-content\/uploads\/2024\/05\/GARMIN-SHARP-2014-scaled.jpg\" \/>\n\t<meta property=\"og:image:width\" content=\"1920\" \/>\n\t<meta property=\"og:image:height\" content=\"2560\" \/>\n\t<meta property=\"og:image:type\" content=\"image\/jpeg\" \/>\n<meta name=\"twitter:card\" content=\"summary_large_image\" \/>\n<meta name=\"twitter:label1\" content=\"Gesch\u00e4tzte Lesezeit\" \/>\n\t<meta name=\"twitter:data1\" content=\"1\u00a0Minute\" \/>\n<script type=\"application\/ld+json\" class=\"yoast-schema-graph\">{\"@context\":\"https:\\\/\\\/schema.org\",\"@graph\":[{\"@type\":\"WebPage\",\"@id\":\"https:\\\/\\\/mail.ton-merckx-wielershirts.nl\\\/it\\\/maglia-da-ciclismo-retro\\\/garmin-sharp-2014\\\/\",\"url\":\"https:\\\/\\\/mail.ton-merckx-wielershirts.nl\\\/it\\\/maglia-da-ciclismo-retro\\\/garmin-sharp-2014\\\/\",\"name\":\"GARMIN-SHARP - 2014 - Wielershirt - Vintage Cycling Store\",\"isPartOf\":{\"@id\":\"https:\\\/\\\/mail.ton-merckx-wielershirts.nl\\\/#website\"},\"primaryImageOfPage\":{\"@id\":\"https:\\\/\\\/mail.ton-merckx-wielershirts.nl\\\/it\\\/maglia-da-ciclismo-retro\\\/garmin-sharp-2014\\\/#primaryimage\"},\"image\":{\"@id\":\"https:\\\/\\\/mail.ton-merckx-wielershirts.nl\\\/it\\\/maglia-da-ciclismo-retro\\\/garmin-sharp-2014\\\/#primaryimage\"},\"thumbnailUrl\":\"https:\\\/\\\/vintagecycling.store\\\/wp-content\\\/uploads\\\/2024\\\/05\\\/GARMIN-SHARP-2014-scaled.jpg\",\"datePublished\":\"2024-05-23T19:16:39+00:00\",\"dateModified\":\"2026-01-28T11:00:40+00:00\",\"description\":\"Wielershirt GARMIN-SHARP was een professioneel wielerteam dat actief was in 2014. Het team stond bekend om zijn sterke focus op schone sport en anti-dopingbeleid\",\"breadcrumb\":{\"@id\":\"https:\\\/\\\/mail.ton-merckx-wielershirts.nl\\\/it\\\/maglia-da-ciclismo-retro\\\/garmin-sharp-2014\\\/#breadcrumb\"},\"inLanguage\":\"de\",\"potentialAction\":[{\"@type\":\"ReadAction\",\"target\":[\"https:\\\/\\\/mail.ton-merckx-wielershirts.nl\\\/it\\\/maglia-da-ciclismo-retro\\\/garmin-sharp-2014\\\/\"]}]},{\"@type\":\"ImageObject\",\"inLanguage\":\"de\",\"@id\":\"https:\\\/\\\/mail.ton-merckx-wielershirts.nl\\\/it\\\/maglia-da-ciclismo-retro\\\/garmin-sharp-2014\\\/#primaryimage\",\"url\":\"https:\\\/\\\/vintagecycling.store\\\/wp-content\\\/uploads\\\/2024\\\/05\\\/GARMIN-SHARP-2014-scaled.jpg\",\"contentUrl\":\"https:\\\/\\\/vintagecycling.store\\\/wp-content\\\/uploads\\\/2024\\\/05\\\/GARMIN-SHARP-2014-scaled.jpg\",\"width\":1920,\"height\":2560},{\"@type\":\"BreadcrumbList\",\"@id\":\"https:\\\/\\\/mail.ton-merckx-wielershirts.nl\\\/it\\\/maglia-da-ciclismo-retro\\\/garmin-sharp-2014\\\/#breadcrumb\",\"itemListElement\":[{\"@type\":\"ListItem\",\"position\":1,\"name\":\"Home\",\"item\":\"https:\\\/\\\/mail.ton-merckx-wielershirts.nl\\\/\"},{\"@type\":\"ListItem\",\"position\":2,\"name\":\"Retro wielershirts\",\"item\":\"https:\\\/\\\/mail.cyclingoriginals.com\\\/it\\\/maglie-da-ciclismo-retro\\\/\"},{\"@type\":\"ListItem\",\"position\":3,\"name\":\"GARMIN-SHARP &#8211; 2014 &#8211; Wielershirt\"}]},{\"@type\":\"WebSite\",\"@id\":\"https:\\\/\\\/mail.ton-merckx-wielershirts.nl\\\/#website\",\"url\":\"https:\\\/\\\/mail.ton-merckx-wielershirts.nl\\\/\",\"name\":\"Vintage Cycling Store\",\"description\":\"thousands of original cycling jerseys - order your replica!\",\"publisher\":{\"@id\":\"https:\\\/\\\/mail.ton-merckx-wielershirts.nl\\\/#organization\"},\"potentialAction\":[{\"@type\":\"SearchAction\",\"target\":{\"@type\":\"EntryPoint\",\"urlTemplate\":\"https:\\\/\\\/mail.ton-merckx-wielershirts.nl\\\/?s={search_term_string}\"},\"query-input\":{\"@type\":\"PropertyValueSpecification\",\"valueRequired\":true,\"valueName\":\"search_term_string\"}}],\"inLanguage\":\"de\"},{\"@type\":\"Organization\",\"@id\":\"https:\\\/\\\/mail.ton-merckx-wielershirts.nl\\\/#organization\",\"name\":\"Vintage Cycling Store\",\"url\":\"https:\\\/\\\/mail.ton-merckx-wielershirts.nl\\\/\",\"logo\":{\"@type\":\"ImageObject\",\"inLanguage\":\"de\",\"@id\":\"https:\\\/\\\/mail.ton-merckx-wielershirts.nl\\\/#\\\/schema\\\/logo\\\/image\\\/\",\"url\":\"https:\\\/\\\/vintagecycling.store\\\/wp-content\\\/uploads\\\/2023\\\/03\\\/ton-merckx-logo.jpg\",\"contentUrl\":\"https:\\\/\\\/vintagecycling.store\\\/wp-content\\\/uploads\\\/2023\\\/03\\\/ton-merckx-logo.jpg\",\"width\":391,\"height\":57,\"caption\":\"Vintage Cycling Store\"},\"image\":{\"@id\":\"https:\\\/\\\/mail.ton-merckx-wielershirts.nl\\\/#\\\/schema\\\/logo\\\/image\\\/\"}}]}<\/script>\n<!-- \/ Yoast SEO plugin. -->","yoast_head_json":{"title":"GARMIN-SHARP \u2013 2014 \u2013 Radtrikot \u2013 Vintage Cycling Store","description":"Radtrikot GARMIN-SHARP war ein professionelles Radsportteam, das im Jahr 2014 aktiv war. Das Team war f\u00fcr seinen starken Fokus auf sauberen Sport und Anti-Doping-Richtlinien bekannt","robots":{"index":"index","follow":"follow","max-snippet":"max-snippet:-1","max-image-preview":"max-image-preview:large","max-video-preview":"max-video-preview:-1"},"canonical":"https:\/\/mail.ton-merckx-wielershirts.nl\/it\/maglia-da-ciclismo-retro\/garmin-sharp-2014\/","og_locale":"de_DE","og_type":"article","og_title":"GARMIN-SHARP - 2014 - Wielershirt - Vintage Cycling Store","og_description":"Wielershirt GARMIN-SHARP was een professioneel wielerteam dat actief was in 2014. Het team stond bekend om zijn sterke focus op schone sport en anti-dopingbeleid","og_url":"https:\/\/mail.ton-merckx-wielershirts.nl\/it\/maglia-da-ciclismo-retro\/garmin-sharp-2014\/","og_site_name":"Vintage Cycling Store","article_modified_time":"2026-01-28T11:00:40+00:00","og_image":[{"width":1920,"height":2560,"url":"https:\/\/mail.ton-merckx-wielershirts.nl\/wp-content\/uploads\/2024\/05\/GARMIN-SHARP-2014-scaled.jpg","type":"image\/jpeg"}],"twitter_card":"summary_large_image","twitter_misc":{"Gesch\u00e4tzte Lesezeit":"1\u00a0Minute"},"schema":{"@context":"https:\/\/schema.org","@graph":[{"@type":"WebPage","@id":"https:\/\/mail.ton-merckx-wielershirts.nl\/it\/maglia-da-ciclismo-retro\/garmin-sharp-2014\/","url":"https:\/\/mail.ton-merckx-wielershirts.nl\/it\/maglia-da-ciclismo-retro\/garmin-sharp-2014\/","name":"GARMIN-SHARP \u2013 2014 \u2013 Radtrikot \u2013 Vintage Cycling Store","isPartOf":{"@id":"https:\/\/mail.ton-merckx-wielershirts.nl\/#website"},"primaryImageOfPage":{"@id":"https:\/\/mail.ton-merckx-wielershirts.nl\/it\/maglia-da-ciclismo-retro\/garmin-sharp-2014\/#primaryimage"},"image":{"@id":"https:\/\/mail.ton-merckx-wielershirts.nl\/it\/maglia-da-ciclismo-retro\/garmin-sharp-2014\/#primaryimage"},"thumbnailUrl":"https:\/\/vintagecycling.store\/wp-content\/uploads\/2024\/05\/GARMIN-SHARP-2014-scaled.jpg","datePublished":"2024-05-23T19:16:39+00:00","dateModified":"2026-01-28T11:00:40+00:00","description":"Radtrikot GARMIN-SHARP war ein professionelles Radsportteam, das im Jahr 2014 aktiv war. Das Team war f\u00fcr seinen starken Fokus auf sauberen Sport und Anti-Doping-Richtlinien bekannt","breadcrumb":{"@id":"https:\/\/mail.ton-merckx-wielershirts.nl\/it\/maglia-da-ciclismo-retro\/garmin-sharp-2014\/#breadcrumb"},"inLanguage":"de","potentialAction":[{"@type":"ReadAction","target":["https:\/\/mail.ton-merckx-wielershirts.nl\/it\/maglia-da-ciclismo-retro\/garmin-sharp-2014\/"]}]},{"@type":"ImageObject","inLanguage":"de","@id":"https:\/\/mail.ton-merckx-wielershirts.nl\/it\/maglia-da-ciclismo-retro\/garmin-sharp-2014\/#primaryimage","url":"https:\/\/vintagecycling.store\/wp-content\/uploads\/2024\/05\/GARMIN-SHARP-2014-scaled.jpg","contentUrl":"https:\/\/vintagecycling.store\/wp-content\/uploads\/2024\/05\/GARMIN-SHARP-2014-scaled.jpg","width":1920,"height":2560},{"@type":"BreadcrumbList","@id":"https:\/\/mail.ton-merckx-wielershirts.nl\/it\/maglia-da-ciclismo-retro\/garmin-sharp-2014\/#breadcrumb","itemListElement":[{"@type":"ListItem","position":1,"name":"Home","item":"https:\/\/mail.ton-merckx-wielershirts.nl\/"},{"@type":"ListItem","position":2,"name":"Retro wielershirts","item":"https:\/\/mail.cyclingoriginals.com\/it\/maglie-da-ciclismo-retro\/"},{"@type":"ListItem","position":3,"name":"GARMIN-SHARP &#8211; 2014 &#8211; Wielershirt"}]},{"@type":"WebSite","@id":"https:\/\/mail.ton-merckx-wielershirts.nl\/#website","url":"https:\/\/mail.ton-merckx-wielershirts.nl\/","name":"Vintage-Fahrradladen","description":"Tausende originale Radtrikots \u2013 bestellen Sie Ihr Replikat!","publisher":{"@id":"https:\/\/mail.ton-merckx-wielershirts.nl\/#organization"},"potentialAction":[{"@type":"SearchAction","target":{"@type":"EntryPoint","urlTemplate":"https:\/\/mail.ton-merckx-wielershirts.nl\/?s={search_term_string}"},"query-input":{"@type":"PropertyValueSpecification","valueRequired":true,"valueName":"search_term_string"}}],"inLanguage":"de"},{"@type":"Organization","@id":"https:\/\/mail.ton-merckx-wielershirts.nl\/#organization","name":"Vintage-Fahrradladen","url":"https:\/\/mail.ton-merckx-wielershirts.nl\/","logo":{"@type":"ImageObject","inLanguage":"de","@id":"https:\/\/mail.ton-merckx-wielershirts.nl\/#\/schema\/logo\/image\/","url":"https:\/\/vintagecycling.store\/wp-content\/uploads\/2023\/03\/ton-merckx-logo.jpg","contentUrl":"https:\/\/vintagecycling.store\/wp-content\/uploads\/2023\/03\/ton-merckx-logo.jpg","width":391,"height":57,"caption":"Vintage Cycling Store"},"image":{"@id":"https:\/\/mail.ton-merckx-wielershirts.nl\/#\/schema\/logo\/image\/"}}]}},"_links":{"self":[{"href":"https:\/\/vintagecycling.store\/de\/wp-json\/wp\/v2\/product\/29253","targetHints":{"allow":["GET"]}}],"collection":[{"href":"https:\/\/vintagecycling.store\/de\/wp-json\/wp\/v2\/product"}],"about":[{"href":"https:\/\/vintagecycling.store\/de\/wp-json\/wp\/v2\/types\/product"}],"wp:featuredmedia":[{"embeddable":true,"href":"https:\/\/vintagecycling.store\/de\/wp-json\/wp\/v2\/media\/29254"}],"wp:attachment":[{"href":"https:\/\/vintagecycling.store\/de\/wp-json\/wp\/v2\/media?parent=29253"}],"wp:term":[{"taxonomy":"product_brand","embeddable":true,"href":"https:\/\/vintagecycling.store\/de\/wp-json\/wp\/v2\/product_brand?post=29253"},{"taxonomy":"product_cat","embeddable":true,"href":"https:\/\/vintagecycling.store\/de\/wp-json\/wp\/v2\/product_cat?post=29253"},{"taxonomy":"product_tag","embeddable":true,"href":"https:\/\/vintagecycling.store\/de\/wp-json\/wp\/v2\/product_tag?post=29253"}],"curies":[{"name":"wp","href":"https:\/\/api.w.org\/{rel}","templated":true}]}}