{"id":3679,"date":"2023-01-24T18:05:17","date_gmt":"2023-01-24T18:05:17","guid":{"rendered":"https:\/\/ton.connectingminds.net\/product\/giant-agu-sport\/"},"modified":"2026-01-28T12:02:22","modified_gmt":"2026-01-28T11:02:22","slug":"giant-agu-sport","status":"publish","type":"product","link":"https:\/\/vintagecycling.store\/de\/retro-wielershirt\/giant-agu-sport\/","title":{"rendered":"GIANT (a)-AGU SPORT 1993\/1994 RADFAHREN-HEMD"},"content":{"rendered":"<p>In diesen Jahren sponserte GIANT auch ein gro\u00dfes Amateurteam und ein ATB-Team, die alle das gleiche Trikot trugen.<\/p>\n<p>Marcel Arntz f\u00e4hrt mit GIANT als Profi auf der Stra\u00dfe und auch auf dem Atb.<\/p>\n<p>Cyclocross-Fahrer Martin Hendriks f\u00e4hrt auch professionell als Cyclocross-Fahrer und auf dem Atb.<\/p>","protected":false},"excerpt":{"rendered":"<p>In diesen Jahren sponserte GIANT auch ein gro\u00dfes Amateurteam und ein ATB-Team, die alle das gleiche Trikot trugen. Marcel Arntz f\u00e4hrt mit GIANT als Profi auf der Stra\u00dfe und auch auf dem Atb. Cyclocross-Fahrer Martin Hendriks f\u00e4hrt auch professionell als Cyclocross-Fahrer und auf dem Atb.<\/p>","protected":false},"featured_media":3678,"template":"","meta":[],"product_brand":[],"product_cat":[151],"product_tag":[],"class_list":{"0":"post-3679","1":"product","2":"type-product","3":"status-publish","4":"has-post-thumbnail","6":"product_cat-pro-team","8":"first","9":"onbackorder","10":"taxable","11":"shipping-taxable","12":"purchasable","13":"product-type-variable"},"yoast_head":"<!-- This site is optimized with the Yoast SEO plugin v27.4 - https:\/\/yoast.com\/product\/yoast-seo-wordpress\/ -->\n<title>GIANT (a)-AGU SPORT  1993\/1994   WIELERSHIRT - Vintage Cycling Store<\/title>\n<meta name=\"robots\" content=\"index, follow, max-snippet:-1, max-image-preview:large, max-video-preview:-1\" \/>\n<link rel=\"canonical\" href=\"https:\/\/mail.cyclingoriginals.com\/de\/retro-wielershirt\/giant-agu-sport\/\" \/>\n<meta property=\"og:locale\" content=\"de_DE\" \/>\n<meta property=\"og:type\" content=\"article\" \/>\n<meta property=\"og:title\" content=\"GIANT (a)-AGU SPORT  1993\/1994   WIELERSHIRT - Vintage Cycling Store\" \/>\n<meta property=\"og:description\" content=\"GIANT is in die jaren ook sponsor van een grote amateurploeg en ook een ATB team, allen rijdende in hetzelfde shirt. Marcel Arntz rijdt bij GIANT als prof op de weg en ook op de Atb. Veldrijder Martin Hendriks rijdt ook als prof als veldrijder en op de Atb.\" \/>\n<meta property=\"og:url\" content=\"https:\/\/mail.cyclingoriginals.com\/de\/retro-wielershirt\/giant-agu-sport\/\" \/>\n<meta property=\"og:site_name\" content=\"Vintage Cycling Store\" \/>\n<meta property=\"article:modified_time\" content=\"2026-01-28T11:02:22+00:00\" \/>\n<meta property=\"og:image\" content=\"https:\/\/mail.cyclingoriginals.com\/wp-content\/uploads\/2023\/01\/SSA42610.jpg\" \/>\n\t<meta property=\"og:image:width\" content=\"1704\" \/>\n\t<meta property=\"og:image:height\" content=\"2272\" \/>\n\t<meta property=\"og:image:type\" content=\"image\/jpeg\" \/>\n<meta name=\"twitter:card\" content=\"summary_large_image\" \/>\n<meta name=\"twitter:label1\" content=\"Gesch\u00e4tzte Lesezeit\" \/>\n\t<meta name=\"twitter:data1\" content=\"1\u00a0Minute\" \/>\n<script type=\"application\/ld+json\" class=\"yoast-schema-graph\">{\"@context\":\"https:\\\/\\\/schema.org\",\"@graph\":[{\"@type\":\"WebPage\",\"@id\":\"https:\\\/\\\/mail.cyclingoriginals.com\\\/de\\\/retro-wielershirt\\\/giant-agu-sport\\\/\",\"url\":\"https:\\\/\\\/mail.cyclingoriginals.com\\\/de\\\/retro-wielershirt\\\/giant-agu-sport\\\/\",\"name\":\"GIANT (a)-AGU SPORT 1993\\\/1994 WIELERSHIRT - Vintage Cycling Store\",\"isPartOf\":{\"@id\":\"https:\\\/\\\/tonmerckxwielershirts.nl\\\/en\\\/#website\"},\"primaryImageOfPage\":{\"@id\":\"https:\\\/\\\/mail.cyclingoriginals.com\\\/de\\\/retro-wielershirt\\\/giant-agu-sport\\\/#primaryimage\"},\"image\":{\"@id\":\"https:\\\/\\\/mail.cyclingoriginals.com\\\/de\\\/retro-wielershirt\\\/giant-agu-sport\\\/#primaryimage\"},\"thumbnailUrl\":\"https:\\\/\\\/vintagecycling.store\\\/wp-content\\\/uploads\\\/2023\\\/01\\\/SSA42610.jpg\",\"datePublished\":\"2023-01-24T18:05:17+00:00\",\"dateModified\":\"2026-01-28T11:02:22+00:00\",\"breadcrumb\":{\"@id\":\"https:\\\/\\\/mail.cyclingoriginals.com\\\/de\\\/retro-wielershirt\\\/giant-agu-sport\\\/#breadcrumb\"},\"inLanguage\":\"de\",\"potentialAction\":[{\"@type\":\"ReadAction\",\"target\":[\"https:\\\/\\\/mail.cyclingoriginals.com\\\/de\\\/retro-wielershirt\\\/giant-agu-sport\\\/\"]}]},{\"@type\":\"ImageObject\",\"inLanguage\":\"de\",\"@id\":\"https:\\\/\\\/mail.cyclingoriginals.com\\\/de\\\/retro-wielershirt\\\/giant-agu-sport\\\/#primaryimage\",\"url\":\"https:\\\/\\\/vintagecycling.store\\\/wp-content\\\/uploads\\\/2023\\\/01\\\/SSA42610.jpg\",\"contentUrl\":\"https:\\\/\\\/vintagecycling.store\\\/wp-content\\\/uploads\\\/2023\\\/01\\\/SSA42610.jpg\",\"width\":1704,\"height\":2272},{\"@type\":\"BreadcrumbList\",\"@id\":\"https:\\\/\\\/mail.cyclingoriginals.com\\\/de\\\/retro-wielershirt\\\/giant-agu-sport\\\/#breadcrumb\",\"itemListElement\":[{\"@type\":\"ListItem\",\"position\":1,\"name\":\"Home\",\"item\":\"https:\\\/\\\/tonmerckxwielershirts.nl\\\/en\\\/\"},{\"@type\":\"ListItem\",\"position\":2,\"name\":\"Retro wielershirts\",\"item\":\"https:\\\/\\\/tonmerckxwielershirts.nl\\\/en\\\/retro-cycling-jerseys\\\/\"},{\"@type\":\"ListItem\",\"position\":3,\"name\":\"GIANT (a)-AGU SPORT 1993\\\/1994 WIELERSHIRT\"}]},{\"@type\":\"WebSite\",\"@id\":\"https:\\\/\\\/tonmerckxwielershirts.nl\\\/en\\\/#website\",\"url\":\"https:\\\/\\\/tonmerckxwielershirts.nl\\\/en\\\/\",\"name\":\"Vintage Cycling Store\",\"description\":\"thousands of original cycling jerseys - order your replica!\",\"publisher\":{\"@id\":\"https:\\\/\\\/tonmerckxwielershirts.nl\\\/en\\\/#organization\"},\"potentialAction\":[{\"@type\":\"SearchAction\",\"target\":{\"@type\":\"EntryPoint\",\"urlTemplate\":\"https:\\\/\\\/tonmerckxwielershirts.nl\\\/en\\\/?s={search_term_string}\"},\"query-input\":{\"@type\":\"PropertyValueSpecification\",\"valueRequired\":true,\"valueName\":\"search_term_string\"}}],\"inLanguage\":\"de\"},{\"@type\":\"Organization\",\"@id\":\"https:\\\/\\\/tonmerckxwielershirts.nl\\\/en\\\/#organization\",\"name\":\"Vintage Cycling Store\",\"url\":\"https:\\\/\\\/tonmerckxwielershirts.nl\\\/en\\\/\",\"logo\":{\"@type\":\"ImageObject\",\"inLanguage\":\"de\",\"@id\":\"https:\\\/\\\/tonmerckxwielershirts.nl\\\/en\\\/#\\\/schema\\\/logo\\\/image\\\/\",\"url\":\"https:\\\/\\\/vintagecycling.store\\\/wp-content\\\/uploads\\\/2023\\\/03\\\/ton-merckx-logo.jpg\",\"contentUrl\":\"https:\\\/\\\/vintagecycling.store\\\/wp-content\\\/uploads\\\/2023\\\/03\\\/ton-merckx-logo.jpg\",\"width\":391,\"height\":57,\"caption\":\"Vintage Cycling Store\"},\"image\":{\"@id\":\"https:\\\/\\\/tonmerckxwielershirts.nl\\\/en\\\/#\\\/schema\\\/logo\\\/image\\\/\"}}]}<\/script>\n<!-- \/ Yoast SEO plugin. -->","yoast_head_json":{"title":"GIANT (a)-AGU SPORT 1993\/1994 RADTRIKOT - Vintage Cycling Store","robots":{"index":"index","follow":"follow","max-snippet":"max-snippet:-1","max-image-preview":"max-image-preview:large","max-video-preview":"max-video-preview:-1"},"canonical":"https:\/\/mail.cyclingoriginals.com\/de\/retro-wielershirt\/giant-agu-sport\/","og_locale":"de_DE","og_type":"article","og_title":"GIANT (a)-AGU SPORT  1993\/1994   WIELERSHIRT - Vintage Cycling Store","og_description":"GIANT is in die jaren ook sponsor van een grote amateurploeg en ook een ATB team, allen rijdende in hetzelfde shirt. Marcel Arntz rijdt bij GIANT als prof op de weg en ook op de Atb. Veldrijder Martin Hendriks rijdt ook als prof als veldrijder en op de Atb.","og_url":"https:\/\/mail.cyclingoriginals.com\/de\/retro-wielershirt\/giant-agu-sport\/","og_site_name":"Vintage Cycling Store","article_modified_time":"2026-01-28T11:02:22+00:00","og_image":[{"width":1704,"height":2272,"url":"https:\/\/mail.cyclingoriginals.com\/wp-content\/uploads\/2023\/01\/SSA42610.jpg","type":"image\/jpeg"}],"twitter_card":"summary_large_image","twitter_misc":{"Gesch\u00e4tzte Lesezeit":"1\u00a0Minute"},"schema":{"@context":"https:\/\/schema.org","@graph":[{"@type":"WebPage","@id":"https:\/\/mail.cyclingoriginals.com\/de\/retro-wielershirt\/giant-agu-sport\/","url":"https:\/\/mail.cyclingoriginals.com\/de\/retro-wielershirt\/giant-agu-sport\/","name":"GIANT (a)-AGU SPORT 1993\/1994 RADTRIKOT - Vintage Cycling Store","isPartOf":{"@id":"https:\/\/tonmerckxwielershirts.nl\/en\/#website"},"primaryImageOfPage":{"@id":"https:\/\/mail.cyclingoriginals.com\/de\/retro-wielershirt\/giant-agu-sport\/#primaryimage"},"image":{"@id":"https:\/\/mail.cyclingoriginals.com\/de\/retro-wielershirt\/giant-agu-sport\/#primaryimage"},"thumbnailUrl":"https:\/\/vintagecycling.store\/wp-content\/uploads\/2023\/01\/SSA42610.jpg","datePublished":"2023-01-24T18:05:17+00:00","dateModified":"2026-01-28T11:02:22+00:00","breadcrumb":{"@id":"https:\/\/mail.cyclingoriginals.com\/de\/retro-wielershirt\/giant-agu-sport\/#breadcrumb"},"inLanguage":"de","potentialAction":[{"@type":"ReadAction","target":["https:\/\/mail.cyclingoriginals.com\/de\/retro-wielershirt\/giant-agu-sport\/"]}]},{"@type":"ImageObject","inLanguage":"de","@id":"https:\/\/mail.cyclingoriginals.com\/de\/retro-wielershirt\/giant-agu-sport\/#primaryimage","url":"https:\/\/vintagecycling.store\/wp-content\/uploads\/2023\/01\/SSA42610.jpg","contentUrl":"https:\/\/vintagecycling.store\/wp-content\/uploads\/2023\/01\/SSA42610.jpg","width":1704,"height":2272},{"@type":"BreadcrumbList","@id":"https:\/\/mail.cyclingoriginals.com\/de\/retro-wielershirt\/giant-agu-sport\/#breadcrumb","itemListElement":[{"@type":"ListItem","position":1,"name":"Home","item":"https:\/\/tonmerckxwielershirts.nl\/en\/"},{"@type":"ListItem","position":2,"name":"Retro wielershirts","item":"https:\/\/tonmerckxwielershirts.nl\/en\/retro-cycling-jerseys\/"},{"@type":"ListItem","position":3,"name":"GIANT (a)-AGU SPORT 1993\/1994 WIELERSHIRT"}]},{"@type":"WebSite","@id":"https:\/\/tonmerckxwielershirts.nl\/en\/#website","url":"https:\/\/tonmerckxwielershirts.nl\/en\/","name":"Vintage-Fahrradladen","description":"Tausende originale Radtrikots \u2013 bestellen Sie Ihr Replikat!","publisher":{"@id":"https:\/\/tonmerckxwielershirts.nl\/en\/#organization"},"potentialAction":[{"@type":"SearchAction","target":{"@type":"EntryPoint","urlTemplate":"https:\/\/tonmerckxwielershirts.nl\/en\/?s={search_term_string}"},"query-input":{"@type":"PropertyValueSpecification","valueRequired":true,"valueName":"search_term_string"}}],"inLanguage":"de"},{"@type":"Organization","@id":"https:\/\/tonmerckxwielershirts.nl\/en\/#organization","name":"Vintage-Fahrradladen","url":"https:\/\/tonmerckxwielershirts.nl\/en\/","logo":{"@type":"ImageObject","inLanguage":"de","@id":"https:\/\/tonmerckxwielershirts.nl\/en\/#\/schema\/logo\/image\/","url":"https:\/\/vintagecycling.store\/wp-content\/uploads\/2023\/03\/ton-merckx-logo.jpg","contentUrl":"https:\/\/vintagecycling.store\/wp-content\/uploads\/2023\/03\/ton-merckx-logo.jpg","width":391,"height":57,"caption":"Vintage Cycling Store"},"image":{"@id":"https:\/\/tonmerckxwielershirts.nl\/en\/#\/schema\/logo\/image\/"}}]}},"_links":{"self":[{"href":"https:\/\/vintagecycling.store\/de\/wp-json\/wp\/v2\/product\/3679","targetHints":{"allow":["GET"]}}],"collection":[{"href":"https:\/\/vintagecycling.store\/de\/wp-json\/wp\/v2\/product"}],"about":[{"href":"https:\/\/vintagecycling.store\/de\/wp-json\/wp\/v2\/types\/product"}],"wp:featuredmedia":[{"embeddable":true,"href":"https:\/\/vintagecycling.store\/de\/wp-json\/wp\/v2\/media\/3678"}],"wp:attachment":[{"href":"https:\/\/vintagecycling.store\/de\/wp-json\/wp\/v2\/media?parent=3679"}],"wp:term":[{"taxonomy":"product_brand","embeddable":true,"href":"https:\/\/vintagecycling.store\/de\/wp-json\/wp\/v2\/product_brand?post=3679"},{"taxonomy":"product_cat","embeddable":true,"href":"https:\/\/vintagecycling.store\/de\/wp-json\/wp\/v2\/product_cat?post=3679"},{"taxonomy":"product_tag","embeddable":true,"href":"https:\/\/vintagecycling.store\/de\/wp-json\/wp\/v2\/product_tag?post=3679"}],"curies":[{"name":"wp","href":"https:\/\/api.w.org\/{rel}","templated":true}]}}