{"id":1532,"date":"2023-01-24T17:39:23","date_gmt":"2023-01-24T17:39:23","guid":{"rendered":"https:\/\/ton.connectingminds.net\/product\/wk-veld-louisville\/"},"modified":"2026-01-28T12:04:25","modified_gmt":"2026-01-28T11:04:25","slug":"campo-de-semana-louisville","status":"publish","type":"product","link":"https:\/\/vintagecycling.store\/es\/retro-wielershirt\/wk-veld-louisville\/","title":{"rendered":"B\u00c9LGICA (k) SELECCI\u00d3N NACIONAL DE CICLOCROSS Campeonato del Mundo LOUISVILLE 2013 CHAQUETA DE CICLISMO"},"content":{"rendered":"<p>Recib\u00ed una chaqueta de Bart Aernouts.<\/p>\n<p>Sven Nijs se convirti\u00f3 en campe\u00f3n del mundo de ciclocross en 2013 en Louisville, Estados Unidos.<\/p>\n<p>Debido al alto nivel de agua previsto para el domingo (debido a fuertes lluvias), gran parte del curso se inundar\u00eda durante la noche del s\u00e1bado al domingo.<\/p>\n<p>Como resultado, todos los partidos se jugaron los s\u00e1bados.<\/p>","protected":false},"excerpt":{"rendered":"<p>Recib\u00ed una chaqueta de Bart Aernouts. Sven Nijs se convirti\u00f3 en campe\u00f3n del mundo de ciclocross en 2013 en Louisville, Estados Unidos. Debido al alto nivel de agua previsto para el domingo (debido a fuertes lluvias), gran parte del curso se inundar\u00eda durante la noche del s\u00e1bado al domingo. Como resultado, todos los partidos se jugaron los s\u00e1bados.<\/p>","protected":false},"featured_media":1531,"template":"","meta":[],"product_brand":[],"product_cat":[1372],"product_tag":[],"class_list":{"0":"post-1532","1":"product","2":"type-product","3":"status-publish","4":"has-post-thumbnail","6":"product_cat-nationale-teams","8":"first","9":"onbackorder","10":"taxable","11":"shipping-taxable","12":"purchasable","13":"product-type-variable"},"yoast_head":"<!-- This site is optimized with the Yoast SEO plugin v27.4 - https:\/\/yoast.com\/product\/yoast-seo-wordpress\/ -->\n<title>BELGIE (k) NATIONALE PLOEG  WK CYCLOCROSS LOUISVILLE  2013    WIELERJACK - Vintage Cycling Store<\/title>\n<meta name=\"robots\" content=\"index, follow, max-snippet:-1, max-image-preview:large, max-video-preview:-1\" \/>\n<link rel=\"canonical\" href=\"https:\/\/vintagecycling.store\/es\/maillot-ciclista-retro\/campo-de-semana-louisville\/\" \/>\n<meta property=\"og:locale\" content=\"es_ES\" \/>\n<meta property=\"og:type\" content=\"article\" \/>\n<meta property=\"og:title\" content=\"BELGIE (k) NATIONALE PLOEG  WK CYCLOCROSS LOUISVILLE  2013    WIELERJACK - Vintage Cycling Store\" \/>\n<meta property=\"og:description\" content=\"Jack gekregen van Bart Aernouts. Sven Nijs werd in 2013 Wereldkampioen Cyclocross in het Amerikaanse Louisville. Door een verwachte hoogwaterstand (ivm hevige regenval) op zondag zou een groot gedeelte van het parcours in de nacht van Zaterdag op Zondag overstromen. Daardoor werden alle wedstrijden op zaterdag verreden.\" \/>\n<meta property=\"og:url\" content=\"https:\/\/vintagecycling.store\/es\/maillot-ciclista-retro\/campo-de-semana-louisville\/\" \/>\n<meta property=\"og:site_name\" content=\"Vintage Cycling Store\" \/>\n<meta property=\"article:modified_time\" content=\"2026-01-28T11:04:25+00:00\" \/>\n<meta property=\"og:image\" content=\"https:\/\/vintagecycling.store\/wp-content\/uploads\/2023\/01\/SSA45129.jpg\" \/>\n\t<meta property=\"og:image:width\" content=\"1704\" \/>\n\t<meta property=\"og:image:height\" content=\"2272\" \/>\n\t<meta property=\"og:image:type\" content=\"image\/jpeg\" \/>\n<meta name=\"twitter:card\" content=\"summary_large_image\" \/>\n<meta name=\"twitter:label1\" content=\"Tiempo de lectura\" \/>\n\t<meta name=\"twitter:data1\" content=\"1 minuto\" \/>\n<script type=\"application\/ld+json\" class=\"yoast-schema-graph\">{\"@context\":\"https:\\\/\\\/schema.org\",\"@graph\":[{\"@type\":\"WebPage\",\"@id\":\"https:\\\/\\\/vintagecycling.store\\\/de\\\/retro-radtrikot\\\/wk-feld-louisville\\\/\",\"url\":\"https:\\\/\\\/vintagecycling.store\\\/de\\\/retro-radtrikot\\\/wk-feld-louisville\\\/\",\"name\":\"BELGIE (k) NATIONALE PLOEG WK CYCLOCROSS LOUISVILLE 2013 WIELERJACK - Vintage Cycling Store\",\"isPartOf\":{\"@id\":\"https:\\\/\\\/mail.ton.connectingminds.net\\\/de\\\/#website\"},\"primaryImageOfPage\":{\"@id\":\"https:\\\/\\\/vintagecycling.store\\\/de\\\/retro-radtrikot\\\/wk-feld-louisville\\\/#primaryimage\"},\"image\":{\"@id\":\"https:\\\/\\\/vintagecycling.store\\\/de\\\/retro-radtrikot\\\/wk-feld-louisville\\\/#primaryimage\"},\"thumbnailUrl\":\"https:\\\/\\\/vintagecycling.store\\\/wp-content\\\/uploads\\\/2023\\\/01\\\/SSA45129.jpg\",\"datePublished\":\"2023-01-24T17:39:23+00:00\",\"dateModified\":\"2026-01-28T11:04:25+00:00\",\"breadcrumb\":{\"@id\":\"https:\\\/\\\/vintagecycling.store\\\/de\\\/retro-radtrikot\\\/wk-feld-louisville\\\/#breadcrumb\"},\"inLanguage\":\"es\",\"potentialAction\":[{\"@type\":\"ReadAction\",\"target\":[\"https:\\\/\\\/vintagecycling.store\\\/de\\\/retro-radtrikot\\\/wk-feld-louisville\\\/\"]}]},{\"@type\":\"ImageObject\",\"inLanguage\":\"es\",\"@id\":\"https:\\\/\\\/vintagecycling.store\\\/de\\\/retro-radtrikot\\\/wk-feld-louisville\\\/#primaryimage\",\"url\":\"https:\\\/\\\/vintagecycling.store\\\/wp-content\\\/uploads\\\/2023\\\/01\\\/SSA45129.jpg\",\"contentUrl\":\"https:\\\/\\\/vintagecycling.store\\\/wp-content\\\/uploads\\\/2023\\\/01\\\/SSA45129.jpg\",\"width\":1704,\"height\":2272},{\"@type\":\"BreadcrumbList\",\"@id\":\"https:\\\/\\\/vintagecycling.store\\\/de\\\/retro-radtrikot\\\/wk-feld-louisville\\\/#breadcrumb\",\"itemListElement\":[{\"@type\":\"ListItem\",\"position\":1,\"name\":\"Home\",\"item\":\"https:\\\/\\\/mail.ton.connectingminds.net\\\/de\\\/\"},{\"@type\":\"ListItem\",\"position\":2,\"name\":\"Retro wielershirts\",\"item\":\"https:\\\/\\\/mail.ton.connectingminds.net\\\/de\\\/retro-radtrikots\\\/\"},{\"@type\":\"ListItem\",\"position\":3,\"name\":\"BELGIE (k) NATIONALE PLOEG WK CYCLOCROSS LOUISVILLE 2013 WIELERJACK\"}]},{\"@type\":\"WebSite\",\"@id\":\"https:\\\/\\\/mail.ton.connectingminds.net\\\/de\\\/#website\",\"url\":\"https:\\\/\\\/mail.ton.connectingminds.net\\\/de\\\/\",\"name\":\"Vintage Cycling Store\",\"description\":\"thousands of original cycling jerseys - order your replica!\",\"publisher\":{\"@id\":\"https:\\\/\\\/mail.ton.connectingminds.net\\\/de\\\/#organization\"},\"potentialAction\":[{\"@type\":\"SearchAction\",\"target\":{\"@type\":\"EntryPoint\",\"urlTemplate\":\"https:\\\/\\\/mail.ton.connectingminds.net\\\/de\\\/?s={search_term_string}\"},\"query-input\":{\"@type\":\"PropertyValueSpecification\",\"valueRequired\":true,\"valueName\":\"search_term_string\"}}],\"inLanguage\":\"es\"},{\"@type\":\"Organization\",\"@id\":\"https:\\\/\\\/mail.ton.connectingminds.net\\\/de\\\/#organization\",\"name\":\"Vintage Cycling Store\",\"url\":\"https:\\\/\\\/mail.ton.connectingminds.net\\\/de\\\/\",\"logo\":{\"@type\":\"ImageObject\",\"inLanguage\":\"es\",\"@id\":\"https:\\\/\\\/mail.ton.connectingminds.net\\\/de\\\/#\\\/schema\\\/logo\\\/image\\\/\",\"url\":\"https:\\\/\\\/vintagecycling.store\\\/wp-content\\\/uploads\\\/2023\\\/03\\\/ton-merckx-logo.jpg\",\"contentUrl\":\"https:\\\/\\\/vintagecycling.store\\\/wp-content\\\/uploads\\\/2023\\\/03\\\/ton-merckx-logo.jpg\",\"width\":391,\"height\":57,\"caption\":\"Vintage Cycling Store\"},\"image\":{\"@id\":\"https:\\\/\\\/mail.ton.connectingminds.net\\\/de\\\/#\\\/schema\\\/logo\\\/image\\\/\"}}]}<\/script>\n<!-- \/ Yoast SEO plugin. -->","yoast_head_json":{"title":"EQUIPO NACIONAL DE B\u00c9LGICA (k) CAMPEONATO DEL MUNDO DE CICLOCROSS LOUISVILLE 2013 CHAQUETA DE CICLISMO - Vintage Cycling Store","robots":{"index":"index","follow":"follow","max-snippet":"max-snippet:-1","max-image-preview":"max-image-preview:large","max-video-preview":"max-video-preview:-1"},"canonical":"https:\/\/vintagecycling.store\/es\/maillot-ciclista-retro\/campo-de-semana-louisville\/","og_locale":"es_ES","og_type":"article","og_title":"BELGIE (k) NATIONALE PLOEG  WK CYCLOCROSS LOUISVILLE  2013    WIELERJACK - Vintage Cycling Store","og_description":"Jack gekregen van Bart Aernouts. Sven Nijs werd in 2013 Wereldkampioen Cyclocross in het Amerikaanse Louisville. Door een verwachte hoogwaterstand (ivm hevige regenval) op zondag zou een groot gedeelte van het parcours in de nacht van Zaterdag op Zondag overstromen. Daardoor werden alle wedstrijden op zaterdag verreden.","og_url":"https:\/\/vintagecycling.store\/es\/maillot-ciclista-retro\/campo-de-semana-louisville\/","og_site_name":"Vintage Cycling Store","article_modified_time":"2026-01-28T11:04:25+00:00","og_image":[{"width":1704,"height":2272,"url":"https:\/\/vintagecycling.store\/wp-content\/uploads\/2023\/01\/SSA45129.jpg","type":"image\/jpeg"}],"twitter_card":"summary_large_image","twitter_misc":{"Tiempo de lectura":"1 minuto"},"schema":{"@context":"https:\/\/schema.org","@graph":[{"@type":"WebPage","@id":"https:\/\/vintagecycling.store\/de\/retro-radtrikot\/wk-feld-louisville\/","url":"https:\/\/vintagecycling.store\/de\/retro-radtrikot\/wk-feld-louisville\/","name":"EQUIPO NACIONAL DE B\u00c9LGICA (k) CAMPEONATO DEL MUNDO DE CICLOCROSS LOUISVILLE 2013 CHAQUETA DE CICLISMO - Vintage Cycling Store","isPartOf":{"@id":"https:\/\/mail.ton.connectingminds.net\/de\/#website"},"primaryImageOfPage":{"@id":"https:\/\/vintagecycling.store\/de\/retro-radtrikot\/wk-feld-louisville\/#primaryimage"},"image":{"@id":"https:\/\/vintagecycling.store\/de\/retro-radtrikot\/wk-feld-louisville\/#primaryimage"},"thumbnailUrl":"https:\/\/vintagecycling.store\/wp-content\/uploads\/2023\/01\/SSA45129.jpg","datePublished":"2023-01-24T17:39:23+00:00","dateModified":"2026-01-28T11:04:25+00:00","breadcrumb":{"@id":"https:\/\/vintagecycling.store\/de\/retro-radtrikot\/wk-feld-louisville\/#breadcrumb"},"inLanguage":"es","potentialAction":[{"@type":"ReadAction","target":["https:\/\/vintagecycling.store\/de\/retro-radtrikot\/wk-feld-louisville\/"]}]},{"@type":"ImageObject","inLanguage":"es","@id":"https:\/\/vintagecycling.store\/de\/retro-radtrikot\/wk-feld-louisville\/#primaryimage","url":"https:\/\/vintagecycling.store\/wp-content\/uploads\/2023\/01\/SSA45129.jpg","contentUrl":"https:\/\/vintagecycling.store\/wp-content\/uploads\/2023\/01\/SSA45129.jpg","width":1704,"height":2272},{"@type":"BreadcrumbList","@id":"https:\/\/vintagecycling.store\/de\/retro-radtrikot\/wk-feld-louisville\/#breadcrumb","itemListElement":[{"@type":"ListItem","position":1,"name":"Home","item":"https:\/\/mail.ton.connectingminds.net\/de\/"},{"@type":"ListItem","position":2,"name":"Retro wielershirts","item":"https:\/\/mail.ton.connectingminds.net\/de\/retro-radtrikots\/"},{"@type":"ListItem","position":3,"name":"BELGIE (k) NATIONALE PLOEG WK CYCLOCROSS LOUISVILLE 2013 WIELERJACK"}]},{"@type":"WebSite","@id":"https:\/\/mail.ton.connectingminds.net\/de\/#website","url":"https:\/\/mail.ton.connectingminds.net\/de\/","name":"Tienda de ciclismo vintage","description":"miles de maillots ciclistas originales - \u00a1pide tu r\u00e9plica!","publisher":{"@id":"https:\/\/mail.ton.connectingminds.net\/de\/#organization"},"potentialAction":[{"@type":"SearchAction","target":{"@type":"EntryPoint","urlTemplate":"https:\/\/mail.ton.connectingminds.net\/de\/?s={search_term_string}"},"query-input":{"@type":"PropertyValueSpecification","valueRequired":true,"valueName":"search_term_string"}}],"inLanguage":"es"},{"@type":"Organization","@id":"https:\/\/mail.ton.connectingminds.net\/de\/#organization","name":"Tienda de ciclismo vintage","url":"https:\/\/mail.ton.connectingminds.net\/de\/","logo":{"@type":"ImageObject","inLanguage":"es","@id":"https:\/\/mail.ton.connectingminds.net\/de\/#\/schema\/logo\/image\/","url":"https:\/\/vintagecycling.store\/wp-content\/uploads\/2023\/03\/ton-merckx-logo.jpg","contentUrl":"https:\/\/vintagecycling.store\/wp-content\/uploads\/2023\/03\/ton-merckx-logo.jpg","width":391,"height":57,"caption":"Vintage Cycling Store"},"image":{"@id":"https:\/\/mail.ton.connectingminds.net\/de\/#\/schema\/logo\/image\/"}}]}},"_links":{"self":[{"href":"https:\/\/vintagecycling.store\/es\/wp-json\/wp\/v2\/product\/1532","targetHints":{"allow":["GET"]}}],"collection":[{"href":"https:\/\/vintagecycling.store\/es\/wp-json\/wp\/v2\/product"}],"about":[{"href":"https:\/\/vintagecycling.store\/es\/wp-json\/wp\/v2\/types\/product"}],"wp:featuredmedia":[{"embeddable":true,"href":"https:\/\/vintagecycling.store\/es\/wp-json\/wp\/v2\/media\/1531"}],"wp:attachment":[{"href":"https:\/\/vintagecycling.store\/es\/wp-json\/wp\/v2\/media?parent=1532"}],"wp:term":[{"taxonomy":"product_brand","embeddable":true,"href":"https:\/\/vintagecycling.store\/es\/wp-json\/wp\/v2\/product_brand?post=1532"},{"taxonomy":"product_cat","embeddable":true,"href":"https:\/\/vintagecycling.store\/es\/wp-json\/wp\/v2\/product_cat?post=1532"},{"taxonomy":"product_tag","embeddable":true,"href":"https:\/\/vintagecycling.store\/es\/wp-json\/wp\/v2\/product_tag?post=1532"}],"curies":[{"name":"gracias","href":"https:\/\/api.w.org\/{rel}","templated":true}]}}