{"id":177307,"date":"2026-01-01T17:21:47","date_gmt":"2026-01-01T16:21:47","guid":{"rendered":"https:\/\/vintagecycling.store\/?post_type=product&#038;p=177307"},"modified":"2026-01-28T12:00:19","modified_gmt":"2026-01-28T11:00:19","slug":"maillot-ciclista-letchworth-schils-2000","status":"publish","type":"product","link":"https:\/\/vintagecycling.store\/es\/retro-wielershirt\/letchworth-schils-2000-wielershirt\/","title":{"rendered":"CAMISETA DE CICLISMO LETCHWORTH-SCHILS 2000"},"content":{"rendered":"<p>Maillot del equipo ciclista femenino LETCHWORTH-SCHILS del a\u00f1o 2000.<\/p>\n<p>Patrick Schils es un ex ciclista profesional belga que se mud\u00f3 a Inglaterra despu\u00e9s de su carrera y abri\u00f3 all\u00ed una exitosa tienda de ciclismo.<\/p>\n<p>En 2000, por ejemplo, fue patrocinador de este equipo femenino ingl\u00e9s.<\/p>\n<p>&nbsp;<\/p>","protected":false},"excerpt":{"rendered":"<p>Maillot del equipo ciclista femenino LETCHWORTH-SCHILS del a\u00f1o 2000. Patrick Schils, exciclista profesional belga, se mud\u00f3 a Inglaterra tras su carrera y abri\u00f3 all\u00ed una exitosa tienda de ciclismo. En el a\u00f1o 2000, patrocin\u00f3 a este equipo femenino ingl\u00e9s. &nbsp;<\/p>","protected":false},"featured_media":177308,"template":"","meta":[],"product_brand":[],"product_cat":[1538],"product_tag":[],"class_list":{"0":"post-177307","1":"product","2":"type-product","3":"status-publish","4":"has-post-thumbnail","6":"product_cat-dames-ploegen","8":"first","9":"onbackorder","10":"taxable","11":"shipping-taxable","12":"product-type-simple"},"yoast_head":"<!-- This site is optimized with the Yoast SEO plugin v27.4 - https:\/\/yoast.com\/product\/yoast-seo-wordpress\/ -->\n<title>LETCHWORTH-SCHILS 2000 WIELERSHIRT - Vintage Cycling Store<\/title>\n<meta name=\"robots\" content=\"index, follow, max-snippet:-1, max-image-preview:large, max-video-preview:-1\" \/>\n<link rel=\"canonical\" href=\"https:\/\/vintagecycling.store\/es\/maillot-ciclista-retro\/maillot-ciclista-letchworth-schils-2000\/\" \/>\n<meta property=\"og:locale\" content=\"es_ES\" \/>\n<meta property=\"og:type\" content=\"article\" \/>\n<meta property=\"og:title\" content=\"LETCHWORTH-SCHILS 2000 WIELERSHIRT - Vintage Cycling Store\" \/>\n<meta property=\"og:description\" content=\"Shirt van de LETCHWORTH-SCHILS\u00a0 Dameswielerploeg uit het jaar 2000. Patrick Schils is een voormalig Belgische Wielerprof die in de jaren na zijn carriere in Engeland is gaan wonen en daar een goedlopende wielerzaak heeft geopend. In 2000 was hij bv sponsor van deze Engelse damesploeg. &nbsp;\" \/>\n<meta property=\"og:url\" content=\"https:\/\/vintagecycling.store\/es\/maillot-ciclista-retro\/maillot-ciclista-letchworth-schils-2000\/\" \/>\n<meta property=\"og:site_name\" content=\"Vintage Cycling Store\" \/>\n<meta property=\"article:modified_time\" content=\"2026-01-28T11:00:19+00:00\" \/>\n<meta property=\"og:image\" content=\"https:\/\/vintagecycling.store\/wp-content\/uploads\/2026\/01\/IMG_4050-scaled.jpg\" \/>\n\t<meta property=\"og:image:width\" content=\"1920\" \/>\n\t<meta property=\"og:image:height\" content=\"2560\" \/>\n\t<meta property=\"og:image:type\" content=\"image\/jpeg\" \/>\n<meta name=\"twitter:card\" content=\"summary_large_image\" \/>\n<meta name=\"twitter:label1\" content=\"Tiempo de lectura\" \/>\n\t<meta name=\"twitter:data1\" content=\"1 minuto\" \/>\n<script type=\"application\/ld+json\" class=\"yoast-schema-graph\">{\"@context\":\"https:\\\/\\\/schema.org\",\"@graph\":[{\"@type\":\"WebPage\",\"@id\":\"https:\\\/\\\/vintagecycling.store\\\/fr\\\/maillot-de-cyclisme-retro\\\/maillot-cycliste-letchworth-schils-2000\\\/\",\"url\":\"https:\\\/\\\/vintagecycling.store\\\/fr\\\/maillot-de-cyclisme-retro\\\/maillot-cycliste-letchworth-schils-2000\\\/\",\"name\":\"LETCHWORTH-SCHILS 2000 WIELERSHIRT - Vintage Cycling Store\",\"isPartOf\":{\"@id\":\"https:\\\/\\\/tonmerckxwielershirts.nl\\\/en\\\/#website\"},\"primaryImageOfPage\":{\"@id\":\"https:\\\/\\\/vintagecycling.store\\\/fr\\\/maillot-de-cyclisme-retro\\\/maillot-cycliste-letchworth-schils-2000\\\/#primaryimage\"},\"image\":{\"@id\":\"https:\\\/\\\/vintagecycling.store\\\/fr\\\/maillot-de-cyclisme-retro\\\/maillot-cycliste-letchworth-schils-2000\\\/#primaryimage\"},\"thumbnailUrl\":\"https:\\\/\\\/vintagecycling.store\\\/wp-content\\\/uploads\\\/2026\\\/01\\\/IMG_4050-scaled.jpg\",\"datePublished\":\"2026-01-01T16:21:47+00:00\",\"dateModified\":\"2026-01-28T11:00:19+00:00\",\"breadcrumb\":{\"@id\":\"https:\\\/\\\/vintagecycling.store\\\/fr\\\/maillot-de-cyclisme-retro\\\/maillot-cycliste-letchworth-schils-2000\\\/#breadcrumb\"},\"inLanguage\":\"es\",\"potentialAction\":[{\"@type\":\"ReadAction\",\"target\":[\"https:\\\/\\\/vintagecycling.store\\\/fr\\\/maillot-de-cyclisme-retro\\\/maillot-cycliste-letchworth-schils-2000\\\/\"]}]},{\"@type\":\"ImageObject\",\"inLanguage\":\"es\",\"@id\":\"https:\\\/\\\/vintagecycling.store\\\/fr\\\/maillot-de-cyclisme-retro\\\/maillot-cycliste-letchworth-schils-2000\\\/#primaryimage\",\"url\":\"https:\\\/\\\/vintagecycling.store\\\/wp-content\\\/uploads\\\/2026\\\/01\\\/IMG_4050-scaled.jpg\",\"contentUrl\":\"https:\\\/\\\/vintagecycling.store\\\/wp-content\\\/uploads\\\/2026\\\/01\\\/IMG_4050-scaled.jpg\",\"width\":1920,\"height\":2560,\"caption\":\"LETCHWORTH-SCHILS\"},{\"@type\":\"BreadcrumbList\",\"@id\":\"https:\\\/\\\/vintagecycling.store\\\/fr\\\/maillot-de-cyclisme-retro\\\/maillot-cycliste-letchworth-schils-2000\\\/#breadcrumb\",\"itemListElement\":[{\"@type\":\"ListItem\",\"position\":1,\"name\":\"Home\",\"item\":\"https:\\\/\\\/tonmerckxwielershirts.nl\\\/en\\\/\"},{\"@type\":\"ListItem\",\"position\":2,\"name\":\"Retro wielershirts\",\"item\":\"https:\\\/\\\/tonmerckxwielershirts.nl\\\/en\\\/retro-cycling-jerseys\\\/\"},{\"@type\":\"ListItem\",\"position\":3,\"name\":\"LETCHWORTH-SCHILS 2000 WIELERSHIRT\"}]},{\"@type\":\"WebSite\",\"@id\":\"https:\\\/\\\/tonmerckxwielershirts.nl\\\/en\\\/#website\",\"url\":\"https:\\\/\\\/tonmerckxwielershirts.nl\\\/en\\\/\",\"name\":\"Vintage Cycling Store\",\"description\":\"thousands of original cycling jerseys - order your replica!\",\"publisher\":{\"@id\":\"https:\\\/\\\/tonmerckxwielershirts.nl\\\/en\\\/#organization\"},\"potentialAction\":[{\"@type\":\"SearchAction\",\"target\":{\"@type\":\"EntryPoint\",\"urlTemplate\":\"https:\\\/\\\/tonmerckxwielershirts.nl\\\/en\\\/?s={search_term_string}\"},\"query-input\":{\"@type\":\"PropertyValueSpecification\",\"valueRequired\":true,\"valueName\":\"search_term_string\"}}],\"inLanguage\":\"es\"},{\"@type\":\"Organization\",\"@id\":\"https:\\\/\\\/tonmerckxwielershirts.nl\\\/en\\\/#organization\",\"name\":\"Vintage Cycling Store\",\"url\":\"https:\\\/\\\/tonmerckxwielershirts.nl\\\/en\\\/\",\"logo\":{\"@type\":\"ImageObject\",\"inLanguage\":\"es\",\"@id\":\"https:\\\/\\\/tonmerckxwielershirts.nl\\\/en\\\/#\\\/schema\\\/logo\\\/image\\\/\",\"url\":\"https:\\\/\\\/vintagecycling.store\\\/wp-content\\\/uploads\\\/2023\\\/03\\\/ton-merckx-logo.jpg\",\"contentUrl\":\"https:\\\/\\\/vintagecycling.store\\\/wp-content\\\/uploads\\\/2023\\\/03\\\/ton-merckx-logo.jpg\",\"width\":391,\"height\":57,\"caption\":\"Vintage Cycling Store\"},\"image\":{\"@id\":\"https:\\\/\\\/tonmerckxwielershirts.nl\\\/en\\\/#\\\/schema\\\/logo\\\/image\\\/\"}}]}<\/script>\n<!-- \/ Yoast SEO plugin. -->","yoast_head_json":{"title":"CAMISETA DE CICLISMO LETCHWORTH-SCHILS 2000 - Tienda de Ciclismo Vintage","robots":{"index":"index","follow":"follow","max-snippet":"max-snippet:-1","max-image-preview":"max-image-preview:large","max-video-preview":"max-video-preview:-1"},"canonical":"https:\/\/vintagecycling.store\/es\/maillot-ciclista-retro\/maillot-ciclista-letchworth-schils-2000\/","og_locale":"es_ES","og_type":"article","og_title":"LETCHWORTH-SCHILS 2000 WIELERSHIRT - Vintage Cycling Store","og_description":"Shirt van de LETCHWORTH-SCHILS\u00a0 Dameswielerploeg uit het jaar 2000. Patrick Schils is een voormalig Belgische Wielerprof die in de jaren na zijn carriere in Engeland is gaan wonen en daar een goedlopende wielerzaak heeft geopend. In 2000 was hij bv sponsor van deze Engelse damesploeg. &nbsp;","og_url":"https:\/\/vintagecycling.store\/es\/maillot-ciclista-retro\/maillot-ciclista-letchworth-schils-2000\/","og_site_name":"Vintage Cycling Store","article_modified_time":"2026-01-28T11:00:19+00:00","og_image":[{"width":1920,"height":2560,"url":"https:\/\/vintagecycling.store\/wp-content\/uploads\/2026\/01\/IMG_4050-scaled.jpg","type":"image\/jpeg"}],"twitter_card":"summary_large_image","twitter_misc":{"Tiempo de lectura":"1 minuto"},"schema":{"@context":"https:\/\/schema.org","@graph":[{"@type":"WebPage","@id":"https:\/\/vintagecycling.store\/fr\/maillot-de-cyclisme-retro\/maillot-cycliste-letchworth-schils-2000\/","url":"https:\/\/vintagecycling.store\/fr\/maillot-de-cyclisme-retro\/maillot-cycliste-letchworth-schils-2000\/","name":"CAMISETA DE CICLISMO LETCHWORTH-SCHILS 2000 - Tienda de Ciclismo Vintage","isPartOf":{"@id":"https:\/\/tonmerckxwielershirts.nl\/en\/#website"},"primaryImageOfPage":{"@id":"https:\/\/vintagecycling.store\/fr\/maillot-de-cyclisme-retro\/maillot-cycliste-letchworth-schils-2000\/#primaryimage"},"image":{"@id":"https:\/\/vintagecycling.store\/fr\/maillot-de-cyclisme-retro\/maillot-cycliste-letchworth-schils-2000\/#primaryimage"},"thumbnailUrl":"https:\/\/vintagecycling.store\/wp-content\/uploads\/2026\/01\/IMG_4050-scaled.jpg","datePublished":"2026-01-01T16:21:47+00:00","dateModified":"2026-01-28T11:00:19+00:00","breadcrumb":{"@id":"https:\/\/vintagecycling.store\/fr\/maillot-de-cyclisme-retro\/maillot-cycliste-letchworth-schils-2000\/#breadcrumb"},"inLanguage":"es","potentialAction":[{"@type":"ReadAction","target":["https:\/\/vintagecycling.store\/fr\/maillot-de-cyclisme-retro\/maillot-cycliste-letchworth-schils-2000\/"]}]},{"@type":"ImageObject","inLanguage":"es","@id":"https:\/\/vintagecycling.store\/fr\/maillot-de-cyclisme-retro\/maillot-cycliste-letchworth-schils-2000\/#primaryimage","url":"https:\/\/vintagecycling.store\/wp-content\/uploads\/2026\/01\/IMG_4050-scaled.jpg","contentUrl":"https:\/\/vintagecycling.store\/wp-content\/uploads\/2026\/01\/IMG_4050-scaled.jpg","width":1920,"height":2560,"caption":"LETCHWORTH-SCHILS"},{"@type":"BreadcrumbList","@id":"https:\/\/vintagecycling.store\/fr\/maillot-de-cyclisme-retro\/maillot-cycliste-letchworth-schils-2000\/#breadcrumb","itemListElement":[{"@type":"ListItem","position":1,"name":"Home","item":"https:\/\/tonmerckxwielershirts.nl\/en\/"},{"@type":"ListItem","position":2,"name":"Retro wielershirts","item":"https:\/\/tonmerckxwielershirts.nl\/en\/retro-cycling-jerseys\/"},{"@type":"ListItem","position":3,"name":"LETCHWORTH-SCHILS 2000 WIELERSHIRT"}]},{"@type":"WebSite","@id":"https:\/\/tonmerckxwielershirts.nl\/en\/#website","url":"https:\/\/tonmerckxwielershirts.nl\/en\/","name":"Tienda de ciclismo vintage","description":"miles de maillots ciclistas originales - \u00a1pide tu r\u00e9plica!","publisher":{"@id":"https:\/\/tonmerckxwielershirts.nl\/en\/#organization"},"potentialAction":[{"@type":"SearchAction","target":{"@type":"EntryPoint","urlTemplate":"https:\/\/tonmerckxwielershirts.nl\/en\/?s={search_term_string}"},"query-input":{"@type":"PropertyValueSpecification","valueRequired":true,"valueName":"search_term_string"}}],"inLanguage":"es"},{"@type":"Organization","@id":"https:\/\/tonmerckxwielershirts.nl\/en\/#organization","name":"Tienda de ciclismo vintage","url":"https:\/\/tonmerckxwielershirts.nl\/en\/","logo":{"@type":"ImageObject","inLanguage":"es","@id":"https:\/\/tonmerckxwielershirts.nl\/en\/#\/schema\/logo\/image\/","url":"https:\/\/vintagecycling.store\/wp-content\/uploads\/2023\/03\/ton-merckx-logo.jpg","contentUrl":"https:\/\/vintagecycling.store\/wp-content\/uploads\/2023\/03\/ton-merckx-logo.jpg","width":391,"height":57,"caption":"Vintage Cycling Store"},"image":{"@id":"https:\/\/tonmerckxwielershirts.nl\/en\/#\/schema\/logo\/image\/"}}]}},"_links":{"self":[{"href":"https:\/\/vintagecycling.store\/es\/wp-json\/wp\/v2\/product\/177307","targetHints":{"allow":["GET"]}}],"collection":[{"href":"https:\/\/vintagecycling.store\/es\/wp-json\/wp\/v2\/product"}],"about":[{"href":"https:\/\/vintagecycling.store\/es\/wp-json\/wp\/v2\/types\/product"}],"wp:featuredmedia":[{"embeddable":true,"href":"https:\/\/vintagecycling.store\/es\/wp-json\/wp\/v2\/media\/177308"}],"wp:attachment":[{"href":"https:\/\/vintagecycling.store\/es\/wp-json\/wp\/v2\/media?parent=177307"}],"wp:term":[{"taxonomy":"product_brand","embeddable":true,"href":"https:\/\/vintagecycling.store\/es\/wp-json\/wp\/v2\/product_brand?post=177307"},{"taxonomy":"product_cat","embeddable":true,"href":"https:\/\/vintagecycling.store\/es\/wp-json\/wp\/v2\/product_cat?post=177307"},{"taxonomy":"product_tag","embeddable":true,"href":"https:\/\/vintagecycling.store\/es\/wp-json\/wp\/v2\/product_tag?post=177307"}],"curies":[{"name":"gracias","href":"https:\/\/api.w.org\/{rel}","templated":true}]}}