{"id":31375,"date":"2024-08-25T10:41:14","date_gmt":"2024-08-25T08:41:14","guid":{"rendered":"https:\/\/vintagecycling.store\/?post_type=product&#038;p=31375"},"modified":"2026-01-28T12:00:29","modified_gmt":"2026-01-28T11:00:29","slug":"aa-bebidas-leontien-nl-211","status":"publish","type":"product","link":"https:\/\/vintagecycling.store\/es\/retro-wielershirt\/koga-wk-sprintshirt-2005-wielershirt\/","title":{"rendered":"CAMISETA KOGA (a) 2005 CAMPE\u00d3N DEL MUNDO CICLISMO SPRINT"},"content":{"rendered":"<p>CAMISETA KOGA MUNDO SPRINT 2005<\/p>\n<p>Theo Bos se convirti\u00f3 en Campe\u00f3n del Mundo de Sprint en 2004 (ver fotos adjuntas). La camiseta de KOGA es del a\u00f1o siguiente 2005 cuando KOGA era el patrocinador principal de Theo Bos.<\/p>\n<p>La camiseta proviene de la herencia de John Krijnen (Johnny Caballero), ex mec\u00e1nico de los equipos Televizier, Caballero y PDM. En los a\u00f1os 80 y 90 tambi\u00e9n fue mec\u00e1nico en la Selecci\u00f3n Nacional de Pista y despu\u00e9s mec\u00e1nico muy solicitado por muchos pilotos, incluido Theo Bos. John Krijnen recibi\u00f3 la camiseta de manos de Theo Bos por los servicios prestados.<\/p>","protected":false},"excerpt":{"rendered":"<p>KOGA WK SPRINTSHIRT 2005 Theo Bos werd in 2004 Wereldkampioen Sprint (zie bijgevoegde fotos), Het KOGA shirt is van het daaropvolgende jaar 2005 toen KOGA de hoofdsponsor van Theo Bos was. Het shirt komt uit de nalatenschap van John Krijnen (Johnny Caballero) voormalig mecanicien van de ploegen Televizier, Caballero en PDM. In de jaren 80 [&hellip;]<\/p>\n","protected":false},"featured_media":31385,"template":"","meta":[],"product_brand":[],"product_cat":[151],"product_tag":[],"class_list":{"0":"post-31375","1":"product","2":"type-product","3":"status-publish","4":"has-post-thumbnail","6":"product_cat-pro-team","8":"first","9":"onbackorder","10":"taxable","11":"shipping-taxable","12":"purchasable","13":"product-type-variable"},"yoast_head":"<!-- This site is optimized with the Yoast SEO plugin v27.4 - https:\/\/yoast.com\/product\/yoast-seo-wordpress\/ -->\n<title>KOGA (a) 2005  WERELDKAMPIOEN SPRINT       WIELERSHIRT - Vintage Cycling Store<\/title>\n<meta name=\"robots\" content=\"index, follow, max-snippet:-1, max-image-preview:large, max-video-preview:-1\" \/>\n<link rel=\"canonical\" href=\"https:\/\/mail.ton.connectingminds.net\/en\/retro-cycling-jersey\/aa-drinks-leontien-nl-211\/\" \/>\n<meta property=\"og:locale\" content=\"es_ES\" \/>\n<meta property=\"og:type\" content=\"article\" \/>\n<meta property=\"og:title\" content=\"KOGA (a) 2005  WERELDKAMPIOEN SPRINT       WIELERSHIRT - Vintage Cycling Store\" \/>\n<meta property=\"og:description\" content=\"KOGA WK SPRINTSHIRT 2005 Theo Bos werd in 2004 Wereldkampioen Sprint (zie bijgevoegde fotos), Het KOGA shirt is van het daaropvolgende jaar 2005 toen KOGA de hoofdsponsor van Theo Bos was. Het shirt komt uit de nalatenschap van John Krijnen (Johnny Caballero) voormalig mecanicien van de ploegen Televizier, Caballero en PDM. In de jaren 80 [&hellip;]\" \/>\n<meta property=\"og:url\" content=\"https:\/\/mail.ton.connectingminds.net\/en\/retro-cycling-jersey\/aa-drinks-leontien-nl-211\/\" \/>\n<meta property=\"og:site_name\" content=\"Vintage Cycling Store\" \/>\n<meta property=\"article:modified_time\" content=\"2026-01-28T11:00:29+00:00\" \/>\n<meta property=\"og:image\" content=\"https:\/\/mail.ton.connectingminds.net\/wp-content\/uploads\/2024\/08\/IMG_3037-scaled.jpg\" \/>\n\t<meta property=\"og:image:width\" content=\"1920\" \/>\n\t<meta property=\"og:image:height\" content=\"2560\" \/>\n\t<meta property=\"og:image:type\" content=\"image\/jpeg\" \/>\n<meta name=\"twitter:card\" content=\"summary_large_image\" \/>\n<meta name=\"twitter:label1\" content=\"Tiempo de lectura\" \/>\n\t<meta name=\"twitter:data1\" content=\"1 minuto\" \/>\n<script type=\"application\/ld+json\" class=\"yoast-schema-graph\">{\"@context\":\"https:\\\/\\\/schema.org\",\"@graph\":[{\"@type\":\"WebPage\",\"@id\":\"https:\\\/\\\/mail.ton.connectingminds.net\\\/en\\\/retro-cycling-jersey\\\/aa-drinks-leontien-nl-211\\\/\",\"url\":\"https:\\\/\\\/mail.ton.connectingminds.net\\\/en\\\/retro-cycling-jersey\\\/aa-drinks-leontien-nl-211\\\/\",\"name\":\"KOGA (a) 2005 WERELDKAMPIOEN SPRINT WIELERSHIRT - Vintage Cycling Store\",\"isPartOf\":{\"@id\":\"https:\\\/\\\/mail.ton.connectingminds.net\\\/de\\\/#website\"},\"primaryImageOfPage\":{\"@id\":\"https:\\\/\\\/mail.ton.connectingminds.net\\\/en\\\/retro-cycling-jersey\\\/aa-drinks-leontien-nl-211\\\/#primaryimage\"},\"image\":{\"@id\":\"https:\\\/\\\/mail.ton.connectingminds.net\\\/en\\\/retro-cycling-jersey\\\/aa-drinks-leontien-nl-211\\\/#primaryimage\"},\"thumbnailUrl\":\"https:\\\/\\\/vintagecycling.store\\\/wp-content\\\/uploads\\\/2024\\\/08\\\/IMG_3037-scaled.jpg\",\"datePublished\":\"2024-08-25T08:41:14+00:00\",\"dateModified\":\"2026-01-28T11:00:29+00:00\",\"breadcrumb\":{\"@id\":\"https:\\\/\\\/mail.ton.connectingminds.net\\\/en\\\/retro-cycling-jersey\\\/aa-drinks-leontien-nl-211\\\/#breadcrumb\"},\"inLanguage\":\"es\",\"potentialAction\":[{\"@type\":\"ReadAction\",\"target\":[\"https:\\\/\\\/mail.ton.connectingminds.net\\\/en\\\/retro-cycling-jersey\\\/aa-drinks-leontien-nl-211\\\/\"]}]},{\"@type\":\"ImageObject\",\"inLanguage\":\"es\",\"@id\":\"https:\\\/\\\/mail.ton.connectingminds.net\\\/en\\\/retro-cycling-jersey\\\/aa-drinks-leontien-nl-211\\\/#primaryimage\",\"url\":\"https:\\\/\\\/vintagecycling.store\\\/wp-content\\\/uploads\\\/2024\\\/08\\\/IMG_3037-scaled.jpg\",\"contentUrl\":\"https:\\\/\\\/vintagecycling.store\\\/wp-content\\\/uploads\\\/2024\\\/08\\\/IMG_3037-scaled.jpg\",\"width\":1920,\"height\":2560,\"caption\":\"KOGA WK SPRINTSHIRT 2005\"},{\"@type\":\"BreadcrumbList\",\"@id\":\"https:\\\/\\\/mail.ton.connectingminds.net\\\/en\\\/retro-cycling-jersey\\\/aa-drinks-leontien-nl-211\\\/#breadcrumb\",\"itemListElement\":[{\"@type\":\"ListItem\",\"position\":1,\"name\":\"Home\",\"item\":\"https:\\\/\\\/mail.ton.connectingminds.net\\\/de\\\/\"},{\"@type\":\"ListItem\",\"position\":2,\"name\":\"Retro wielershirts\",\"item\":\"https:\\\/\\\/mail.ton.connectingminds.net\\\/de\\\/retro-radtrikots\\\/\"},{\"@type\":\"ListItem\",\"position\":3,\"name\":\"KOGA (a) 2005 WERELDKAMPIOEN SPRINT WIELERSHIRT\"}]},{\"@type\":\"WebSite\",\"@id\":\"https:\\\/\\\/mail.ton.connectingminds.net\\\/de\\\/#website\",\"url\":\"https:\\\/\\\/mail.ton.connectingminds.net\\\/de\\\/\",\"name\":\"Vintage Cycling Store\",\"description\":\"thousands of original cycling jerseys - order your replica!\",\"publisher\":{\"@id\":\"https:\\\/\\\/mail.ton.connectingminds.net\\\/de\\\/#organization\"},\"potentialAction\":[{\"@type\":\"SearchAction\",\"target\":{\"@type\":\"EntryPoint\",\"urlTemplate\":\"https:\\\/\\\/mail.ton.connectingminds.net\\\/de\\\/?s={search_term_string}\"},\"query-input\":{\"@type\":\"PropertyValueSpecification\",\"valueRequired\":true,\"valueName\":\"search_term_string\"}}],\"inLanguage\":\"es\"},{\"@type\":\"Organization\",\"@id\":\"https:\\\/\\\/mail.ton.connectingminds.net\\\/de\\\/#organization\",\"name\":\"Vintage Cycling Store\",\"url\":\"https:\\\/\\\/mail.ton.connectingminds.net\\\/de\\\/\",\"logo\":{\"@type\":\"ImageObject\",\"inLanguage\":\"es\",\"@id\":\"https:\\\/\\\/mail.ton.connectingminds.net\\\/de\\\/#\\\/schema\\\/logo\\\/image\\\/\",\"url\":\"https:\\\/\\\/vintagecycling.store\\\/wp-content\\\/uploads\\\/2023\\\/03\\\/ton-merckx-logo.jpg\",\"contentUrl\":\"https:\\\/\\\/vintagecycling.store\\\/wp-content\\\/uploads\\\/2023\\\/03\\\/ton-merckx-logo.jpg\",\"width\":391,\"height\":57,\"caption\":\"Vintage Cycling Store\"},\"image\":{\"@id\":\"https:\\\/\\\/mail.ton.connectingminds.net\\\/de\\\/#\\\/schema\\\/logo\\\/image\\\/\"}}]}<\/script>\n<!-- \/ Yoast SEO plugin. -->","yoast_head_json":{"title":"CAMISETA DE CICLISMO KOGA (a) CAMPE\u00d3N DEL MUNDO 2005 - Tienda de Ciclismo Vintage","robots":{"index":"index","follow":"follow","max-snippet":"max-snippet:-1","max-image-preview":"max-image-preview:large","max-video-preview":"max-video-preview:-1"},"canonical":"https:\/\/mail.ton.connectingminds.net\/en\/retro-cycling-jersey\/aa-drinks-leontien-nl-211\/","og_locale":"es_ES","og_type":"article","og_title":"KOGA (a) 2005  WERELDKAMPIOEN SPRINT       WIELERSHIRT - Vintage Cycling Store","og_description":"KOGA WK SPRINTSHIRT 2005 Theo Bos werd in 2004 Wereldkampioen Sprint (zie bijgevoegde fotos), Het KOGA shirt is van het daaropvolgende jaar 2005 toen KOGA de hoofdsponsor van Theo Bos was. Het shirt komt uit de nalatenschap van John Krijnen (Johnny Caballero) voormalig mecanicien van de ploegen Televizier, Caballero en PDM. In de jaren 80 [&hellip;]","og_url":"https:\/\/mail.ton.connectingminds.net\/en\/retro-cycling-jersey\/aa-drinks-leontien-nl-211\/","og_site_name":"Vintage Cycling Store","article_modified_time":"2026-01-28T11:00:29+00:00","og_image":[{"width":1920,"height":2560,"url":"https:\/\/mail.ton.connectingminds.net\/wp-content\/uploads\/2024\/08\/IMG_3037-scaled.jpg","type":"image\/jpeg"}],"twitter_card":"summary_large_image","twitter_misc":{"Tiempo de lectura":"1 minuto"},"schema":{"@context":"https:\/\/schema.org","@graph":[{"@type":"WebPage","@id":"https:\/\/mail.ton.connectingminds.net\/en\/retro-cycling-jersey\/aa-drinks-leontien-nl-211\/","url":"https:\/\/mail.ton.connectingminds.net\/en\/retro-cycling-jersey\/aa-drinks-leontien-nl-211\/","name":"CAMISETA DE CICLISMO KOGA (a) CAMPE\u00d3N DEL MUNDO 2005 - Tienda de Ciclismo Vintage","isPartOf":{"@id":"https:\/\/mail.ton.connectingminds.net\/de\/#website"},"primaryImageOfPage":{"@id":"https:\/\/mail.ton.connectingminds.net\/en\/retro-cycling-jersey\/aa-drinks-leontien-nl-211\/#primaryimage"},"image":{"@id":"https:\/\/mail.ton.connectingminds.net\/en\/retro-cycling-jersey\/aa-drinks-leontien-nl-211\/#primaryimage"},"thumbnailUrl":"https:\/\/vintagecycling.store\/wp-content\/uploads\/2024\/08\/IMG_3037-scaled.jpg","datePublished":"2024-08-25T08:41:14+00:00","dateModified":"2026-01-28T11:00:29+00:00","breadcrumb":{"@id":"https:\/\/mail.ton.connectingminds.net\/en\/retro-cycling-jersey\/aa-drinks-leontien-nl-211\/#breadcrumb"},"inLanguage":"es","potentialAction":[{"@type":"ReadAction","target":["https:\/\/mail.ton.connectingminds.net\/en\/retro-cycling-jersey\/aa-drinks-leontien-nl-211\/"]}]},{"@type":"ImageObject","inLanguage":"es","@id":"https:\/\/mail.ton.connectingminds.net\/en\/retro-cycling-jersey\/aa-drinks-leontien-nl-211\/#primaryimage","url":"https:\/\/vintagecycling.store\/wp-content\/uploads\/2024\/08\/IMG_3037-scaled.jpg","contentUrl":"https:\/\/vintagecycling.store\/wp-content\/uploads\/2024\/08\/IMG_3037-scaled.jpg","width":1920,"height":2560,"caption":"KOGA WK SPRINTSHIRT 2005"},{"@type":"BreadcrumbList","@id":"https:\/\/mail.ton.connectingminds.net\/en\/retro-cycling-jersey\/aa-drinks-leontien-nl-211\/#breadcrumb","itemListElement":[{"@type":"ListItem","position":1,"name":"Home","item":"https:\/\/mail.ton.connectingminds.net\/de\/"},{"@type":"ListItem","position":2,"name":"Retro wielershirts","item":"https:\/\/mail.ton.connectingminds.net\/de\/retro-radtrikots\/"},{"@type":"ListItem","position":3,"name":"KOGA (a) 2005 WERELDKAMPIOEN SPRINT WIELERSHIRT"}]},{"@type":"WebSite","@id":"https:\/\/mail.ton.connectingminds.net\/de\/#website","url":"https:\/\/mail.ton.connectingminds.net\/de\/","name":"Tienda de ciclismo vintage","description":"miles de maillots ciclistas originales - \u00a1pide tu r\u00e9plica!","publisher":{"@id":"https:\/\/mail.ton.connectingminds.net\/de\/#organization"},"potentialAction":[{"@type":"SearchAction","target":{"@type":"EntryPoint","urlTemplate":"https:\/\/mail.ton.connectingminds.net\/de\/?s={search_term_string}"},"query-input":{"@type":"PropertyValueSpecification","valueRequired":true,"valueName":"search_term_string"}}],"inLanguage":"es"},{"@type":"Organization","@id":"https:\/\/mail.ton.connectingminds.net\/de\/#organization","name":"Tienda de ciclismo vintage","url":"https:\/\/mail.ton.connectingminds.net\/de\/","logo":{"@type":"ImageObject","inLanguage":"es","@id":"https:\/\/mail.ton.connectingminds.net\/de\/#\/schema\/logo\/image\/","url":"https:\/\/vintagecycling.store\/wp-content\/uploads\/2023\/03\/ton-merckx-logo.jpg","contentUrl":"https:\/\/vintagecycling.store\/wp-content\/uploads\/2023\/03\/ton-merckx-logo.jpg","width":391,"height":57,"caption":"Vintage Cycling Store"},"image":{"@id":"https:\/\/mail.ton.connectingminds.net\/de\/#\/schema\/logo\/image\/"}}]}},"_links":{"self":[{"href":"https:\/\/vintagecycling.store\/es\/wp-json\/wp\/v2\/product\/31375","targetHints":{"allow":["GET"]}}],"collection":[{"href":"https:\/\/vintagecycling.store\/es\/wp-json\/wp\/v2\/product"}],"about":[{"href":"https:\/\/vintagecycling.store\/es\/wp-json\/wp\/v2\/types\/product"}],"wp:featuredmedia":[{"embeddable":true,"href":"https:\/\/vintagecycling.store\/es\/wp-json\/wp\/v2\/media\/31385"}],"wp:attachment":[{"href":"https:\/\/vintagecycling.store\/es\/wp-json\/wp\/v2\/media?parent=31375"}],"wp:term":[{"taxonomy":"product_brand","embeddable":true,"href":"https:\/\/vintagecycling.store\/es\/wp-json\/wp\/v2\/product_brand?post=31375"},{"taxonomy":"product_cat","embeddable":true,"href":"https:\/\/vintagecycling.store\/es\/wp-json\/wp\/v2\/product_cat?post=31375"},{"taxonomy":"product_tag","embeddable":true,"href":"https:\/\/vintagecycling.store\/es\/wp-json\/wp\/v2\/product_tag?post=31375"}],"curies":[{"name":"gracias","href":"https:\/\/api.w.org\/{rel}","templated":true}]}}