{"id":3433,"date":"2023-01-24T18:02:49","date_gmt":"2023-01-24T18:02:49","guid":{"rendered":"https:\/\/ton.connectingminds.net\/product\/american-eagle-4\/"},"modified":"2026-01-28T12:02:37","modified_gmt":"2026-01-28T11:02:37","slug":"aguila-americana-4","status":"publish","type":"product","link":"https:\/\/vintagecycling.store\/es\/retro-wielershirt\/american-eagle-4\/","title":{"rendered":"CAMISETA CICLISMO AMERICAN EAGLE (b) 1995"},"content":{"rendered":"<p>American Eagle era una conocida marca de bicicletas de monta\u00f1a que se dedicaba al ciclismo profesional en la d\u00e9cada de 1990. El equipo se hizo famoso principalmente porque Bart Brentjens, uno de los ciclistas de monta\u00f1a holandeses m\u00e1s exitosos, corri\u00f3 para ellos entre 1991 y 1996. Brentjens gan\u00f3 la primera medalla de oro en ciclismo de monta\u00f1a en los Juegos Ol\u00edmpicos de 1996 en Atlanta. El equipo American Eagle era conocido por su s\u00f3lido desempe\u00f1o y participaci\u00f3n en competencias internacionales.<\/p>","protected":false},"excerpt":{"rendered":"<p>American Eagle was een bekend mountainbike-merk dat in de jaren &#8217;90 betrokken was bij de professionele wielersport. Het team verwierf vooral bekendheid doordat Bart Brentjens van 1991-1996, een van de meest succesvolle Nederlandse mountainbikers, voor hen reed. Brentjens behaalde in 1996 de eerste gouden medaille in het mountainbiken op de Olympische Spelen in Atlanta. Het [&hellip;]<\/p>\n","protected":false},"featured_media":3432,"template":"","meta":[],"product_brand":[],"product_cat":[28],"product_tag":[],"class_list":{"0":"post-3433","1":"product","2":"type-product","3":"status-publish","4":"has-post-thumbnail","6":"product_cat-mtb-teams","8":"first","9":"onbackorder","10":"taxable","11":"shipping-taxable","12":"purchasable","13":"product-type-variable"},"yoast_head":"<!-- This site is optimized with the Yoast SEO plugin v27.4 - https:\/\/yoast.com\/product\/yoast-seo-wordpress\/ -->\n<title>AMERICAN EAGLE (b)  1995  WIELERSHIRT - Vintage Cycling Store<\/title>\n<meta name=\"robots\" content=\"index, follow, max-snippet:-1, max-image-preview:large, max-video-preview:-1\" \/>\n<link rel=\"canonical\" href=\"https:\/\/mail.originalcyclingjerseys.com\/es\/maillot-ciclista-retro\/aguila-americana-4\/\" \/>\n<meta property=\"og:locale\" content=\"es_ES\" \/>\n<meta property=\"og:type\" content=\"article\" \/>\n<meta property=\"og:title\" content=\"AMERICAN EAGLE (b)  1995  WIELERSHIRT - Vintage Cycling Store\" \/>\n<meta property=\"og:description\" content=\"American Eagle was een bekend mountainbike-merk dat in de jaren &#8217;90 betrokken was bij de professionele wielersport. Het team verwierf vooral bekendheid doordat Bart Brentjens van 1991-1996, een van de meest succesvolle Nederlandse mountainbikers, voor hen reed. Brentjens behaalde in 1996 de eerste gouden medaille in het mountainbiken op de Olympische Spelen in Atlanta. Het [&hellip;]\" \/>\n<meta property=\"og:url\" content=\"https:\/\/mail.originalcyclingjerseys.com\/es\/maillot-ciclista-retro\/aguila-americana-4\/\" \/>\n<meta property=\"og:site_name\" content=\"Vintage Cycling Store\" \/>\n<meta property=\"article:modified_time\" content=\"2026-01-28T11:02:37+00:00\" \/>\n<meta property=\"og:image\" content=\"https:\/\/mail.originalcyclingjerseys.com\/wp-content\/uploads\/2023\/01\/SSA41956.jpg\" \/>\n\t<meta property=\"og:image:width\" content=\"1704\" \/>\n\t<meta property=\"og:image:height\" content=\"2272\" \/>\n\t<meta property=\"og:image:type\" content=\"image\/jpeg\" \/>\n<meta name=\"twitter:card\" content=\"summary_large_image\" \/>\n<meta name=\"twitter:label1\" content=\"Tiempo de lectura\" \/>\n\t<meta name=\"twitter:data1\" content=\"1 minuto\" \/>\n<script type=\"application\/ld+json\" class=\"yoast-schema-graph\">{\"@context\":\"https:\\\/\\\/schema.org\",\"@graph\":[{\"@type\":\"WebPage\",\"@id\":\"https:\\\/\\\/mail.originalcyclingjerseys.com\\\/es\\\/maillot-ciclista-retro\\\/aguila-americana-4\\\/\",\"url\":\"https:\\\/\\\/mail.originalcyclingjerseys.com\\\/es\\\/maillot-ciclista-retro\\\/aguila-americana-4\\\/\",\"name\":\"AMERICAN EAGLE (b) 1995 WIELERSHIRT - Vintage Cycling Store\",\"isPartOf\":{\"@id\":\"https:\\\/\\\/mail.ton.connectingminds.net\\\/de\\\/#website\"},\"primaryImageOfPage\":{\"@id\":\"https:\\\/\\\/mail.originalcyclingjerseys.com\\\/es\\\/maillot-ciclista-retro\\\/aguila-americana-4\\\/#primaryimage\"},\"image\":{\"@id\":\"https:\\\/\\\/mail.originalcyclingjerseys.com\\\/es\\\/maillot-ciclista-retro\\\/aguila-americana-4\\\/#primaryimage\"},\"thumbnailUrl\":\"https:\\\/\\\/vintagecycling.store\\\/wp-content\\\/uploads\\\/2023\\\/01\\\/SSA41956.jpg\",\"datePublished\":\"2023-01-24T18:02:49+00:00\",\"dateModified\":\"2026-01-28T11:02:37+00:00\",\"breadcrumb\":{\"@id\":\"https:\\\/\\\/mail.originalcyclingjerseys.com\\\/es\\\/maillot-ciclista-retro\\\/aguila-americana-4\\\/#breadcrumb\"},\"inLanguage\":\"es\",\"potentialAction\":[{\"@type\":\"ReadAction\",\"target\":[\"https:\\\/\\\/mail.originalcyclingjerseys.com\\\/es\\\/maillot-ciclista-retro\\\/aguila-americana-4\\\/\"]}]},{\"@type\":\"ImageObject\",\"inLanguage\":\"es\",\"@id\":\"https:\\\/\\\/mail.originalcyclingjerseys.com\\\/es\\\/maillot-ciclista-retro\\\/aguila-americana-4\\\/#primaryimage\",\"url\":\"https:\\\/\\\/vintagecycling.store\\\/wp-content\\\/uploads\\\/2023\\\/01\\\/SSA41956.jpg\",\"contentUrl\":\"https:\\\/\\\/vintagecycling.store\\\/wp-content\\\/uploads\\\/2023\\\/01\\\/SSA41956.jpg\",\"width\":1704,\"height\":2272},{\"@type\":\"BreadcrumbList\",\"@id\":\"https:\\\/\\\/mail.originalcyclingjerseys.com\\\/es\\\/maillot-ciclista-retro\\\/aguila-americana-4\\\/#breadcrumb\",\"itemListElement\":[{\"@type\":\"ListItem\",\"position\":1,\"name\":\"Home\",\"item\":\"https:\\\/\\\/mail.ton.connectingminds.net\\\/de\\\/\"},{\"@type\":\"ListItem\",\"position\":2,\"name\":\"Retro wielershirts\",\"item\":\"https:\\\/\\\/mail.ton.connectingminds.net\\\/de\\\/retro-radtrikots\\\/\"},{\"@type\":\"ListItem\",\"position\":3,\"name\":\"AMERICAN EAGLE (b) 1995 WIELERSHIRT\"}]},{\"@type\":\"WebSite\",\"@id\":\"https:\\\/\\\/mail.ton.connectingminds.net\\\/de\\\/#website\",\"url\":\"https:\\\/\\\/mail.ton.connectingminds.net\\\/de\\\/\",\"name\":\"Vintage Cycling Store\",\"description\":\"thousands of original cycling jerseys - order your replica!\",\"publisher\":{\"@id\":\"https:\\\/\\\/mail.ton.connectingminds.net\\\/de\\\/#organization\"},\"potentialAction\":[{\"@type\":\"SearchAction\",\"target\":{\"@type\":\"EntryPoint\",\"urlTemplate\":\"https:\\\/\\\/mail.ton.connectingminds.net\\\/de\\\/?s={search_term_string}\"},\"query-input\":{\"@type\":\"PropertyValueSpecification\",\"valueRequired\":true,\"valueName\":\"search_term_string\"}}],\"inLanguage\":\"es\"},{\"@type\":\"Organization\",\"@id\":\"https:\\\/\\\/mail.ton.connectingminds.net\\\/de\\\/#organization\",\"name\":\"Vintage Cycling Store\",\"url\":\"https:\\\/\\\/mail.ton.connectingminds.net\\\/de\\\/\",\"logo\":{\"@type\":\"ImageObject\",\"inLanguage\":\"es\",\"@id\":\"https:\\\/\\\/mail.ton.connectingminds.net\\\/de\\\/#\\\/schema\\\/logo\\\/image\\\/\",\"url\":\"https:\\\/\\\/vintagecycling.store\\\/wp-content\\\/uploads\\\/2023\\\/03\\\/ton-merckx-logo.jpg\",\"contentUrl\":\"https:\\\/\\\/vintagecycling.store\\\/wp-content\\\/uploads\\\/2023\\\/03\\\/ton-merckx-logo.jpg\",\"width\":391,\"height\":57,\"caption\":\"Vintage Cycling Store\"},\"image\":{\"@id\":\"https:\\\/\\\/mail.ton.connectingminds.net\\\/de\\\/#\\\/schema\\\/logo\\\/image\\\/\"}}]}<\/script>\n<!-- \/ Yoast SEO plugin. -->","yoast_head_json":{"title":"CAMISETA CICLISMO AMERICAN EAGLE (b) 1995 - Tienda de ciclismo vintage","robots":{"index":"index","follow":"follow","max-snippet":"max-snippet:-1","max-image-preview":"max-image-preview:large","max-video-preview":"max-video-preview:-1"},"canonical":"https:\/\/mail.originalcyclingjerseys.com\/es\/maillot-ciclista-retro\/aguila-americana-4\/","og_locale":"es_ES","og_type":"article","og_title":"AMERICAN EAGLE (b)  1995  WIELERSHIRT - Vintage Cycling Store","og_description":"American Eagle was een bekend mountainbike-merk dat in de jaren &#8217;90 betrokken was bij de professionele wielersport. Het team verwierf vooral bekendheid doordat Bart Brentjens van 1991-1996, een van de meest succesvolle Nederlandse mountainbikers, voor hen reed. Brentjens behaalde in 1996 de eerste gouden medaille in het mountainbiken op de Olympische Spelen in Atlanta. Het [&hellip;]","og_url":"https:\/\/mail.originalcyclingjerseys.com\/es\/maillot-ciclista-retro\/aguila-americana-4\/","og_site_name":"Vintage Cycling Store","article_modified_time":"2026-01-28T11:02:37+00:00","og_image":[{"width":1704,"height":2272,"url":"https:\/\/mail.originalcyclingjerseys.com\/wp-content\/uploads\/2023\/01\/SSA41956.jpg","type":"image\/jpeg"}],"twitter_card":"summary_large_image","twitter_misc":{"Tiempo de lectura":"1 minuto"},"schema":{"@context":"https:\/\/schema.org","@graph":[{"@type":"WebPage","@id":"https:\/\/mail.originalcyclingjerseys.com\/es\/maillot-ciclista-retro\/aguila-americana-4\/","url":"https:\/\/mail.originalcyclingjerseys.com\/es\/maillot-ciclista-retro\/aguila-americana-4\/","name":"CAMISETA CICLISMO AMERICAN EAGLE (b) 1995 - Tienda de ciclismo vintage","isPartOf":{"@id":"https:\/\/mail.ton.connectingminds.net\/de\/#website"},"primaryImageOfPage":{"@id":"https:\/\/mail.originalcyclingjerseys.com\/es\/maillot-ciclista-retro\/aguila-americana-4\/#primaryimage"},"image":{"@id":"https:\/\/mail.originalcyclingjerseys.com\/es\/maillot-ciclista-retro\/aguila-americana-4\/#primaryimage"},"thumbnailUrl":"https:\/\/vintagecycling.store\/wp-content\/uploads\/2023\/01\/SSA41956.jpg","datePublished":"2023-01-24T18:02:49+00:00","dateModified":"2026-01-28T11:02:37+00:00","breadcrumb":{"@id":"https:\/\/mail.originalcyclingjerseys.com\/es\/maillot-ciclista-retro\/aguila-americana-4\/#breadcrumb"},"inLanguage":"es","potentialAction":[{"@type":"ReadAction","target":["https:\/\/mail.originalcyclingjerseys.com\/es\/maillot-ciclista-retro\/aguila-americana-4\/"]}]},{"@type":"ImageObject","inLanguage":"es","@id":"https:\/\/mail.originalcyclingjerseys.com\/es\/maillot-ciclista-retro\/aguila-americana-4\/#primaryimage","url":"https:\/\/vintagecycling.store\/wp-content\/uploads\/2023\/01\/SSA41956.jpg","contentUrl":"https:\/\/vintagecycling.store\/wp-content\/uploads\/2023\/01\/SSA41956.jpg","width":1704,"height":2272},{"@type":"BreadcrumbList","@id":"https:\/\/mail.originalcyclingjerseys.com\/es\/maillot-ciclista-retro\/aguila-americana-4\/#breadcrumb","itemListElement":[{"@type":"ListItem","position":1,"name":"Home","item":"https:\/\/mail.ton.connectingminds.net\/de\/"},{"@type":"ListItem","position":2,"name":"Retro wielershirts","item":"https:\/\/mail.ton.connectingminds.net\/de\/retro-radtrikots\/"},{"@type":"ListItem","position":3,"name":"AMERICAN EAGLE (b) 1995 WIELERSHIRT"}]},{"@type":"WebSite","@id":"https:\/\/mail.ton.connectingminds.net\/de\/#website","url":"https:\/\/mail.ton.connectingminds.net\/de\/","name":"Tienda de ciclismo vintage","description":"miles de maillots ciclistas originales - \u00a1pide tu r\u00e9plica!","publisher":{"@id":"https:\/\/mail.ton.connectingminds.net\/de\/#organization"},"potentialAction":[{"@type":"SearchAction","target":{"@type":"EntryPoint","urlTemplate":"https:\/\/mail.ton.connectingminds.net\/de\/?s={search_term_string}"},"query-input":{"@type":"PropertyValueSpecification","valueRequired":true,"valueName":"search_term_string"}}],"inLanguage":"es"},{"@type":"Organization","@id":"https:\/\/mail.ton.connectingminds.net\/de\/#organization","name":"Tienda de ciclismo vintage","url":"https:\/\/mail.ton.connectingminds.net\/de\/","logo":{"@type":"ImageObject","inLanguage":"es","@id":"https:\/\/mail.ton.connectingminds.net\/de\/#\/schema\/logo\/image\/","url":"https:\/\/vintagecycling.store\/wp-content\/uploads\/2023\/03\/ton-merckx-logo.jpg","contentUrl":"https:\/\/vintagecycling.store\/wp-content\/uploads\/2023\/03\/ton-merckx-logo.jpg","width":391,"height":57,"caption":"Vintage Cycling Store"},"image":{"@id":"https:\/\/mail.ton.connectingminds.net\/de\/#\/schema\/logo\/image\/"}}]}},"_links":{"self":[{"href":"https:\/\/vintagecycling.store\/es\/wp-json\/wp\/v2\/product\/3433","targetHints":{"allow":["GET"]}}],"collection":[{"href":"https:\/\/vintagecycling.store\/es\/wp-json\/wp\/v2\/product"}],"about":[{"href":"https:\/\/vintagecycling.store\/es\/wp-json\/wp\/v2\/types\/product"}],"wp:featuredmedia":[{"embeddable":true,"href":"https:\/\/vintagecycling.store\/es\/wp-json\/wp\/v2\/media\/3432"}],"wp:attachment":[{"href":"https:\/\/vintagecycling.store\/es\/wp-json\/wp\/v2\/media?parent=3433"}],"wp:term":[{"taxonomy":"product_brand","embeddable":true,"href":"https:\/\/vintagecycling.store\/es\/wp-json\/wp\/v2\/product_brand?post=3433"},{"taxonomy":"product_cat","embeddable":true,"href":"https:\/\/vintagecycling.store\/es\/wp-json\/wp\/v2\/product_cat?post=3433"},{"taxonomy":"product_tag","embeddable":true,"href":"https:\/\/vintagecycling.store\/es\/wp-json\/wp\/v2\/product_tag?post=3433"}],"curies":[{"name":"gracias","href":"https:\/\/api.w.org\/{rel}","templated":true}]}}