{"id":3577,"date":"2023-01-24T18:04:14","date_gmt":"2023-01-24T18:04:14","guid":{"rendered":"https:\/\/ton.connectingminds.net\/product\/datelnet-teleflex\/"},"modified":"2026-01-28T12:02:27","modified_gmt":"2026-01-28T11:02:27","slug":"datelnet-teleflex","status":"publish","type":"product","link":"https:\/\/vintagecycling.store\/es\/retro-wielershirt\/datelnet-teleflex\/","title":{"rendered":"DATELNET (a)-CAMISETA CICLISMO TELEFLEX 1992"},"content":{"rendered":"<p>Datelnet-Teleflex fue uno de los principales equipos amateurs de los Pa\u00edses Bajos en 1992.<\/p>\n<p>El patrocinador proced\u00eda de Schijndel y el ciclista de ciclocross Reinier Groenendaal estuvo aqu\u00ed en su \u00faltimo a\u00f1o profesional, su hijo Richard Groenendaal corri\u00f3 como aficionado con este equipo y tambi\u00e9n se proclam\u00f3 campe\u00f3n holand\u00e9s de ciclocross.<\/p>","protected":false},"excerpt":{"rendered":"<p>Datelnet-Teleflex fue uno de los principales equipos amateurs de los Pa\u00edses Bajos en 1992. El patrocinador proced\u00eda de Schijndel y el ciclista de ciclocross Reinier Groenendaal estuvo aqu\u00ed en su \u00faltimo a\u00f1o profesional, su hijo Richard Groenendaal corri\u00f3 como aficionado con este equipo y tambi\u00e9n se proclam\u00f3 campe\u00f3n holand\u00e9s de ciclocross.<\/p>","protected":false},"featured_media":3576,"template":"","meta":[],"product_brand":[],"product_cat":[151],"product_tag":[],"class_list":{"0":"post-3577","1":"product","2":"type-product","3":"status-publish","4":"has-post-thumbnail","6":"product_cat-pro-team","8":"first","9":"onbackorder","10":"taxable","11":"shipping-taxable","12":"purchasable","13":"product-type-variable"},"yoast_head":"<!-- This site is optimized with the Yoast SEO plugin v27.3 - https:\/\/yoast.com\/product\/yoast-seo-wordpress\/ -->\n<title>DATELNET (a)-TELEFLEX  1992  WIELERSHIRT - Vintage Cycling Store<\/title>\n<meta name=\"robots\" content=\"index, follow, max-snippet:-1, max-image-preview:large, max-video-preview:-1\" \/>\n<link rel=\"canonical\" href=\"https:\/\/mail.ton.connectingminds.net\/es\/maillot-ciclista-retro\/datelnet-teleflex\/\" \/>\n<meta property=\"og:locale\" content=\"es_ES\" \/>\n<meta property=\"og:type\" content=\"article\" \/>\n<meta property=\"og:title\" content=\"DATELNET (a)-TELEFLEX  1992  WIELERSHIRT - Vintage Cycling Store\" \/>\n<meta property=\"og:description\" content=\"Datelnet-Teleflex is in 1992 een van de toonaangevende Amateurteams in Nederland. De sponsor kwam uit Schijndel en Veldrijder Reinier Groenendaal was hier bezig aan zijn laatste profjaar, zijn zoon Richard Groenendaal reed als amateur bij deze ploeg en werd ook nog Nederlands kampioen veldrijden.\" \/>\n<meta property=\"og:url\" content=\"https:\/\/mail.ton.connectingminds.net\/es\/maillot-ciclista-retro\/datelnet-teleflex\/\" \/>\n<meta property=\"og:site_name\" content=\"Vintage Cycling Store\" \/>\n<meta property=\"article:modified_time\" content=\"2026-01-28T11:02:27+00:00\" \/>\n<meta property=\"og:image\" content=\"https:\/\/mail.ton.connectingminds.net\/wp-content\/uploads\/2023\/01\/SSA42010.jpg\" \/>\n\t<meta property=\"og:image:width\" content=\"1704\" \/>\n\t<meta property=\"og:image:height\" content=\"2272\" \/>\n\t<meta property=\"og:image:type\" content=\"image\/jpeg\" \/>\n<meta name=\"twitter:card\" content=\"summary_large_image\" \/>\n<meta name=\"twitter:label1\" content=\"Tiempo de lectura\" \/>\n\t<meta name=\"twitter:data1\" content=\"1 minuto\" \/>\n<script type=\"application\/ld+json\" class=\"yoast-schema-graph\">{\"@context\":\"https:\\\/\\\/schema.org\",\"@graph\":[{\"@type\":\"WebPage\",\"@id\":\"https:\\\/\\\/mail.ton.connectingminds.net\\\/es\\\/maillot-ciclista-retro\\\/datelnet-teleflex\\\/\",\"url\":\"https:\\\/\\\/mail.ton.connectingminds.net\\\/es\\\/maillot-ciclista-retro\\\/datelnet-teleflex\\\/\",\"name\":\"DATELNET (a)-TELEFLEX 1992 WIELERSHIRT - Vintage Cycling Store\",\"isPartOf\":{\"@id\":\"https:\\\/\\\/mail.tonmerckxwielershirts.nl\\\/de\\\/#website\"},\"primaryImageOfPage\":{\"@id\":\"https:\\\/\\\/mail.ton.connectingminds.net\\\/es\\\/maillot-ciclista-retro\\\/datelnet-teleflex\\\/#primaryimage\"},\"image\":{\"@id\":\"https:\\\/\\\/mail.ton.connectingminds.net\\\/es\\\/maillot-ciclista-retro\\\/datelnet-teleflex\\\/#primaryimage\"},\"thumbnailUrl\":\"https:\\\/\\\/vintagecycling.store\\\/wp-content\\\/uploads\\\/2023\\\/01\\\/SSA42010.jpg\",\"datePublished\":\"2023-01-24T18:04:14+00:00\",\"dateModified\":\"2026-01-28T11:02:27+00:00\",\"breadcrumb\":{\"@id\":\"https:\\\/\\\/mail.ton.connectingminds.net\\\/es\\\/maillot-ciclista-retro\\\/datelnet-teleflex\\\/#breadcrumb\"},\"inLanguage\":\"es\",\"potentialAction\":[{\"@type\":\"ReadAction\",\"target\":[\"https:\\\/\\\/mail.ton.connectingminds.net\\\/es\\\/maillot-ciclista-retro\\\/datelnet-teleflex\\\/\"]}]},{\"@type\":\"ImageObject\",\"inLanguage\":\"es\",\"@id\":\"https:\\\/\\\/mail.ton.connectingminds.net\\\/es\\\/maillot-ciclista-retro\\\/datelnet-teleflex\\\/#primaryimage\",\"url\":\"https:\\\/\\\/vintagecycling.store\\\/wp-content\\\/uploads\\\/2023\\\/01\\\/SSA42010.jpg\",\"contentUrl\":\"https:\\\/\\\/vintagecycling.store\\\/wp-content\\\/uploads\\\/2023\\\/01\\\/SSA42010.jpg\",\"width\":1704,\"height\":2272},{\"@type\":\"BreadcrumbList\",\"@id\":\"https:\\\/\\\/mail.ton.connectingminds.net\\\/es\\\/maillot-ciclista-retro\\\/datelnet-teleflex\\\/#breadcrumb\",\"itemListElement\":[{\"@type\":\"ListItem\",\"position\":1,\"name\":\"Home\",\"item\":\"https:\\\/\\\/mail.tonmerckxwielershirts.nl\\\/de\\\/\"},{\"@type\":\"ListItem\",\"position\":2,\"name\":\"Retro wielershirts\",\"item\":\"https:\\\/\\\/mail.tonmerckxwielershirts.nl\\\/de\\\/retro-radtrikots\\\/\"},{\"@type\":\"ListItem\",\"position\":3,\"name\":\"DATELNET (a)-TELEFLEX 1992 WIELERSHIRT\"}]},{\"@type\":\"WebSite\",\"@id\":\"https:\\\/\\\/mail.tonmerckxwielershirts.nl\\\/de\\\/#website\",\"url\":\"https:\\\/\\\/mail.tonmerckxwielershirts.nl\\\/de\\\/\",\"name\":\"Vintage Cycling Store\",\"description\":\"thousands of original cycling jerseys - order your replica!\",\"publisher\":{\"@id\":\"https:\\\/\\\/mail.tonmerckxwielershirts.nl\\\/de\\\/#organization\"},\"potentialAction\":[{\"@type\":\"SearchAction\",\"target\":{\"@type\":\"EntryPoint\",\"urlTemplate\":\"https:\\\/\\\/mail.tonmerckxwielershirts.nl\\\/de\\\/?s={search_term_string}\"},\"query-input\":{\"@type\":\"PropertyValueSpecification\",\"valueRequired\":true,\"valueName\":\"search_term_string\"}}],\"inLanguage\":\"es\"},{\"@type\":\"Organization\",\"@id\":\"https:\\\/\\\/mail.tonmerckxwielershirts.nl\\\/de\\\/#organization\",\"name\":\"Vintage Cycling Store\",\"url\":\"https:\\\/\\\/mail.tonmerckxwielershirts.nl\\\/de\\\/\",\"logo\":{\"@type\":\"ImageObject\",\"inLanguage\":\"es\",\"@id\":\"https:\\\/\\\/mail.tonmerckxwielershirts.nl\\\/de\\\/#\\\/schema\\\/logo\\\/image\\\/\",\"url\":\"https:\\\/\\\/vintagecycling.store\\\/wp-content\\\/uploads\\\/2023\\\/03\\\/ton-merckx-logo.jpg\",\"contentUrl\":\"https:\\\/\\\/vintagecycling.store\\\/wp-content\\\/uploads\\\/2023\\\/03\\\/ton-merckx-logo.jpg\",\"width\":391,\"height\":57,\"caption\":\"Vintage Cycling Store\"},\"image\":{\"@id\":\"https:\\\/\\\/mail.tonmerckxwielershirts.nl\\\/de\\\/#\\\/schema\\\/logo\\\/image\\\/\"}}]}<\/script>\n<!-- \/ Yoast SEO plugin. -->","yoast_head_json":{"title":"DATELNET (a)-CAMISETA CICLISMO TELEFLEX 1992 - Tienda de ciclismo vintage","robots":{"index":"index","follow":"follow","max-snippet":"max-snippet:-1","max-image-preview":"max-image-preview:large","max-video-preview":"max-video-preview:-1"},"canonical":"https:\/\/mail.ton.connectingminds.net\/es\/maillot-ciclista-retro\/datelnet-teleflex\/","og_locale":"es_ES","og_type":"article","og_title":"DATELNET (a)-TELEFLEX  1992  WIELERSHIRT - Vintage Cycling Store","og_description":"Datelnet-Teleflex is in 1992 een van de toonaangevende Amateurteams in Nederland. De sponsor kwam uit Schijndel en Veldrijder Reinier Groenendaal was hier bezig aan zijn laatste profjaar, zijn zoon Richard Groenendaal reed als amateur bij deze ploeg en werd ook nog Nederlands kampioen veldrijden.","og_url":"https:\/\/mail.ton.connectingminds.net\/es\/maillot-ciclista-retro\/datelnet-teleflex\/","og_site_name":"Vintage Cycling Store","article_modified_time":"2026-01-28T11:02:27+00:00","og_image":[{"width":1704,"height":2272,"url":"https:\/\/mail.ton.connectingminds.net\/wp-content\/uploads\/2023\/01\/SSA42010.jpg","type":"image\/jpeg"}],"twitter_card":"summary_large_image","twitter_misc":{"Tiempo de lectura":"1 minuto"},"schema":{"@context":"https:\/\/schema.org","@graph":[{"@type":"WebPage","@id":"https:\/\/mail.ton.connectingminds.net\/es\/maillot-ciclista-retro\/datelnet-teleflex\/","url":"https:\/\/mail.ton.connectingminds.net\/es\/maillot-ciclista-retro\/datelnet-teleflex\/","name":"DATELNET (a)-CAMISETA CICLISMO TELEFLEX 1992 - Tienda de ciclismo vintage","isPartOf":{"@id":"https:\/\/mail.tonmerckxwielershirts.nl\/de\/#website"},"primaryImageOfPage":{"@id":"https:\/\/mail.ton.connectingminds.net\/es\/maillot-ciclista-retro\/datelnet-teleflex\/#primaryimage"},"image":{"@id":"https:\/\/mail.ton.connectingminds.net\/es\/maillot-ciclista-retro\/datelnet-teleflex\/#primaryimage"},"thumbnailUrl":"https:\/\/vintagecycling.store\/wp-content\/uploads\/2023\/01\/SSA42010.jpg","datePublished":"2023-01-24T18:04:14+00:00","dateModified":"2026-01-28T11:02:27+00:00","breadcrumb":{"@id":"https:\/\/mail.ton.connectingminds.net\/es\/maillot-ciclista-retro\/datelnet-teleflex\/#breadcrumb"},"inLanguage":"es","potentialAction":[{"@type":"ReadAction","target":["https:\/\/mail.ton.connectingminds.net\/es\/maillot-ciclista-retro\/datelnet-teleflex\/"]}]},{"@type":"ImageObject","inLanguage":"es","@id":"https:\/\/mail.ton.connectingminds.net\/es\/maillot-ciclista-retro\/datelnet-teleflex\/#primaryimage","url":"https:\/\/vintagecycling.store\/wp-content\/uploads\/2023\/01\/SSA42010.jpg","contentUrl":"https:\/\/vintagecycling.store\/wp-content\/uploads\/2023\/01\/SSA42010.jpg","width":1704,"height":2272},{"@type":"BreadcrumbList","@id":"https:\/\/mail.ton.connectingminds.net\/es\/maillot-ciclista-retro\/datelnet-teleflex\/#breadcrumb","itemListElement":[{"@type":"ListItem","position":1,"name":"Home","item":"https:\/\/mail.tonmerckxwielershirts.nl\/de\/"},{"@type":"ListItem","position":2,"name":"Retro wielershirts","item":"https:\/\/mail.tonmerckxwielershirts.nl\/de\/retro-radtrikots\/"},{"@type":"ListItem","position":3,"name":"DATELNET (a)-TELEFLEX 1992 WIELERSHIRT"}]},{"@type":"WebSite","@id":"https:\/\/mail.tonmerckxwielershirts.nl\/de\/#website","url":"https:\/\/mail.tonmerckxwielershirts.nl\/de\/","name":"Tienda de ciclismo vintage","description":"miles de maillots ciclistas originales - \u00a1pide tu r\u00e9plica!","publisher":{"@id":"https:\/\/mail.tonmerckxwielershirts.nl\/de\/#organization"},"potentialAction":[{"@type":"SearchAction","target":{"@type":"EntryPoint","urlTemplate":"https:\/\/mail.tonmerckxwielershirts.nl\/de\/?s={search_term_string}"},"query-input":{"@type":"PropertyValueSpecification","valueRequired":true,"valueName":"search_term_string"}}],"inLanguage":"es"},{"@type":"Organization","@id":"https:\/\/mail.tonmerckxwielershirts.nl\/de\/#organization","name":"Tienda de ciclismo vintage","url":"https:\/\/mail.tonmerckxwielershirts.nl\/de\/","logo":{"@type":"ImageObject","inLanguage":"es","@id":"https:\/\/mail.tonmerckxwielershirts.nl\/de\/#\/schema\/logo\/image\/","url":"https:\/\/vintagecycling.store\/wp-content\/uploads\/2023\/03\/ton-merckx-logo.jpg","contentUrl":"https:\/\/vintagecycling.store\/wp-content\/uploads\/2023\/03\/ton-merckx-logo.jpg","width":391,"height":57,"caption":"Vintage Cycling Store"},"image":{"@id":"https:\/\/mail.tonmerckxwielershirts.nl\/de\/#\/schema\/logo\/image\/"}}]}},"_links":{"self":[{"href":"https:\/\/vintagecycling.store\/es\/wp-json\/wp\/v2\/product\/3577","targetHints":{"allow":["GET"]}}],"collection":[{"href":"https:\/\/vintagecycling.store\/es\/wp-json\/wp\/v2\/product"}],"about":[{"href":"https:\/\/vintagecycling.store\/es\/wp-json\/wp\/v2\/types\/product"}],"wp:featuredmedia":[{"embeddable":true,"href":"https:\/\/vintagecycling.store\/es\/wp-json\/wp\/v2\/media\/3576"}],"wp:attachment":[{"href":"https:\/\/vintagecycling.store\/es\/wp-json\/wp\/v2\/media?parent=3577"}],"wp:term":[{"taxonomy":"product_brand","embeddable":true,"href":"https:\/\/vintagecycling.store\/es\/wp-json\/wp\/v2\/product_brand?post=3577"},{"taxonomy":"product_cat","embeddable":true,"href":"https:\/\/vintagecycling.store\/es\/wp-json\/wp\/v2\/product_cat?post=3577"},{"taxonomy":"product_tag","embeddable":true,"href":"https:\/\/vintagecycling.store\/es\/wp-json\/wp\/v2\/product_tag?post=3577"}],"curies":[{"name":"gracias","href":"https:\/\/api.w.org\/{rel}","templated":true}]}}