{"id":3679,"date":"2023-01-24T18:05:17","date_gmt":"2023-01-24T18:05:17","guid":{"rendered":"https:\/\/ton.connectingminds.net\/product\/giant-agu-sport\/"},"modified":"2026-01-28T12:02:22","modified_gmt":"2026-01-28T11:02:22","slug":"gigante-agu-sport","status":"publish","type":"product","link":"https:\/\/vintagecycling.store\/es\/retro-wielershirt\/giant-agu-sport\/","title":{"rendered":"CAMISETA CICLISMO GIANT (a)-AGU SPORT 1993\/1994"},"content":{"rendered":"<p>En esos a\u00f1os, GIANT tambi\u00e9n patrocin\u00f3 un gran equipo amateur y un equipo ATB, todos con la misma camiseta.<\/p>\n<p>Marcel Arntz corre con GIANT como profesional en carretera y tambi\u00e9n en Atb.<\/p>\n<p>El ciclista de ciclocross Martin Hendriks tambi\u00e9n practica profesionalmente como ciclista de ciclocross y en el Atb.<\/p>","protected":false},"excerpt":{"rendered":"<p>En esos a\u00f1os, GIANT tambi\u00e9n patrocin\u00f3 un gran equipo amateur y un equipo ATB, todos con la misma camiseta. Marcel Arntz corre como profesional en carretera con GIANT y tambi\u00e9n con Atb. El ciclista de ciclocross Martin Hendriks tambi\u00e9n practica profesionalmente como ciclista de ciclocross y en el Atb.<\/p>","protected":false},"featured_media":3678,"template":"","meta":[],"product_brand":[],"product_cat":[151],"product_tag":[],"class_list":{"0":"post-3679","1":"product","2":"type-product","3":"status-publish","4":"has-post-thumbnail","6":"product_cat-pro-team","8":"first","9":"onbackorder","10":"taxable","11":"shipping-taxable","12":"purchasable","13":"product-type-variable"},"yoast_head":"<!-- This site is optimized with the Yoast SEO plugin v27.4 - https:\/\/yoast.com\/product\/yoast-seo-wordpress\/ -->\n<title>GIANT (a)-AGU SPORT  1993\/1994   WIELERSHIRT - Vintage Cycling Store<\/title>\n<meta name=\"robots\" content=\"index, follow, max-snippet:-1, max-image-preview:large, max-video-preview:-1\" \/>\n<link rel=\"canonical\" href=\"https:\/\/mail.cyclingoriginals.com\/de\/retro-wielershirt\/giant-agu-sport\/\" \/>\n<meta property=\"og:locale\" content=\"es_ES\" \/>\n<meta property=\"og:type\" content=\"article\" \/>\n<meta property=\"og:title\" content=\"GIANT (a)-AGU SPORT  1993\/1994   WIELERSHIRT - Vintage Cycling Store\" \/>\n<meta property=\"og:description\" content=\"GIANT is in die jaren ook sponsor van een grote amateurploeg en ook een ATB team, allen rijdende in hetzelfde shirt. Marcel Arntz rijdt bij GIANT als prof op de weg en ook op de Atb. Veldrijder Martin Hendriks rijdt ook als prof als veldrijder en op de Atb.\" \/>\n<meta property=\"og:url\" content=\"https:\/\/mail.cyclingoriginals.com\/de\/retro-wielershirt\/giant-agu-sport\/\" \/>\n<meta property=\"og:site_name\" content=\"Vintage Cycling Store\" \/>\n<meta property=\"article:modified_time\" content=\"2026-01-28T11:02:22+00:00\" \/>\n<meta property=\"og:image\" content=\"https:\/\/mail.cyclingoriginals.com\/wp-content\/uploads\/2023\/01\/SSA42610.jpg\" \/>\n\t<meta property=\"og:image:width\" content=\"1704\" \/>\n\t<meta property=\"og:image:height\" content=\"2272\" \/>\n\t<meta property=\"og:image:type\" content=\"image\/jpeg\" \/>\n<meta name=\"twitter:card\" content=\"summary_large_image\" \/>\n<meta name=\"twitter:label1\" content=\"Tiempo de lectura\" \/>\n\t<meta name=\"twitter:data1\" content=\"1 minuto\" \/>\n<script type=\"application\/ld+json\" class=\"yoast-schema-graph\">{\"@context\":\"https:\\\/\\\/schema.org\",\"@graph\":[{\"@type\":\"WebPage\",\"@id\":\"https:\\\/\\\/mail.cyclingoriginals.com\\\/de\\\/retro-wielershirt\\\/giant-agu-sport\\\/\",\"url\":\"https:\\\/\\\/mail.cyclingoriginals.com\\\/de\\\/retro-wielershirt\\\/giant-agu-sport\\\/\",\"name\":\"GIANT (a)-AGU SPORT 1993\\\/1994 WIELERSHIRT - Vintage Cycling Store\",\"isPartOf\":{\"@id\":\"https:\\\/\\\/tonmerckxwielershirts.nl\\\/en\\\/#website\"},\"primaryImageOfPage\":{\"@id\":\"https:\\\/\\\/mail.cyclingoriginals.com\\\/de\\\/retro-wielershirt\\\/giant-agu-sport\\\/#primaryimage\"},\"image\":{\"@id\":\"https:\\\/\\\/mail.cyclingoriginals.com\\\/de\\\/retro-wielershirt\\\/giant-agu-sport\\\/#primaryimage\"},\"thumbnailUrl\":\"https:\\\/\\\/vintagecycling.store\\\/wp-content\\\/uploads\\\/2023\\\/01\\\/SSA42610.jpg\",\"datePublished\":\"2023-01-24T18:05:17+00:00\",\"dateModified\":\"2026-01-28T11:02:22+00:00\",\"breadcrumb\":{\"@id\":\"https:\\\/\\\/mail.cyclingoriginals.com\\\/de\\\/retro-wielershirt\\\/giant-agu-sport\\\/#breadcrumb\"},\"inLanguage\":\"es\",\"potentialAction\":[{\"@type\":\"ReadAction\",\"target\":[\"https:\\\/\\\/mail.cyclingoriginals.com\\\/de\\\/retro-wielershirt\\\/giant-agu-sport\\\/\"]}]},{\"@type\":\"ImageObject\",\"inLanguage\":\"es\",\"@id\":\"https:\\\/\\\/mail.cyclingoriginals.com\\\/de\\\/retro-wielershirt\\\/giant-agu-sport\\\/#primaryimage\",\"url\":\"https:\\\/\\\/vintagecycling.store\\\/wp-content\\\/uploads\\\/2023\\\/01\\\/SSA42610.jpg\",\"contentUrl\":\"https:\\\/\\\/vintagecycling.store\\\/wp-content\\\/uploads\\\/2023\\\/01\\\/SSA42610.jpg\",\"width\":1704,\"height\":2272},{\"@type\":\"BreadcrumbList\",\"@id\":\"https:\\\/\\\/mail.cyclingoriginals.com\\\/de\\\/retro-wielershirt\\\/giant-agu-sport\\\/#breadcrumb\",\"itemListElement\":[{\"@type\":\"ListItem\",\"position\":1,\"name\":\"Home\",\"item\":\"https:\\\/\\\/tonmerckxwielershirts.nl\\\/en\\\/\"},{\"@type\":\"ListItem\",\"position\":2,\"name\":\"Retro wielershirts\",\"item\":\"https:\\\/\\\/tonmerckxwielershirts.nl\\\/en\\\/retro-cycling-jerseys\\\/\"},{\"@type\":\"ListItem\",\"position\":3,\"name\":\"GIANT (a)-AGU SPORT 1993\\\/1994 WIELERSHIRT\"}]},{\"@type\":\"WebSite\",\"@id\":\"https:\\\/\\\/tonmerckxwielershirts.nl\\\/en\\\/#website\",\"url\":\"https:\\\/\\\/tonmerckxwielershirts.nl\\\/en\\\/\",\"name\":\"Vintage Cycling Store\",\"description\":\"thousands of original cycling jerseys - order your replica!\",\"publisher\":{\"@id\":\"https:\\\/\\\/tonmerckxwielershirts.nl\\\/en\\\/#organization\"},\"potentialAction\":[{\"@type\":\"SearchAction\",\"target\":{\"@type\":\"EntryPoint\",\"urlTemplate\":\"https:\\\/\\\/tonmerckxwielershirts.nl\\\/en\\\/?s={search_term_string}\"},\"query-input\":{\"@type\":\"PropertyValueSpecification\",\"valueRequired\":true,\"valueName\":\"search_term_string\"}}],\"inLanguage\":\"es\"},{\"@type\":\"Organization\",\"@id\":\"https:\\\/\\\/tonmerckxwielershirts.nl\\\/en\\\/#organization\",\"name\":\"Vintage Cycling Store\",\"url\":\"https:\\\/\\\/tonmerckxwielershirts.nl\\\/en\\\/\",\"logo\":{\"@type\":\"ImageObject\",\"inLanguage\":\"es\",\"@id\":\"https:\\\/\\\/tonmerckxwielershirts.nl\\\/en\\\/#\\\/schema\\\/logo\\\/image\\\/\",\"url\":\"https:\\\/\\\/vintagecycling.store\\\/wp-content\\\/uploads\\\/2023\\\/03\\\/ton-merckx-logo.jpg\",\"contentUrl\":\"https:\\\/\\\/vintagecycling.store\\\/wp-content\\\/uploads\\\/2023\\\/03\\\/ton-merckx-logo.jpg\",\"width\":391,\"height\":57,\"caption\":\"Vintage Cycling Store\"},\"image\":{\"@id\":\"https:\\\/\\\/tonmerckxwielershirts.nl\\\/en\\\/#\\\/schema\\\/logo\\\/image\\\/\"}}]}<\/script>\n<!-- \/ Yoast SEO plugin. -->","yoast_head_json":{"title":"CAMISETA DE CICLISMO GIANT (a)-AGU SPORT 1993\/1994 - Tienda de ciclismo vintage","robots":{"index":"index","follow":"follow","max-snippet":"max-snippet:-1","max-image-preview":"max-image-preview:large","max-video-preview":"max-video-preview:-1"},"canonical":"https:\/\/mail.cyclingoriginals.com\/de\/retro-wielershirt\/giant-agu-sport\/","og_locale":"es_ES","og_type":"article","og_title":"GIANT (a)-AGU SPORT  1993\/1994   WIELERSHIRT - Vintage Cycling Store","og_description":"GIANT is in die jaren ook sponsor van een grote amateurploeg en ook een ATB team, allen rijdende in hetzelfde shirt. Marcel Arntz rijdt bij GIANT als prof op de weg en ook op de Atb. Veldrijder Martin Hendriks rijdt ook als prof als veldrijder en op de Atb.","og_url":"https:\/\/mail.cyclingoriginals.com\/de\/retro-wielershirt\/giant-agu-sport\/","og_site_name":"Vintage Cycling Store","article_modified_time":"2026-01-28T11:02:22+00:00","og_image":[{"width":1704,"height":2272,"url":"https:\/\/mail.cyclingoriginals.com\/wp-content\/uploads\/2023\/01\/SSA42610.jpg","type":"image\/jpeg"}],"twitter_card":"summary_large_image","twitter_misc":{"Tiempo de lectura":"1 minuto"},"schema":{"@context":"https:\/\/schema.org","@graph":[{"@type":"WebPage","@id":"https:\/\/mail.cyclingoriginals.com\/de\/retro-wielershirt\/giant-agu-sport\/","url":"https:\/\/mail.cyclingoriginals.com\/de\/retro-wielershirt\/giant-agu-sport\/","name":"CAMISETA DE CICLISMO GIANT (a)-AGU SPORT 1993\/1994 - Tienda de ciclismo vintage","isPartOf":{"@id":"https:\/\/tonmerckxwielershirts.nl\/en\/#website"},"primaryImageOfPage":{"@id":"https:\/\/mail.cyclingoriginals.com\/de\/retro-wielershirt\/giant-agu-sport\/#primaryimage"},"image":{"@id":"https:\/\/mail.cyclingoriginals.com\/de\/retro-wielershirt\/giant-agu-sport\/#primaryimage"},"thumbnailUrl":"https:\/\/vintagecycling.store\/wp-content\/uploads\/2023\/01\/SSA42610.jpg","datePublished":"2023-01-24T18:05:17+00:00","dateModified":"2026-01-28T11:02:22+00:00","breadcrumb":{"@id":"https:\/\/mail.cyclingoriginals.com\/de\/retro-wielershirt\/giant-agu-sport\/#breadcrumb"},"inLanguage":"es","potentialAction":[{"@type":"ReadAction","target":["https:\/\/mail.cyclingoriginals.com\/de\/retro-wielershirt\/giant-agu-sport\/"]}]},{"@type":"ImageObject","inLanguage":"es","@id":"https:\/\/mail.cyclingoriginals.com\/de\/retro-wielershirt\/giant-agu-sport\/#primaryimage","url":"https:\/\/vintagecycling.store\/wp-content\/uploads\/2023\/01\/SSA42610.jpg","contentUrl":"https:\/\/vintagecycling.store\/wp-content\/uploads\/2023\/01\/SSA42610.jpg","width":1704,"height":2272},{"@type":"BreadcrumbList","@id":"https:\/\/mail.cyclingoriginals.com\/de\/retro-wielershirt\/giant-agu-sport\/#breadcrumb","itemListElement":[{"@type":"ListItem","position":1,"name":"Home","item":"https:\/\/tonmerckxwielershirts.nl\/en\/"},{"@type":"ListItem","position":2,"name":"Retro wielershirts","item":"https:\/\/tonmerckxwielershirts.nl\/en\/retro-cycling-jerseys\/"},{"@type":"ListItem","position":3,"name":"GIANT (a)-AGU SPORT 1993\/1994 WIELERSHIRT"}]},{"@type":"WebSite","@id":"https:\/\/tonmerckxwielershirts.nl\/en\/#website","url":"https:\/\/tonmerckxwielershirts.nl\/en\/","name":"Tienda de ciclismo vintage","description":"miles de maillots ciclistas originales - \u00a1pide tu r\u00e9plica!","publisher":{"@id":"https:\/\/tonmerckxwielershirts.nl\/en\/#organization"},"potentialAction":[{"@type":"SearchAction","target":{"@type":"EntryPoint","urlTemplate":"https:\/\/tonmerckxwielershirts.nl\/en\/?s={search_term_string}"},"query-input":{"@type":"PropertyValueSpecification","valueRequired":true,"valueName":"search_term_string"}}],"inLanguage":"es"},{"@type":"Organization","@id":"https:\/\/tonmerckxwielershirts.nl\/en\/#organization","name":"Tienda de ciclismo vintage","url":"https:\/\/tonmerckxwielershirts.nl\/en\/","logo":{"@type":"ImageObject","inLanguage":"es","@id":"https:\/\/tonmerckxwielershirts.nl\/en\/#\/schema\/logo\/image\/","url":"https:\/\/vintagecycling.store\/wp-content\/uploads\/2023\/03\/ton-merckx-logo.jpg","contentUrl":"https:\/\/vintagecycling.store\/wp-content\/uploads\/2023\/03\/ton-merckx-logo.jpg","width":391,"height":57,"caption":"Vintage Cycling Store"},"image":{"@id":"https:\/\/tonmerckxwielershirts.nl\/en\/#\/schema\/logo\/image\/"}}]}},"_links":{"self":[{"href":"https:\/\/vintagecycling.store\/es\/wp-json\/wp\/v2\/product\/3679","targetHints":{"allow":["GET"]}}],"collection":[{"href":"https:\/\/vintagecycling.store\/es\/wp-json\/wp\/v2\/product"}],"about":[{"href":"https:\/\/vintagecycling.store\/es\/wp-json\/wp\/v2\/types\/product"}],"wp:featuredmedia":[{"embeddable":true,"href":"https:\/\/vintagecycling.store\/es\/wp-json\/wp\/v2\/media\/3678"}],"wp:attachment":[{"href":"https:\/\/vintagecycling.store\/es\/wp-json\/wp\/v2\/media?parent=3679"}],"wp:term":[{"taxonomy":"product_brand","embeddable":true,"href":"https:\/\/vintagecycling.store\/es\/wp-json\/wp\/v2\/product_brand?post=3679"},{"taxonomy":"product_cat","embeddable":true,"href":"https:\/\/vintagecycling.store\/es\/wp-json\/wp\/v2\/product_cat?post=3679"},{"taxonomy":"product_tag","embeddable":true,"href":"https:\/\/vintagecycling.store\/es\/wp-json\/wp\/v2\/product_tag?post=3679"}],"curies":[{"name":"gracias","href":"https:\/\/api.w.org\/{rel}","templated":true}]}}