{"id":3681,"date":"2023-01-24T18:05:18","date_gmt":"2023-01-24T18:05:18","guid":{"rendered":"https:\/\/ton.connectingminds.net\/product\/giant-mixed-ploeg-r-v-nederland\/"},"modified":"2026-01-28T12:02:20","modified_gmt":"2026-01-28T11:02:20","slug":"autocaravana-gigante-para-equipos-mixtos-en-los-paises-bajos","status":"publish","type":"product","link":"https:\/\/vintagecycling.store\/es\/retro-wielershirt\/giant-mixed-ploeg-r-v-nederland\/","title":{"rendered":"CAMISETA DE CICLISMO GIANT (b) 1994 EQUIPO MIXTO RV HOLANDA"},"content":{"rendered":"<p>Camiseta ciclista de GIANT con el equipo mixto en la Vuelta a Holanda 1994.<\/p>\n<p>El jinete gigante Marcel Arntz corri\u00f3 como profesional para GIANT ese a\u00f1o y form\u00f3 parte de este equipo MIXTO.<\/p>","protected":false},"excerpt":{"rendered":"<p>Maillot ciclista de GIANT con el equipo mixto en la Vuelta a Holanda de 1994. El ciclista de Giant Marcel Arntz corri\u00f3 como profesional para GIANT ese a\u00f1o y form\u00f3 parte de este equipo MIXTO.<\/p>","protected":false},"featured_media":3680,"template":"","meta":[],"product_brand":[],"product_cat":[151],"product_tag":[],"class_list":{"0":"post-3681","1":"product","2":"type-product","3":"status-publish","4":"has-post-thumbnail","6":"product_cat-pro-team","8":"first","9":"onbackorder","10":"taxable","11":"shipping-taxable","12":"purchasable","13":"product-type-variable"},"yoast_head":"<!-- This site is optimized with the Yoast SEO plugin v27.4 - https:\/\/yoast.com\/product\/yoast-seo-wordpress\/ -->\n<title>GIANT (b)  1994  MIXED PLOEG R V NEDERLAND WIELERSHIRT - Vintage Cycling Store<\/title>\n<meta name=\"robots\" content=\"index, follow, max-snippet:-1, max-image-preview:large, max-video-preview:-1\" \/>\n<link rel=\"canonical\" href=\"https:\/\/tonmerckxwielershirts.nl\/fr\/maillot-de-cyclisme-retro\/equipe-mixte-geante-rv-pays-bas\/\" \/>\n<meta property=\"og:locale\" content=\"es_ES\" \/>\n<meta property=\"og:type\" content=\"article\" \/>\n<meta property=\"og:title\" content=\"GIANT (b)  1994  MIXED PLOEG R V NEDERLAND WIELERSHIRT - Vintage Cycling Store\" \/>\n<meta property=\"og:description\" content=\"Wielershirt van GIANT bij de mixed ploeg in de Ronde van Nederland 1994. Giant renner Marcel Arntz reed dat jaar als prof voor GIANT en maakte deel uit van deze MIXED ploeg.\" \/>\n<meta property=\"og:url\" content=\"https:\/\/tonmerckxwielershirts.nl\/fr\/maillot-de-cyclisme-retro\/equipe-mixte-geante-rv-pays-bas\/\" \/>\n<meta property=\"og:site_name\" content=\"Vintage Cycling Store\" \/>\n<meta property=\"article:modified_time\" content=\"2026-01-28T11:02:20+00:00\" \/>\n<meta property=\"og:image\" content=\"https:\/\/tonmerckxwielershirts.nl\/wp-content\/uploads\/2023\/01\/SSA42611.jpg\" \/>\n\t<meta property=\"og:image:width\" content=\"1704\" \/>\n\t<meta property=\"og:image:height\" content=\"2272\" \/>\n\t<meta property=\"og:image:type\" content=\"image\/jpeg\" \/>\n<meta name=\"twitter:card\" content=\"summary_large_image\" \/>\n<meta name=\"twitter:label1\" content=\"Tiempo de lectura\" \/>\n\t<meta name=\"twitter:data1\" content=\"1 minuto\" \/>\n<script type=\"application\/ld+json\" class=\"yoast-schema-graph\">{\"@context\":\"https:\\\/\\\/schema.org\",\"@graph\":[{\"@type\":\"WebPage\",\"@id\":\"https:\\\/\\\/tonmerckxwielershirts.nl\\\/fr\\\/maillot-de-cyclisme-retro\\\/equipe-mixte-geante-rv-pays-bas\\\/\",\"url\":\"https:\\\/\\\/tonmerckxwielershirts.nl\\\/fr\\\/maillot-de-cyclisme-retro\\\/equipe-mixte-geante-rv-pays-bas\\\/\",\"name\":\"GIANT (b) 1994 MIXED PLOEG R V NEDERLAND WIELERSHIRT - Vintage Cycling Store\",\"isPartOf\":{\"@id\":\"https:\\\/\\\/mail.ton.connectingminds.net\\\/de\\\/#website\"},\"primaryImageOfPage\":{\"@id\":\"https:\\\/\\\/tonmerckxwielershirts.nl\\\/fr\\\/maillot-de-cyclisme-retro\\\/equipe-mixte-geante-rv-pays-bas\\\/#primaryimage\"},\"image\":{\"@id\":\"https:\\\/\\\/tonmerckxwielershirts.nl\\\/fr\\\/maillot-de-cyclisme-retro\\\/equipe-mixte-geante-rv-pays-bas\\\/#primaryimage\"},\"thumbnailUrl\":\"https:\\\/\\\/vintagecycling.store\\\/wp-content\\\/uploads\\\/2023\\\/01\\\/SSA42611.jpg\",\"datePublished\":\"2023-01-24T18:05:18+00:00\",\"dateModified\":\"2026-01-28T11:02:20+00:00\",\"breadcrumb\":{\"@id\":\"https:\\\/\\\/tonmerckxwielershirts.nl\\\/fr\\\/maillot-de-cyclisme-retro\\\/equipe-mixte-geante-rv-pays-bas\\\/#breadcrumb\"},\"inLanguage\":\"es\",\"potentialAction\":[{\"@type\":\"ReadAction\",\"target\":[\"https:\\\/\\\/tonmerckxwielershirts.nl\\\/fr\\\/maillot-de-cyclisme-retro\\\/equipe-mixte-geante-rv-pays-bas\\\/\"]}]},{\"@type\":\"ImageObject\",\"inLanguage\":\"es\",\"@id\":\"https:\\\/\\\/tonmerckxwielershirts.nl\\\/fr\\\/maillot-de-cyclisme-retro\\\/equipe-mixte-geante-rv-pays-bas\\\/#primaryimage\",\"url\":\"https:\\\/\\\/vintagecycling.store\\\/wp-content\\\/uploads\\\/2023\\\/01\\\/SSA42611.jpg\",\"contentUrl\":\"https:\\\/\\\/vintagecycling.store\\\/wp-content\\\/uploads\\\/2023\\\/01\\\/SSA42611.jpg\",\"width\":1704,\"height\":2272},{\"@type\":\"BreadcrumbList\",\"@id\":\"https:\\\/\\\/tonmerckxwielershirts.nl\\\/fr\\\/maillot-de-cyclisme-retro\\\/equipe-mixte-geante-rv-pays-bas\\\/#breadcrumb\",\"itemListElement\":[{\"@type\":\"ListItem\",\"position\":1,\"name\":\"Home\",\"item\":\"https:\\\/\\\/mail.ton.connectingminds.net\\\/de\\\/\"},{\"@type\":\"ListItem\",\"position\":2,\"name\":\"Retro wielershirts\",\"item\":\"https:\\\/\\\/mail.ton.connectingminds.net\\\/de\\\/retro-radtrikots\\\/\"},{\"@type\":\"ListItem\",\"position\":3,\"name\":\"GIANT (b) 1994 MIXED PLOEG R V NEDERLAND WIELERSHIRT\"}]},{\"@type\":\"WebSite\",\"@id\":\"https:\\\/\\\/mail.ton.connectingminds.net\\\/de\\\/#website\",\"url\":\"https:\\\/\\\/mail.ton.connectingminds.net\\\/de\\\/\",\"name\":\"Vintage Cycling Store\",\"description\":\"thousands of original cycling jerseys - order your replica!\",\"publisher\":{\"@id\":\"https:\\\/\\\/mail.ton.connectingminds.net\\\/de\\\/#organization\"},\"potentialAction\":[{\"@type\":\"SearchAction\",\"target\":{\"@type\":\"EntryPoint\",\"urlTemplate\":\"https:\\\/\\\/mail.ton.connectingminds.net\\\/de\\\/?s={search_term_string}\"},\"query-input\":{\"@type\":\"PropertyValueSpecification\",\"valueRequired\":true,\"valueName\":\"search_term_string\"}}],\"inLanguage\":\"es\"},{\"@type\":\"Organization\",\"@id\":\"https:\\\/\\\/mail.ton.connectingminds.net\\\/de\\\/#organization\",\"name\":\"Vintage Cycling Store\",\"url\":\"https:\\\/\\\/mail.ton.connectingminds.net\\\/de\\\/\",\"logo\":{\"@type\":\"ImageObject\",\"inLanguage\":\"es\",\"@id\":\"https:\\\/\\\/mail.ton.connectingminds.net\\\/de\\\/#\\\/schema\\\/logo\\\/image\\\/\",\"url\":\"https:\\\/\\\/vintagecycling.store\\\/wp-content\\\/uploads\\\/2023\\\/03\\\/ton-merckx-logo.jpg\",\"contentUrl\":\"https:\\\/\\\/vintagecycling.store\\\/wp-content\\\/uploads\\\/2023\\\/03\\\/ton-merckx-logo.jpg\",\"width\":391,\"height\":57,\"caption\":\"Vintage Cycling Store\"},\"image\":{\"@id\":\"https:\\\/\\\/mail.ton.connectingminds.net\\\/de\\\/#\\\/schema\\\/logo\\\/image\\\/\"}}]}<\/script>\n<!-- \/ Yoast SEO plugin. -->","yoast_head_json":{"title":"MAILLOT DE CICLISMO DEL EQUIPO MIXTO RV DE HOLANDA GIANT (b) 1994 - Tienda de ciclismo vintage","robots":{"index":"index","follow":"follow","max-snippet":"max-snippet:-1","max-image-preview":"max-image-preview:large","max-video-preview":"max-video-preview:-1"},"canonical":"https:\/\/tonmerckxwielershirts.nl\/fr\/maillot-de-cyclisme-retro\/equipe-mixte-geante-rv-pays-bas\/","og_locale":"es_ES","og_type":"article","og_title":"GIANT (b)  1994  MIXED PLOEG R V NEDERLAND WIELERSHIRT - Vintage Cycling Store","og_description":"Wielershirt van GIANT bij de mixed ploeg in de Ronde van Nederland 1994. Giant renner Marcel Arntz reed dat jaar als prof voor GIANT en maakte deel uit van deze MIXED ploeg.","og_url":"https:\/\/tonmerckxwielershirts.nl\/fr\/maillot-de-cyclisme-retro\/equipe-mixte-geante-rv-pays-bas\/","og_site_name":"Vintage Cycling Store","article_modified_time":"2026-01-28T11:02:20+00:00","og_image":[{"width":1704,"height":2272,"url":"https:\/\/tonmerckxwielershirts.nl\/wp-content\/uploads\/2023\/01\/SSA42611.jpg","type":"image\/jpeg"}],"twitter_card":"summary_large_image","twitter_misc":{"Tiempo de lectura":"1 minuto"},"schema":{"@context":"https:\/\/schema.org","@graph":[{"@type":"WebPage","@id":"https:\/\/tonmerckxwielershirts.nl\/fr\/maillot-de-cyclisme-retro\/equipe-mixte-geante-rv-pays-bas\/","url":"https:\/\/tonmerckxwielershirts.nl\/fr\/maillot-de-cyclisme-retro\/equipe-mixte-geante-rv-pays-bas\/","name":"MAILLOT DE CICLISMO DEL EQUIPO MIXTO RV DE HOLANDA GIANT (b) 1994 - Tienda de ciclismo vintage","isPartOf":{"@id":"https:\/\/mail.ton.connectingminds.net\/de\/#website"},"primaryImageOfPage":{"@id":"https:\/\/tonmerckxwielershirts.nl\/fr\/maillot-de-cyclisme-retro\/equipe-mixte-geante-rv-pays-bas\/#primaryimage"},"image":{"@id":"https:\/\/tonmerckxwielershirts.nl\/fr\/maillot-de-cyclisme-retro\/equipe-mixte-geante-rv-pays-bas\/#primaryimage"},"thumbnailUrl":"https:\/\/vintagecycling.store\/wp-content\/uploads\/2023\/01\/SSA42611.jpg","datePublished":"2023-01-24T18:05:18+00:00","dateModified":"2026-01-28T11:02:20+00:00","breadcrumb":{"@id":"https:\/\/tonmerckxwielershirts.nl\/fr\/maillot-de-cyclisme-retro\/equipe-mixte-geante-rv-pays-bas\/#breadcrumb"},"inLanguage":"es","potentialAction":[{"@type":"ReadAction","target":["https:\/\/tonmerckxwielershirts.nl\/fr\/maillot-de-cyclisme-retro\/equipe-mixte-geante-rv-pays-bas\/"]}]},{"@type":"ImageObject","inLanguage":"es","@id":"https:\/\/tonmerckxwielershirts.nl\/fr\/maillot-de-cyclisme-retro\/equipe-mixte-geante-rv-pays-bas\/#primaryimage","url":"https:\/\/vintagecycling.store\/wp-content\/uploads\/2023\/01\/SSA42611.jpg","contentUrl":"https:\/\/vintagecycling.store\/wp-content\/uploads\/2023\/01\/SSA42611.jpg","width":1704,"height":2272},{"@type":"BreadcrumbList","@id":"https:\/\/tonmerckxwielershirts.nl\/fr\/maillot-de-cyclisme-retro\/equipe-mixte-geante-rv-pays-bas\/#breadcrumb","itemListElement":[{"@type":"ListItem","position":1,"name":"Home","item":"https:\/\/mail.ton.connectingminds.net\/de\/"},{"@type":"ListItem","position":2,"name":"Retro wielershirts","item":"https:\/\/mail.ton.connectingminds.net\/de\/retro-radtrikots\/"},{"@type":"ListItem","position":3,"name":"GIANT (b) 1994 MIXED PLOEG R V NEDERLAND WIELERSHIRT"}]},{"@type":"WebSite","@id":"https:\/\/mail.ton.connectingminds.net\/de\/#website","url":"https:\/\/mail.ton.connectingminds.net\/de\/","name":"Tienda de ciclismo vintage","description":"miles de maillots ciclistas originales - \u00a1pide tu r\u00e9plica!","publisher":{"@id":"https:\/\/mail.ton.connectingminds.net\/de\/#organization"},"potentialAction":[{"@type":"SearchAction","target":{"@type":"EntryPoint","urlTemplate":"https:\/\/mail.ton.connectingminds.net\/de\/?s={search_term_string}"},"query-input":{"@type":"PropertyValueSpecification","valueRequired":true,"valueName":"search_term_string"}}],"inLanguage":"es"},{"@type":"Organization","@id":"https:\/\/mail.ton.connectingminds.net\/de\/#organization","name":"Tienda de ciclismo vintage","url":"https:\/\/mail.ton.connectingminds.net\/de\/","logo":{"@type":"ImageObject","inLanguage":"es","@id":"https:\/\/mail.ton.connectingminds.net\/de\/#\/schema\/logo\/image\/","url":"https:\/\/vintagecycling.store\/wp-content\/uploads\/2023\/03\/ton-merckx-logo.jpg","contentUrl":"https:\/\/vintagecycling.store\/wp-content\/uploads\/2023\/03\/ton-merckx-logo.jpg","width":391,"height":57,"caption":"Vintage Cycling Store"},"image":{"@id":"https:\/\/mail.ton.connectingminds.net\/de\/#\/schema\/logo\/image\/"}}]}},"_links":{"self":[{"href":"https:\/\/vintagecycling.store\/es\/wp-json\/wp\/v2\/product\/3681","targetHints":{"allow":["GET"]}}],"collection":[{"href":"https:\/\/vintagecycling.store\/es\/wp-json\/wp\/v2\/product"}],"about":[{"href":"https:\/\/vintagecycling.store\/es\/wp-json\/wp\/v2\/types\/product"}],"wp:featuredmedia":[{"embeddable":true,"href":"https:\/\/vintagecycling.store\/es\/wp-json\/wp\/v2\/media\/3680"}],"wp:attachment":[{"href":"https:\/\/vintagecycling.store\/es\/wp-json\/wp\/v2\/media?parent=3681"}],"wp:term":[{"taxonomy":"product_brand","embeddable":true,"href":"https:\/\/vintagecycling.store\/es\/wp-json\/wp\/v2\/product_brand?post=3681"},{"taxonomy":"product_cat","embeddable":true,"href":"https:\/\/vintagecycling.store\/es\/wp-json\/wp\/v2\/product_cat?post=3681"},{"taxonomy":"product_tag","embeddable":true,"href":"https:\/\/vintagecycling.store\/es\/wp-json\/wp\/v2\/product_tag?post=3681"}],"curies":[{"name":"gracias","href":"https:\/\/api.w.org\/{rel}","templated":true}]}}