{"id":3729,"date":"2023-01-24T18:06:06","date_gmt":"2023-01-24T18:06:06","guid":{"rendered":"https:\/\/ton.connectingminds.net\/product\/kela\/"},"modified":"2026-01-28T12:02:19","modified_gmt":"2026-01-28T11:02:19","slug":"kela","status":"publish","type":"product","link":"https:\/\/vintagecycling.store\/es\/retro-wielershirt\/kela\/","title":{"rendered":"CAMISETA CICLISMO KELA (a) 1973"},"content":{"rendered":"<p>El uniforme rojo, blanco y azul de KELA inicialmente no fue aprobado por el KNWU porque se parec\u00eda demasiado a una camiseta de campe\u00f3n holand\u00e9s.<\/p>\n<p>Debido a las mangas blancas y la raya negra de la camiseta, la camiseta fue aprobada posteriormente por el KNWU.<\/p>","protected":false},"excerpt":{"rendered":"<p>El uniforme rojo, blanco y azul de KELA inicialmente no fue aprobado por el KNWU porque se parec\u00eda demasiado a una camiseta de campe\u00f3n holand\u00e9s. Debido a las mangas blancas y la raya negra de la camiseta, la camiseta fue aprobada posteriormente por el KNWU.<\/p>","protected":false},"featured_media":3728,"template":"","meta":[],"product_brand":[],"product_cat":[151],"product_tag":[],"class_list":{"0":"post-3729","1":"product","2":"type-product","3":"status-publish","4":"has-post-thumbnail","6":"product_cat-pro-team","8":"first","9":"onbackorder","10":"taxable","11":"shipping-taxable","12":"purchasable","13":"product-type-variable"},"yoast_head":"<!-- This site is optimized with the Yoast SEO plugin v27.4 - https:\/\/yoast.com\/product\/yoast-seo-wordpress\/ -->\n<title>KELA (a)  1973   WIELERSHIRT - Vintage Cycling Store<\/title>\n<meta name=\"robots\" content=\"index, follow, max-snippet:-1, max-image-preview:large, max-video-preview:-1\" \/>\n<link rel=\"canonical\" href=\"https:\/\/vintagecycling.store\/es\/maillot-ciclista-retro\/kela\/\" \/>\n<meta property=\"og:locale\" content=\"es_ES\" \/>\n<meta property=\"og:type\" content=\"article\" \/>\n<meta property=\"og:title\" content=\"KELA (a)  1973   WIELERSHIRT - Vintage Cycling Store\" \/>\n<meta property=\"og:description\" content=\"Het Rood-wit-blauwe KELA tenue werd in eerste instantie door de KNWU niet goedgekeurd omdat het teveel leek op een Nederlandse Kampioenstrui. Door de witte mouwen en het zwarte streepje op het shirt werd het shirt in tweede instantie wel goedgekeurd door de KNWU.\" \/>\n<meta property=\"og:url\" content=\"https:\/\/vintagecycling.store\/es\/maillot-ciclista-retro\/kela\/\" \/>\n<meta property=\"og:site_name\" content=\"Vintage Cycling Store\" \/>\n<meta property=\"article:modified_time\" content=\"2026-01-28T11:02:19+00:00\" \/>\n<meta property=\"og:image\" content=\"https:\/\/vintagecycling.store\/wp-content\/uploads\/2023\/01\/SSA42621.jpg\" \/>\n\t<meta property=\"og:image:width\" content=\"1704\" \/>\n\t<meta property=\"og:image:height\" content=\"2272\" \/>\n\t<meta property=\"og:image:type\" content=\"image\/jpeg\" \/>\n<meta name=\"twitter:card\" content=\"summary_large_image\" \/>\n<meta name=\"twitter:label1\" content=\"Tiempo de lectura\" \/>\n\t<meta name=\"twitter:data1\" content=\"1 minuto\" \/>\n<script type=\"application\/ld+json\" class=\"yoast-schema-graph\">{\"@context\":\"https:\\\/\\\/schema.org\",\"@graph\":[{\"@type\":\"WebPage\",\"@id\":\"https:\\\/\\\/vintagecycling.store\\\/en\\\/retro-cycling-jersey\\\/kela\\\/\",\"url\":\"https:\\\/\\\/vintagecycling.store\\\/en\\\/retro-cycling-jersey\\\/kela\\\/\",\"name\":\"KELA (a) 1973 WIELERSHIRT - Vintage Cycling Store\",\"isPartOf\":{\"@id\":\"https:\\\/\\\/mail.originalcyclingjerseys.com\\\/fr\\\/#website\"},\"primaryImageOfPage\":{\"@id\":\"https:\\\/\\\/vintagecycling.store\\\/en\\\/retro-cycling-jersey\\\/kela\\\/#primaryimage\"},\"image\":{\"@id\":\"https:\\\/\\\/vintagecycling.store\\\/en\\\/retro-cycling-jersey\\\/kela\\\/#primaryimage\"},\"thumbnailUrl\":\"https:\\\/\\\/vintagecycling.store\\\/wp-content\\\/uploads\\\/2023\\\/01\\\/SSA42621.jpg\",\"datePublished\":\"2023-01-24T18:06:06+00:00\",\"dateModified\":\"2026-01-28T11:02:19+00:00\",\"breadcrumb\":{\"@id\":\"https:\\\/\\\/vintagecycling.store\\\/en\\\/retro-cycling-jersey\\\/kela\\\/#breadcrumb\"},\"inLanguage\":\"es\",\"potentialAction\":[{\"@type\":\"ReadAction\",\"target\":[\"https:\\\/\\\/vintagecycling.store\\\/en\\\/retro-cycling-jersey\\\/kela\\\/\"]}]},{\"@type\":\"ImageObject\",\"inLanguage\":\"es\",\"@id\":\"https:\\\/\\\/vintagecycling.store\\\/en\\\/retro-cycling-jersey\\\/kela\\\/#primaryimage\",\"url\":\"https:\\\/\\\/vintagecycling.store\\\/wp-content\\\/uploads\\\/2023\\\/01\\\/SSA42621.jpg\",\"contentUrl\":\"https:\\\/\\\/vintagecycling.store\\\/wp-content\\\/uploads\\\/2023\\\/01\\\/SSA42621.jpg\",\"width\":1704,\"height\":2272},{\"@type\":\"BreadcrumbList\",\"@id\":\"https:\\\/\\\/vintagecycling.store\\\/en\\\/retro-cycling-jersey\\\/kela\\\/#breadcrumb\",\"itemListElement\":[{\"@type\":\"ListItem\",\"position\":1,\"name\":\"Home\",\"item\":\"https:\\\/\\\/mail.originalcyclingjerseys.com\\\/fr\\\/\"},{\"@type\":\"ListItem\",\"position\":2,\"name\":\"Retro wielershirts\",\"item\":\"https:\\\/\\\/mail.originalcyclingjerseys.com\\\/fr\\\/maillots-de-cyclisme-retro\\\/\"},{\"@type\":\"ListItem\",\"position\":3,\"name\":\"KELA (a) 1973 WIELERSHIRT\"}]},{\"@type\":\"WebSite\",\"@id\":\"https:\\\/\\\/mail.originalcyclingjerseys.com\\\/fr\\\/#website\",\"url\":\"https:\\\/\\\/mail.originalcyclingjerseys.com\\\/fr\\\/\",\"name\":\"Vintage Cycling Store\",\"description\":\"thousands of original cycling jerseys - order your replica!\",\"publisher\":{\"@id\":\"https:\\\/\\\/mail.originalcyclingjerseys.com\\\/fr\\\/#organization\"},\"potentialAction\":[{\"@type\":\"SearchAction\",\"target\":{\"@type\":\"EntryPoint\",\"urlTemplate\":\"https:\\\/\\\/mail.originalcyclingjerseys.com\\\/fr\\\/?s={search_term_string}\"},\"query-input\":{\"@type\":\"PropertyValueSpecification\",\"valueRequired\":true,\"valueName\":\"search_term_string\"}}],\"inLanguage\":\"es\"},{\"@type\":\"Organization\",\"@id\":\"https:\\\/\\\/mail.originalcyclingjerseys.com\\\/fr\\\/#organization\",\"name\":\"Vintage Cycling Store\",\"url\":\"https:\\\/\\\/mail.originalcyclingjerseys.com\\\/fr\\\/\",\"logo\":{\"@type\":\"ImageObject\",\"inLanguage\":\"es\",\"@id\":\"https:\\\/\\\/mail.originalcyclingjerseys.com\\\/fr\\\/#\\\/schema\\\/logo\\\/image\\\/\",\"url\":\"https:\\\/\\\/vintagecycling.store\\\/wp-content\\\/uploads\\\/2023\\\/03\\\/ton-merckx-logo.jpg\",\"contentUrl\":\"https:\\\/\\\/vintagecycling.store\\\/wp-content\\\/uploads\\\/2023\\\/03\\\/ton-merckx-logo.jpg\",\"width\":391,\"height\":57,\"caption\":\"Vintage Cycling Store\"},\"image\":{\"@id\":\"https:\\\/\\\/mail.originalcyclingjerseys.com\\\/fr\\\/#\\\/schema\\\/logo\\\/image\\\/\"}}]}<\/script>\n<!-- \/ Yoast SEO plugin. -->","yoast_head_json":{"title":"CAMISETA CICLISMO KELA (a) 1973 - Tienda de ciclismo vintage","robots":{"index":"index","follow":"follow","max-snippet":"max-snippet:-1","max-image-preview":"max-image-preview:large","max-video-preview":"max-video-preview:-1"},"canonical":"https:\/\/vintagecycling.store\/es\/maillot-ciclista-retro\/kela\/","og_locale":"es_ES","og_type":"article","og_title":"KELA (a)  1973   WIELERSHIRT - Vintage Cycling Store","og_description":"Het Rood-wit-blauwe KELA tenue werd in eerste instantie door de KNWU niet goedgekeurd omdat het teveel leek op een Nederlandse Kampioenstrui. Door de witte mouwen en het zwarte streepje op het shirt werd het shirt in tweede instantie wel goedgekeurd door de KNWU.","og_url":"https:\/\/vintagecycling.store\/es\/maillot-ciclista-retro\/kela\/","og_site_name":"Vintage Cycling Store","article_modified_time":"2026-01-28T11:02:19+00:00","og_image":[{"width":1704,"height":2272,"url":"https:\/\/vintagecycling.store\/wp-content\/uploads\/2023\/01\/SSA42621.jpg","type":"image\/jpeg"}],"twitter_card":"summary_large_image","twitter_misc":{"Tiempo de lectura":"1 minuto"},"schema":{"@context":"https:\/\/schema.org","@graph":[{"@type":"WebPage","@id":"https:\/\/vintagecycling.store\/en\/retro-cycling-jersey\/kela\/","url":"https:\/\/vintagecycling.store\/en\/retro-cycling-jersey\/kela\/","name":"CAMISETA CICLISMO KELA (a) 1973 - Tienda de ciclismo vintage","isPartOf":{"@id":"https:\/\/mail.originalcyclingjerseys.com\/fr\/#website"},"primaryImageOfPage":{"@id":"https:\/\/vintagecycling.store\/en\/retro-cycling-jersey\/kela\/#primaryimage"},"image":{"@id":"https:\/\/vintagecycling.store\/en\/retro-cycling-jersey\/kela\/#primaryimage"},"thumbnailUrl":"https:\/\/vintagecycling.store\/wp-content\/uploads\/2023\/01\/SSA42621.jpg","datePublished":"2023-01-24T18:06:06+00:00","dateModified":"2026-01-28T11:02:19+00:00","breadcrumb":{"@id":"https:\/\/vintagecycling.store\/en\/retro-cycling-jersey\/kela\/#breadcrumb"},"inLanguage":"es","potentialAction":[{"@type":"ReadAction","target":["https:\/\/vintagecycling.store\/en\/retro-cycling-jersey\/kela\/"]}]},{"@type":"ImageObject","inLanguage":"es","@id":"https:\/\/vintagecycling.store\/en\/retro-cycling-jersey\/kela\/#primaryimage","url":"https:\/\/vintagecycling.store\/wp-content\/uploads\/2023\/01\/SSA42621.jpg","contentUrl":"https:\/\/vintagecycling.store\/wp-content\/uploads\/2023\/01\/SSA42621.jpg","width":1704,"height":2272},{"@type":"BreadcrumbList","@id":"https:\/\/vintagecycling.store\/en\/retro-cycling-jersey\/kela\/#breadcrumb","itemListElement":[{"@type":"ListItem","position":1,"name":"Home","item":"https:\/\/mail.originalcyclingjerseys.com\/fr\/"},{"@type":"ListItem","position":2,"name":"Retro wielershirts","item":"https:\/\/mail.originalcyclingjerseys.com\/fr\/maillots-de-cyclisme-retro\/"},{"@type":"ListItem","position":3,"name":"KELA (a) 1973 WIELERSHIRT"}]},{"@type":"WebSite","@id":"https:\/\/mail.originalcyclingjerseys.com\/fr\/#website","url":"https:\/\/mail.originalcyclingjerseys.com\/fr\/","name":"Tienda de ciclismo vintage","description":"miles de maillots ciclistas originales - \u00a1pide tu r\u00e9plica!","publisher":{"@id":"https:\/\/mail.originalcyclingjerseys.com\/fr\/#organization"},"potentialAction":[{"@type":"SearchAction","target":{"@type":"EntryPoint","urlTemplate":"https:\/\/mail.originalcyclingjerseys.com\/fr\/?s={search_term_string}"},"query-input":{"@type":"PropertyValueSpecification","valueRequired":true,"valueName":"search_term_string"}}],"inLanguage":"es"},{"@type":"Organization","@id":"https:\/\/mail.originalcyclingjerseys.com\/fr\/#organization","name":"Tienda de ciclismo vintage","url":"https:\/\/mail.originalcyclingjerseys.com\/fr\/","logo":{"@type":"ImageObject","inLanguage":"es","@id":"https:\/\/mail.originalcyclingjerseys.com\/fr\/#\/schema\/logo\/image\/","url":"https:\/\/vintagecycling.store\/wp-content\/uploads\/2023\/03\/ton-merckx-logo.jpg","contentUrl":"https:\/\/vintagecycling.store\/wp-content\/uploads\/2023\/03\/ton-merckx-logo.jpg","width":391,"height":57,"caption":"Vintage Cycling Store"},"image":{"@id":"https:\/\/mail.originalcyclingjerseys.com\/fr\/#\/schema\/logo\/image\/"}}]}},"_links":{"self":[{"href":"https:\/\/vintagecycling.store\/es\/wp-json\/wp\/v2\/product\/3729","targetHints":{"allow":["GET"]}}],"collection":[{"href":"https:\/\/vintagecycling.store\/es\/wp-json\/wp\/v2\/product"}],"about":[{"href":"https:\/\/vintagecycling.store\/es\/wp-json\/wp\/v2\/types\/product"}],"wp:featuredmedia":[{"embeddable":true,"href":"https:\/\/vintagecycling.store\/es\/wp-json\/wp\/v2\/media\/3728"}],"wp:attachment":[{"href":"https:\/\/vintagecycling.store\/es\/wp-json\/wp\/v2\/media?parent=3729"}],"wp:term":[{"taxonomy":"product_brand","embeddable":true,"href":"https:\/\/vintagecycling.store\/es\/wp-json\/wp\/v2\/product_brand?post=3729"},{"taxonomy":"product_cat","embeddable":true,"href":"https:\/\/vintagecycling.store\/es\/wp-json\/wp\/v2\/product_cat?post=3729"},{"taxonomy":"product_tag","embeddable":true,"href":"https:\/\/vintagecycling.store\/es\/wp-json\/wp\/v2\/product_tag?post=3729"}],"curies":[{"name":"gracias","href":"https:\/\/api.w.org\/{rel}","templated":true}]}}