{"id":3801,"date":"2023-01-24T18:06:51","date_gmt":"2023-01-24T18:06:51","guid":{"rendered":"https:\/\/ton.connectingminds.net\/product\/marco-polo\/"},"modified":"2026-01-28T12:02:14","modified_gmt":"2026-01-28T11:02:14","slug":"marco-polo","status":"publish","type":"product","link":"https:\/\/vintagecycling.store\/es\/retro-wielershirt\/marco-polo\/","title":{"rendered":"CAMISETA CICLISMO MARCO POLO 2001-2002"},"content":{"rendered":"<p>El equipo MARCO POLO brind\u00f3 a los corredores holandeses la oportunidad de competir en carreras extranjeras, a menudo en pa\u00edses ex\u00f3ticos. M\u00e1s tarde, MARCO POLO dio principalmente a corredores ex\u00f3ticos la oportunidad de competir aqu\u00ed en Europa y continuaron compitiendo en pa\u00edses ex\u00f3ticos. en 2001 y 2002 condujeron con licencia holandesa y posteriormente condujeron con licencia en Hong Kong, China y Eritrea.<\/p>\n<p>Esta camiseta pertenec\u00eda a Bram de Waard, en el Tour de California iba 2\u00ba del pelot\u00f3n cuando al corredor que le preced\u00eda se le meti\u00f3 una bolsa de comida en la rueda. Bram se rompi\u00f3 el codo durante la ca\u00edda resultante.<\/p>\n<p>En el hospital, le abrieron la camisa (lo que explica los muchos imperdibles que ten\u00eda) para ayudar a Bram. Sufri\u00f3 problemas en el codo durante mucho tiempo y nunca pudo estirar completamente el brazo.<\/p>","protected":false},"excerpt":{"rendered":"<p>Het MARCO POLO team gaf Nederlandse renners de kans om in buitenlandse koersen te rijden, vaak in exotische landen.\u00a0 Later gaf MARCO POLO vooral exotische renners de kans om hier in Europa te koersen en bleef men nog steeds ook in exotische landen koersen. in 2001, 2002 reed men onder Nederlandse licentie later had men [&hellip;]<\/p>\n","protected":false},"featured_media":3800,"template":"","meta":[],"product_brand":[],"product_cat":[151],"product_tag":[],"class_list":{"0":"post-3801","1":"product","2":"type-product","3":"status-publish","4":"has-post-thumbnail","6":"product_cat-pro-team","8":"first","9":"onbackorder","10":"taxable","11":"shipping-taxable","12":"purchasable","13":"product-type-variable"},"yoast_head":"<!-- This site is optimized with the Yoast SEO plugin v27.4 - https:\/\/yoast.com\/product\/yoast-seo-wordpress\/ -->\n<title>MARCO POLO  2001-2002   WIELERSHIRT - Vintage Cycling Store<\/title>\n<meta name=\"robots\" content=\"index, follow, max-snippet:-1, max-image-preview:large, max-video-preview:-1\" \/>\n<link rel=\"canonical\" href=\"https:\/\/tonmerckxwielershirts.nl\/es\/maillot-ciclista-retro\/marco-polo\/\" \/>\n<meta property=\"og:locale\" content=\"es_ES\" \/>\n<meta property=\"og:type\" content=\"article\" \/>\n<meta property=\"og:title\" content=\"MARCO POLO  2001-2002   WIELERSHIRT - Vintage Cycling Store\" \/>\n<meta property=\"og:description\" content=\"Het MARCO POLO team gaf Nederlandse renners de kans om in buitenlandse koersen te rijden, vaak in exotische landen.\u00a0 Later gaf MARCO POLO vooral exotische renners de kans om hier in Europa te koersen en bleef men nog steeds ook in exotische landen koersen. in 2001, 2002 reed men onder Nederlandse licentie later had men [&hellip;]\" \/>\n<meta property=\"og:url\" content=\"https:\/\/tonmerckxwielershirts.nl\/es\/maillot-ciclista-retro\/marco-polo\/\" \/>\n<meta property=\"og:site_name\" content=\"Vintage Cycling Store\" \/>\n<meta property=\"article:modified_time\" content=\"2026-01-28T11:02:14+00:00\" \/>\n<meta property=\"og:image\" content=\"https:\/\/tonmerckxwielershirts.nl\/wp-content\/uploads\/2023\/01\/SSA42644.jpg\" \/>\n\t<meta property=\"og:image:width\" content=\"1704\" \/>\n\t<meta property=\"og:image:height\" content=\"2272\" \/>\n\t<meta property=\"og:image:type\" content=\"image\/jpeg\" \/>\n<meta name=\"twitter:card\" content=\"summary_large_image\" \/>\n<meta name=\"twitter:label1\" content=\"Tiempo de lectura\" \/>\n\t<meta name=\"twitter:data1\" content=\"1 minuto\" \/>\n<script type=\"application\/ld+json\" class=\"yoast-schema-graph\">{\"@context\":\"https:\\\/\\\/schema.org\",\"@graph\":[{\"@type\":\"WebPage\",\"@id\":\"https:\\\/\\\/tonmerckxwielershirts.nl\\\/es\\\/maillot-ciclista-retro\\\/marco-polo\\\/\",\"url\":\"https:\\\/\\\/tonmerckxwielershirts.nl\\\/es\\\/maillot-ciclista-retro\\\/marco-polo\\\/\",\"name\":\"MARCO POLO 2001-2002 WIELERSHIRT - Vintage Cycling Store\",\"isPartOf\":{\"@id\":\"https:\\\/\\\/tonmerckxwielershirts.nl\\\/en\\\/#website\"},\"primaryImageOfPage\":{\"@id\":\"https:\\\/\\\/tonmerckxwielershirts.nl\\\/es\\\/maillot-ciclista-retro\\\/marco-polo\\\/#primaryimage\"},\"image\":{\"@id\":\"https:\\\/\\\/tonmerckxwielershirts.nl\\\/es\\\/maillot-ciclista-retro\\\/marco-polo\\\/#primaryimage\"},\"thumbnailUrl\":\"https:\\\/\\\/vintagecycling.store\\\/wp-content\\\/uploads\\\/2023\\\/01\\\/SSA42644.jpg\",\"datePublished\":\"2023-01-24T18:06:51+00:00\",\"dateModified\":\"2026-01-28T11:02:14+00:00\",\"breadcrumb\":{\"@id\":\"https:\\\/\\\/tonmerckxwielershirts.nl\\\/es\\\/maillot-ciclista-retro\\\/marco-polo\\\/#breadcrumb\"},\"inLanguage\":\"es\",\"potentialAction\":[{\"@type\":\"ReadAction\",\"target\":[\"https:\\\/\\\/tonmerckxwielershirts.nl\\\/es\\\/maillot-ciclista-retro\\\/marco-polo\\\/\"]}]},{\"@type\":\"ImageObject\",\"inLanguage\":\"es\",\"@id\":\"https:\\\/\\\/tonmerckxwielershirts.nl\\\/es\\\/maillot-ciclista-retro\\\/marco-polo\\\/#primaryimage\",\"url\":\"https:\\\/\\\/vintagecycling.store\\\/wp-content\\\/uploads\\\/2023\\\/01\\\/SSA42644.jpg\",\"contentUrl\":\"https:\\\/\\\/vintagecycling.store\\\/wp-content\\\/uploads\\\/2023\\\/01\\\/SSA42644.jpg\",\"width\":1704,\"height\":2272},{\"@type\":\"BreadcrumbList\",\"@id\":\"https:\\\/\\\/tonmerckxwielershirts.nl\\\/es\\\/maillot-ciclista-retro\\\/marco-polo\\\/#breadcrumb\",\"itemListElement\":[{\"@type\":\"ListItem\",\"position\":1,\"name\":\"Home\",\"item\":\"https:\\\/\\\/tonmerckxwielershirts.nl\\\/en\\\/\"},{\"@type\":\"ListItem\",\"position\":2,\"name\":\"Retro wielershirts\",\"item\":\"https:\\\/\\\/tonmerckxwielershirts.nl\\\/en\\\/retro-cycling-jerseys\\\/\"},{\"@type\":\"ListItem\",\"position\":3,\"name\":\"MARCO POLO 2001-2002 WIELERSHIRT\"}]},{\"@type\":\"WebSite\",\"@id\":\"https:\\\/\\\/tonmerckxwielershirts.nl\\\/en\\\/#website\",\"url\":\"https:\\\/\\\/tonmerckxwielershirts.nl\\\/en\\\/\",\"name\":\"Vintage Cycling Store\",\"description\":\"thousands of original cycling jerseys - order your replica!\",\"publisher\":{\"@id\":\"https:\\\/\\\/tonmerckxwielershirts.nl\\\/en\\\/#organization\"},\"potentialAction\":[{\"@type\":\"SearchAction\",\"target\":{\"@type\":\"EntryPoint\",\"urlTemplate\":\"https:\\\/\\\/tonmerckxwielershirts.nl\\\/en\\\/?s={search_term_string}\"},\"query-input\":{\"@type\":\"PropertyValueSpecification\",\"valueRequired\":true,\"valueName\":\"search_term_string\"}}],\"inLanguage\":\"es\"},{\"@type\":\"Organization\",\"@id\":\"https:\\\/\\\/tonmerckxwielershirts.nl\\\/en\\\/#organization\",\"name\":\"Vintage Cycling Store\",\"url\":\"https:\\\/\\\/tonmerckxwielershirts.nl\\\/en\\\/\",\"logo\":{\"@type\":\"ImageObject\",\"inLanguage\":\"es\",\"@id\":\"https:\\\/\\\/tonmerckxwielershirts.nl\\\/en\\\/#\\\/schema\\\/logo\\\/image\\\/\",\"url\":\"https:\\\/\\\/vintagecycling.store\\\/wp-content\\\/uploads\\\/2023\\\/03\\\/ton-merckx-logo.jpg\",\"contentUrl\":\"https:\\\/\\\/vintagecycling.store\\\/wp-content\\\/uploads\\\/2023\\\/03\\\/ton-merckx-logo.jpg\",\"width\":391,\"height\":57,\"caption\":\"Vintage Cycling Store\"},\"image\":{\"@id\":\"https:\\\/\\\/tonmerckxwielershirts.nl\\\/en\\\/#\\\/schema\\\/logo\\\/image\\\/\"}}]}<\/script>\n<!-- \/ Yoast SEO plugin. -->","yoast_head_json":{"title":"CAMISETA CICLISMO MARCO POLO 2001-2002 - Tienda Ciclismo Vintage","robots":{"index":"index","follow":"follow","max-snippet":"max-snippet:-1","max-image-preview":"max-image-preview:large","max-video-preview":"max-video-preview:-1"},"canonical":"https:\/\/tonmerckxwielershirts.nl\/es\/maillot-ciclista-retro\/marco-polo\/","og_locale":"es_ES","og_type":"article","og_title":"MARCO POLO  2001-2002   WIELERSHIRT - Vintage Cycling Store","og_description":"Het MARCO POLO team gaf Nederlandse renners de kans om in buitenlandse koersen te rijden, vaak in exotische landen.\u00a0 Later gaf MARCO POLO vooral exotische renners de kans om hier in Europa te koersen en bleef men nog steeds ook in exotische landen koersen. in 2001, 2002 reed men onder Nederlandse licentie later had men [&hellip;]","og_url":"https:\/\/tonmerckxwielershirts.nl\/es\/maillot-ciclista-retro\/marco-polo\/","og_site_name":"Vintage Cycling Store","article_modified_time":"2026-01-28T11:02:14+00:00","og_image":[{"width":1704,"height":2272,"url":"https:\/\/tonmerckxwielershirts.nl\/wp-content\/uploads\/2023\/01\/SSA42644.jpg","type":"image\/jpeg"}],"twitter_card":"summary_large_image","twitter_misc":{"Tiempo de lectura":"1 minuto"},"schema":{"@context":"https:\/\/schema.org","@graph":[{"@type":"WebPage","@id":"https:\/\/tonmerckxwielershirts.nl\/es\/maillot-ciclista-retro\/marco-polo\/","url":"https:\/\/tonmerckxwielershirts.nl\/es\/maillot-ciclista-retro\/marco-polo\/","name":"CAMISETA CICLISMO MARCO POLO 2001-2002 - Tienda Ciclismo Vintage","isPartOf":{"@id":"https:\/\/tonmerckxwielershirts.nl\/en\/#website"},"primaryImageOfPage":{"@id":"https:\/\/tonmerckxwielershirts.nl\/es\/maillot-ciclista-retro\/marco-polo\/#primaryimage"},"image":{"@id":"https:\/\/tonmerckxwielershirts.nl\/es\/maillot-ciclista-retro\/marco-polo\/#primaryimage"},"thumbnailUrl":"https:\/\/vintagecycling.store\/wp-content\/uploads\/2023\/01\/SSA42644.jpg","datePublished":"2023-01-24T18:06:51+00:00","dateModified":"2026-01-28T11:02:14+00:00","breadcrumb":{"@id":"https:\/\/tonmerckxwielershirts.nl\/es\/maillot-ciclista-retro\/marco-polo\/#breadcrumb"},"inLanguage":"es","potentialAction":[{"@type":"ReadAction","target":["https:\/\/tonmerckxwielershirts.nl\/es\/maillot-ciclista-retro\/marco-polo\/"]}]},{"@type":"ImageObject","inLanguage":"es","@id":"https:\/\/tonmerckxwielershirts.nl\/es\/maillot-ciclista-retro\/marco-polo\/#primaryimage","url":"https:\/\/vintagecycling.store\/wp-content\/uploads\/2023\/01\/SSA42644.jpg","contentUrl":"https:\/\/vintagecycling.store\/wp-content\/uploads\/2023\/01\/SSA42644.jpg","width":1704,"height":2272},{"@type":"BreadcrumbList","@id":"https:\/\/tonmerckxwielershirts.nl\/es\/maillot-ciclista-retro\/marco-polo\/#breadcrumb","itemListElement":[{"@type":"ListItem","position":1,"name":"Home","item":"https:\/\/tonmerckxwielershirts.nl\/en\/"},{"@type":"ListItem","position":2,"name":"Retro wielershirts","item":"https:\/\/tonmerckxwielershirts.nl\/en\/retro-cycling-jerseys\/"},{"@type":"ListItem","position":3,"name":"MARCO POLO 2001-2002 WIELERSHIRT"}]},{"@type":"WebSite","@id":"https:\/\/tonmerckxwielershirts.nl\/en\/#website","url":"https:\/\/tonmerckxwielershirts.nl\/en\/","name":"Tienda de ciclismo vintage","description":"miles de maillots ciclistas originales - \u00a1pide tu r\u00e9plica!","publisher":{"@id":"https:\/\/tonmerckxwielershirts.nl\/en\/#organization"},"potentialAction":[{"@type":"SearchAction","target":{"@type":"EntryPoint","urlTemplate":"https:\/\/tonmerckxwielershirts.nl\/en\/?s={search_term_string}"},"query-input":{"@type":"PropertyValueSpecification","valueRequired":true,"valueName":"search_term_string"}}],"inLanguage":"es"},{"@type":"Organization","@id":"https:\/\/tonmerckxwielershirts.nl\/en\/#organization","name":"Tienda de ciclismo vintage","url":"https:\/\/tonmerckxwielershirts.nl\/en\/","logo":{"@type":"ImageObject","inLanguage":"es","@id":"https:\/\/tonmerckxwielershirts.nl\/en\/#\/schema\/logo\/image\/","url":"https:\/\/vintagecycling.store\/wp-content\/uploads\/2023\/03\/ton-merckx-logo.jpg","contentUrl":"https:\/\/vintagecycling.store\/wp-content\/uploads\/2023\/03\/ton-merckx-logo.jpg","width":391,"height":57,"caption":"Vintage Cycling Store"},"image":{"@id":"https:\/\/tonmerckxwielershirts.nl\/en\/#\/schema\/logo\/image\/"}}]}},"_links":{"self":[{"href":"https:\/\/vintagecycling.store\/es\/wp-json\/wp\/v2\/product\/3801","targetHints":{"allow":["GET"]}}],"collection":[{"href":"https:\/\/vintagecycling.store\/es\/wp-json\/wp\/v2\/product"}],"about":[{"href":"https:\/\/vintagecycling.store\/es\/wp-json\/wp\/v2\/types\/product"}],"wp:featuredmedia":[{"embeddable":true,"href":"https:\/\/vintagecycling.store\/es\/wp-json\/wp\/v2\/media\/3800"}],"wp:attachment":[{"href":"https:\/\/vintagecycling.store\/es\/wp-json\/wp\/v2\/media?parent=3801"}],"wp:term":[{"taxonomy":"product_brand","embeddable":true,"href":"https:\/\/vintagecycling.store\/es\/wp-json\/wp\/v2\/product_brand?post=3801"},{"taxonomy":"product_cat","embeddable":true,"href":"https:\/\/vintagecycling.store\/es\/wp-json\/wp\/v2\/product_cat?post=3801"},{"taxonomy":"product_tag","embeddable":true,"href":"https:\/\/vintagecycling.store\/es\/wp-json\/wp\/v2\/product_tag?post=3801"}],"curies":[{"name":"gracias","href":"https:\/\/api.w.org\/{rel}","templated":true}]}}