{"id":3913,"date":"2023-01-24T18:08:19","date_gmt":"2023-01-24T18:08:19","guid":{"rendered":"https:\/\/ton.connectingminds.net\/product\/tijdritpak-5\/"},"modified":"2026-01-28T12:02:08","modified_gmt":"2026-01-28T11:02:08","slug":"traje-de-contrarreloj-5","status":"publish","type":"product","link":"https:\/\/vintagecycling.store\/es\/retro-wielershirt\/tijdritpak-5\/","title":{"rendered":"PA\u00cdSES BAJOS (c) SELECCI\u00d3N NACIONAL 1988 TRAJE CONTRARRELOJ"},"content":{"rendered":"<p>Lo destacable de este traje (que recib\u00ed de Richard Groenendaal) es que es un traje de Pearl Izumi, que todav\u00eda se puede ver en la etiqueta en el cuello, pero que tiene un logotipo de AGU SPORT cosido en el pecho. !!<\/p>","protected":false},"excerpt":{"rendered":"<p>Lo destacable de este traje (que recib\u00ed de Richard Groenendaal) es que es un traje de Pearl Izumi, que todav\u00eda se puede ver en la etiqueta en el cuello, pero que tiene un logotipo de AGU SPORT cosido en el pecho. !!<\/p>","protected":false},"featured_media":3912,"template":"","meta":[],"product_brand":[],"product_cat":[1372],"product_tag":[],"class_list":{"0":"post-3913","1":"product","2":"type-product","3":"status-publish","4":"has-post-thumbnail","6":"product_cat-nationale-teams","8":"first","9":"onbackorder","10":"taxable","11":"shipping-taxable","12":"purchasable","13":"product-type-variable"},"yoast_head":"<!-- This site is optimized with the Yoast SEO plugin v27.4 - https:\/\/yoast.com\/product\/yoast-seo-wordpress\/ -->\n<title>NEDERLAND (c) NATIONALE PLOEG 1988  TIJDRITPAK - Vintage Cycling Store<\/title>\n<meta name=\"robots\" content=\"index, follow, max-snippet:-1, max-image-preview:large, max-video-preview:-1\" \/>\n<link rel=\"canonical\" href=\"https:\/\/mail.cyclingoriginals.com\/retro-wielershirt\/tijdritpak-5\/\" \/>\n<meta property=\"og:locale\" content=\"es_ES\" \/>\n<meta property=\"og:type\" content=\"article\" \/>\n<meta property=\"og:title\" content=\"NEDERLAND (c) NATIONALE PLOEG 1988  TIJDRITPAK - Vintage Cycling Store\" \/>\n<meta property=\"og:description\" content=\"Opmerkelijk aan dit pak (dat ik van Richard Groenendaal heb gekregen) is dar het een pak is van Pearl Izumi wat nog op het labeltje is te zien in het boordje, maar dat men op de borst er een AGU SPORT logo overheen heeft gestikt !!\" \/>\n<meta property=\"og:url\" content=\"https:\/\/mail.cyclingoriginals.com\/retro-wielershirt\/tijdritpak-5\/\" \/>\n<meta property=\"og:site_name\" content=\"Vintage Cycling Store\" \/>\n<meta property=\"article:modified_time\" content=\"2026-01-28T11:02:08+00:00\" \/>\n<meta property=\"og:image\" content=\"https:\/\/mail.cyclingoriginals.com\/wp-content\/uploads\/2023\/01\/SSA44704.jpg\" \/>\n\t<meta property=\"og:image:width\" content=\"1704\" \/>\n\t<meta property=\"og:image:height\" content=\"2272\" \/>\n\t<meta property=\"og:image:type\" content=\"image\/jpeg\" \/>\n<meta name=\"twitter:card\" content=\"summary_large_image\" \/>\n<meta name=\"twitter:label1\" content=\"Tiempo de lectura\" \/>\n\t<meta name=\"twitter:data1\" content=\"1 minuto\" \/>\n<script type=\"application\/ld+json\" class=\"yoast-schema-graph\">{\"@context\":\"https:\\\/\\\/schema.org\",\"@graph\":[{\"@type\":\"WebPage\",\"@id\":\"https:\\\/\\\/mail.cyclingoriginals.com\\\/retro-wielershirt\\\/tijdritpak-5\\\/\",\"url\":\"https:\\\/\\\/mail.cyclingoriginals.com\\\/retro-wielershirt\\\/tijdritpak-5\\\/\",\"name\":\"NEDERLAND (c) NATIONALE PLOEG 1988 TIJDRITPAK - Vintage Cycling Store\",\"isPartOf\":{\"@id\":\"https:\\\/\\\/mail.ton-merckx-wielershirts.nl\\\/#website\"},\"primaryImageOfPage\":{\"@id\":\"https:\\\/\\\/mail.cyclingoriginals.com\\\/retro-wielershirt\\\/tijdritpak-5\\\/#primaryimage\"},\"image\":{\"@id\":\"https:\\\/\\\/mail.cyclingoriginals.com\\\/retro-wielershirt\\\/tijdritpak-5\\\/#primaryimage\"},\"thumbnailUrl\":\"https:\\\/\\\/vintagecycling.store\\\/wp-content\\\/uploads\\\/2023\\\/01\\\/SSA44704.jpg\",\"datePublished\":\"2023-01-24T18:08:19+00:00\",\"dateModified\":\"2026-01-28T11:02:08+00:00\",\"breadcrumb\":{\"@id\":\"https:\\\/\\\/mail.cyclingoriginals.com\\\/retro-wielershirt\\\/tijdritpak-5\\\/#breadcrumb\"},\"inLanguage\":\"es\",\"potentialAction\":[{\"@type\":\"ReadAction\",\"target\":[\"https:\\\/\\\/mail.cyclingoriginals.com\\\/retro-wielershirt\\\/tijdritpak-5\\\/\"]}]},{\"@type\":\"ImageObject\",\"inLanguage\":\"es\",\"@id\":\"https:\\\/\\\/mail.cyclingoriginals.com\\\/retro-wielershirt\\\/tijdritpak-5\\\/#primaryimage\",\"url\":\"https:\\\/\\\/vintagecycling.store\\\/wp-content\\\/uploads\\\/2023\\\/01\\\/SSA44704.jpg\",\"contentUrl\":\"https:\\\/\\\/vintagecycling.store\\\/wp-content\\\/uploads\\\/2023\\\/01\\\/SSA44704.jpg\",\"width\":1704,\"height\":2272},{\"@type\":\"BreadcrumbList\",\"@id\":\"https:\\\/\\\/mail.cyclingoriginals.com\\\/retro-wielershirt\\\/tijdritpak-5\\\/#breadcrumb\",\"itemListElement\":[{\"@type\":\"ListItem\",\"position\":1,\"name\":\"Home\",\"item\":\"https:\\\/\\\/mail.ton-merckx-wielershirts.nl\\\/\"},{\"@type\":\"ListItem\",\"position\":2,\"name\":\"Retro wielershirts\",\"item\":\"https:\\\/\\\/mail.cyclingoriginals.com\\\/it\\\/maglie-da-ciclismo-retro\\\/\"},{\"@type\":\"ListItem\",\"position\":3,\"name\":\"NEDERLAND (c) NATIONALE PLOEG 1988 TIJDRITPAK\"}]},{\"@type\":\"WebSite\",\"@id\":\"https:\\\/\\\/mail.ton-merckx-wielershirts.nl\\\/#website\",\"url\":\"https:\\\/\\\/mail.ton-merckx-wielershirts.nl\\\/\",\"name\":\"Vintage Cycling Store\",\"description\":\"thousands of original cycling jerseys - order your replica!\",\"publisher\":{\"@id\":\"https:\\\/\\\/mail.ton-merckx-wielershirts.nl\\\/#organization\"},\"potentialAction\":[{\"@type\":\"SearchAction\",\"target\":{\"@type\":\"EntryPoint\",\"urlTemplate\":\"https:\\\/\\\/mail.ton-merckx-wielershirts.nl\\\/?s={search_term_string}\"},\"query-input\":{\"@type\":\"PropertyValueSpecification\",\"valueRequired\":true,\"valueName\":\"search_term_string\"}}],\"inLanguage\":\"es\"},{\"@type\":\"Organization\",\"@id\":\"https:\\\/\\\/mail.ton-merckx-wielershirts.nl\\\/#organization\",\"name\":\"Vintage Cycling Store\",\"url\":\"https:\\\/\\\/mail.ton-merckx-wielershirts.nl\\\/\",\"logo\":{\"@type\":\"ImageObject\",\"inLanguage\":\"es\",\"@id\":\"https:\\\/\\\/mail.ton-merckx-wielershirts.nl\\\/#\\\/schema\\\/logo\\\/image\\\/\",\"url\":\"https:\\\/\\\/vintagecycling.store\\\/wp-content\\\/uploads\\\/2023\\\/03\\\/ton-merckx-logo.jpg\",\"contentUrl\":\"https:\\\/\\\/vintagecycling.store\\\/wp-content\\\/uploads\\\/2023\\\/03\\\/ton-merckx-logo.jpg\",\"width\":391,\"height\":57,\"caption\":\"Vintage Cycling Store\"},\"image\":{\"@id\":\"https:\\\/\\\/mail.ton-merckx-wielershirts.nl\\\/#\\\/schema\\\/logo\\\/image\\\/\"}}]}<\/script>\n<!-- \/ Yoast SEO plugin. -->","yoast_head_json":{"title":"TRAJE DE CONTRARRELOJ DE LA SELECCI\u00d3N NACIONAL DE PA\u00cdSES BAJOS (c) 1988 - Vintage Cycling Store","robots":{"index":"index","follow":"follow","max-snippet":"max-snippet:-1","max-image-preview":"max-image-preview:large","max-video-preview":"max-video-preview:-1"},"canonical":"https:\/\/mail.cyclingoriginals.com\/retro-wielershirt\/tijdritpak-5\/","og_locale":"es_ES","og_type":"article","og_title":"NEDERLAND (c) NATIONALE PLOEG 1988  TIJDRITPAK - Vintage Cycling Store","og_description":"Opmerkelijk aan dit pak (dat ik van Richard Groenendaal heb gekregen) is dar het een pak is van Pearl Izumi wat nog op het labeltje is te zien in het boordje, maar dat men op de borst er een AGU SPORT logo overheen heeft gestikt !!","og_url":"https:\/\/mail.cyclingoriginals.com\/retro-wielershirt\/tijdritpak-5\/","og_site_name":"Vintage Cycling Store","article_modified_time":"2026-01-28T11:02:08+00:00","og_image":[{"width":1704,"height":2272,"url":"https:\/\/mail.cyclingoriginals.com\/wp-content\/uploads\/2023\/01\/SSA44704.jpg","type":"image\/jpeg"}],"twitter_card":"summary_large_image","twitter_misc":{"Tiempo de lectura":"1 minuto"},"schema":{"@context":"https:\/\/schema.org","@graph":[{"@type":"WebPage","@id":"https:\/\/mail.cyclingoriginals.com\/retro-wielershirt\/tijdritpak-5\/","url":"https:\/\/mail.cyclingoriginals.com\/retro-wielershirt\/tijdritpak-5\/","name":"TRAJE DE CONTRARRELOJ DE LA SELECCI\u00d3N NACIONAL DE PA\u00cdSES BAJOS (c) 1988 - Vintage Cycling Store","isPartOf":{"@id":"https:\/\/mail.ton-merckx-wielershirts.nl\/#website"},"primaryImageOfPage":{"@id":"https:\/\/mail.cyclingoriginals.com\/retro-wielershirt\/tijdritpak-5\/#primaryimage"},"image":{"@id":"https:\/\/mail.cyclingoriginals.com\/retro-wielershirt\/tijdritpak-5\/#primaryimage"},"thumbnailUrl":"https:\/\/vintagecycling.store\/wp-content\/uploads\/2023\/01\/SSA44704.jpg","datePublished":"2023-01-24T18:08:19+00:00","dateModified":"2026-01-28T11:02:08+00:00","breadcrumb":{"@id":"https:\/\/mail.cyclingoriginals.com\/retro-wielershirt\/tijdritpak-5\/#breadcrumb"},"inLanguage":"es","potentialAction":[{"@type":"ReadAction","target":["https:\/\/mail.cyclingoriginals.com\/retro-wielershirt\/tijdritpak-5\/"]}]},{"@type":"ImageObject","inLanguage":"es","@id":"https:\/\/mail.cyclingoriginals.com\/retro-wielershirt\/tijdritpak-5\/#primaryimage","url":"https:\/\/vintagecycling.store\/wp-content\/uploads\/2023\/01\/SSA44704.jpg","contentUrl":"https:\/\/vintagecycling.store\/wp-content\/uploads\/2023\/01\/SSA44704.jpg","width":1704,"height":2272},{"@type":"BreadcrumbList","@id":"https:\/\/mail.cyclingoriginals.com\/retro-wielershirt\/tijdritpak-5\/#breadcrumb","itemListElement":[{"@type":"ListItem","position":1,"name":"Home","item":"https:\/\/mail.ton-merckx-wielershirts.nl\/"},{"@type":"ListItem","position":2,"name":"Retro wielershirts","item":"https:\/\/mail.cyclingoriginals.com\/it\/maglie-da-ciclismo-retro\/"},{"@type":"ListItem","position":3,"name":"NEDERLAND (c) NATIONALE PLOEG 1988 TIJDRITPAK"}]},{"@type":"WebSite","@id":"https:\/\/mail.ton-merckx-wielershirts.nl\/#website","url":"https:\/\/mail.ton-merckx-wielershirts.nl\/","name":"Tienda de ciclismo vintage","description":"miles de maillots ciclistas originales - \u00a1pide tu r\u00e9plica!","publisher":{"@id":"https:\/\/mail.ton-merckx-wielershirts.nl\/#organization"},"potentialAction":[{"@type":"SearchAction","target":{"@type":"EntryPoint","urlTemplate":"https:\/\/mail.ton-merckx-wielershirts.nl\/?s={search_term_string}"},"query-input":{"@type":"PropertyValueSpecification","valueRequired":true,"valueName":"search_term_string"}}],"inLanguage":"es"},{"@type":"Organization","@id":"https:\/\/mail.ton-merckx-wielershirts.nl\/#organization","name":"Tienda de ciclismo vintage","url":"https:\/\/mail.ton-merckx-wielershirts.nl\/","logo":{"@type":"ImageObject","inLanguage":"es","@id":"https:\/\/mail.ton-merckx-wielershirts.nl\/#\/schema\/logo\/image\/","url":"https:\/\/vintagecycling.store\/wp-content\/uploads\/2023\/03\/ton-merckx-logo.jpg","contentUrl":"https:\/\/vintagecycling.store\/wp-content\/uploads\/2023\/03\/ton-merckx-logo.jpg","width":391,"height":57,"caption":"Vintage Cycling Store"},"image":{"@id":"https:\/\/mail.ton-merckx-wielershirts.nl\/#\/schema\/logo\/image\/"}}]}},"_links":{"self":[{"href":"https:\/\/vintagecycling.store\/es\/wp-json\/wp\/v2\/product\/3913","targetHints":{"allow":["GET"]}}],"collection":[{"href":"https:\/\/vintagecycling.store\/es\/wp-json\/wp\/v2\/product"}],"about":[{"href":"https:\/\/vintagecycling.store\/es\/wp-json\/wp\/v2\/types\/product"}],"wp:featuredmedia":[{"embeddable":true,"href":"https:\/\/vintagecycling.store\/es\/wp-json\/wp\/v2\/media\/3912"}],"wp:attachment":[{"href":"https:\/\/vintagecycling.store\/es\/wp-json\/wp\/v2\/media?parent=3913"}],"wp:term":[{"taxonomy":"product_brand","embeddable":true,"href":"https:\/\/vintagecycling.store\/es\/wp-json\/wp\/v2\/product_brand?post=3913"},{"taxonomy":"product_cat","embeddable":true,"href":"https:\/\/vintagecycling.store\/es\/wp-json\/wp\/v2\/product_cat?post=3913"},{"taxonomy":"product_tag","embeddable":true,"href":"https:\/\/vintagecycling.store\/es\/wp-json\/wp\/v2\/product_tag?post=3913"}],"curies":[{"name":"gracias","href":"https:\/\/api.w.org\/{rel}","templated":true}]}}