{"id":4353,"date":"2023-01-24T18:13:10","date_gmt":"2023-01-24T18:13:10","guid":{"rendered":"https:\/\/ton.connectingminds.net\/product\/vacansoleil-cyclocross-2\/"},"modified":"2026-01-28T12:01:42","modified_gmt":"2026-01-28T11:01:42","slug":"ciclocross-vacansoleil-2","status":"publish","type":"product","link":"https:\/\/vintagecycling.store\/es\/retro-wielershirt\/vacansoleil-cyclocross-2\/","title":{"rendered":"CAMISETA CICLISMO VACANSOLEIL (a)-TRIMETAL 2008"},"content":{"rendered":"<p>En 2009, VACANSOLEIL patrocina un nuevo equipo profesional holand\u00e9s.<\/p>\n<p>Sin embargo, el ciclista de ciclocross Thijs van Amerongen participa en sus carreras de ciclocross con la equipaci\u00f3n VACANSOLEIL desde noviembre de 2008.<\/p>\n<p>Todav\u00eda no con todos los patrocinadores de 2009 en la camiseta, pero (muy importante) se hicieron pruebas con la impresi\u00f3n y las fuentes del nombre VACANSOLEIL para ver qu\u00e9 fuente\/impresi\u00f3n es m\u00e1s visible.<\/p>","protected":false},"excerpt":{"rendered":"<p>In 2009 is VACANSOLEIL de sponsor van een nieuwe Nederlandse profploeg. Echter rijdt veldrijder\u00a0 Thijs van Amerongen al vanaf November 2008 in het VACANSOLEIL tenue zijn veldritten. Nog niet met alle sponsoren van 2009 op het shirt, maar wel (heel belangrijk) werd er getest met de opdruk en lettertypes van de naam VACANSOLEIL om te [&hellip;]<\/p>\n","protected":false},"featured_media":4352,"template":"","meta":[],"product_brand":[],"product_cat":[151],"product_tag":[],"class_list":{"0":"post-4353","1":"product","2":"type-product","3":"status-publish","4":"has-post-thumbnail","6":"product_cat-pro-team","8":"first","9":"onbackorder","10":"taxable","11":"shipping-taxable","12":"purchasable","13":"product-type-variable"},"yoast_head":"<!-- This site is optimized with the Yoast SEO plugin v27.4 - https:\/\/yoast.com\/product\/yoast-seo-wordpress\/ -->\n<title>VACANSOLEIL (a)-TRIMETAL   2008  WIELERSHIRT - Vintage Cycling Store<\/title>\n<meta name=\"robots\" content=\"index, follow, max-snippet:-1, max-image-preview:large, max-video-preview:-1\" \/>\n<link rel=\"canonical\" href=\"https:\/\/tonmerckxwielershirts.nl\/fr\/maillot-de-cyclisme-retro\/cyclocross-vacansoleil-2\/\" \/>\n<meta property=\"og:locale\" content=\"es_ES\" \/>\n<meta property=\"og:type\" content=\"article\" \/>\n<meta property=\"og:title\" content=\"VACANSOLEIL (a)-TRIMETAL   2008  WIELERSHIRT - Vintage Cycling Store\" \/>\n<meta property=\"og:description\" content=\"In 2009 is VACANSOLEIL de sponsor van een nieuwe Nederlandse profploeg. Echter rijdt veldrijder\u00a0 Thijs van Amerongen al vanaf November 2008 in het VACANSOLEIL tenue zijn veldritten. Nog niet met alle sponsoren van 2009 op het shirt, maar wel (heel belangrijk) werd er getest met de opdruk en lettertypes van de naam VACANSOLEIL om te [&hellip;]\" \/>\n<meta property=\"og:url\" content=\"https:\/\/tonmerckxwielershirts.nl\/fr\/maillot-de-cyclisme-retro\/cyclocross-vacansoleil-2\/\" \/>\n<meta property=\"og:site_name\" content=\"Vintage Cycling Store\" \/>\n<meta property=\"article:modified_time\" content=\"2026-01-28T11:01:42+00:00\" \/>\n<meta property=\"og:image\" content=\"https:\/\/tonmerckxwielershirts.nl\/wp-content\/uploads\/2023\/01\/SSA44701.jpg\" \/>\n\t<meta property=\"og:image:width\" content=\"1704\" \/>\n\t<meta property=\"og:image:height\" content=\"2272\" \/>\n\t<meta property=\"og:image:type\" content=\"image\/jpeg\" \/>\n<meta name=\"twitter:card\" content=\"summary_large_image\" \/>\n<meta name=\"twitter:label1\" content=\"Tiempo de lectura\" \/>\n\t<meta name=\"twitter:data1\" content=\"1 minuto\" \/>\n<script type=\"application\/ld+json\" class=\"yoast-schema-graph\">{\"@context\":\"https:\\\/\\\/schema.org\",\"@graph\":[{\"@type\":\"WebPage\",\"@id\":\"https:\\\/\\\/tonmerckxwielershirts.nl\\\/fr\\\/maillot-de-cyclisme-retro\\\/cyclocross-vacansoleil-2\\\/\",\"url\":\"https:\\\/\\\/tonmerckxwielershirts.nl\\\/fr\\\/maillot-de-cyclisme-retro\\\/cyclocross-vacansoleil-2\\\/\",\"name\":\"VACANSOLEIL (a)-TRIMETAL 2008 WIELERSHIRT - Vintage Cycling Store\",\"isPartOf\":{\"@id\":\"https:\\\/\\\/vintagecycling.store\\\/pt\\\/#website\"},\"primaryImageOfPage\":{\"@id\":\"https:\\\/\\\/tonmerckxwielershirts.nl\\\/fr\\\/maillot-de-cyclisme-retro\\\/cyclocross-vacansoleil-2\\\/#primaryimage\"},\"image\":{\"@id\":\"https:\\\/\\\/tonmerckxwielershirts.nl\\\/fr\\\/maillot-de-cyclisme-retro\\\/cyclocross-vacansoleil-2\\\/#primaryimage\"},\"thumbnailUrl\":\"https:\\\/\\\/vintagecycling.store\\\/wp-content\\\/uploads\\\/2023\\\/01\\\/SSA44701.jpg\",\"datePublished\":\"2023-01-24T18:13:10+00:00\",\"dateModified\":\"2026-01-28T11:01:42+00:00\",\"breadcrumb\":{\"@id\":\"https:\\\/\\\/tonmerckxwielershirts.nl\\\/fr\\\/maillot-de-cyclisme-retro\\\/cyclocross-vacansoleil-2\\\/#breadcrumb\"},\"inLanguage\":\"es\",\"potentialAction\":[{\"@type\":\"ReadAction\",\"target\":[\"https:\\\/\\\/tonmerckxwielershirts.nl\\\/fr\\\/maillot-de-cyclisme-retro\\\/cyclocross-vacansoleil-2\\\/\"]}]},{\"@type\":\"ImageObject\",\"inLanguage\":\"es\",\"@id\":\"https:\\\/\\\/tonmerckxwielershirts.nl\\\/fr\\\/maillot-de-cyclisme-retro\\\/cyclocross-vacansoleil-2\\\/#primaryimage\",\"url\":\"https:\\\/\\\/vintagecycling.store\\\/wp-content\\\/uploads\\\/2023\\\/01\\\/SSA44701.jpg\",\"contentUrl\":\"https:\\\/\\\/vintagecycling.store\\\/wp-content\\\/uploads\\\/2023\\\/01\\\/SSA44701.jpg\",\"width\":1704,\"height\":2272},{\"@type\":\"BreadcrumbList\",\"@id\":\"https:\\\/\\\/tonmerckxwielershirts.nl\\\/fr\\\/maillot-de-cyclisme-retro\\\/cyclocross-vacansoleil-2\\\/#breadcrumb\",\"itemListElement\":[{\"@type\":\"ListItem\",\"position\":1,\"name\":\"Home\",\"item\":\"https:\\\/\\\/vintagecycling.store\\\/pt\\\/\"},{\"@type\":\"ListItem\",\"position\":2,\"name\":\"Retro wielershirts\",\"item\":\"https:\\\/\\\/vintagecycling.store\\\/pt\\\/camisas-de-ciclismo-retro\\\/\"},{\"@type\":\"ListItem\",\"position\":3,\"name\":\"VACANSOLEIL (a)-TRIMETAL 2008 WIELERSHIRT\"}]},{\"@type\":\"WebSite\",\"@id\":\"https:\\\/\\\/vintagecycling.store\\\/pt\\\/#website\",\"url\":\"https:\\\/\\\/vintagecycling.store\\\/pt\\\/\",\"name\":\"Vintage Cycling Store\",\"description\":\"thousands of original cycling jerseys - order your replica!\",\"publisher\":{\"@id\":\"https:\\\/\\\/vintagecycling.store\\\/pt\\\/#organization\"},\"potentialAction\":[{\"@type\":\"SearchAction\",\"target\":{\"@type\":\"EntryPoint\",\"urlTemplate\":\"https:\\\/\\\/vintagecycling.store\\\/pt\\\/?s={search_term_string}\"},\"query-input\":{\"@type\":\"PropertyValueSpecification\",\"valueRequired\":true,\"valueName\":\"search_term_string\"}}],\"inLanguage\":\"es\"},{\"@type\":\"Organization\",\"@id\":\"https:\\\/\\\/vintagecycling.store\\\/pt\\\/#organization\",\"name\":\"Vintage Cycling Store\",\"url\":\"https:\\\/\\\/vintagecycling.store\\\/pt\\\/\",\"logo\":{\"@type\":\"ImageObject\",\"inLanguage\":\"es\",\"@id\":\"https:\\\/\\\/vintagecycling.store\\\/pt\\\/#\\\/schema\\\/logo\\\/image\\\/\",\"url\":\"https:\\\/\\\/vintagecycling.store\\\/wp-content\\\/uploads\\\/2023\\\/03\\\/ton-merckx-logo.jpg\",\"contentUrl\":\"https:\\\/\\\/vintagecycling.store\\\/wp-content\\\/uploads\\\/2023\\\/03\\\/ton-merckx-logo.jpg\",\"width\":391,\"height\":57,\"caption\":\"Vintage Cycling Store\"},\"image\":{\"@id\":\"https:\\\/\\\/vintagecycling.store\\\/pt\\\/#\\\/schema\\\/logo\\\/image\\\/\"}}]}<\/script>\n<!-- \/ Yoast SEO plugin. -->","yoast_head_json":{"title":"CAMISETA CICLISMO VACANSOLEIL (a)-TRIMETAL 2008 - Tienda de ciclismo vintage","robots":{"index":"index","follow":"follow","max-snippet":"max-snippet:-1","max-image-preview":"max-image-preview:large","max-video-preview":"max-video-preview:-1"},"canonical":"https:\/\/tonmerckxwielershirts.nl\/fr\/maillot-de-cyclisme-retro\/cyclocross-vacansoleil-2\/","og_locale":"es_ES","og_type":"article","og_title":"VACANSOLEIL (a)-TRIMETAL   2008  WIELERSHIRT - Vintage Cycling Store","og_description":"In 2009 is VACANSOLEIL de sponsor van een nieuwe Nederlandse profploeg. Echter rijdt veldrijder\u00a0 Thijs van Amerongen al vanaf November 2008 in het VACANSOLEIL tenue zijn veldritten. Nog niet met alle sponsoren van 2009 op het shirt, maar wel (heel belangrijk) werd er getest met de opdruk en lettertypes van de naam VACANSOLEIL om te [&hellip;]","og_url":"https:\/\/tonmerckxwielershirts.nl\/fr\/maillot-de-cyclisme-retro\/cyclocross-vacansoleil-2\/","og_site_name":"Vintage Cycling Store","article_modified_time":"2026-01-28T11:01:42+00:00","og_image":[{"width":1704,"height":2272,"url":"https:\/\/tonmerckxwielershirts.nl\/wp-content\/uploads\/2023\/01\/SSA44701.jpg","type":"image\/jpeg"}],"twitter_card":"summary_large_image","twitter_misc":{"Tiempo de lectura":"1 minuto"},"schema":{"@context":"https:\/\/schema.org","@graph":[{"@type":"WebPage","@id":"https:\/\/tonmerckxwielershirts.nl\/fr\/maillot-de-cyclisme-retro\/cyclocross-vacansoleil-2\/","url":"https:\/\/tonmerckxwielershirts.nl\/fr\/maillot-de-cyclisme-retro\/cyclocross-vacansoleil-2\/","name":"CAMISETA CICLISMO VACANSOLEIL (a)-TRIMETAL 2008 - Tienda de ciclismo vintage","isPartOf":{"@id":"https:\/\/vintagecycling.store\/pt\/#website"},"primaryImageOfPage":{"@id":"https:\/\/tonmerckxwielershirts.nl\/fr\/maillot-de-cyclisme-retro\/cyclocross-vacansoleil-2\/#primaryimage"},"image":{"@id":"https:\/\/tonmerckxwielershirts.nl\/fr\/maillot-de-cyclisme-retro\/cyclocross-vacansoleil-2\/#primaryimage"},"thumbnailUrl":"https:\/\/vintagecycling.store\/wp-content\/uploads\/2023\/01\/SSA44701.jpg","datePublished":"2023-01-24T18:13:10+00:00","dateModified":"2026-01-28T11:01:42+00:00","breadcrumb":{"@id":"https:\/\/tonmerckxwielershirts.nl\/fr\/maillot-de-cyclisme-retro\/cyclocross-vacansoleil-2\/#breadcrumb"},"inLanguage":"es","potentialAction":[{"@type":"ReadAction","target":["https:\/\/tonmerckxwielershirts.nl\/fr\/maillot-de-cyclisme-retro\/cyclocross-vacansoleil-2\/"]}]},{"@type":"ImageObject","inLanguage":"es","@id":"https:\/\/tonmerckxwielershirts.nl\/fr\/maillot-de-cyclisme-retro\/cyclocross-vacansoleil-2\/#primaryimage","url":"https:\/\/vintagecycling.store\/wp-content\/uploads\/2023\/01\/SSA44701.jpg","contentUrl":"https:\/\/vintagecycling.store\/wp-content\/uploads\/2023\/01\/SSA44701.jpg","width":1704,"height":2272},{"@type":"BreadcrumbList","@id":"https:\/\/tonmerckxwielershirts.nl\/fr\/maillot-de-cyclisme-retro\/cyclocross-vacansoleil-2\/#breadcrumb","itemListElement":[{"@type":"ListItem","position":1,"name":"Home","item":"https:\/\/vintagecycling.store\/pt\/"},{"@type":"ListItem","position":2,"name":"Retro wielershirts","item":"https:\/\/vintagecycling.store\/pt\/camisas-de-ciclismo-retro\/"},{"@type":"ListItem","position":3,"name":"VACANSOLEIL (a)-TRIMETAL 2008 WIELERSHIRT"}]},{"@type":"WebSite","@id":"https:\/\/vintagecycling.store\/pt\/#website","url":"https:\/\/vintagecycling.store\/pt\/","name":"Tienda de ciclismo vintage","description":"miles de maillots ciclistas originales - \u00a1pide tu r\u00e9plica!","publisher":{"@id":"https:\/\/vintagecycling.store\/pt\/#organization"},"potentialAction":[{"@type":"SearchAction","target":{"@type":"EntryPoint","urlTemplate":"https:\/\/vintagecycling.store\/pt\/?s={search_term_string}"},"query-input":{"@type":"PropertyValueSpecification","valueRequired":true,"valueName":"search_term_string"}}],"inLanguage":"es"},{"@type":"Organization","@id":"https:\/\/vintagecycling.store\/pt\/#organization","name":"Tienda de ciclismo vintage","url":"https:\/\/vintagecycling.store\/pt\/","logo":{"@type":"ImageObject","inLanguage":"es","@id":"https:\/\/vintagecycling.store\/pt\/#\/schema\/logo\/image\/","url":"https:\/\/vintagecycling.store\/wp-content\/uploads\/2023\/03\/ton-merckx-logo.jpg","contentUrl":"https:\/\/vintagecycling.store\/wp-content\/uploads\/2023\/03\/ton-merckx-logo.jpg","width":391,"height":57,"caption":"Vintage Cycling Store"},"image":{"@id":"https:\/\/vintagecycling.store\/pt\/#\/schema\/logo\/image\/"}}]}},"_links":{"self":[{"href":"https:\/\/vintagecycling.store\/es\/wp-json\/wp\/v2\/product\/4353","targetHints":{"allow":["GET"]}}],"collection":[{"href":"https:\/\/vintagecycling.store\/es\/wp-json\/wp\/v2\/product"}],"about":[{"href":"https:\/\/vintagecycling.store\/es\/wp-json\/wp\/v2\/types\/product"}],"wp:featuredmedia":[{"embeddable":true,"href":"https:\/\/vintagecycling.store\/es\/wp-json\/wp\/v2\/media\/4352"}],"wp:attachment":[{"href":"https:\/\/vintagecycling.store\/es\/wp-json\/wp\/v2\/media?parent=4353"}],"wp:term":[{"taxonomy":"product_brand","embeddable":true,"href":"https:\/\/vintagecycling.store\/es\/wp-json\/wp\/v2\/product_brand?post=4353"},{"taxonomy":"product_cat","embeddable":true,"href":"https:\/\/vintagecycling.store\/es\/wp-json\/wp\/v2\/product_cat?post=4353"},{"taxonomy":"product_tag","embeddable":true,"href":"https:\/\/vintagecycling.store\/es\/wp-json\/wp\/v2\/product_tag?post=4353"}],"curies":[{"name":"gracias","href":"https:\/\/api.w.org\/{rel}","templated":true}]}}