{"id":629,"date":"2023-01-24T17:29:15","date_gmt":"2023-01-24T17:29:15","guid":{"rendered":"https:\/\/ton.connectingminds.net\/product\/puntenklassement-3\/"},"modified":"2026-01-28T12:05:21","modified_gmt":"2026-01-28T11:05:21","slug":"clasificacion-por-puntos-3","status":"publish","type":"product","link":"https:\/\/vintagecycling.store\/es\/retro-wielershirt\/puntenklassement-3\/","title":{"rendered":"CLASIFICACI\u00d3N DE PUNTOS TOUR DU FASO 2004 CAMISETA CICLISMO"},"content":{"rendered":"<p>el maillot VERDE del TOUR DU FASO.<\/p>\n<p>Recibido de Gunther Cuylits que gan\u00f3 el Maillot Rosa en el TOUR DU FASO en 2004.<\/p>\n<p>Hab\u00eda cambiado su maillot Rosa por este JERSEY VERDE de SAIDOU ROUAMBA, ganador de la Clasificaci\u00f3n por Puntos en el TOUR DU FASO 2004.<\/p>","protected":false},"excerpt":{"rendered":"<p>el maillot VERDE del TOUR DU FASO. Recibido de Gunther Cuylits que gan\u00f3 el Maillot Rosa en el TOUR DU FASO en 2004. Hab\u00eda cambiado su maillot Rosa por este JERSEY VERDE de SAIDOU ROUAMBA, ganador de la Clasificaci\u00f3n por Puntos en el TOUR DU FASO 2004.<\/p>","protected":false},"featured_media":302,"template":"","meta":[],"product_brand":[],"product_cat":[54],"product_tag":[],"class_list":{"0":"post-629","1":"product","2":"type-product","3":"status-publish","4":"has-post-thumbnail","6":"product_cat-leiderstruien","8":"first","9":"onbackorder","10":"taxable","11":"shipping-taxable","12":"purchasable","13":"product-type-variable"},"yoast_head":"<!-- This site is optimized with the Yoast SEO plugin v27.5 - https:\/\/yoast.com\/product\/yoast-seo-wordpress\/ -->\n<title>TOUR DU FASO  PUNTENKLASSEMENT  2004  WIELERSHIRT - Vintage Cycling Store<\/title>\n<meta name=\"robots\" content=\"index, follow, max-snippet:-1, max-image-preview:large, max-video-preview:-1\" \/>\n<link rel=\"canonical\" href=\"https:\/\/vintagecycling.store\/es\/maillot-ciclista-retro\/clasificacion-por-puntos-3\/\" \/>\n<meta property=\"og:locale\" content=\"es_ES\" \/>\n<meta property=\"og:type\" content=\"article\" \/>\n<meta property=\"og:title\" content=\"TOUR DU FASO  PUNTENKLASSEMENT  2004  WIELERSHIRT - Vintage Cycling Store\" \/>\n<meta property=\"og:description\" content=\"de GROENE trui uit de TOUR DU FASO. Gekregen van Gunther Cuylits die in 2004 de Roze Trui had gewonnen in de TOUR DU FASO. Hij had zijn Roze trui geruild tegen deze GROENE TRUI van SAIDOU ROUAMBA, winnaar van het Puntenklassement in de TOUR DU FASO 2004.\" \/>\n<meta property=\"og:url\" content=\"https:\/\/vintagecycling.store\/es\/maillot-ciclista-retro\/clasificacion-por-puntos-3\/\" \/>\n<meta property=\"og:site_name\" content=\"Vintage Cycling Store\" \/>\n<meta property=\"article:modified_time\" content=\"2026-01-28T11:05:21+00:00\" \/>\n<meta property=\"og:image\" content=\"https:\/\/vintagecycling.store\/wp-content\/uploads\/2023\/01\/SSA43959.jpg\" \/>\n\t<meta property=\"og:image:width\" content=\"1704\" \/>\n\t<meta property=\"og:image:height\" content=\"2272\" \/>\n\t<meta property=\"og:image:type\" content=\"image\/jpeg\" \/>\n<meta name=\"twitter:card\" content=\"summary_large_image\" \/>\n<meta name=\"twitter:label1\" content=\"Tiempo de lectura\" \/>\n\t<meta name=\"twitter:data1\" content=\"1 minuto\" \/>\n<script type=\"application\/ld+json\" class=\"yoast-schema-graph\">{\"@context\":\"https:\\\/\\\/schema.org\",\"@graph\":[{\"@type\":\"WebPage\",\"@id\":\"https:\\\/\\\/vintagecycling.store\\\/es\\\/maillot-ciclista-retro\\\/clasificacion-por-puntos-3\\\/\",\"url\":\"https:\\\/\\\/vintagecycling.store\\\/es\\\/maillot-ciclista-retro\\\/clasificacion-por-puntos-3\\\/\",\"name\":\"TOUR DU FASO PUNTENKLASSEMENT 2004 WIELERSHIRT - Vintage Cycling Store\",\"isPartOf\":{\"@id\":\"https:\\\/\\\/tonmerckxwielershirts.nl\\\/pt\\\/#website\"},\"primaryImageOfPage\":{\"@id\":\"https:\\\/\\\/vintagecycling.store\\\/es\\\/maillot-ciclista-retro\\\/clasificacion-por-puntos-3\\\/#primaryimage\"},\"image\":{\"@id\":\"https:\\\/\\\/vintagecycling.store\\\/es\\\/maillot-ciclista-retro\\\/clasificacion-por-puntos-3\\\/#primaryimage\"},\"thumbnailUrl\":\"https:\\\/\\\/vintagecycling.store\\\/wp-content\\\/uploads\\\/2023\\\/01\\\/SSA43959.jpg\",\"datePublished\":\"2023-01-24T17:29:15+00:00\",\"dateModified\":\"2026-01-28T11:05:21+00:00\",\"breadcrumb\":{\"@id\":\"https:\\\/\\\/vintagecycling.store\\\/es\\\/maillot-ciclista-retro\\\/clasificacion-por-puntos-3\\\/#breadcrumb\"},\"inLanguage\":\"es\",\"potentialAction\":[{\"@type\":\"ReadAction\",\"target\":[\"https:\\\/\\\/vintagecycling.store\\\/es\\\/maillot-ciclista-retro\\\/clasificacion-por-puntos-3\\\/\"]}]},{\"@type\":\"ImageObject\",\"inLanguage\":\"es\",\"@id\":\"https:\\\/\\\/vintagecycling.store\\\/es\\\/maillot-ciclista-retro\\\/clasificacion-por-puntos-3\\\/#primaryimage\",\"url\":\"https:\\\/\\\/vintagecycling.store\\\/wp-content\\\/uploads\\\/2023\\\/01\\\/SSA43959.jpg\",\"contentUrl\":\"https:\\\/\\\/vintagecycling.store\\\/wp-content\\\/uploads\\\/2023\\\/01\\\/SSA43959.jpg\",\"width\":1704,\"height\":2272},{\"@type\":\"BreadcrumbList\",\"@id\":\"https:\\\/\\\/vintagecycling.store\\\/es\\\/maillot-ciclista-retro\\\/clasificacion-por-puntos-3\\\/#breadcrumb\",\"itemListElement\":[{\"@type\":\"ListItem\",\"position\":1,\"name\":\"Home\",\"item\":\"https:\\\/\\\/vintagecycling.store\\\/\"},{\"@type\":\"ListItem\",\"position\":2,\"name\":\"Retro wielershirts\",\"item\":\"https:\\\/\\\/vintagecycling.store\\\/retro-wielershirts\\\/\"},{\"@type\":\"ListItem\",\"position\":3,\"name\":\"TOUR DU FASO PUNTENKLASSEMENT 2004 WIELERSHIRT\"}]},{\"@type\":\"WebSite\",\"@id\":\"https:\\\/\\\/tonmerckxwielershirts.nl\\\/pt\\\/#website\",\"url\":\"https:\\\/\\\/tonmerckxwielershirts.nl\\\/pt\\\/\",\"name\":\"Vintage Cycling Store\",\"description\":\"thousands of original cycling jerseys - order your replica!\",\"publisher\":{\"@id\":\"https:\\\/\\\/tonmerckxwielershirts.nl\\\/pt\\\/#organization\"},\"potentialAction\":[{\"@type\":\"SearchAction\",\"target\":{\"@type\":\"EntryPoint\",\"urlTemplate\":\"https:\\\/\\\/tonmerckxwielershirts.nl\\\/pt\\\/?s={search_term_string}\"},\"query-input\":{\"@type\":\"PropertyValueSpecification\",\"valueRequired\":true,\"valueName\":\"search_term_string\"}}],\"inLanguage\":\"es\"},{\"@type\":\"Organization\",\"@id\":\"https:\\\/\\\/tonmerckxwielershirts.nl\\\/pt\\\/#organization\",\"name\":\"Vintage Cycling Store\",\"url\":\"https:\\\/\\\/tonmerckxwielershirts.nl\\\/pt\\\/\",\"logo\":{\"@type\":\"ImageObject\",\"inLanguage\":\"es\",\"@id\":\"https:\\\/\\\/tonmerckxwielershirts.nl\\\/pt\\\/#\\\/schema\\\/logo\\\/image\\\/\",\"url\":\"https:\\\/\\\/vintagecycling.store\\\/wp-content\\\/uploads\\\/2023\\\/03\\\/ton-merckx-logo.jpg\",\"contentUrl\":\"https:\\\/\\\/vintagecycling.store\\\/wp-content\\\/uploads\\\/2023\\\/03\\\/ton-merckx-logo.jpg\",\"width\":391,\"height\":57,\"caption\":\"Vintage Cycling Store\"},\"image\":{\"@id\":\"https:\\\/\\\/tonmerckxwielershirts.nl\\\/pt\\\/#\\\/schema\\\/logo\\\/image\\\/\"}}]}<\/script>\n<!-- \/ Yoast SEO plugin. -->","yoast_head_json":{"title":"MAILLOT CICLISMO CLASIFICACI\u00d3N POR PUNTOS TOUR DU FASO 2004 - Vintage Cycling Store","robots":{"index":"index","follow":"follow","max-snippet":"max-snippet:-1","max-image-preview":"max-image-preview:large","max-video-preview":"max-video-preview:-1"},"canonical":"https:\/\/vintagecycling.store\/es\/maillot-ciclista-retro\/clasificacion-por-puntos-3\/","og_locale":"es_ES","og_type":"article","og_title":"TOUR DU FASO  PUNTENKLASSEMENT  2004  WIELERSHIRT - Vintage Cycling Store","og_description":"de GROENE trui uit de TOUR DU FASO. Gekregen van Gunther Cuylits die in 2004 de Roze Trui had gewonnen in de TOUR DU FASO. Hij had zijn Roze trui geruild tegen deze GROENE TRUI van SAIDOU ROUAMBA, winnaar van het Puntenklassement in de TOUR DU FASO 2004.","og_url":"https:\/\/vintagecycling.store\/es\/maillot-ciclista-retro\/clasificacion-por-puntos-3\/","og_site_name":"Vintage Cycling Store","article_modified_time":"2026-01-28T11:05:21+00:00","og_image":[{"width":1704,"height":2272,"url":"https:\/\/vintagecycling.store\/wp-content\/uploads\/2023\/01\/SSA43959.jpg","type":"image\/jpeg"}],"twitter_card":"summary_large_image","twitter_misc":{"Tiempo de lectura":"1 minuto"},"schema":{"@context":"https:\/\/schema.org","@graph":[{"@type":"WebPage","@id":"https:\/\/vintagecycling.store\/es\/maillot-ciclista-retro\/clasificacion-por-puntos-3\/","url":"https:\/\/vintagecycling.store\/es\/maillot-ciclista-retro\/clasificacion-por-puntos-3\/","name":"MAILLOT CICLISMO CLASIFICACI\u00d3N POR PUNTOS TOUR DU FASO 2004 - Vintage Cycling Store","isPartOf":{"@id":"https:\/\/tonmerckxwielershirts.nl\/pt\/#website"},"primaryImageOfPage":{"@id":"https:\/\/vintagecycling.store\/es\/maillot-ciclista-retro\/clasificacion-por-puntos-3\/#primaryimage"},"image":{"@id":"https:\/\/vintagecycling.store\/es\/maillot-ciclista-retro\/clasificacion-por-puntos-3\/#primaryimage"},"thumbnailUrl":"https:\/\/vintagecycling.store\/wp-content\/uploads\/2023\/01\/SSA43959.jpg","datePublished":"2023-01-24T17:29:15+00:00","dateModified":"2026-01-28T11:05:21+00:00","breadcrumb":{"@id":"https:\/\/vintagecycling.store\/es\/maillot-ciclista-retro\/clasificacion-por-puntos-3\/#breadcrumb"},"inLanguage":"es","potentialAction":[{"@type":"ReadAction","target":["https:\/\/vintagecycling.store\/es\/maillot-ciclista-retro\/clasificacion-por-puntos-3\/"]}]},{"@type":"ImageObject","inLanguage":"es","@id":"https:\/\/vintagecycling.store\/es\/maillot-ciclista-retro\/clasificacion-por-puntos-3\/#primaryimage","url":"https:\/\/vintagecycling.store\/wp-content\/uploads\/2023\/01\/SSA43959.jpg","contentUrl":"https:\/\/vintagecycling.store\/wp-content\/uploads\/2023\/01\/SSA43959.jpg","width":1704,"height":2272},{"@type":"BreadcrumbList","@id":"https:\/\/vintagecycling.store\/es\/maillot-ciclista-retro\/clasificacion-por-puntos-3\/#breadcrumb","itemListElement":[{"@type":"ListItem","position":1,"name":"Home","item":"https:\/\/vintagecycling.store\/"},{"@type":"ListItem","position":2,"name":"Retro wielershirts","item":"https:\/\/vintagecycling.store\/retro-wielershirts\/"},{"@type":"ListItem","position":3,"name":"TOUR DU FASO PUNTENKLASSEMENT 2004 WIELERSHIRT"}]},{"@type":"WebSite","@id":"https:\/\/tonmerckxwielershirts.nl\/pt\/#website","url":"https:\/\/tonmerckxwielershirts.nl\/pt\/","name":"Tienda de ciclismo vintage","description":"miles de maillots ciclistas originales - \u00a1pide tu r\u00e9plica!","publisher":{"@id":"https:\/\/tonmerckxwielershirts.nl\/pt\/#organization"},"potentialAction":[{"@type":"SearchAction","target":{"@type":"EntryPoint","urlTemplate":"https:\/\/tonmerckxwielershirts.nl\/pt\/?s={search_term_string}"},"query-input":{"@type":"PropertyValueSpecification","valueRequired":true,"valueName":"search_term_string"}}],"inLanguage":"es"},{"@type":"Organization","@id":"https:\/\/tonmerckxwielershirts.nl\/pt\/#organization","name":"Tienda de ciclismo vintage","url":"https:\/\/tonmerckxwielershirts.nl\/pt\/","logo":{"@type":"ImageObject","inLanguage":"es","@id":"https:\/\/tonmerckxwielershirts.nl\/pt\/#\/schema\/logo\/image\/","url":"https:\/\/vintagecycling.store\/wp-content\/uploads\/2023\/03\/ton-merckx-logo.jpg","contentUrl":"https:\/\/vintagecycling.store\/wp-content\/uploads\/2023\/03\/ton-merckx-logo.jpg","width":391,"height":57,"caption":"Vintage Cycling Store"},"image":{"@id":"https:\/\/tonmerckxwielershirts.nl\/pt\/#\/schema\/logo\/image\/"}}]}},"_links":{"self":[{"href":"https:\/\/vintagecycling.store\/es\/wp-json\/wp\/v2\/product\/629","targetHints":{"allow":["GET"]}}],"collection":[{"href":"https:\/\/vintagecycling.store\/es\/wp-json\/wp\/v2\/product"}],"about":[{"href":"https:\/\/vintagecycling.store\/es\/wp-json\/wp\/v2\/types\/product"}],"wp:featuredmedia":[{"embeddable":true,"href":"https:\/\/vintagecycling.store\/es\/wp-json\/wp\/v2\/media\/302"}],"wp:attachment":[{"href":"https:\/\/vintagecycling.store\/es\/wp-json\/wp\/v2\/media?parent=629"}],"wp:term":[{"taxonomy":"product_brand","embeddable":true,"href":"https:\/\/vintagecycling.store\/es\/wp-json\/wp\/v2\/product_brand?post=629"},{"taxonomy":"product_cat","embeddable":true,"href":"https:\/\/vintagecycling.store\/es\/wp-json\/wp\/v2\/product_cat?post=629"},{"taxonomy":"product_tag","embeddable":true,"href":"https:\/\/vintagecycling.store\/es\/wp-json\/wp\/v2\/product_tag?post=629"}],"curies":[{"name":"gracias","href":"https:\/\/api.w.org\/{rel}","templated":true}]}}