{"id":2156,"date":"2023-01-24T17:46:28","date_gmt":"2023-01-24T17:46:28","guid":{"rendered":"https:\/\/ton.connectingminds.net\/product\/nationale-ploeg-2\/"},"modified":"2026-01-28T12:03:51","modified_gmt":"2026-01-28T11:03:51","slug":"equipe-nationale-2","status":"publish","type":"product","link":"https:\/\/vintagecycling.store\/fr\/retro-wielershirt\/nationale-ploeg-2\/","title":{"rendered":"MAILLOT DE CYCLISME DE L&#039;\u00c9QUIPE NATIONALE DE LA RDA"},"content":{"rendered":"<p>La chemise des c\u00e9l\u00e8bres STATE AMATEURS de la RDA (Allemagne de l&#039;Est).<\/p>\n<p>Les amateurs d&#039;\u00c9tat de la RDA ont remport\u00e9 de nombreuses courses en Allemagne et \u00e0 l&#039;\u00e9tranger, apr\u00e8s la chute du MUR, beaucoup sont devenus professionnels et le cyclisme allemand a prosp\u00e9r\u00e9 pendant plusieurs ann\u00e9es avec des coureurs tels que Olaf Ludwig, Uwe Raab et Jan Ullrich.<\/p>","protected":false},"excerpt":{"rendered":"<p>La chemise des c\u00e9l\u00e8bres STATE AMATEURS de la RDA (Allemagne de l&#039;Est). Les amateurs d&#039;\u00c9tat de la RDA ont remport\u00e9 de nombreuses courses en Allemagne et \u00e0 l&#039;\u00e9tranger, apr\u00e8s la chute du MUR, beaucoup sont devenus professionnels et le cyclisme allemand a prosp\u00e9r\u00e9 pendant plusieurs ann\u00e9es avec des coureurs tels que Olaf Ludwig, Uwe Raab et Jan Ullrich.<\/p>","protected":false},"featured_media":2155,"template":"","meta":[],"product_brand":[],"product_cat":[1372],"product_tag":[],"class_list":{"0":"post-2156","1":"product","2":"type-product","3":"status-publish","4":"has-post-thumbnail","6":"product_cat-nationale-teams","8":"first","9":"outofstock","10":"taxable","11":"shipping-taxable","12":"purchasable","13":"product-type-variable"},"yoast_head":"<!-- This site is optimized with the Yoast SEO plugin v27.4 - https:\/\/yoast.com\/product\/yoast-seo-wordpress\/ -->\n<title>DDR NATIONALE PLOEG                            WIELERSHIRT - Vintage Cycling Store<\/title>\n<meta name=\"robots\" content=\"index, follow, max-snippet:-1, max-image-preview:large, max-video-preview:-1\" \/>\n<link rel=\"canonical\" href=\"https:\/\/ton.connectingminds.net\/pt\/camisa-de-ciclismo-retro\/selecao-nacional-19\/\" \/>\n<meta property=\"og:locale\" content=\"fr_FR\" \/>\n<meta property=\"og:type\" content=\"article\" \/>\n<meta property=\"og:title\" content=\"DDR NATIONALE PLOEG                            WIELERSHIRT - Vintage Cycling Store\" \/>\n<meta property=\"og:description\" content=\"Het shirt van de Roemruchte STAATSAMATEURS van de DDR (Oost-Duitsland). De Staatsamateurs van de DDR wonnen veel koersen in binnen en buitenland, na het vallen van de MUUR werden er vele prof en floreerde de Duitse wielersport voor meerdere jaren met renners als Olaf Ludwig, Uwe Raab en Jan Ullrich\" \/>\n<meta property=\"og:url\" content=\"https:\/\/ton.connectingminds.net\/pt\/camisa-de-ciclismo-retro\/selecao-nacional-19\/\" \/>\n<meta property=\"og:site_name\" content=\"Vintage Cycling Store\" \/>\n<meta property=\"article:modified_time\" content=\"2026-01-28T11:03:51+00:00\" \/>\n<meta property=\"og:image\" content=\"https:\/\/ton.connectingminds.net\/wp-content\/uploads\/2023\/01\/SSA43373.jpg\" \/>\n\t<meta property=\"og:image:width\" content=\"1704\" \/>\n\t<meta property=\"og:image:height\" content=\"2272\" \/>\n\t<meta property=\"og:image:type\" content=\"image\/jpeg\" \/>\n<meta name=\"twitter:card\" content=\"summary_large_image\" \/>\n<meta name=\"twitter:label1\" content=\"Dur\u00e9e de lecture estim\u00e9e\" \/>\n\t<meta name=\"twitter:data1\" content=\"1 minute\" \/>\n<script type=\"application\/ld+json\" class=\"yoast-schema-graph\">{\"@context\":\"https:\\\/\\\/schema.org\",\"@graph\":[{\"@type\":\"WebPage\",\"@id\":\"https:\\\/\\\/ton.connectingminds.net\\\/pt\\\/camisa-de-ciclismo-retro\\\/selecao-nacional-19\\\/\",\"url\":\"https:\\\/\\\/ton.connectingminds.net\\\/pt\\\/camisa-de-ciclismo-retro\\\/selecao-nacional-19\\\/\",\"name\":\"DDR NATIONALE PLOEG WIELERSHIRT - Vintage Cycling Store\",\"isPartOf\":{\"@id\":\"https:\\\/\\\/mail.ton.connectingminds.net\\\/de\\\/#website\"},\"primaryImageOfPage\":{\"@id\":\"https:\\\/\\\/ton.connectingminds.net\\\/pt\\\/camisa-de-ciclismo-retro\\\/selecao-nacional-19\\\/#primaryimage\"},\"image\":{\"@id\":\"https:\\\/\\\/ton.connectingminds.net\\\/pt\\\/camisa-de-ciclismo-retro\\\/selecao-nacional-19\\\/#primaryimage\"},\"thumbnailUrl\":\"https:\\\/\\\/vintagecycling.store\\\/wp-content\\\/uploads\\\/2023\\\/01\\\/SSA43373.jpg\",\"datePublished\":\"2023-01-24T17:46:28+00:00\",\"dateModified\":\"2026-01-28T11:03:51+00:00\",\"breadcrumb\":{\"@id\":\"https:\\\/\\\/ton.connectingminds.net\\\/pt\\\/camisa-de-ciclismo-retro\\\/selecao-nacional-19\\\/#breadcrumb\"},\"inLanguage\":\"fr-FR\",\"potentialAction\":[{\"@type\":\"ReadAction\",\"target\":[\"https:\\\/\\\/ton.connectingminds.net\\\/pt\\\/camisa-de-ciclismo-retro\\\/selecao-nacional-19\\\/\"]}]},{\"@type\":\"ImageObject\",\"inLanguage\":\"fr-FR\",\"@id\":\"https:\\\/\\\/ton.connectingminds.net\\\/pt\\\/camisa-de-ciclismo-retro\\\/selecao-nacional-19\\\/#primaryimage\",\"url\":\"https:\\\/\\\/vintagecycling.store\\\/wp-content\\\/uploads\\\/2023\\\/01\\\/SSA43373.jpg\",\"contentUrl\":\"https:\\\/\\\/vintagecycling.store\\\/wp-content\\\/uploads\\\/2023\\\/01\\\/SSA43373.jpg\",\"width\":1704,\"height\":2272},{\"@type\":\"BreadcrumbList\",\"@id\":\"https:\\\/\\\/ton.connectingminds.net\\\/pt\\\/camisa-de-ciclismo-retro\\\/selecao-nacional-19\\\/#breadcrumb\",\"itemListElement\":[{\"@type\":\"ListItem\",\"position\":1,\"name\":\"Home\",\"item\":\"https:\\\/\\\/mail.ton.connectingminds.net\\\/de\\\/\"},{\"@type\":\"ListItem\",\"position\":2,\"name\":\"Retro wielershirts\",\"item\":\"https:\\\/\\\/mail.ton.connectingminds.net\\\/de\\\/retro-radtrikots\\\/\"},{\"@type\":\"ListItem\",\"position\":3,\"name\":\"DDR NATIONALE PLOEG WIELERSHIRT\"}]},{\"@type\":\"WebSite\",\"@id\":\"https:\\\/\\\/mail.ton.connectingminds.net\\\/de\\\/#website\",\"url\":\"https:\\\/\\\/mail.ton.connectingminds.net\\\/de\\\/\",\"name\":\"Vintage Cycling Store\",\"description\":\"thousands of original cycling jerseys - order your replica!\",\"publisher\":{\"@id\":\"https:\\\/\\\/mail.ton.connectingminds.net\\\/de\\\/#organization\"},\"potentialAction\":[{\"@type\":\"SearchAction\",\"target\":{\"@type\":\"EntryPoint\",\"urlTemplate\":\"https:\\\/\\\/mail.ton.connectingminds.net\\\/de\\\/?s={search_term_string}\"},\"query-input\":{\"@type\":\"PropertyValueSpecification\",\"valueRequired\":true,\"valueName\":\"search_term_string\"}}],\"inLanguage\":\"fr-FR\"},{\"@type\":\"Organization\",\"@id\":\"https:\\\/\\\/mail.ton.connectingminds.net\\\/de\\\/#organization\",\"name\":\"Vintage Cycling Store\",\"url\":\"https:\\\/\\\/mail.ton.connectingminds.net\\\/de\\\/\",\"logo\":{\"@type\":\"ImageObject\",\"inLanguage\":\"fr-FR\",\"@id\":\"https:\\\/\\\/mail.ton.connectingminds.net\\\/de\\\/#\\\/schema\\\/logo\\\/image\\\/\",\"url\":\"https:\\\/\\\/vintagecycling.store\\\/wp-content\\\/uploads\\\/2023\\\/03\\\/ton-merckx-logo.jpg\",\"contentUrl\":\"https:\\\/\\\/vintagecycling.store\\\/wp-content\\\/uploads\\\/2023\\\/03\\\/ton-merckx-logo.jpg\",\"width\":391,\"height\":57,\"caption\":\"Vintage Cycling Store\"},\"image\":{\"@id\":\"https:\\\/\\\/mail.ton.connectingminds.net\\\/de\\\/#\\\/schema\\\/logo\\\/image\\\/\"}}]}<\/script>\n<!-- \/ Yoast SEO plugin. -->","yoast_head_json":{"title":"CHEMISE DE CYCLISME DE L&#039;\u00c9QUIPE NATIONALE DE LA RDA - Vintage Cycling Store","robots":{"index":"index","follow":"follow","max-snippet":"max-snippet:-1","max-image-preview":"max-image-preview:large","max-video-preview":"max-video-preview:-1"},"canonical":"https:\/\/ton.connectingminds.net\/pt\/camisa-de-ciclismo-retro\/selecao-nacional-19\/","og_locale":"fr_FR","og_type":"article","og_title":"DDR NATIONALE PLOEG                            WIELERSHIRT - Vintage Cycling Store","og_description":"Het shirt van de Roemruchte STAATSAMATEURS van de DDR (Oost-Duitsland). De Staatsamateurs van de DDR wonnen veel koersen in binnen en buitenland, na het vallen van de MUUR werden er vele prof en floreerde de Duitse wielersport voor meerdere jaren met renners als Olaf Ludwig, Uwe Raab en Jan Ullrich","og_url":"https:\/\/ton.connectingminds.net\/pt\/camisa-de-ciclismo-retro\/selecao-nacional-19\/","og_site_name":"Vintage Cycling Store","article_modified_time":"2026-01-28T11:03:51+00:00","og_image":[{"width":1704,"height":2272,"url":"https:\/\/ton.connectingminds.net\/wp-content\/uploads\/2023\/01\/SSA43373.jpg","type":"image\/jpeg"}],"twitter_card":"summary_large_image","twitter_misc":{"Dur\u00e9e de lecture estim\u00e9e":"1 minute"},"schema":{"@context":"https:\/\/schema.org","@graph":[{"@type":"WebPage","@id":"https:\/\/ton.connectingminds.net\/pt\/camisa-de-ciclismo-retro\/selecao-nacional-19\/","url":"https:\/\/ton.connectingminds.net\/pt\/camisa-de-ciclismo-retro\/selecao-nacional-19\/","name":"CHEMISE DE CYCLISME DE L&#039;\u00c9QUIPE NATIONALE DE LA RDA - Vintage Cycling Store","isPartOf":{"@id":"https:\/\/mail.ton.connectingminds.net\/de\/#website"},"primaryImageOfPage":{"@id":"https:\/\/ton.connectingminds.net\/pt\/camisa-de-ciclismo-retro\/selecao-nacional-19\/#primaryimage"},"image":{"@id":"https:\/\/ton.connectingminds.net\/pt\/camisa-de-ciclismo-retro\/selecao-nacional-19\/#primaryimage"},"thumbnailUrl":"https:\/\/vintagecycling.store\/wp-content\/uploads\/2023\/01\/SSA43373.jpg","datePublished":"2023-01-24T17:46:28+00:00","dateModified":"2026-01-28T11:03:51+00:00","breadcrumb":{"@id":"https:\/\/ton.connectingminds.net\/pt\/camisa-de-ciclismo-retro\/selecao-nacional-19\/#breadcrumb"},"inLanguage":"fr-FR","potentialAction":[{"@type":"ReadAction","target":["https:\/\/ton.connectingminds.net\/pt\/camisa-de-ciclismo-retro\/selecao-nacional-19\/"]}]},{"@type":"ImageObject","inLanguage":"fr-FR","@id":"https:\/\/ton.connectingminds.net\/pt\/camisa-de-ciclismo-retro\/selecao-nacional-19\/#primaryimage","url":"https:\/\/vintagecycling.store\/wp-content\/uploads\/2023\/01\/SSA43373.jpg","contentUrl":"https:\/\/vintagecycling.store\/wp-content\/uploads\/2023\/01\/SSA43373.jpg","width":1704,"height":2272},{"@type":"BreadcrumbList","@id":"https:\/\/ton.connectingminds.net\/pt\/camisa-de-ciclismo-retro\/selecao-nacional-19\/#breadcrumb","itemListElement":[{"@type":"ListItem","position":1,"name":"Home","item":"https:\/\/mail.ton.connectingminds.net\/de\/"},{"@type":"ListItem","position":2,"name":"Retro wielershirts","item":"https:\/\/mail.ton.connectingminds.net\/de\/retro-radtrikots\/"},{"@type":"ListItem","position":3,"name":"DDR NATIONALE PLOEG WIELERSHIRT"}]},{"@type":"WebSite","@id":"https:\/\/mail.ton.connectingminds.net\/de\/#website","url":"https:\/\/mail.ton.connectingminds.net\/de\/","name":"Magasin de cyclisme vintage","description":"des milliers de maillots de cyclisme originaux - commandez votre r\u00e9plique !","publisher":{"@id":"https:\/\/mail.ton.connectingminds.net\/de\/#organization"},"potentialAction":[{"@type":"SearchAction","target":{"@type":"EntryPoint","urlTemplate":"https:\/\/mail.ton.connectingminds.net\/de\/?s={search_term_string}"},"query-input":{"@type":"PropertyValueSpecification","valueRequired":true,"valueName":"search_term_string"}}],"inLanguage":"fr-FR"},{"@type":"Organization","@id":"https:\/\/mail.ton.connectingminds.net\/de\/#organization","name":"Magasin de cyclisme vintage","url":"https:\/\/mail.ton.connectingminds.net\/de\/","logo":{"@type":"ImageObject","inLanguage":"fr-FR","@id":"https:\/\/mail.ton.connectingminds.net\/de\/#\/schema\/logo\/image\/","url":"https:\/\/vintagecycling.store\/wp-content\/uploads\/2023\/03\/ton-merckx-logo.jpg","contentUrl":"https:\/\/vintagecycling.store\/wp-content\/uploads\/2023\/03\/ton-merckx-logo.jpg","width":391,"height":57,"caption":"Vintage Cycling Store"},"image":{"@id":"https:\/\/mail.ton.connectingminds.net\/de\/#\/schema\/logo\/image\/"}}]}},"_links":{"self":[{"href":"https:\/\/vintagecycling.store\/fr\/wp-json\/wp\/v2\/product\/2156","targetHints":{"allow":["GET"]}}],"collection":[{"href":"https:\/\/vintagecycling.store\/fr\/wp-json\/wp\/v2\/product"}],"about":[{"href":"https:\/\/vintagecycling.store\/fr\/wp-json\/wp\/v2\/types\/product"}],"wp:featuredmedia":[{"embeddable":true,"href":"https:\/\/vintagecycling.store\/fr\/wp-json\/wp\/v2\/media\/2155"}],"wp:attachment":[{"href":"https:\/\/vintagecycling.store\/fr\/wp-json\/wp\/v2\/media?parent=2156"}],"wp:term":[{"taxonomy":"product_brand","embeddable":true,"href":"https:\/\/vintagecycling.store\/fr\/wp-json\/wp\/v2\/product_brand?post=2156"},{"taxonomy":"product_cat","embeddable":true,"href":"https:\/\/vintagecycling.store\/fr\/wp-json\/wp\/v2\/product_cat?post=2156"},{"taxonomy":"product_tag","embeddable":true,"href":"https:\/\/vintagecycling.store\/fr\/wp-json\/wp\/v2\/product_tag?post=2156"}],"curies":[{"name":"wp","href":"https:\/\/api.w.org\/{rel}","templated":true}]}}