{"id":2684,"date":"2023-01-24T17:53:00","date_gmt":"2023-01-24T17:53:00","guid":{"rendered":"https:\/\/ton.connectingminds.net\/product\/francaise-des-jeux\/"},"modified":"2026-01-28T12:03:20","modified_gmt":"2026-01-28T11:03:20","slug":"joueur-de-jeux-francais","status":"publish","type":"product","link":"https:\/\/vintagecycling.store\/fr\/retro-wielershirt\/francaise-des-jeux\/","title":{"rendered":"LA FRANCAISE DES JEUX (a)-MAILLOT DE CYCLISME GITANE 1997"},"content":{"rendered":"<p>L&#039;\u00e9quipe a d\u00e9but\u00e9 en 1997 sous le nom de LA FRANCAISE DES JEUX.<\/p>\n<p>Plus tard, elle devient FRANCAISE DES JEUX, FDJEUX, FRANCAISE DES JEUX et FDJ.<\/p>\n<p>Dans cet aper\u00e7u, j&#039;ai utilis\u00e9 LA FRANCAISE DES JEUX.<\/p>","protected":false},"excerpt":{"rendered":"<p>L&#039;\u00e9quipe a d\u00e9but\u00e9 en 1997 sous le nom de LA FRANCAISE DES JEUX. Plus tard, elle devient FRANCAISE DES JEUX, FDJEUX, FRANCAISE DES JEUX et FDJ. Dans cet aper\u00e7u, j&#039;ai utilis\u00e9 LA FRANCAISE DES JEUX.<\/p>","protected":false},"featured_media":2683,"template":"","meta":[],"product_brand":[],"product_cat":[151],"product_tag":[],"class_list":{"0":"post-2684","1":"product","2":"type-product","3":"status-publish","4":"has-post-thumbnail","6":"product_cat-pro-team","8":"first","9":"onbackorder","10":"taxable","11":"shipping-taxable","12":"purchasable","13":"product-type-variable"},"yoast_head":"<!-- This site is optimized with the Yoast SEO plugin v27.5 - https:\/\/yoast.com\/product\/yoast-seo-wordpress\/ -->\n<title>LA FRANCAISE DES JEUX (a)-GITANE 1997   WIELERSHIRT - Vintage Cycling Store<\/title>\n<meta name=\"robots\" content=\"index, follow, max-snippet:-1, max-image-preview:large, max-video-preview:-1\" \/>\n<link rel=\"canonical\" href=\"https:\/\/mail.ton.connectingminds.net\/ja\/\u30ec\u30c8\u30ed\u306a\u30b5\u30a4\u30af\u30ea\u30f3\u30b0\u30b8\u30e3\u30fc\u30b8\/\u30d5\u30e9\u30f3\u30b9\u306e\u30b2\u30fc\u30e0\u30d7\u30ec\u30a4\u30e4\u30fc\/\" \/>\n<meta property=\"og:locale\" content=\"fr_FR\" \/>\n<meta property=\"og:type\" content=\"article\" \/>\n<meta property=\"og:title\" content=\"LA FRANCAISE DES JEUX (a)-GITANE 1997   WIELERSHIRT - Vintage Cycling Store\" \/>\n<meta property=\"og:description\" content=\"De ploeg begint in 1997 onder de naam LA FRANCAISE DES JEUX. Later wordt het FRANCAISE DES JEUX, FDJEUX, FRANCAISE DES JEUX en FDJ. In dit overzicht heb ik LA FRANCAISE DES JEUX aangehouden.\" \/>\n<meta property=\"og:url\" content=\"https:\/\/mail.ton.connectingminds.net\/ja\/\u30ec\u30c8\u30ed\u306a\u30b5\u30a4\u30af\u30ea\u30f3\u30b0\u30b8\u30e3\u30fc\u30b8\/\u30d5\u30e9\u30f3\u30b9\u306e\u30b2\u30fc\u30e0\u30d7\u30ec\u30a4\u30e4\u30fc\/\" \/>\n<meta property=\"og:site_name\" content=\"Vintage Cycling Store\" \/>\n<meta property=\"article:modified_time\" content=\"2026-01-28T11:03:20+00:00\" \/>\n<meta property=\"og:image\" content=\"https:\/\/mail.ton.connectingminds.net\/wp-content\/uploads\/2023\/01\/SSA43490.jpg\" \/>\n\t<meta property=\"og:image:width\" content=\"1704\" \/>\n\t<meta property=\"og:image:height\" content=\"2272\" \/>\n\t<meta property=\"og:image:type\" content=\"image\/jpeg\" \/>\n<meta name=\"twitter:card\" content=\"summary_large_image\" \/>\n<meta name=\"twitter:label1\" content=\"Dur\u00e9e de lecture estim\u00e9e\" \/>\n\t<meta name=\"twitter:data1\" content=\"1 minute\" \/>\n<script type=\"application\/ld+json\" class=\"yoast-schema-graph\">{\"@context\":\"https:\\\/\\\/schema.org\",\"@graph\":[{\"@type\":\"WebPage\",\"@id\":\"https:\\\/\\\/mail.ton.connectingminds.net\\\/ja\\\/%e3%83%ac%e3%83%88%e3%83%ad%e3%81%aa%e3%82%b5%e3%82%a4%e3%82%af%e3%83%aa%e3%83%b3%e3%82%b0%e3%82%b8%e3%83%a3%e3%83%bc%e3%82%b8\\\/%e3%83%95%e3%83%a9%e3%83%b3%e3%82%b9%e3%81%ae%e3%82%b2%e3%83%bc%e3%83%a0%e3%83%97%e3%83%ac%e3%82%a4%e3%83%a4%e3%83%bc\\\/\",\"url\":\"https:\\\/\\\/mail.ton.connectingminds.net\\\/ja\\\/%e3%83%ac%e3%83%88%e3%83%ad%e3%81%aa%e3%82%b5%e3%82%a4%e3%82%af%e3%83%aa%e3%83%b3%e3%82%b0%e3%82%b8%e3%83%a3%e3%83%bc%e3%82%b8\\\/%e3%83%95%e3%83%a9%e3%83%b3%e3%82%b9%e3%81%ae%e3%82%b2%e3%83%bc%e3%83%a0%e3%83%97%e3%83%ac%e3%82%a4%e3%83%a4%e3%83%bc\\\/\",\"name\":\"LA FRANCAISE DES JEUX (a)-GITANE 1997 WIELERSHIRT - Vintage Cycling Store\",\"isPartOf\":{\"@id\":\"https:\\\/\\\/www.tonmerckxwielershirts.nl\\\/es\\\/#website\"},\"primaryImageOfPage\":{\"@id\":\"https:\\\/\\\/mail.ton.connectingminds.net\\\/ja\\\/%e3%83%ac%e3%83%88%e3%83%ad%e3%81%aa%e3%82%b5%e3%82%a4%e3%82%af%e3%83%aa%e3%83%b3%e3%82%b0%e3%82%b8%e3%83%a3%e3%83%bc%e3%82%b8\\\/%e3%83%95%e3%83%a9%e3%83%b3%e3%82%b9%e3%81%ae%e3%82%b2%e3%83%bc%e3%83%a0%e3%83%97%e3%83%ac%e3%82%a4%e3%83%a4%e3%83%bc\\\/#primaryimage\"},\"image\":{\"@id\":\"https:\\\/\\\/mail.ton.connectingminds.net\\\/ja\\\/%e3%83%ac%e3%83%88%e3%83%ad%e3%81%aa%e3%82%b5%e3%82%a4%e3%82%af%e3%83%aa%e3%83%b3%e3%82%b0%e3%82%b8%e3%83%a3%e3%83%bc%e3%82%b8\\\/%e3%83%95%e3%83%a9%e3%83%b3%e3%82%b9%e3%81%ae%e3%82%b2%e3%83%bc%e3%83%a0%e3%83%97%e3%83%ac%e3%82%a4%e3%83%a4%e3%83%bc\\\/#primaryimage\"},\"thumbnailUrl\":\"https:\\\/\\\/vintagecycling.store\\\/wp-content\\\/uploads\\\/2023\\\/01\\\/SSA43490.jpg\",\"datePublished\":\"2023-01-24T17:53:00+00:00\",\"dateModified\":\"2026-01-28T11:03:20+00:00\",\"breadcrumb\":{\"@id\":\"https:\\\/\\\/mail.ton.connectingminds.net\\\/ja\\\/%e3%83%ac%e3%83%88%e3%83%ad%e3%81%aa%e3%82%b5%e3%82%a4%e3%82%af%e3%83%aa%e3%83%b3%e3%82%b0%e3%82%b8%e3%83%a3%e3%83%bc%e3%82%b8\\\/%e3%83%95%e3%83%a9%e3%83%b3%e3%82%b9%e3%81%ae%e3%82%b2%e3%83%bc%e3%83%a0%e3%83%97%e3%83%ac%e3%82%a4%e3%83%a4%e3%83%bc\\\/#breadcrumb\"},\"inLanguage\":\"fr-FR\",\"potentialAction\":[{\"@type\":\"ReadAction\",\"target\":[\"https:\\\/\\\/mail.ton.connectingminds.net\\\/ja\\\/%e3%83%ac%e3%83%88%e3%83%ad%e3%81%aa%e3%82%b5%e3%82%a4%e3%82%af%e3%83%aa%e3%83%b3%e3%82%b0%e3%82%b8%e3%83%a3%e3%83%bc%e3%82%b8\\\/%e3%83%95%e3%83%a9%e3%83%b3%e3%82%b9%e3%81%ae%e3%82%b2%e3%83%bc%e3%83%a0%e3%83%97%e3%83%ac%e3%82%a4%e3%83%a4%e3%83%bc\\\/\"]}]},{\"@type\":\"ImageObject\",\"inLanguage\":\"fr-FR\",\"@id\":\"https:\\\/\\\/mail.ton.connectingminds.net\\\/ja\\\/%e3%83%ac%e3%83%88%e3%83%ad%e3%81%aa%e3%82%b5%e3%82%a4%e3%82%af%e3%83%aa%e3%83%b3%e3%82%b0%e3%82%b8%e3%83%a3%e3%83%bc%e3%82%b8\\\/%e3%83%95%e3%83%a9%e3%83%b3%e3%82%b9%e3%81%ae%e3%82%b2%e3%83%bc%e3%83%a0%e3%83%97%e3%83%ac%e3%82%a4%e3%83%a4%e3%83%bc\\\/#primaryimage\",\"url\":\"https:\\\/\\\/vintagecycling.store\\\/wp-content\\\/uploads\\\/2023\\\/01\\\/SSA43490.jpg\",\"contentUrl\":\"https:\\\/\\\/vintagecycling.store\\\/wp-content\\\/uploads\\\/2023\\\/01\\\/SSA43490.jpg\",\"width\":1704,\"height\":2272},{\"@type\":\"BreadcrumbList\",\"@id\":\"https:\\\/\\\/mail.ton.connectingminds.net\\\/ja\\\/%e3%83%ac%e3%83%88%e3%83%ad%e3%81%aa%e3%82%b5%e3%82%a4%e3%82%af%e3%83%aa%e3%83%b3%e3%82%b0%e3%82%b8%e3%83%a3%e3%83%bc%e3%82%b8\\\/%e3%83%95%e3%83%a9%e3%83%b3%e3%82%b9%e3%81%ae%e3%82%b2%e3%83%bc%e3%83%a0%e3%83%97%e3%83%ac%e3%82%a4%e3%83%a4%e3%83%bc\\\/#breadcrumb\",\"itemListElement\":[{\"@type\":\"ListItem\",\"position\":1,\"name\":\"Home\",\"item\":\"https:\\\/\\\/www.tonmerckxwielershirts.nl\\\/es\\\/\"},{\"@type\":\"ListItem\",\"position\":2,\"name\":\"Retro wielershirts\",\"item\":\"https:\\\/\\\/www.tonmerckxwielershirts.nl\\\/es\\\/camisetas-de-ciclismo-retro\\\/\"},{\"@type\":\"ListItem\",\"position\":3,\"name\":\"LA FRANCAISE DES JEUX (a)-GITANE 1997 WIELERSHIRT\"}]},{\"@type\":\"WebSite\",\"@id\":\"https:\\\/\\\/www.tonmerckxwielershirts.nl\\\/es\\\/#website\",\"url\":\"https:\\\/\\\/www.tonmerckxwielershirts.nl\\\/es\\\/\",\"name\":\"Vintage Cycling Store\",\"description\":\"thousands of original cycling jerseys - order your replica!\",\"publisher\":{\"@id\":\"https:\\\/\\\/www.tonmerckxwielershirts.nl\\\/es\\\/#organization\"},\"potentialAction\":[{\"@type\":\"SearchAction\",\"target\":{\"@type\":\"EntryPoint\",\"urlTemplate\":\"https:\\\/\\\/www.tonmerckxwielershirts.nl\\\/es\\\/?s={search_term_string}\"},\"query-input\":{\"@type\":\"PropertyValueSpecification\",\"valueRequired\":true,\"valueName\":\"search_term_string\"}}],\"inLanguage\":\"fr-FR\"},{\"@type\":\"Organization\",\"@id\":\"https:\\\/\\\/www.tonmerckxwielershirts.nl\\\/es\\\/#organization\",\"name\":\"Vintage Cycling Store\",\"url\":\"https:\\\/\\\/www.tonmerckxwielershirts.nl\\\/es\\\/\",\"logo\":{\"@type\":\"ImageObject\",\"inLanguage\":\"fr-FR\",\"@id\":\"https:\\\/\\\/www.tonmerckxwielershirts.nl\\\/es\\\/#\\\/schema\\\/logo\\\/image\\\/\",\"url\":\"https:\\\/\\\/vintagecycling.store\\\/wp-content\\\/uploads\\\/2023\\\/03\\\/ton-merckx-logo.jpg\",\"contentUrl\":\"https:\\\/\\\/vintagecycling.store\\\/wp-content\\\/uploads\\\/2023\\\/03\\\/ton-merckx-logo.jpg\",\"width\":391,\"height\":57,\"caption\":\"Vintage Cycling Store\"},\"image\":{\"@id\":\"https:\\\/\\\/www.tonmerckxwielershirts.nl\\\/es\\\/#\\\/schema\\\/logo\\\/image\\\/\"}}]}<\/script>\n<!-- \/ Yoast SEO plugin. -->","yoast_head_json":{"title":"LE MAILLOT DE CYCLISME FRANCAISE DES JEUX (a)-GITANE 1997 - Vintage Cycling Store","robots":{"index":"index","follow":"follow","max-snippet":"max-snippet:-1","max-image-preview":"max-image-preview:large","max-video-preview":"max-video-preview:-1"},"canonical":"https:\/\/mail.ton.connectingminds.net\/ja\/\u30ec\u30c8\u30ed\u306a\u30b5\u30a4\u30af\u30ea\u30f3\u30b0\u30b8\u30e3\u30fc\u30b8\/\u30d5\u30e9\u30f3\u30b9\u306e\u30b2\u30fc\u30e0\u30d7\u30ec\u30a4\u30e4\u30fc\/","og_locale":"fr_FR","og_type":"article","og_title":"LA FRANCAISE DES JEUX (a)-GITANE 1997   WIELERSHIRT - Vintage Cycling Store","og_description":"De ploeg begint in 1997 onder de naam LA FRANCAISE DES JEUX. Later wordt het FRANCAISE DES JEUX, FDJEUX, FRANCAISE DES JEUX en FDJ. In dit overzicht heb ik LA FRANCAISE DES JEUX aangehouden.","og_url":"https:\/\/mail.ton.connectingminds.net\/ja\/\u30ec\u30c8\u30ed\u306a\u30b5\u30a4\u30af\u30ea\u30f3\u30b0\u30b8\u30e3\u30fc\u30b8\/\u30d5\u30e9\u30f3\u30b9\u306e\u30b2\u30fc\u30e0\u30d7\u30ec\u30a4\u30e4\u30fc\/","og_site_name":"Vintage Cycling Store","article_modified_time":"2026-01-28T11:03:20+00:00","og_image":[{"width":1704,"height":2272,"url":"https:\/\/mail.ton.connectingminds.net\/wp-content\/uploads\/2023\/01\/SSA43490.jpg","type":"image\/jpeg"}],"twitter_card":"summary_large_image","twitter_misc":{"Dur\u00e9e de lecture estim\u00e9e":"1 minute"},"schema":{"@context":"https:\/\/schema.org","@graph":[{"@type":"WebPage","@id":"https:\/\/mail.ton.connectingminds.net\/ja\/%e3%83%ac%e3%83%88%e3%83%ad%e3%81%aa%e3%82%b5%e3%82%a4%e3%82%af%e3%83%aa%e3%83%b3%e3%82%b0%e3%82%b8%e3%83%a3%e3%83%bc%e3%82%b8\/%e3%83%95%e3%83%a9%e3%83%b3%e3%82%b9%e3%81%ae%e3%82%b2%e3%83%bc%e3%83%a0%e3%83%97%e3%83%ac%e3%82%a4%e3%83%a4%e3%83%bc\/","url":"https:\/\/mail.ton.connectingminds.net\/ja\/%e3%83%ac%e3%83%88%e3%83%ad%e3%81%aa%e3%82%b5%e3%82%a4%e3%82%af%e3%83%aa%e3%83%b3%e3%82%b0%e3%82%b8%e3%83%a3%e3%83%bc%e3%82%b8\/%e3%83%95%e3%83%a9%e3%83%b3%e3%82%b9%e3%81%ae%e3%82%b2%e3%83%bc%e3%83%a0%e3%83%97%e3%83%ac%e3%82%a4%e3%83%a4%e3%83%bc\/","name":"LE MAILLOT DE CYCLISME FRANCAISE DES JEUX (a)-GITANE 1997 - Vintage Cycling Store","isPartOf":{"@id":"https:\/\/www.tonmerckxwielershirts.nl\/es\/#website"},"primaryImageOfPage":{"@id":"https:\/\/mail.ton.connectingminds.net\/ja\/%e3%83%ac%e3%83%88%e3%83%ad%e3%81%aa%e3%82%b5%e3%82%a4%e3%82%af%e3%83%aa%e3%83%b3%e3%82%b0%e3%82%b8%e3%83%a3%e3%83%bc%e3%82%b8\/%e3%83%95%e3%83%a9%e3%83%b3%e3%82%b9%e3%81%ae%e3%82%b2%e3%83%bc%e3%83%a0%e3%83%97%e3%83%ac%e3%82%a4%e3%83%a4%e3%83%bc\/#primaryimage"},"image":{"@id":"https:\/\/mail.ton.connectingminds.net\/ja\/%e3%83%ac%e3%83%88%e3%83%ad%e3%81%aa%e3%82%b5%e3%82%a4%e3%82%af%e3%83%aa%e3%83%b3%e3%82%b0%e3%82%b8%e3%83%a3%e3%83%bc%e3%82%b8\/%e3%83%95%e3%83%a9%e3%83%b3%e3%82%b9%e3%81%ae%e3%82%b2%e3%83%bc%e3%83%a0%e3%83%97%e3%83%ac%e3%82%a4%e3%83%a4%e3%83%bc\/#primaryimage"},"thumbnailUrl":"https:\/\/vintagecycling.store\/wp-content\/uploads\/2023\/01\/SSA43490.jpg","datePublished":"2023-01-24T17:53:00+00:00","dateModified":"2026-01-28T11:03:20+00:00","breadcrumb":{"@id":"https:\/\/mail.ton.connectingminds.net\/ja\/%e3%83%ac%e3%83%88%e3%83%ad%e3%81%aa%e3%82%b5%e3%82%a4%e3%82%af%e3%83%aa%e3%83%b3%e3%82%b0%e3%82%b8%e3%83%a3%e3%83%bc%e3%82%b8\/%e3%83%95%e3%83%a9%e3%83%b3%e3%82%b9%e3%81%ae%e3%82%b2%e3%83%bc%e3%83%a0%e3%83%97%e3%83%ac%e3%82%a4%e3%83%a4%e3%83%bc\/#breadcrumb"},"inLanguage":"fr-FR","potentialAction":[{"@type":"ReadAction","target":["https:\/\/mail.ton.connectingminds.net\/ja\/%e3%83%ac%e3%83%88%e3%83%ad%e3%81%aa%e3%82%b5%e3%82%a4%e3%82%af%e3%83%aa%e3%83%b3%e3%82%b0%e3%82%b8%e3%83%a3%e3%83%bc%e3%82%b8\/%e3%83%95%e3%83%a9%e3%83%b3%e3%82%b9%e3%81%ae%e3%82%b2%e3%83%bc%e3%83%a0%e3%83%97%e3%83%ac%e3%82%a4%e3%83%a4%e3%83%bc\/"]}]},{"@type":"ImageObject","inLanguage":"fr-FR","@id":"https:\/\/mail.ton.connectingminds.net\/ja\/%e3%83%ac%e3%83%88%e3%83%ad%e3%81%aa%e3%82%b5%e3%82%a4%e3%82%af%e3%83%aa%e3%83%b3%e3%82%b0%e3%82%b8%e3%83%a3%e3%83%bc%e3%82%b8\/%e3%83%95%e3%83%a9%e3%83%b3%e3%82%b9%e3%81%ae%e3%82%b2%e3%83%bc%e3%83%a0%e3%83%97%e3%83%ac%e3%82%a4%e3%83%a4%e3%83%bc\/#primaryimage","url":"https:\/\/vintagecycling.store\/wp-content\/uploads\/2023\/01\/SSA43490.jpg","contentUrl":"https:\/\/vintagecycling.store\/wp-content\/uploads\/2023\/01\/SSA43490.jpg","width":1704,"height":2272},{"@type":"BreadcrumbList","@id":"https:\/\/mail.ton.connectingminds.net\/ja\/%e3%83%ac%e3%83%88%e3%83%ad%e3%81%aa%e3%82%b5%e3%82%a4%e3%82%af%e3%83%aa%e3%83%b3%e3%82%b0%e3%82%b8%e3%83%a3%e3%83%bc%e3%82%b8\/%e3%83%95%e3%83%a9%e3%83%b3%e3%82%b9%e3%81%ae%e3%82%b2%e3%83%bc%e3%83%a0%e3%83%97%e3%83%ac%e3%82%a4%e3%83%a4%e3%83%bc\/#breadcrumb","itemListElement":[{"@type":"ListItem","position":1,"name":"Home","item":"https:\/\/www.tonmerckxwielershirts.nl\/es\/"},{"@type":"ListItem","position":2,"name":"Retro wielershirts","item":"https:\/\/www.tonmerckxwielershirts.nl\/es\/camisetas-de-ciclismo-retro\/"},{"@type":"ListItem","position":3,"name":"LA FRANCAISE DES JEUX (a)-GITANE 1997 WIELERSHIRT"}]},{"@type":"WebSite","@id":"https:\/\/www.tonmerckxwielershirts.nl\/es\/#website","url":"https:\/\/www.tonmerckxwielershirts.nl\/es\/","name":"Magasin de cyclisme vintage","description":"des milliers de maillots de cyclisme originaux - commandez votre r\u00e9plique !","publisher":{"@id":"https:\/\/www.tonmerckxwielershirts.nl\/es\/#organization"},"potentialAction":[{"@type":"SearchAction","target":{"@type":"EntryPoint","urlTemplate":"https:\/\/www.tonmerckxwielershirts.nl\/es\/?s={search_term_string}"},"query-input":{"@type":"PropertyValueSpecification","valueRequired":true,"valueName":"search_term_string"}}],"inLanguage":"fr-FR"},{"@type":"Organization","@id":"https:\/\/www.tonmerckxwielershirts.nl\/es\/#organization","name":"Magasin de cyclisme vintage","url":"https:\/\/www.tonmerckxwielershirts.nl\/es\/","logo":{"@type":"ImageObject","inLanguage":"fr-FR","@id":"https:\/\/www.tonmerckxwielershirts.nl\/es\/#\/schema\/logo\/image\/","url":"https:\/\/vintagecycling.store\/wp-content\/uploads\/2023\/03\/ton-merckx-logo.jpg","contentUrl":"https:\/\/vintagecycling.store\/wp-content\/uploads\/2023\/03\/ton-merckx-logo.jpg","width":391,"height":57,"caption":"Vintage Cycling Store"},"image":{"@id":"https:\/\/www.tonmerckxwielershirts.nl\/es\/#\/schema\/logo\/image\/"}}]}},"_links":{"self":[{"href":"https:\/\/vintagecycling.store\/fr\/wp-json\/wp\/v2\/product\/2684","targetHints":{"allow":["GET"]}}],"collection":[{"href":"https:\/\/vintagecycling.store\/fr\/wp-json\/wp\/v2\/product"}],"about":[{"href":"https:\/\/vintagecycling.store\/fr\/wp-json\/wp\/v2\/types\/product"}],"wp:featuredmedia":[{"embeddable":true,"href":"https:\/\/vintagecycling.store\/fr\/wp-json\/wp\/v2\/media\/2683"}],"wp:attachment":[{"href":"https:\/\/vintagecycling.store\/fr\/wp-json\/wp\/v2\/media?parent=2684"}],"wp:term":[{"taxonomy":"product_brand","embeddable":true,"href":"https:\/\/vintagecycling.store\/fr\/wp-json\/wp\/v2\/product_brand?post=2684"},{"taxonomy":"product_cat","embeddable":true,"href":"https:\/\/vintagecycling.store\/fr\/wp-json\/wp\/v2\/product_cat?post=2684"},{"taxonomy":"product_tag","embeddable":true,"href":"https:\/\/vintagecycling.store\/fr\/wp-json\/wp\/v2\/product_tag?post=2684"}],"curies":[{"name":"wp","href":"https:\/\/api.w.org\/{rel}","templated":true}]}}