{"id":29253,"date":"2024-05-23T21:16:39","date_gmt":"2024-05-23T19:16:39","guid":{"rendered":"https:\/\/vintagecycling.store\/?post_type=product&#038;p=29253"},"modified":"2026-01-28T12:00:40","modified_gmt":"2026-01-28T11:00:40","slug":"garmin-sharp-2014","status":"publish","type":"product","link":"https:\/\/vintagecycling.store\/fr\/retro-wielershirt\/garmin-sharp-2014\/","title":{"rendered":"GARMIN-SHARP \u2013 2014 \u2013 Maillot de cyclisme"},"content":{"rendered":"<p>GARMIN-SHARP \u00e9tait une \u00e9quipe cycliste professionnelle active en 2014. L&#039;\u00e9quipe \u00e9tait connue pour sa forte concentration sur le sport propre et les politiques antidopage. GARMIN-SHARP comptait une s\u00e9lection diversifi\u00e9e de coureurs de diff\u00e9rents pays, dont de grands noms du cyclisme. En 2014, l&#039;\u00e9quipe a particip\u00e9 aux courses cyclistes les plus importantes telles que le Tour de France, le Giro d&#039;Italia et la Vuelta a Espa\u00f1a. L&#039;une des r\u00e9alisations notables de l&#039;\u00e9quipe cette ann\u00e9e-l\u00e0 fut la victoire de Daniel Martin sur le Tour de Lombardie. L&#039;\u00e9quipe \u00e9tait dirig\u00e9e par Jonathan Vaughters, un ancien cycliste professionnel. GARMIN-SHARP \u00e9tait \u00e9galement connu pour son approche innovante en mati\u00e8re de formation et de technologie. Le sponsor, Garmin, a fourni un \u00e9quipement GPS avanc\u00e9 et Sharp \u00e9tait un partenaire cl\u00e9 dans le secteur de la technologie et des communications. L&#039;\u00e9quipe avait une solide base de fans et \u00e9tait appr\u00e9ci\u00e9e pour son esprit sportif et sa pers\u00e9v\u00e9rance.<\/p>","protected":false},"excerpt":{"rendered":"<p>GARMIN-SHARP \u00e9tait une \u00e9quipe cycliste professionnelle active en 2014. L&#039;\u00e9quipe \u00e9tait connue pour sa forte concentration sur le sport propre et les politiques antidopage.<\/p>","protected":false},"featured_media":29254,"template":"","meta":[],"product_brand":[],"product_cat":[151],"product_tag":[],"class_list":{"0":"post-29253","1":"product","2":"type-product","3":"status-publish","4":"has-post-thumbnail","6":"product_cat-pro-team","8":"first","9":"onbackorder","10":"taxable","11":"shipping-taxable","12":"purchasable","13":"product-type-variable"},"yoast_head":"<!-- This site is optimized with the Yoast SEO plugin v27.4 - https:\/\/yoast.com\/product\/yoast-seo-wordpress\/ -->\n<title>GARMIN-SHARP - 2014 - Wielershirt - Vintage Cycling Store<\/title>\n<meta name=\"description\" content=\"Wielershirt GARMIN-SHARP was een professioneel wielerteam dat actief was in 2014. Het team stond bekend om zijn sterke focus op schone sport en anti-dopingbeleid\" \/>\n<meta name=\"robots\" content=\"index, follow, max-snippet:-1, max-image-preview:large, max-video-preview:-1\" \/>\n<link rel=\"canonical\" href=\"https:\/\/mail.ton-merckx-wielershirts.nl\/it\/maglia-da-ciclismo-retro\/garmin-sharp-2014\/\" \/>\n<meta property=\"og:locale\" content=\"fr_FR\" \/>\n<meta property=\"og:type\" content=\"article\" \/>\n<meta property=\"og:title\" content=\"GARMIN-SHARP - 2014 - Wielershirt - Vintage Cycling Store\" \/>\n<meta property=\"og:description\" content=\"Wielershirt GARMIN-SHARP was een professioneel wielerteam dat actief was in 2014. Het team stond bekend om zijn sterke focus op schone sport en anti-dopingbeleid\" \/>\n<meta property=\"og:url\" content=\"https:\/\/mail.ton-merckx-wielershirts.nl\/it\/maglia-da-ciclismo-retro\/garmin-sharp-2014\/\" \/>\n<meta property=\"og:site_name\" content=\"Vintage Cycling Store\" \/>\n<meta property=\"article:modified_time\" content=\"2026-01-28T11:00:40+00:00\" \/>\n<meta property=\"og:image\" content=\"https:\/\/mail.ton-merckx-wielershirts.nl\/wp-content\/uploads\/2024\/05\/GARMIN-SHARP-2014-scaled.jpg\" \/>\n\t<meta property=\"og:image:width\" content=\"1920\" \/>\n\t<meta property=\"og:image:height\" content=\"2560\" \/>\n\t<meta property=\"og:image:type\" content=\"image\/jpeg\" \/>\n<meta name=\"twitter:card\" content=\"summary_large_image\" \/>\n<meta name=\"twitter:label1\" content=\"Dur\u00e9e de lecture estim\u00e9e\" \/>\n\t<meta name=\"twitter:data1\" content=\"1 minute\" \/>\n<script type=\"application\/ld+json\" class=\"yoast-schema-graph\">{\"@context\":\"https:\\\/\\\/schema.org\",\"@graph\":[{\"@type\":\"WebPage\",\"@id\":\"https:\\\/\\\/mail.ton-merckx-wielershirts.nl\\\/it\\\/maglia-da-ciclismo-retro\\\/garmin-sharp-2014\\\/\",\"url\":\"https:\\\/\\\/mail.ton-merckx-wielershirts.nl\\\/it\\\/maglia-da-ciclismo-retro\\\/garmin-sharp-2014\\\/\",\"name\":\"GARMIN-SHARP - 2014 - Wielershirt - Vintage Cycling Store\",\"isPartOf\":{\"@id\":\"https:\\\/\\\/mail.ton-merckx-wielershirts.nl\\\/#website\"},\"primaryImageOfPage\":{\"@id\":\"https:\\\/\\\/mail.ton-merckx-wielershirts.nl\\\/it\\\/maglia-da-ciclismo-retro\\\/garmin-sharp-2014\\\/#primaryimage\"},\"image\":{\"@id\":\"https:\\\/\\\/mail.ton-merckx-wielershirts.nl\\\/it\\\/maglia-da-ciclismo-retro\\\/garmin-sharp-2014\\\/#primaryimage\"},\"thumbnailUrl\":\"https:\\\/\\\/vintagecycling.store\\\/wp-content\\\/uploads\\\/2024\\\/05\\\/GARMIN-SHARP-2014-scaled.jpg\",\"datePublished\":\"2024-05-23T19:16:39+00:00\",\"dateModified\":\"2026-01-28T11:00:40+00:00\",\"description\":\"Wielershirt GARMIN-SHARP was een professioneel wielerteam dat actief was in 2014. Het team stond bekend om zijn sterke focus op schone sport en anti-dopingbeleid\",\"breadcrumb\":{\"@id\":\"https:\\\/\\\/mail.ton-merckx-wielershirts.nl\\\/it\\\/maglia-da-ciclismo-retro\\\/garmin-sharp-2014\\\/#breadcrumb\"},\"inLanguage\":\"fr-FR\",\"potentialAction\":[{\"@type\":\"ReadAction\",\"target\":[\"https:\\\/\\\/mail.ton-merckx-wielershirts.nl\\\/it\\\/maglia-da-ciclismo-retro\\\/garmin-sharp-2014\\\/\"]}]},{\"@type\":\"ImageObject\",\"inLanguage\":\"fr-FR\",\"@id\":\"https:\\\/\\\/mail.ton-merckx-wielershirts.nl\\\/it\\\/maglia-da-ciclismo-retro\\\/garmin-sharp-2014\\\/#primaryimage\",\"url\":\"https:\\\/\\\/vintagecycling.store\\\/wp-content\\\/uploads\\\/2024\\\/05\\\/GARMIN-SHARP-2014-scaled.jpg\",\"contentUrl\":\"https:\\\/\\\/vintagecycling.store\\\/wp-content\\\/uploads\\\/2024\\\/05\\\/GARMIN-SHARP-2014-scaled.jpg\",\"width\":1920,\"height\":2560},{\"@type\":\"BreadcrumbList\",\"@id\":\"https:\\\/\\\/mail.ton-merckx-wielershirts.nl\\\/it\\\/maglia-da-ciclismo-retro\\\/garmin-sharp-2014\\\/#breadcrumb\",\"itemListElement\":[{\"@type\":\"ListItem\",\"position\":1,\"name\":\"Home\",\"item\":\"https:\\\/\\\/mail.ton-merckx-wielershirts.nl\\\/\"},{\"@type\":\"ListItem\",\"position\":2,\"name\":\"Retro wielershirts\",\"item\":\"https:\\\/\\\/mail.cyclingoriginals.com\\\/it\\\/maglie-da-ciclismo-retro\\\/\"},{\"@type\":\"ListItem\",\"position\":3,\"name\":\"GARMIN-SHARP &#8211; 2014 &#8211; Wielershirt\"}]},{\"@type\":\"WebSite\",\"@id\":\"https:\\\/\\\/mail.ton-merckx-wielershirts.nl\\\/#website\",\"url\":\"https:\\\/\\\/mail.ton-merckx-wielershirts.nl\\\/\",\"name\":\"Vintage Cycling Store\",\"description\":\"thousands of original cycling jerseys - order your replica!\",\"publisher\":{\"@id\":\"https:\\\/\\\/mail.ton-merckx-wielershirts.nl\\\/#organization\"},\"potentialAction\":[{\"@type\":\"SearchAction\",\"target\":{\"@type\":\"EntryPoint\",\"urlTemplate\":\"https:\\\/\\\/mail.ton-merckx-wielershirts.nl\\\/?s={search_term_string}\"},\"query-input\":{\"@type\":\"PropertyValueSpecification\",\"valueRequired\":true,\"valueName\":\"search_term_string\"}}],\"inLanguage\":\"fr-FR\"},{\"@type\":\"Organization\",\"@id\":\"https:\\\/\\\/mail.ton-merckx-wielershirts.nl\\\/#organization\",\"name\":\"Vintage Cycling Store\",\"url\":\"https:\\\/\\\/mail.ton-merckx-wielershirts.nl\\\/\",\"logo\":{\"@type\":\"ImageObject\",\"inLanguage\":\"fr-FR\",\"@id\":\"https:\\\/\\\/mail.ton-merckx-wielershirts.nl\\\/#\\\/schema\\\/logo\\\/image\\\/\",\"url\":\"https:\\\/\\\/vintagecycling.store\\\/wp-content\\\/uploads\\\/2023\\\/03\\\/ton-merckx-logo.jpg\",\"contentUrl\":\"https:\\\/\\\/vintagecycling.store\\\/wp-content\\\/uploads\\\/2023\\\/03\\\/ton-merckx-logo.jpg\",\"width\":391,\"height\":57,\"caption\":\"Vintage Cycling Store\"},\"image\":{\"@id\":\"https:\\\/\\\/mail.ton-merckx-wielershirts.nl\\\/#\\\/schema\\\/logo\\\/image\\\/\"}}]}<\/script>\n<!-- \/ Yoast SEO plugin. -->","yoast_head_json":{"title":"GARMIN-SHARP - 2014 - Maillot cyclisme - Vintage Cycling Store","description":"Maillot de cyclisme GARMIN-SHARP \u00e9tait une \u00e9quipe cycliste professionnelle active en 2014. L&#039;\u00e9quipe \u00e9tait connue pour sa forte concentration sur le sport propre et ses politiques antidopage.","robots":{"index":"index","follow":"follow","max-snippet":"max-snippet:-1","max-image-preview":"max-image-preview:large","max-video-preview":"max-video-preview:-1"},"canonical":"https:\/\/mail.ton-merckx-wielershirts.nl\/it\/maglia-da-ciclismo-retro\/garmin-sharp-2014\/","og_locale":"fr_FR","og_type":"article","og_title":"GARMIN-SHARP - 2014 - Wielershirt - Vintage Cycling Store","og_description":"Wielershirt GARMIN-SHARP was een professioneel wielerteam dat actief was in 2014. Het team stond bekend om zijn sterke focus op schone sport en anti-dopingbeleid","og_url":"https:\/\/mail.ton-merckx-wielershirts.nl\/it\/maglia-da-ciclismo-retro\/garmin-sharp-2014\/","og_site_name":"Vintage Cycling Store","article_modified_time":"2026-01-28T11:00:40+00:00","og_image":[{"width":1920,"height":2560,"url":"https:\/\/mail.ton-merckx-wielershirts.nl\/wp-content\/uploads\/2024\/05\/GARMIN-SHARP-2014-scaled.jpg","type":"image\/jpeg"}],"twitter_card":"summary_large_image","twitter_misc":{"Dur\u00e9e de lecture estim\u00e9e":"1 minute"},"schema":{"@context":"https:\/\/schema.org","@graph":[{"@type":"WebPage","@id":"https:\/\/mail.ton-merckx-wielershirts.nl\/it\/maglia-da-ciclismo-retro\/garmin-sharp-2014\/","url":"https:\/\/mail.ton-merckx-wielershirts.nl\/it\/maglia-da-ciclismo-retro\/garmin-sharp-2014\/","name":"GARMIN-SHARP - 2014 - Maillot cyclisme - Vintage Cycling Store","isPartOf":{"@id":"https:\/\/mail.ton-merckx-wielershirts.nl\/#website"},"primaryImageOfPage":{"@id":"https:\/\/mail.ton-merckx-wielershirts.nl\/it\/maglia-da-ciclismo-retro\/garmin-sharp-2014\/#primaryimage"},"image":{"@id":"https:\/\/mail.ton-merckx-wielershirts.nl\/it\/maglia-da-ciclismo-retro\/garmin-sharp-2014\/#primaryimage"},"thumbnailUrl":"https:\/\/vintagecycling.store\/wp-content\/uploads\/2024\/05\/GARMIN-SHARP-2014-scaled.jpg","datePublished":"2024-05-23T19:16:39+00:00","dateModified":"2026-01-28T11:00:40+00:00","description":"Maillot de cyclisme GARMIN-SHARP \u00e9tait une \u00e9quipe cycliste professionnelle active en 2014. L&#039;\u00e9quipe \u00e9tait connue pour sa forte concentration sur le sport propre et ses politiques antidopage.","breadcrumb":{"@id":"https:\/\/mail.ton-merckx-wielershirts.nl\/it\/maglia-da-ciclismo-retro\/garmin-sharp-2014\/#breadcrumb"},"inLanguage":"fr-FR","potentialAction":[{"@type":"ReadAction","target":["https:\/\/mail.ton-merckx-wielershirts.nl\/it\/maglia-da-ciclismo-retro\/garmin-sharp-2014\/"]}]},{"@type":"ImageObject","inLanguage":"fr-FR","@id":"https:\/\/mail.ton-merckx-wielershirts.nl\/it\/maglia-da-ciclismo-retro\/garmin-sharp-2014\/#primaryimage","url":"https:\/\/vintagecycling.store\/wp-content\/uploads\/2024\/05\/GARMIN-SHARP-2014-scaled.jpg","contentUrl":"https:\/\/vintagecycling.store\/wp-content\/uploads\/2024\/05\/GARMIN-SHARP-2014-scaled.jpg","width":1920,"height":2560},{"@type":"BreadcrumbList","@id":"https:\/\/mail.ton-merckx-wielershirts.nl\/it\/maglia-da-ciclismo-retro\/garmin-sharp-2014\/#breadcrumb","itemListElement":[{"@type":"ListItem","position":1,"name":"Home","item":"https:\/\/mail.ton-merckx-wielershirts.nl\/"},{"@type":"ListItem","position":2,"name":"Retro wielershirts","item":"https:\/\/mail.cyclingoriginals.com\/it\/maglie-da-ciclismo-retro\/"},{"@type":"ListItem","position":3,"name":"GARMIN-SHARP &#8211; 2014 &#8211; Wielershirt"}]},{"@type":"WebSite","@id":"https:\/\/mail.ton-merckx-wielershirts.nl\/#website","url":"https:\/\/mail.ton-merckx-wielershirts.nl\/","name":"Magasin de cyclisme vintage","description":"des milliers de maillots de cyclisme originaux - commandez votre r\u00e9plique !","publisher":{"@id":"https:\/\/mail.ton-merckx-wielershirts.nl\/#organization"},"potentialAction":[{"@type":"SearchAction","target":{"@type":"EntryPoint","urlTemplate":"https:\/\/mail.ton-merckx-wielershirts.nl\/?s={search_term_string}"},"query-input":{"@type":"PropertyValueSpecification","valueRequired":true,"valueName":"search_term_string"}}],"inLanguage":"fr-FR"},{"@type":"Organization","@id":"https:\/\/mail.ton-merckx-wielershirts.nl\/#organization","name":"Magasin de cyclisme vintage","url":"https:\/\/mail.ton-merckx-wielershirts.nl\/","logo":{"@type":"ImageObject","inLanguage":"fr-FR","@id":"https:\/\/mail.ton-merckx-wielershirts.nl\/#\/schema\/logo\/image\/","url":"https:\/\/vintagecycling.store\/wp-content\/uploads\/2023\/03\/ton-merckx-logo.jpg","contentUrl":"https:\/\/vintagecycling.store\/wp-content\/uploads\/2023\/03\/ton-merckx-logo.jpg","width":391,"height":57,"caption":"Vintage Cycling Store"},"image":{"@id":"https:\/\/mail.ton-merckx-wielershirts.nl\/#\/schema\/logo\/image\/"}}]}},"_links":{"self":[{"href":"https:\/\/vintagecycling.store\/fr\/wp-json\/wp\/v2\/product\/29253","targetHints":{"allow":["GET"]}}],"collection":[{"href":"https:\/\/vintagecycling.store\/fr\/wp-json\/wp\/v2\/product"}],"about":[{"href":"https:\/\/vintagecycling.store\/fr\/wp-json\/wp\/v2\/types\/product"}],"wp:featuredmedia":[{"embeddable":true,"href":"https:\/\/vintagecycling.store\/fr\/wp-json\/wp\/v2\/media\/29254"}],"wp:attachment":[{"href":"https:\/\/vintagecycling.store\/fr\/wp-json\/wp\/v2\/media?parent=29253"}],"wp:term":[{"taxonomy":"product_brand","embeddable":true,"href":"https:\/\/vintagecycling.store\/fr\/wp-json\/wp\/v2\/product_brand?post=29253"},{"taxonomy":"product_cat","embeddable":true,"href":"https:\/\/vintagecycling.store\/fr\/wp-json\/wp\/v2\/product_cat?post=29253"},{"taxonomy":"product_tag","embeddable":true,"href":"https:\/\/vintagecycling.store\/fr\/wp-json\/wp\/v2\/product_tag?post=29253"}],"curies":[{"name":"wp","href":"https:\/\/api.w.org\/{rel}","templated":true}]}}