{"id":3625,"date":"2023-01-24T18:04:43","date_gmt":"2023-01-24T18:04:43","guid":{"rendered":"https:\/\/ton.connectingminds.net\/product\/erotic-discount-center\/"},"modified":"2026-01-28T12:02:24","modified_gmt":"2026-01-28T11:02:24","slug":"centre-de-rabais-erotique","status":"publish","type":"product","link":"https:\/\/vintagecycling.store\/fr\/retro-wielershirt\/erotic-discount-center\/","title":{"rendered":"CHEMISE DE CYCLISME EROTIC DISCOUNT CENTER 1995"},"content":{"rendered":"<p>En 1994, Jos Elen pense avoir trouv\u00e9 un formidable sponsor principal pour son \u00e9quipe Elro Snacks.<\/p>\n<p>La soci\u00e9t\u00e9 EROTIC DISCOUNT CENTER souhaite investir 500 000 florins dans une \u00e9quipe cycliste professionnelle.<\/p>\n<p>Messieurs Jos Elen et Joop de Jonge de EROTIC DISCOUNT CENTER l&#039;aiment beaucoup.<\/p>\n<p>Mais le KNWU n&#039;est pas tr\u00e8s content de ce projet, d&#039;autant plus que le maillot de l&#039;\u00e9quipe avec une femme \u00e0 moiti\u00e9 nue est un mauvais point au KNWU, qui nuit \u00e0 l&#039;image du cyclisme.<\/p>\n<p>Joop de Jonge de EROTIC DISCOUNT CENTER d\u00e9clare : PAS DE SEINS, PAS D&#039;ARGENT et donc l&#039;\u00e9quipe n&#039;a pas d\u00e9coll\u00e9 en tant qu&#039;\u00e9quipe professionnelle en 1994.<\/p>\n<p>Cependant, en 1995, EROTIC DISCOUNT CENTER a d\u00e9but\u00e9 comme une \u00e9quipe amateur avec une chemise modifi\u00e9e.<\/p>\n<p>Du 1er juin au 31 juillet, TOM CORDES roulera avec cette \u00e9quipe en tant que PROF.<\/p>","protected":false},"excerpt":{"rendered":"<p>In 1994 denkt Jos Elen een mooie hoofdsponsor te hebben gevonden voor zijn Elro Snacks ploeg. Het bedrijf EROTIC DISCOUNT CENTER wil 500.000 Gulden investeren in een professionele wielerploeg. De heren Jos Elen en Joop de Jonge van EROTIC DISCOUNT CENTER zien het helemaal zitten. Maar de KNWU is niet heel blij met dit plan, [&hellip;]<\/p>\n","protected":false},"featured_media":3624,"template":"","meta":[],"product_brand":[],"product_cat":[151],"product_tag":[],"class_list":{"0":"post-3625","1":"product","2":"type-product","3":"status-publish","4":"has-post-thumbnail","6":"product_cat-pro-team","8":"first","9":"onbackorder","10":"taxable","11":"shipping-taxable","12":"purchasable","13":"product-type-variable"},"yoast_head":"<!-- This site is optimized with the Yoast SEO plugin v27.3 - https:\/\/yoast.com\/product\/yoast-seo-wordpress\/ -->\n<title>EROTIC DISCOUNT CENTER  1995  WIELERSHIRT - Vintage Cycling Store<\/title>\n<meta name=\"robots\" content=\"index, follow, max-snippet:-1, max-image-preview:large, max-video-preview:-1\" \/>\n<link rel=\"canonical\" href=\"https:\/\/mail.tonmerckxwielershirts.nl\/es\/maillot-ciclista-retro\/centro-de-descuentos-eroticos\/\" \/>\n<meta property=\"og:locale\" content=\"fr_FR\" \/>\n<meta property=\"og:type\" content=\"article\" \/>\n<meta property=\"og:title\" content=\"EROTIC DISCOUNT CENTER  1995  WIELERSHIRT - Vintage Cycling Store\" \/>\n<meta property=\"og:description\" content=\"In 1994 denkt Jos Elen een mooie hoofdsponsor te hebben gevonden voor zijn Elro Snacks ploeg. Het bedrijf EROTIC DISCOUNT CENTER wil 500.000 Gulden investeren in een professionele wielerploeg. De heren Jos Elen en Joop de Jonge van EROTIC DISCOUNT CENTER zien het helemaal zitten. Maar de KNWU is niet heel blij met dit plan, [&hellip;]\" \/>\n<meta property=\"og:url\" content=\"https:\/\/mail.tonmerckxwielershirts.nl\/es\/maillot-ciclista-retro\/centro-de-descuentos-eroticos\/\" \/>\n<meta property=\"og:site_name\" content=\"Vintage Cycling Store\" \/>\n<meta property=\"article:modified_time\" content=\"2026-01-28T11:02:24+00:00\" \/>\n<meta property=\"og:image\" content=\"https:\/\/mail.tonmerckxwielershirts.nl\/wp-content\/uploads\/2023\/01\/SSA42020.jpg\" \/>\n\t<meta property=\"og:image:width\" content=\"1704\" \/>\n\t<meta property=\"og:image:height\" content=\"2272\" \/>\n\t<meta property=\"og:image:type\" content=\"image\/jpeg\" \/>\n<meta name=\"twitter:card\" content=\"summary_large_image\" \/>\n<meta name=\"twitter:label1\" content=\"Dur\u00e9e de lecture estim\u00e9e\" \/>\n\t<meta name=\"twitter:data1\" content=\"1 minute\" \/>\n<script type=\"application\/ld+json\" class=\"yoast-schema-graph\">{\"@context\":\"https:\\\/\\\/schema.org\",\"@graph\":[{\"@type\":\"WebPage\",\"@id\":\"https:\\\/\\\/mail.tonmerckxwielershirts.nl\\\/es\\\/maillot-ciclista-retro\\\/centro-de-descuentos-eroticos\\\/\",\"url\":\"https:\\\/\\\/mail.tonmerckxwielershirts.nl\\\/es\\\/maillot-ciclista-retro\\\/centro-de-descuentos-eroticos\\\/\",\"name\":\"EROTIC DISCOUNT CENTER 1995 WIELERSHIRT - Vintage Cycling Store\",\"isPartOf\":{\"@id\":\"https:\\\/\\\/vintagecycling.store\\\/pt\\\/#website\"},\"primaryImageOfPage\":{\"@id\":\"https:\\\/\\\/mail.tonmerckxwielershirts.nl\\\/es\\\/maillot-ciclista-retro\\\/centro-de-descuentos-eroticos\\\/#primaryimage\"},\"image\":{\"@id\":\"https:\\\/\\\/mail.tonmerckxwielershirts.nl\\\/es\\\/maillot-ciclista-retro\\\/centro-de-descuentos-eroticos\\\/#primaryimage\"},\"thumbnailUrl\":\"https:\\\/\\\/vintagecycling.store\\\/wp-content\\\/uploads\\\/2023\\\/01\\\/SSA42020.jpg\",\"datePublished\":\"2023-01-24T18:04:43+00:00\",\"dateModified\":\"2026-01-28T11:02:24+00:00\",\"breadcrumb\":{\"@id\":\"https:\\\/\\\/mail.tonmerckxwielershirts.nl\\\/es\\\/maillot-ciclista-retro\\\/centro-de-descuentos-eroticos\\\/#breadcrumb\"},\"inLanguage\":\"fr-FR\",\"potentialAction\":[{\"@type\":\"ReadAction\",\"target\":[\"https:\\\/\\\/mail.tonmerckxwielershirts.nl\\\/es\\\/maillot-ciclista-retro\\\/centro-de-descuentos-eroticos\\\/\"]}]},{\"@type\":\"ImageObject\",\"inLanguage\":\"fr-FR\",\"@id\":\"https:\\\/\\\/mail.tonmerckxwielershirts.nl\\\/es\\\/maillot-ciclista-retro\\\/centro-de-descuentos-eroticos\\\/#primaryimage\",\"url\":\"https:\\\/\\\/vintagecycling.store\\\/wp-content\\\/uploads\\\/2023\\\/01\\\/SSA42020.jpg\",\"contentUrl\":\"https:\\\/\\\/vintagecycling.store\\\/wp-content\\\/uploads\\\/2023\\\/01\\\/SSA42020.jpg\",\"width\":1704,\"height\":2272},{\"@type\":\"BreadcrumbList\",\"@id\":\"https:\\\/\\\/mail.tonmerckxwielershirts.nl\\\/es\\\/maillot-ciclista-retro\\\/centro-de-descuentos-eroticos\\\/#breadcrumb\",\"itemListElement\":[{\"@type\":\"ListItem\",\"position\":1,\"name\":\"Home\",\"item\":\"https:\\\/\\\/vintagecycling.store\\\/pt\\\/\"},{\"@type\":\"ListItem\",\"position\":2,\"name\":\"Retro wielershirts\",\"item\":\"https:\\\/\\\/vintagecycling.store\\\/pt\\\/retro-wielershirts\\\/\"},{\"@type\":\"ListItem\",\"position\":3,\"name\":\"EROTIC DISCOUNT CENTER 1995 WIELERSHIRT\"}]},{\"@type\":\"WebSite\",\"@id\":\"https:\\\/\\\/vintagecycling.store\\\/pt\\\/#website\",\"url\":\"https:\\\/\\\/vintagecycling.store\\\/pt\\\/\",\"name\":\"Vintage Cycling Store\",\"description\":\"thousands of original cycling jerseys - order your replica!\",\"publisher\":{\"@id\":\"https:\\\/\\\/vintagecycling.store\\\/pt\\\/#organization\"},\"potentialAction\":[{\"@type\":\"SearchAction\",\"target\":{\"@type\":\"EntryPoint\",\"urlTemplate\":\"https:\\\/\\\/vintagecycling.store\\\/pt\\\/?s={search_term_string}\"},\"query-input\":{\"@type\":\"PropertyValueSpecification\",\"valueRequired\":true,\"valueName\":\"search_term_string\"}}],\"inLanguage\":\"fr-FR\"},{\"@type\":\"Organization\",\"@id\":\"https:\\\/\\\/vintagecycling.store\\\/pt\\\/#organization\",\"name\":\"Vintage Cycling Store\",\"url\":\"https:\\\/\\\/vintagecycling.store\\\/pt\\\/\",\"logo\":{\"@type\":\"ImageObject\",\"inLanguage\":\"fr-FR\",\"@id\":\"https:\\\/\\\/vintagecycling.store\\\/pt\\\/#\\\/schema\\\/logo\\\/image\\\/\",\"url\":\"https:\\\/\\\/vintagecycling.store\\\/wp-content\\\/uploads\\\/2023\\\/03\\\/ton-merckx-logo.jpg\",\"contentUrl\":\"https:\\\/\\\/vintagecycling.store\\\/wp-content\\\/uploads\\\/2023\\\/03\\\/ton-merckx-logo.jpg\",\"width\":391,\"height\":57,\"caption\":\"Vintage Cycling Store\"},\"image\":{\"@id\":\"https:\\\/\\\/vintagecycling.store\\\/pt\\\/#\\\/schema\\\/logo\\\/image\\\/\"}}]}<\/script>\n<!-- \/ Yoast SEO plugin. -->","yoast_head_json":{"title":"T-SHIRT DE CYCLISME EROTIC DISCOUNT CENTER 1995 - Magasin de cyclisme vintage","robots":{"index":"index","follow":"follow","max-snippet":"max-snippet:-1","max-image-preview":"max-image-preview:large","max-video-preview":"max-video-preview:-1"},"canonical":"https:\/\/mail.tonmerckxwielershirts.nl\/es\/maillot-ciclista-retro\/centro-de-descuentos-eroticos\/","og_locale":"fr_FR","og_type":"article","og_title":"EROTIC DISCOUNT CENTER  1995  WIELERSHIRT - Vintage Cycling Store","og_description":"In 1994 denkt Jos Elen een mooie hoofdsponsor te hebben gevonden voor zijn Elro Snacks ploeg. Het bedrijf EROTIC DISCOUNT CENTER wil 500.000 Gulden investeren in een professionele wielerploeg. De heren Jos Elen en Joop de Jonge van EROTIC DISCOUNT CENTER zien het helemaal zitten. Maar de KNWU is niet heel blij met dit plan, [&hellip;]","og_url":"https:\/\/mail.tonmerckxwielershirts.nl\/es\/maillot-ciclista-retro\/centro-de-descuentos-eroticos\/","og_site_name":"Vintage Cycling Store","article_modified_time":"2026-01-28T11:02:24+00:00","og_image":[{"width":1704,"height":2272,"url":"https:\/\/mail.tonmerckxwielershirts.nl\/wp-content\/uploads\/2023\/01\/SSA42020.jpg","type":"image\/jpeg"}],"twitter_card":"summary_large_image","twitter_misc":{"Dur\u00e9e de lecture estim\u00e9e":"1 minute"},"schema":{"@context":"https:\/\/schema.org","@graph":[{"@type":"WebPage","@id":"https:\/\/mail.tonmerckxwielershirts.nl\/es\/maillot-ciclista-retro\/centro-de-descuentos-eroticos\/","url":"https:\/\/mail.tonmerckxwielershirts.nl\/es\/maillot-ciclista-retro\/centro-de-descuentos-eroticos\/","name":"T-SHIRT DE CYCLISME EROTIC DISCOUNT CENTER 1995 - Magasin de cyclisme vintage","isPartOf":{"@id":"https:\/\/vintagecycling.store\/pt\/#website"},"primaryImageOfPage":{"@id":"https:\/\/mail.tonmerckxwielershirts.nl\/es\/maillot-ciclista-retro\/centro-de-descuentos-eroticos\/#primaryimage"},"image":{"@id":"https:\/\/mail.tonmerckxwielershirts.nl\/es\/maillot-ciclista-retro\/centro-de-descuentos-eroticos\/#primaryimage"},"thumbnailUrl":"https:\/\/vintagecycling.store\/wp-content\/uploads\/2023\/01\/SSA42020.jpg","datePublished":"2023-01-24T18:04:43+00:00","dateModified":"2026-01-28T11:02:24+00:00","breadcrumb":{"@id":"https:\/\/mail.tonmerckxwielershirts.nl\/es\/maillot-ciclista-retro\/centro-de-descuentos-eroticos\/#breadcrumb"},"inLanguage":"fr-FR","potentialAction":[{"@type":"ReadAction","target":["https:\/\/mail.tonmerckxwielershirts.nl\/es\/maillot-ciclista-retro\/centro-de-descuentos-eroticos\/"]}]},{"@type":"ImageObject","inLanguage":"fr-FR","@id":"https:\/\/mail.tonmerckxwielershirts.nl\/es\/maillot-ciclista-retro\/centro-de-descuentos-eroticos\/#primaryimage","url":"https:\/\/vintagecycling.store\/wp-content\/uploads\/2023\/01\/SSA42020.jpg","contentUrl":"https:\/\/vintagecycling.store\/wp-content\/uploads\/2023\/01\/SSA42020.jpg","width":1704,"height":2272},{"@type":"BreadcrumbList","@id":"https:\/\/mail.tonmerckxwielershirts.nl\/es\/maillot-ciclista-retro\/centro-de-descuentos-eroticos\/#breadcrumb","itemListElement":[{"@type":"ListItem","position":1,"name":"Home","item":"https:\/\/vintagecycling.store\/pt\/"},{"@type":"ListItem","position":2,"name":"Retro wielershirts","item":"https:\/\/vintagecycling.store\/pt\/retro-wielershirts\/"},{"@type":"ListItem","position":3,"name":"EROTIC DISCOUNT CENTER 1995 WIELERSHIRT"}]},{"@type":"WebSite","@id":"https:\/\/vintagecycling.store\/pt\/#website","url":"https:\/\/vintagecycling.store\/pt\/","name":"Magasin de cyclisme vintage","description":"des milliers de maillots de cyclisme originaux - commandez votre r\u00e9plique !","publisher":{"@id":"https:\/\/vintagecycling.store\/pt\/#organization"},"potentialAction":[{"@type":"SearchAction","target":{"@type":"EntryPoint","urlTemplate":"https:\/\/vintagecycling.store\/pt\/?s={search_term_string}"},"query-input":{"@type":"PropertyValueSpecification","valueRequired":true,"valueName":"search_term_string"}}],"inLanguage":"fr-FR"},{"@type":"Organization","@id":"https:\/\/vintagecycling.store\/pt\/#organization","name":"Magasin de cyclisme vintage","url":"https:\/\/vintagecycling.store\/pt\/","logo":{"@type":"ImageObject","inLanguage":"fr-FR","@id":"https:\/\/vintagecycling.store\/pt\/#\/schema\/logo\/image\/","url":"https:\/\/vintagecycling.store\/wp-content\/uploads\/2023\/03\/ton-merckx-logo.jpg","contentUrl":"https:\/\/vintagecycling.store\/wp-content\/uploads\/2023\/03\/ton-merckx-logo.jpg","width":391,"height":57,"caption":"Vintage Cycling Store"},"image":{"@id":"https:\/\/vintagecycling.store\/pt\/#\/schema\/logo\/image\/"}}]}},"_links":{"self":[{"href":"https:\/\/vintagecycling.store\/fr\/wp-json\/wp\/v2\/product\/3625","targetHints":{"allow":["GET"]}}],"collection":[{"href":"https:\/\/vintagecycling.store\/fr\/wp-json\/wp\/v2\/product"}],"about":[{"href":"https:\/\/vintagecycling.store\/fr\/wp-json\/wp\/v2\/types\/product"}],"wp:featuredmedia":[{"embeddable":true,"href":"https:\/\/vintagecycling.store\/fr\/wp-json\/wp\/v2\/media\/3624"}],"wp:attachment":[{"href":"https:\/\/vintagecycling.store\/fr\/wp-json\/wp\/v2\/media?parent=3625"}],"wp:term":[{"taxonomy":"product_brand","embeddable":true,"href":"https:\/\/vintagecycling.store\/fr\/wp-json\/wp\/v2\/product_brand?post=3625"},{"taxonomy":"product_cat","embeddable":true,"href":"https:\/\/vintagecycling.store\/fr\/wp-json\/wp\/v2\/product_cat?post=3625"},{"taxonomy":"product_tag","embeddable":true,"href":"https:\/\/vintagecycling.store\/fr\/wp-json\/wp\/v2\/product_tag?post=3625"}],"curies":[{"name":"wp","href":"https:\/\/api.w.org\/{rel}","templated":true}]}}