{"id":3705,"date":"2023-01-24T18:05:32","date_gmt":"2023-01-24T18:05:32","guid":{"rendered":"https:\/\/ton.connectingminds.net\/product\/jan-van-erp-tegels-viner\/"},"modified":"2026-01-28T12:02:19","modified_gmt":"2026-01-28T11:02:19","slug":"jan-van-erp-tiles-viner","status":"publish","type":"product","link":"https:\/\/vintagecycling.store\/fr\/retro-wielershirt\/jan-van-erp-tegels-viner\/","title":{"rendered":"JAN VAN ERP TEGELS (a)-VESTE DE CYCLISME VINER 1979"},"content":{"rendered":"<p>Jan van Erp \u00e9tait l&#039;une des \u00e9quipes amateurs les plus performantes des Pays-Bas.<\/p>\n<p>De nombreux coureurs de cette \u00e9quipe sont devenus plus tard des professionnels \u00e0 succ\u00e8s et l&#039;\u00e9quipe de contre-la-montre par \u00e9quipe de 100 km de ces ann\u00e9es-l\u00e0 \u00e9tait souvent compos\u00e9e de coureurs JAN VAN ERP.<\/p>\n<p>En 1979 et 1980, Gerrie van Gerwen et Harrie Lunenburg ont roul\u00e9 en tant que professionnels avec JAN VAN ERP.<\/p>","protected":false},"excerpt":{"rendered":"<p>Jan van Erp \u00e9tait l&#039;une des \u00e9quipes amateurs les plus performantes des Pays-Bas. De nombreux coureurs de cette \u00e9quipe sont devenus plus tard des professionnels \u00e0 succ\u00e8s et l&#039;\u00e9quipe de contre-la-montre par \u00e9quipe de 100 km de ces ann\u00e9es-l\u00e0 \u00e9tait souvent compos\u00e9e de coureurs JAN VAN ERP. En 1979 et 1980, Gerrie van Gerwen et Harrie Lunenburg ont roul\u00e9 en tant que professionnels avec JAN VAN ERP.<\/p>","protected":false},"featured_media":3704,"template":"","meta":[],"product_brand":[],"product_cat":[151],"product_tag":[],"class_list":{"0":"post-3705","1":"product","2":"type-product","3":"status-publish","4":"has-post-thumbnail","6":"product_cat-pro-team","8":"first","9":"onbackorder","10":"taxable","11":"shipping-taxable","12":"purchasable","13":"product-type-variable"},"yoast_head":"<!-- This site is optimized with the Yoast SEO plugin v27.3 - https:\/\/yoast.com\/product\/yoast-seo-wordpress\/ -->\n<title>JAN VAN ERP TEGELS (a)-VINER  1979  WIELERJACK - Vintage Cycling Store<\/title>\n<meta name=\"robots\" content=\"index, follow, max-snippet:-1, max-image-preview:large, max-video-preview:-1\" \/>\n<link rel=\"canonical\" href=\"https:\/\/vintagecycling.store\/fr\/maillot-de-cyclisme-retro\/jan-van-erp-tiles-viner\/\" \/>\n<meta property=\"og:locale\" content=\"fr_FR\" \/>\n<meta property=\"og:type\" content=\"article\" \/>\n<meta property=\"og:title\" content=\"JAN VAN ERP TEGELS (a)-VINER  1979  WIELERJACK - Vintage Cycling Store\" \/>\n<meta property=\"og:description\" content=\"Jan van Erp was een van de meest succesvolle amateurploegen van Nederland. Vele renners uit deze ploeg werden later succesvolle profs en de 100 KM ploegentijdritploeg bestond in die jaren veelal uit JAN VAN ERP renners. In 1979 en 1980 reden Gerrie van Gerwen en Harrie Lunenburg als prof bij JAN VAN ERP\" \/>\n<meta property=\"og:url\" content=\"https:\/\/vintagecycling.store\/fr\/maillot-de-cyclisme-retro\/jan-van-erp-tiles-viner\/\" \/>\n<meta property=\"og:site_name\" content=\"Vintage Cycling Store\" \/>\n<meta property=\"article:modified_time\" content=\"2026-01-28T11:02:19+00:00\" \/>\n<meta property=\"og:image\" content=\"https:\/\/vintagecycling.store\/wp-content\/uploads\/2023\/01\/SSA45336.jpg\" \/>\n\t<meta property=\"og:image:width\" content=\"1704\" \/>\n\t<meta property=\"og:image:height\" content=\"2272\" \/>\n\t<meta property=\"og:image:type\" content=\"image\/jpeg\" \/>\n<meta name=\"twitter:card\" content=\"summary_large_image\" \/>\n<meta name=\"twitter:label1\" content=\"Dur\u00e9e de lecture estim\u00e9e\" \/>\n\t<meta name=\"twitter:data1\" content=\"1 minute\" \/>\n<script type=\"application\/ld+json\" class=\"yoast-schema-graph\">{\"@context\":\"https:\\\/\\\/schema.org\",\"@graph\":[{\"@type\":\"WebPage\",\"@id\":\"https:\\\/\\\/vintagecycling.store\\\/de\\\/retro-radtrikot\\\/jan-van-erp-fliesen-viner\\\/\",\"url\":\"https:\\\/\\\/vintagecycling.store\\\/de\\\/retro-radtrikot\\\/jan-van-erp-fliesen-viner\\\/\",\"name\":\"JAN VAN ERP TEGELS (a)-VINER 1979 WIELERJACK - Vintage Cycling Store\",\"isPartOf\":{\"@id\":\"https:\\\/\\\/tonmerckxwielershirts.nl\\\/es\\\/#website\"},\"primaryImageOfPage\":{\"@id\":\"https:\\\/\\\/vintagecycling.store\\\/de\\\/retro-radtrikot\\\/jan-van-erp-fliesen-viner\\\/#primaryimage\"},\"image\":{\"@id\":\"https:\\\/\\\/vintagecycling.store\\\/de\\\/retro-radtrikot\\\/jan-van-erp-fliesen-viner\\\/#primaryimage\"},\"thumbnailUrl\":\"https:\\\/\\\/vintagecycling.store\\\/wp-content\\\/uploads\\\/2023\\\/01\\\/SSA45336.jpg\",\"datePublished\":\"2023-01-24T18:05:32+00:00\",\"dateModified\":\"2026-01-28T11:02:19+00:00\",\"breadcrumb\":{\"@id\":\"https:\\\/\\\/vintagecycling.store\\\/de\\\/retro-radtrikot\\\/jan-van-erp-fliesen-viner\\\/#breadcrumb\"},\"inLanguage\":\"fr-FR\",\"potentialAction\":[{\"@type\":\"ReadAction\",\"target\":[\"https:\\\/\\\/vintagecycling.store\\\/de\\\/retro-radtrikot\\\/jan-van-erp-fliesen-viner\\\/\"]}]},{\"@type\":\"ImageObject\",\"inLanguage\":\"fr-FR\",\"@id\":\"https:\\\/\\\/vintagecycling.store\\\/de\\\/retro-radtrikot\\\/jan-van-erp-fliesen-viner\\\/#primaryimage\",\"url\":\"https:\\\/\\\/vintagecycling.store\\\/wp-content\\\/uploads\\\/2023\\\/01\\\/SSA45336.jpg\",\"contentUrl\":\"https:\\\/\\\/vintagecycling.store\\\/wp-content\\\/uploads\\\/2023\\\/01\\\/SSA45336.jpg\",\"width\":1704,\"height\":2272},{\"@type\":\"BreadcrumbList\",\"@id\":\"https:\\\/\\\/vintagecycling.store\\\/de\\\/retro-radtrikot\\\/jan-van-erp-fliesen-viner\\\/#breadcrumb\",\"itemListElement\":[{\"@type\":\"ListItem\",\"position\":1,\"name\":\"Home\",\"item\":\"https:\\\/\\\/tonmerckxwielershirts.nl\\\/es\\\/\"},{\"@type\":\"ListItem\",\"position\":2,\"name\":\"Retro wielershirts\",\"item\":\"https:\\\/\\\/tonmerckxwielershirts.nl\\\/es\\\/camisetas-de-ciclismo-retro\\\/\"},{\"@type\":\"ListItem\",\"position\":3,\"name\":\"JAN VAN ERP TEGELS (a)-VINER 1979 WIELERJACK\"}]},{\"@type\":\"WebSite\",\"@id\":\"https:\\\/\\\/tonmerckxwielershirts.nl\\\/es\\\/#website\",\"url\":\"https:\\\/\\\/tonmerckxwielershirts.nl\\\/es\\\/\",\"name\":\"Vintage Cycling Store\",\"description\":\"thousands of original cycling jerseys - order your replica!\",\"publisher\":{\"@id\":\"https:\\\/\\\/tonmerckxwielershirts.nl\\\/es\\\/#organization\"},\"potentialAction\":[{\"@type\":\"SearchAction\",\"target\":{\"@type\":\"EntryPoint\",\"urlTemplate\":\"https:\\\/\\\/tonmerckxwielershirts.nl\\\/es\\\/?s={search_term_string}\"},\"query-input\":{\"@type\":\"PropertyValueSpecification\",\"valueRequired\":true,\"valueName\":\"search_term_string\"}}],\"inLanguage\":\"fr-FR\"},{\"@type\":\"Organization\",\"@id\":\"https:\\\/\\\/tonmerckxwielershirts.nl\\\/es\\\/#organization\",\"name\":\"Vintage Cycling Store\",\"url\":\"https:\\\/\\\/tonmerckxwielershirts.nl\\\/es\\\/\",\"logo\":{\"@type\":\"ImageObject\",\"inLanguage\":\"fr-FR\",\"@id\":\"https:\\\/\\\/tonmerckxwielershirts.nl\\\/es\\\/#\\\/schema\\\/logo\\\/image\\\/\",\"url\":\"https:\\\/\\\/vintagecycling.store\\\/wp-content\\\/uploads\\\/2023\\\/03\\\/ton-merckx-logo.jpg\",\"contentUrl\":\"https:\\\/\\\/vintagecycling.store\\\/wp-content\\\/uploads\\\/2023\\\/03\\\/ton-merckx-logo.jpg\",\"width\":391,\"height\":57,\"caption\":\"Vintage Cycling Store\"},\"image\":{\"@id\":\"https:\\\/\\\/tonmerckxwielershirts.nl\\\/es\\\/#\\\/schema\\\/logo\\\/image\\\/\"}}]}<\/script>\n<!-- \/ Yoast SEO plugin. -->","yoast_head_json":{"title":"JAN VAN ERP TILES (a)-VINER 1979 VESTE DE CYCLISME - Vintage Cycling Store","robots":{"index":"index","follow":"follow","max-snippet":"max-snippet:-1","max-image-preview":"max-image-preview:large","max-video-preview":"max-video-preview:-1"},"canonical":"https:\/\/vintagecycling.store\/fr\/maillot-de-cyclisme-retro\/jan-van-erp-tiles-viner\/","og_locale":"fr_FR","og_type":"article","og_title":"JAN VAN ERP TEGELS (a)-VINER  1979  WIELERJACK - Vintage Cycling Store","og_description":"Jan van Erp was een van de meest succesvolle amateurploegen van Nederland. Vele renners uit deze ploeg werden later succesvolle profs en de 100 KM ploegentijdritploeg bestond in die jaren veelal uit JAN VAN ERP renners. In 1979 en 1980 reden Gerrie van Gerwen en Harrie Lunenburg als prof bij JAN VAN ERP","og_url":"https:\/\/vintagecycling.store\/fr\/maillot-de-cyclisme-retro\/jan-van-erp-tiles-viner\/","og_site_name":"Vintage Cycling Store","article_modified_time":"2026-01-28T11:02:19+00:00","og_image":[{"width":1704,"height":2272,"url":"https:\/\/vintagecycling.store\/wp-content\/uploads\/2023\/01\/SSA45336.jpg","type":"image\/jpeg"}],"twitter_card":"summary_large_image","twitter_misc":{"Dur\u00e9e de lecture estim\u00e9e":"1 minute"},"schema":{"@context":"https:\/\/schema.org","@graph":[{"@type":"WebPage","@id":"https:\/\/vintagecycling.store\/de\/retro-radtrikot\/jan-van-erp-fliesen-viner\/","url":"https:\/\/vintagecycling.store\/de\/retro-radtrikot\/jan-van-erp-fliesen-viner\/","name":"JAN VAN ERP TILES (a)-VINER 1979 VESTE DE CYCLISME - Vintage Cycling Store","isPartOf":{"@id":"https:\/\/tonmerckxwielershirts.nl\/es\/#website"},"primaryImageOfPage":{"@id":"https:\/\/vintagecycling.store\/de\/retro-radtrikot\/jan-van-erp-fliesen-viner\/#primaryimage"},"image":{"@id":"https:\/\/vintagecycling.store\/de\/retro-radtrikot\/jan-van-erp-fliesen-viner\/#primaryimage"},"thumbnailUrl":"https:\/\/vintagecycling.store\/wp-content\/uploads\/2023\/01\/SSA45336.jpg","datePublished":"2023-01-24T18:05:32+00:00","dateModified":"2026-01-28T11:02:19+00:00","breadcrumb":{"@id":"https:\/\/vintagecycling.store\/de\/retro-radtrikot\/jan-van-erp-fliesen-viner\/#breadcrumb"},"inLanguage":"fr-FR","potentialAction":[{"@type":"ReadAction","target":["https:\/\/vintagecycling.store\/de\/retro-radtrikot\/jan-van-erp-fliesen-viner\/"]}]},{"@type":"ImageObject","inLanguage":"fr-FR","@id":"https:\/\/vintagecycling.store\/de\/retro-radtrikot\/jan-van-erp-fliesen-viner\/#primaryimage","url":"https:\/\/vintagecycling.store\/wp-content\/uploads\/2023\/01\/SSA45336.jpg","contentUrl":"https:\/\/vintagecycling.store\/wp-content\/uploads\/2023\/01\/SSA45336.jpg","width":1704,"height":2272},{"@type":"BreadcrumbList","@id":"https:\/\/vintagecycling.store\/de\/retro-radtrikot\/jan-van-erp-fliesen-viner\/#breadcrumb","itemListElement":[{"@type":"ListItem","position":1,"name":"Home","item":"https:\/\/tonmerckxwielershirts.nl\/es\/"},{"@type":"ListItem","position":2,"name":"Retro wielershirts","item":"https:\/\/tonmerckxwielershirts.nl\/es\/camisetas-de-ciclismo-retro\/"},{"@type":"ListItem","position":3,"name":"JAN VAN ERP TEGELS (a)-VINER 1979 WIELERJACK"}]},{"@type":"WebSite","@id":"https:\/\/tonmerckxwielershirts.nl\/es\/#website","url":"https:\/\/tonmerckxwielershirts.nl\/es\/","name":"Magasin de cyclisme vintage","description":"des milliers de maillots de cyclisme originaux - commandez votre r\u00e9plique !","publisher":{"@id":"https:\/\/tonmerckxwielershirts.nl\/es\/#organization"},"potentialAction":[{"@type":"SearchAction","target":{"@type":"EntryPoint","urlTemplate":"https:\/\/tonmerckxwielershirts.nl\/es\/?s={search_term_string}"},"query-input":{"@type":"PropertyValueSpecification","valueRequired":true,"valueName":"search_term_string"}}],"inLanguage":"fr-FR"},{"@type":"Organization","@id":"https:\/\/tonmerckxwielershirts.nl\/es\/#organization","name":"Magasin de cyclisme vintage","url":"https:\/\/tonmerckxwielershirts.nl\/es\/","logo":{"@type":"ImageObject","inLanguage":"fr-FR","@id":"https:\/\/tonmerckxwielershirts.nl\/es\/#\/schema\/logo\/image\/","url":"https:\/\/vintagecycling.store\/wp-content\/uploads\/2023\/03\/ton-merckx-logo.jpg","contentUrl":"https:\/\/vintagecycling.store\/wp-content\/uploads\/2023\/03\/ton-merckx-logo.jpg","width":391,"height":57,"caption":"Vintage Cycling Store"},"image":{"@id":"https:\/\/tonmerckxwielershirts.nl\/es\/#\/schema\/logo\/image\/"}}]}},"_links":{"self":[{"href":"https:\/\/vintagecycling.store\/fr\/wp-json\/wp\/v2\/product\/3705","targetHints":{"allow":["GET"]}}],"collection":[{"href":"https:\/\/vintagecycling.store\/fr\/wp-json\/wp\/v2\/product"}],"about":[{"href":"https:\/\/vintagecycling.store\/fr\/wp-json\/wp\/v2\/types\/product"}],"wp:featuredmedia":[{"embeddable":true,"href":"https:\/\/vintagecycling.store\/fr\/wp-json\/wp\/v2\/media\/3704"}],"wp:attachment":[{"href":"https:\/\/vintagecycling.store\/fr\/wp-json\/wp\/v2\/media?parent=3705"}],"wp:term":[{"taxonomy":"product_brand","embeddable":true,"href":"https:\/\/vintagecycling.store\/fr\/wp-json\/wp\/v2\/product_brand?post=3705"},{"taxonomy":"product_cat","embeddable":true,"href":"https:\/\/vintagecycling.store\/fr\/wp-json\/wp\/v2\/product_cat?post=3705"},{"taxonomy":"product_tag","embeddable":true,"href":"https:\/\/vintagecycling.store\/fr\/wp-json\/wp\/v2\/product_tag?post=3705"}],"curies":[{"name":"wp","href":"https:\/\/api.w.org\/{rel}","templated":true}]}}