{"id":3729,"date":"2023-01-24T18:06:06","date_gmt":"2023-01-24T18:06:06","guid":{"rendered":"https:\/\/ton.connectingminds.net\/product\/kela\/"},"modified":"2026-01-28T12:02:19","modified_gmt":"2026-01-28T11:02:19","slug":"kela","status":"publish","type":"product","link":"https:\/\/vintagecycling.store\/fr\/retro-wielershirt\/kela\/","title":{"rendered":"KELA (a) CHEMISE DE CYCLISME 1973"},"content":{"rendered":"<p>L&#039;uniforme rouge-blanc-bleu de KELA n&#039;a pas \u00e9t\u00e9 initialement approuv\u00e9 par le KNWU car il ressemblait trop \u00e0 un maillot de champion des Pays-Bas.<\/p>\n<p>En raison des manches blanches et de la bande noire sur la chemise, la chemise a ensuite \u00e9t\u00e9 approuv\u00e9e par le KNWU.<\/p>","protected":false},"excerpt":{"rendered":"<p>L&#039;uniforme rouge-blanc-bleu de KELA n&#039;a pas \u00e9t\u00e9 initialement approuv\u00e9 par le KNWU car il ressemblait trop \u00e0 un maillot de champion des Pays-Bas. En raison des manches blanches et de la bande noire sur la chemise, la chemise a ensuite \u00e9t\u00e9 approuv\u00e9e par le KNWU.<\/p>","protected":false},"featured_media":3728,"template":"","meta":[],"product_brand":[],"product_cat":[151],"product_tag":[],"class_list":{"0":"post-3729","1":"product","2":"type-product","3":"status-publish","4":"has-post-thumbnail","6":"product_cat-pro-team","8":"first","9":"onbackorder","10":"taxable","11":"shipping-taxable","12":"purchasable","13":"product-type-variable"},"yoast_head":"<!-- This site is optimized with the Yoast SEO plugin v27.4 - https:\/\/yoast.com\/product\/yoast-seo-wordpress\/ -->\n<title>KELA (a)  1973   WIELERSHIRT - Vintage Cycling Store<\/title>\n<meta name=\"robots\" content=\"index, follow, max-snippet:-1, max-image-preview:large, max-video-preview:-1\" \/>\n<link rel=\"canonical\" href=\"https:\/\/vintagecycling.store\/fr\/maillot-de-cyclisme-retro\/kela\/\" \/>\n<meta property=\"og:locale\" content=\"fr_FR\" \/>\n<meta property=\"og:type\" content=\"article\" \/>\n<meta property=\"og:title\" content=\"KELA (a)  1973   WIELERSHIRT - Vintage Cycling Store\" \/>\n<meta property=\"og:description\" content=\"Het Rood-wit-blauwe KELA tenue werd in eerste instantie door de KNWU niet goedgekeurd omdat het teveel leek op een Nederlandse Kampioenstrui. Door de witte mouwen en het zwarte streepje op het shirt werd het shirt in tweede instantie wel goedgekeurd door de KNWU.\" \/>\n<meta property=\"og:url\" content=\"https:\/\/vintagecycling.store\/fr\/maillot-de-cyclisme-retro\/kela\/\" \/>\n<meta property=\"og:site_name\" content=\"Vintage Cycling Store\" \/>\n<meta property=\"article:modified_time\" content=\"2026-01-28T11:02:19+00:00\" \/>\n<meta property=\"og:image\" content=\"https:\/\/vintagecycling.store\/wp-content\/uploads\/2023\/01\/SSA42621.jpg\" \/>\n\t<meta property=\"og:image:width\" content=\"1704\" \/>\n\t<meta property=\"og:image:height\" content=\"2272\" \/>\n\t<meta property=\"og:image:type\" content=\"image\/jpeg\" \/>\n<meta name=\"twitter:card\" content=\"summary_large_image\" \/>\n<meta name=\"twitter:label1\" content=\"Dur\u00e9e de lecture estim\u00e9e\" \/>\n\t<meta name=\"twitter:data1\" content=\"1 minute\" \/>\n<script type=\"application\/ld+json\" class=\"yoast-schema-graph\">{\"@context\":\"https:\\\/\\\/schema.org\",\"@graph\":[{\"@type\":\"WebPage\",\"@id\":\"https:\\\/\\\/vintagecycling.store\\\/en\\\/retro-cycling-jersey\\\/kela\\\/\",\"url\":\"https:\\\/\\\/vintagecycling.store\\\/en\\\/retro-cycling-jersey\\\/kela\\\/\",\"name\":\"KELA (a) 1973 WIELERSHIRT - Vintage Cycling Store\",\"isPartOf\":{\"@id\":\"https:\\\/\\\/mail.originalcyclingjerseys.com\\\/fr\\\/#website\"},\"primaryImageOfPage\":{\"@id\":\"https:\\\/\\\/vintagecycling.store\\\/en\\\/retro-cycling-jersey\\\/kela\\\/#primaryimage\"},\"image\":{\"@id\":\"https:\\\/\\\/vintagecycling.store\\\/en\\\/retro-cycling-jersey\\\/kela\\\/#primaryimage\"},\"thumbnailUrl\":\"https:\\\/\\\/vintagecycling.store\\\/wp-content\\\/uploads\\\/2023\\\/01\\\/SSA42621.jpg\",\"datePublished\":\"2023-01-24T18:06:06+00:00\",\"dateModified\":\"2026-01-28T11:02:19+00:00\",\"breadcrumb\":{\"@id\":\"https:\\\/\\\/vintagecycling.store\\\/en\\\/retro-cycling-jersey\\\/kela\\\/#breadcrumb\"},\"inLanguage\":\"fr-FR\",\"potentialAction\":[{\"@type\":\"ReadAction\",\"target\":[\"https:\\\/\\\/vintagecycling.store\\\/en\\\/retro-cycling-jersey\\\/kela\\\/\"]}]},{\"@type\":\"ImageObject\",\"inLanguage\":\"fr-FR\",\"@id\":\"https:\\\/\\\/vintagecycling.store\\\/en\\\/retro-cycling-jersey\\\/kela\\\/#primaryimage\",\"url\":\"https:\\\/\\\/vintagecycling.store\\\/wp-content\\\/uploads\\\/2023\\\/01\\\/SSA42621.jpg\",\"contentUrl\":\"https:\\\/\\\/vintagecycling.store\\\/wp-content\\\/uploads\\\/2023\\\/01\\\/SSA42621.jpg\",\"width\":1704,\"height\":2272},{\"@type\":\"BreadcrumbList\",\"@id\":\"https:\\\/\\\/vintagecycling.store\\\/en\\\/retro-cycling-jersey\\\/kela\\\/#breadcrumb\",\"itemListElement\":[{\"@type\":\"ListItem\",\"position\":1,\"name\":\"Home\",\"item\":\"https:\\\/\\\/mail.originalcyclingjerseys.com\\\/fr\\\/\"},{\"@type\":\"ListItem\",\"position\":2,\"name\":\"Retro wielershirts\",\"item\":\"https:\\\/\\\/mail.originalcyclingjerseys.com\\\/fr\\\/maillots-de-cyclisme-retro\\\/\"},{\"@type\":\"ListItem\",\"position\":3,\"name\":\"KELA (a) 1973 WIELERSHIRT\"}]},{\"@type\":\"WebSite\",\"@id\":\"https:\\\/\\\/mail.originalcyclingjerseys.com\\\/fr\\\/#website\",\"url\":\"https:\\\/\\\/mail.originalcyclingjerseys.com\\\/fr\\\/\",\"name\":\"Vintage Cycling Store\",\"description\":\"thousands of original cycling jerseys - order your replica!\",\"publisher\":{\"@id\":\"https:\\\/\\\/mail.originalcyclingjerseys.com\\\/fr\\\/#organization\"},\"potentialAction\":[{\"@type\":\"SearchAction\",\"target\":{\"@type\":\"EntryPoint\",\"urlTemplate\":\"https:\\\/\\\/mail.originalcyclingjerseys.com\\\/fr\\\/?s={search_term_string}\"},\"query-input\":{\"@type\":\"PropertyValueSpecification\",\"valueRequired\":true,\"valueName\":\"search_term_string\"}}],\"inLanguage\":\"fr-FR\"},{\"@type\":\"Organization\",\"@id\":\"https:\\\/\\\/mail.originalcyclingjerseys.com\\\/fr\\\/#organization\",\"name\":\"Vintage Cycling Store\",\"url\":\"https:\\\/\\\/mail.originalcyclingjerseys.com\\\/fr\\\/\",\"logo\":{\"@type\":\"ImageObject\",\"inLanguage\":\"fr-FR\",\"@id\":\"https:\\\/\\\/mail.originalcyclingjerseys.com\\\/fr\\\/#\\\/schema\\\/logo\\\/image\\\/\",\"url\":\"https:\\\/\\\/vintagecycling.store\\\/wp-content\\\/uploads\\\/2023\\\/03\\\/ton-merckx-logo.jpg\",\"contentUrl\":\"https:\\\/\\\/vintagecycling.store\\\/wp-content\\\/uploads\\\/2023\\\/03\\\/ton-merckx-logo.jpg\",\"width\":391,\"height\":57,\"caption\":\"Vintage Cycling Store\"},\"image\":{\"@id\":\"https:\\\/\\\/mail.originalcyclingjerseys.com\\\/fr\\\/#\\\/schema\\\/logo\\\/image\\\/\"}}]}<\/script>\n<!-- \/ Yoast SEO plugin. -->","yoast_head_json":{"title":"CHEMISE DE CYCLISME KELA (a) 1973 - Vintage Cycling Store","robots":{"index":"index","follow":"follow","max-snippet":"max-snippet:-1","max-image-preview":"max-image-preview:large","max-video-preview":"max-video-preview:-1"},"canonical":"https:\/\/vintagecycling.store\/fr\/maillot-de-cyclisme-retro\/kela\/","og_locale":"fr_FR","og_type":"article","og_title":"KELA (a)  1973   WIELERSHIRT - Vintage Cycling Store","og_description":"Het Rood-wit-blauwe KELA tenue werd in eerste instantie door de KNWU niet goedgekeurd omdat het teveel leek op een Nederlandse Kampioenstrui. Door de witte mouwen en het zwarte streepje op het shirt werd het shirt in tweede instantie wel goedgekeurd door de KNWU.","og_url":"https:\/\/vintagecycling.store\/fr\/maillot-de-cyclisme-retro\/kela\/","og_site_name":"Vintage Cycling Store","article_modified_time":"2026-01-28T11:02:19+00:00","og_image":[{"width":1704,"height":2272,"url":"https:\/\/vintagecycling.store\/wp-content\/uploads\/2023\/01\/SSA42621.jpg","type":"image\/jpeg"}],"twitter_card":"summary_large_image","twitter_misc":{"Dur\u00e9e de lecture estim\u00e9e":"1 minute"},"schema":{"@context":"https:\/\/schema.org","@graph":[{"@type":"WebPage","@id":"https:\/\/vintagecycling.store\/en\/retro-cycling-jersey\/kela\/","url":"https:\/\/vintagecycling.store\/en\/retro-cycling-jersey\/kela\/","name":"KELA (a) 1973 CHEMISE DE CYCLISME - Vintage Cycling Store","isPartOf":{"@id":"https:\/\/mail.originalcyclingjerseys.com\/fr\/#website"},"primaryImageOfPage":{"@id":"https:\/\/vintagecycling.store\/en\/retro-cycling-jersey\/kela\/#primaryimage"},"image":{"@id":"https:\/\/vintagecycling.store\/en\/retro-cycling-jersey\/kela\/#primaryimage"},"thumbnailUrl":"https:\/\/vintagecycling.store\/wp-content\/uploads\/2023\/01\/SSA42621.jpg","datePublished":"2023-01-24T18:06:06+00:00","dateModified":"2026-01-28T11:02:19+00:00","breadcrumb":{"@id":"https:\/\/vintagecycling.store\/en\/retro-cycling-jersey\/kela\/#breadcrumb"},"inLanguage":"fr-FR","potentialAction":[{"@type":"ReadAction","target":["https:\/\/vintagecycling.store\/en\/retro-cycling-jersey\/kela\/"]}]},{"@type":"ImageObject","inLanguage":"fr-FR","@id":"https:\/\/vintagecycling.store\/en\/retro-cycling-jersey\/kela\/#primaryimage","url":"https:\/\/vintagecycling.store\/wp-content\/uploads\/2023\/01\/SSA42621.jpg","contentUrl":"https:\/\/vintagecycling.store\/wp-content\/uploads\/2023\/01\/SSA42621.jpg","width":1704,"height":2272},{"@type":"BreadcrumbList","@id":"https:\/\/vintagecycling.store\/en\/retro-cycling-jersey\/kela\/#breadcrumb","itemListElement":[{"@type":"ListItem","position":1,"name":"Home","item":"https:\/\/mail.originalcyclingjerseys.com\/fr\/"},{"@type":"ListItem","position":2,"name":"Retro wielershirts","item":"https:\/\/mail.originalcyclingjerseys.com\/fr\/maillots-de-cyclisme-retro\/"},{"@type":"ListItem","position":3,"name":"KELA (a) 1973 WIELERSHIRT"}]},{"@type":"WebSite","@id":"https:\/\/mail.originalcyclingjerseys.com\/fr\/#website","url":"https:\/\/mail.originalcyclingjerseys.com\/fr\/","name":"Magasin de cyclisme vintage","description":"des milliers de maillots de cyclisme originaux - commandez votre r\u00e9plique !","publisher":{"@id":"https:\/\/mail.originalcyclingjerseys.com\/fr\/#organization"},"potentialAction":[{"@type":"SearchAction","target":{"@type":"EntryPoint","urlTemplate":"https:\/\/mail.originalcyclingjerseys.com\/fr\/?s={search_term_string}"},"query-input":{"@type":"PropertyValueSpecification","valueRequired":true,"valueName":"search_term_string"}}],"inLanguage":"fr-FR"},{"@type":"Organization","@id":"https:\/\/mail.originalcyclingjerseys.com\/fr\/#organization","name":"Magasin de cyclisme vintage","url":"https:\/\/mail.originalcyclingjerseys.com\/fr\/","logo":{"@type":"ImageObject","inLanguage":"fr-FR","@id":"https:\/\/mail.originalcyclingjerseys.com\/fr\/#\/schema\/logo\/image\/","url":"https:\/\/vintagecycling.store\/wp-content\/uploads\/2023\/03\/ton-merckx-logo.jpg","contentUrl":"https:\/\/vintagecycling.store\/wp-content\/uploads\/2023\/03\/ton-merckx-logo.jpg","width":391,"height":57,"caption":"Vintage Cycling Store"},"image":{"@id":"https:\/\/mail.originalcyclingjerseys.com\/fr\/#\/schema\/logo\/image\/"}}]}},"_links":{"self":[{"href":"https:\/\/vintagecycling.store\/fr\/wp-json\/wp\/v2\/product\/3729","targetHints":{"allow":["GET"]}}],"collection":[{"href":"https:\/\/vintagecycling.store\/fr\/wp-json\/wp\/v2\/product"}],"about":[{"href":"https:\/\/vintagecycling.store\/fr\/wp-json\/wp\/v2\/types\/product"}],"wp:featuredmedia":[{"embeddable":true,"href":"https:\/\/vintagecycling.store\/fr\/wp-json\/wp\/v2\/media\/3728"}],"wp:attachment":[{"href":"https:\/\/vintagecycling.store\/fr\/wp-json\/wp\/v2\/media?parent=3729"}],"wp:term":[{"taxonomy":"product_brand","embeddable":true,"href":"https:\/\/vintagecycling.store\/fr\/wp-json\/wp\/v2\/product_brand?post=3729"},{"taxonomy":"product_cat","embeddable":true,"href":"https:\/\/vintagecycling.store\/fr\/wp-json\/wp\/v2\/product_cat?post=3729"},{"taxonomy":"product_tag","embeddable":true,"href":"https:\/\/vintagecycling.store\/fr\/wp-json\/wp\/v2\/product_tag?post=3729"}],"curies":[{"name":"wp","href":"https:\/\/api.w.org\/{rel}","templated":true}]}}