{"id":5186,"date":"2023-01-24T18:24:30","date_gmt":"2023-01-24T18:24:30","guid":{"rendered":"https:\/\/ton.connectingminds.net\/product\/cilo-aufina-tcs\/"},"modified":"2026-01-28T12:00:54","modified_gmt":"2026-01-28T11:00:54","slug":"cilo-aufina-tcs","status":"publish","type":"product","link":"https:\/\/vintagecycling.store\/fr\/retro-wielershirt\/cilo-aufina-tcs\/","title":{"rendered":"CILO-AUFINA (c)-CHEMISE DE CYCLISME TCS 1985"},"content":{"rendered":"<p>Cilo Aufina est une ancienne \u00e9quipe cycliste suisse, l&#039;\u00e9quipe \u00e9tait sponsoris\u00e9e par Cilo, une marque suisse de v\u00e9los, et Aufina, une soci\u00e9t\u00e9 suisse de services financiers. La marque de v\u00e9los Cilo a \u00e9t\u00e9 le sponsor principal de l&#039;\u00e9quipe Cilo de 1939 \u00e0 1997, notamment de 1980 \u00e0 1985 sous le nom de Cilo-Aufina. Parmi les coureurs figurent Daniel Gisiger, Gilbert Glaus, Beat Breu et Serge Demierre.<\/p>\n<p><img fetchpriority=\"high\" decoding=\"async\" class=\"size-medium wp-image-27487 aligncenter\" src=\"https:\/\/cycling-originals.com\/wp-content\/uploads\/2023\/01\/cilo-aufina-teamcard-1985-300x213.jpg\" alt=\"cilo aufina 1985\" width=\"300\" height=\"213\" srcset=\"https:\/\/vintagecycling.store\/wp-content\/uploads\/2023\/01\/cilo-aufina-teamcard-1985-300x213.jpg 300w, https:\/\/vintagecycling.store\/wp-content\/uploads\/2023\/01\/cilo-aufina-teamcard-1985-18x12.jpg 18w, https:\/\/vintagecycling.store\/wp-content\/uploads\/2023\/01\/cilo-aufina-teamcard-1985.jpg 600w\" sizes=\"(max-width: 300px) 100vw, 300px\" \/><\/p>\n<p>&nbsp;<\/p>","protected":false},"excerpt":{"rendered":"<p>Cilo Aufina is een voormalige Zwitserse wielerploeg, de ploeg werd gesponsord door Cilo, een Zwitsers fietsenmerk, en Aufina, een Zwitserse financi\u00eble dienstverlener. Het fietsenmerk Cilo was van 1939 tot 1997 hoofdsponsor van de Cilo ploeg, waarvan in 1980 tot en met 1985 onder de naam Cilo-Aufina. Renners ondermeer Daniel Gisiger, Gilbert Glaus, Beat Breu en [&hellip;]<\/p>\n","protected":false},"featured_media":5185,"template":"","meta":[],"product_brand":[],"product_cat":[151],"product_tag":[],"class_list":{"0":"post-5186","1":"product","2":"type-product","3":"status-publish","4":"has-post-thumbnail","6":"product_cat-pro-team","8":"first","9":"onbackorder","10":"taxable","11":"shipping-taxable","12":"purchasable","13":"product-type-variable"},"yoast_head":"<!-- This site is optimized with the Yoast SEO plugin v27.3 - https:\/\/yoast.com\/product\/yoast-seo-wordpress\/ -->\n<title>CILO-AUFINA (c)-TCS 1985 WIELERSHIRT - Vintage Cycling Store<\/title>\n<meta name=\"robots\" content=\"index, follow, max-snippet:-1, max-image-preview:large, max-video-preview:-1\" \/>\n<link rel=\"canonical\" href=\"https:\/\/vintagecycling.store\/fr\/maillot-de-cyclisme-retro\/cilo-aufina-tcs\/\" \/>\n<meta property=\"og:locale\" content=\"fr_FR\" \/>\n<meta property=\"og:type\" content=\"article\" \/>\n<meta property=\"og:title\" content=\"CILO-AUFINA (c)-TCS 1985 WIELERSHIRT - Vintage Cycling Store\" \/>\n<meta property=\"og:description\" content=\"Cilo Aufina is een voormalige Zwitserse wielerploeg, de ploeg werd gesponsord door Cilo, een Zwitsers fietsenmerk, en Aufina, een Zwitserse financi\u00eble dienstverlener. Het fietsenmerk Cilo was van 1939 tot 1997 hoofdsponsor van de Cilo ploeg, waarvan in 1980 tot en met 1985 onder de naam Cilo-Aufina. Renners ondermeer Daniel Gisiger, Gilbert Glaus, Beat Breu en [&hellip;]\" \/>\n<meta property=\"og:url\" content=\"https:\/\/vintagecycling.store\/fr\/maillot-de-cyclisme-retro\/cilo-aufina-tcs\/\" \/>\n<meta property=\"og:site_name\" content=\"Vintage Cycling Store\" \/>\n<meta property=\"article:modified_time\" content=\"2026-01-28T11:00:54+00:00\" \/>\n<meta property=\"og:image\" content=\"https:\/\/vintagecycling.store\/wp-content\/uploads\/2023\/01\/SSA43914.jpg\" \/>\n\t<meta property=\"og:image:width\" content=\"1704\" \/>\n\t<meta property=\"og:image:height\" content=\"2272\" \/>\n\t<meta property=\"og:image:type\" content=\"image\/jpeg\" \/>\n<meta name=\"twitter:card\" content=\"summary_large_image\" \/>\n<meta name=\"twitter:label1\" content=\"Dur\u00e9e de lecture estim\u00e9e\" \/>\n\t<meta name=\"twitter:data1\" content=\"1 minute\" \/>\n<script type=\"application\/ld+json\" class=\"yoast-schema-graph\">{\"@context\":\"https:\\\/\\\/schema.org\",\"@graph\":[{\"@type\":\"WebPage\",\"@id\":\"https:\\\/\\\/vintagecycling.store\\\/de\\\/retro-radtrikot\\\/cilo-aufina-tcs\\\/\",\"url\":\"https:\\\/\\\/vintagecycling.store\\\/de\\\/retro-radtrikot\\\/cilo-aufina-tcs\\\/\",\"name\":\"CILO-AUFINA (c)-TCS 1985 WIELERSHIRT - Vintage Cycling Store\",\"isPartOf\":{\"@id\":\"https:\\\/\\\/tonmerckxwielershirts.nl\\\/es\\\/#website\"},\"primaryImageOfPage\":{\"@id\":\"https:\\\/\\\/vintagecycling.store\\\/de\\\/retro-radtrikot\\\/cilo-aufina-tcs\\\/#primaryimage\"},\"image\":{\"@id\":\"https:\\\/\\\/vintagecycling.store\\\/de\\\/retro-radtrikot\\\/cilo-aufina-tcs\\\/#primaryimage\"},\"thumbnailUrl\":\"https:\\\/\\\/vintagecycling.store\\\/wp-content\\\/uploads\\\/2023\\\/01\\\/SSA43914.jpg\",\"datePublished\":\"2023-01-24T18:24:30+00:00\",\"dateModified\":\"2026-01-28T11:00:54+00:00\",\"breadcrumb\":{\"@id\":\"https:\\\/\\\/vintagecycling.store\\\/de\\\/retro-radtrikot\\\/cilo-aufina-tcs\\\/#breadcrumb\"},\"inLanguage\":\"fr-FR\",\"potentialAction\":[{\"@type\":\"ReadAction\",\"target\":[\"https:\\\/\\\/vintagecycling.store\\\/de\\\/retro-radtrikot\\\/cilo-aufina-tcs\\\/\"]}]},{\"@type\":\"ImageObject\",\"inLanguage\":\"fr-FR\",\"@id\":\"https:\\\/\\\/vintagecycling.store\\\/de\\\/retro-radtrikot\\\/cilo-aufina-tcs\\\/#primaryimage\",\"url\":\"https:\\\/\\\/vintagecycling.store\\\/wp-content\\\/uploads\\\/2023\\\/01\\\/SSA43914.jpg\",\"contentUrl\":\"https:\\\/\\\/vintagecycling.store\\\/wp-content\\\/uploads\\\/2023\\\/01\\\/SSA43914.jpg\",\"width\":1704,\"height\":2272},{\"@type\":\"BreadcrumbList\",\"@id\":\"https:\\\/\\\/vintagecycling.store\\\/de\\\/retro-radtrikot\\\/cilo-aufina-tcs\\\/#breadcrumb\",\"itemListElement\":[{\"@type\":\"ListItem\",\"position\":1,\"name\":\"Home\",\"item\":\"https:\\\/\\\/tonmerckxwielershirts.nl\\\/es\\\/\"},{\"@type\":\"ListItem\",\"position\":2,\"name\":\"Retro wielershirts\",\"item\":\"https:\\\/\\\/tonmerckxwielershirts.nl\\\/es\\\/camisetas-de-ciclismo-retro\\\/\"},{\"@type\":\"ListItem\",\"position\":3,\"name\":\"CILO-AUFINA (c)-TCS 1985 WIELERSHIRT\"}]},{\"@type\":\"WebSite\",\"@id\":\"https:\\\/\\\/tonmerckxwielershirts.nl\\\/es\\\/#website\",\"url\":\"https:\\\/\\\/tonmerckxwielershirts.nl\\\/es\\\/\",\"name\":\"Vintage Cycling Store\",\"description\":\"thousands of original cycling jerseys - order your replica!\",\"publisher\":{\"@id\":\"https:\\\/\\\/tonmerckxwielershirts.nl\\\/es\\\/#organization\"},\"potentialAction\":[{\"@type\":\"SearchAction\",\"target\":{\"@type\":\"EntryPoint\",\"urlTemplate\":\"https:\\\/\\\/tonmerckxwielershirts.nl\\\/es\\\/?s={search_term_string}\"},\"query-input\":{\"@type\":\"PropertyValueSpecification\",\"valueRequired\":true,\"valueName\":\"search_term_string\"}}],\"inLanguage\":\"fr-FR\"},{\"@type\":\"Organization\",\"@id\":\"https:\\\/\\\/tonmerckxwielershirts.nl\\\/es\\\/#organization\",\"name\":\"Vintage Cycling Store\",\"url\":\"https:\\\/\\\/tonmerckxwielershirts.nl\\\/es\\\/\",\"logo\":{\"@type\":\"ImageObject\",\"inLanguage\":\"fr-FR\",\"@id\":\"https:\\\/\\\/tonmerckxwielershirts.nl\\\/es\\\/#\\\/schema\\\/logo\\\/image\\\/\",\"url\":\"https:\\\/\\\/vintagecycling.store\\\/wp-content\\\/uploads\\\/2023\\\/03\\\/ton-merckx-logo.jpg\",\"contentUrl\":\"https:\\\/\\\/vintagecycling.store\\\/wp-content\\\/uploads\\\/2023\\\/03\\\/ton-merckx-logo.jpg\",\"width\":391,\"height\":57,\"caption\":\"Vintage Cycling Store\"},\"image\":{\"@id\":\"https:\\\/\\\/tonmerckxwielershirts.nl\\\/es\\\/#\\\/schema\\\/logo\\\/image\\\/\"}}]}<\/script>\n<!-- \/ Yoast SEO plugin. -->","yoast_head_json":{"title":"CILO-AUFINA (c)-CHEMISE DE CYCLISME TCS 1985 - Vintage Cycling Store","robots":{"index":"index","follow":"follow","max-snippet":"max-snippet:-1","max-image-preview":"max-image-preview:large","max-video-preview":"max-video-preview:-1"},"canonical":"https:\/\/vintagecycling.store\/fr\/maillot-de-cyclisme-retro\/cilo-aufina-tcs\/","og_locale":"fr_FR","og_type":"article","og_title":"CILO-AUFINA (c)-TCS 1985 WIELERSHIRT - Vintage Cycling Store","og_description":"Cilo Aufina is een voormalige Zwitserse wielerploeg, de ploeg werd gesponsord door Cilo, een Zwitsers fietsenmerk, en Aufina, een Zwitserse financi\u00eble dienstverlener. Het fietsenmerk Cilo was van 1939 tot 1997 hoofdsponsor van de Cilo ploeg, waarvan in 1980 tot en met 1985 onder de naam Cilo-Aufina. Renners ondermeer Daniel Gisiger, Gilbert Glaus, Beat Breu en [&hellip;]","og_url":"https:\/\/vintagecycling.store\/fr\/maillot-de-cyclisme-retro\/cilo-aufina-tcs\/","og_site_name":"Vintage Cycling Store","article_modified_time":"2026-01-28T11:00:54+00:00","og_image":[{"width":1704,"height":2272,"url":"https:\/\/vintagecycling.store\/wp-content\/uploads\/2023\/01\/SSA43914.jpg","type":"image\/jpeg"}],"twitter_card":"summary_large_image","twitter_misc":{"Dur\u00e9e de lecture estim\u00e9e":"1 minute"},"schema":{"@context":"https:\/\/schema.org","@graph":[{"@type":"WebPage","@id":"https:\/\/vintagecycling.store\/de\/retro-radtrikot\/cilo-aufina-tcs\/","url":"https:\/\/vintagecycling.store\/de\/retro-radtrikot\/cilo-aufina-tcs\/","name":"CILO-AUFINA (c)-CHEMISE DE CYCLISME TCS 1985 - Vintage Cycling Store","isPartOf":{"@id":"https:\/\/tonmerckxwielershirts.nl\/es\/#website"},"primaryImageOfPage":{"@id":"https:\/\/vintagecycling.store\/de\/retro-radtrikot\/cilo-aufina-tcs\/#primaryimage"},"image":{"@id":"https:\/\/vintagecycling.store\/de\/retro-radtrikot\/cilo-aufina-tcs\/#primaryimage"},"thumbnailUrl":"https:\/\/vintagecycling.store\/wp-content\/uploads\/2023\/01\/SSA43914.jpg","datePublished":"2023-01-24T18:24:30+00:00","dateModified":"2026-01-28T11:00:54+00:00","breadcrumb":{"@id":"https:\/\/vintagecycling.store\/de\/retro-radtrikot\/cilo-aufina-tcs\/#breadcrumb"},"inLanguage":"fr-FR","potentialAction":[{"@type":"ReadAction","target":["https:\/\/vintagecycling.store\/de\/retro-radtrikot\/cilo-aufina-tcs\/"]}]},{"@type":"ImageObject","inLanguage":"fr-FR","@id":"https:\/\/vintagecycling.store\/de\/retro-radtrikot\/cilo-aufina-tcs\/#primaryimage","url":"https:\/\/vintagecycling.store\/wp-content\/uploads\/2023\/01\/SSA43914.jpg","contentUrl":"https:\/\/vintagecycling.store\/wp-content\/uploads\/2023\/01\/SSA43914.jpg","width":1704,"height":2272},{"@type":"BreadcrumbList","@id":"https:\/\/vintagecycling.store\/de\/retro-radtrikot\/cilo-aufina-tcs\/#breadcrumb","itemListElement":[{"@type":"ListItem","position":1,"name":"Home","item":"https:\/\/tonmerckxwielershirts.nl\/es\/"},{"@type":"ListItem","position":2,"name":"Retro wielershirts","item":"https:\/\/tonmerckxwielershirts.nl\/es\/camisetas-de-ciclismo-retro\/"},{"@type":"ListItem","position":3,"name":"CILO-AUFINA (c)-TCS 1985 WIELERSHIRT"}]},{"@type":"WebSite","@id":"https:\/\/tonmerckxwielershirts.nl\/es\/#website","url":"https:\/\/tonmerckxwielershirts.nl\/es\/","name":"Magasin de cyclisme vintage","description":"des milliers de maillots de cyclisme originaux - commandez votre r\u00e9plique !","publisher":{"@id":"https:\/\/tonmerckxwielershirts.nl\/es\/#organization"},"potentialAction":[{"@type":"SearchAction","target":{"@type":"EntryPoint","urlTemplate":"https:\/\/tonmerckxwielershirts.nl\/es\/?s={search_term_string}"},"query-input":{"@type":"PropertyValueSpecification","valueRequired":true,"valueName":"search_term_string"}}],"inLanguage":"fr-FR"},{"@type":"Organization","@id":"https:\/\/tonmerckxwielershirts.nl\/es\/#organization","name":"Magasin de cyclisme vintage","url":"https:\/\/tonmerckxwielershirts.nl\/es\/","logo":{"@type":"ImageObject","inLanguage":"fr-FR","@id":"https:\/\/tonmerckxwielershirts.nl\/es\/#\/schema\/logo\/image\/","url":"https:\/\/vintagecycling.store\/wp-content\/uploads\/2023\/03\/ton-merckx-logo.jpg","contentUrl":"https:\/\/vintagecycling.store\/wp-content\/uploads\/2023\/03\/ton-merckx-logo.jpg","width":391,"height":57,"caption":"Vintage Cycling Store"},"image":{"@id":"https:\/\/tonmerckxwielershirts.nl\/es\/#\/schema\/logo\/image\/"}}]}},"_links":{"self":[{"href":"https:\/\/vintagecycling.store\/fr\/wp-json\/wp\/v2\/product\/5186","targetHints":{"allow":["GET"]}}],"collection":[{"href":"https:\/\/vintagecycling.store\/fr\/wp-json\/wp\/v2\/product"}],"about":[{"href":"https:\/\/vintagecycling.store\/fr\/wp-json\/wp\/v2\/types\/product"}],"wp:featuredmedia":[{"embeddable":true,"href":"https:\/\/vintagecycling.store\/fr\/wp-json\/wp\/v2\/media\/5185"}],"wp:attachment":[{"href":"https:\/\/vintagecycling.store\/fr\/wp-json\/wp\/v2\/media?parent=5186"}],"wp:term":[{"taxonomy":"product_brand","embeddable":true,"href":"https:\/\/vintagecycling.store\/fr\/wp-json\/wp\/v2\/product_brand?post=5186"},{"taxonomy":"product_cat","embeddable":true,"href":"https:\/\/vintagecycling.store\/fr\/wp-json\/wp\/v2\/product_cat?post=5186"},{"taxonomy":"product_tag","embeddable":true,"href":"https:\/\/vintagecycling.store\/fr\/wp-json\/wp\/v2\/product_tag?post=5186"}],"curies":[{"name":"wp","href":"https:\/\/api.w.org\/{rel}","templated":true}]}}