{"id":5226,"date":"2023-01-24T18:25:03","date_gmt":"2023-01-24T18:25:03","guid":{"rendered":"https:\/\/ton.connectingminds.net\/product\/post-swiss-team\/"},"modified":"2026-01-28T12:00:53","modified_gmt":"2026-01-28T11:00:53","slug":"equipe-post-suisse","status":"publish","type":"product","link":"https:\/\/vintagecycling.store\/fr\/retro-wielershirt\/post-swiss-team\/","title":{"rendered":"\u00c9QUIPE POST SWISS (a) \u2013 1997 \u2013 MAILLOT DE CYCLISME"},"content":{"rendered":"<p><img fetchpriority=\"high\" decoding=\"async\" class=\"alignnone size-medium wp-image-27311\" src=\"https:\/\/cycling-originals.com\/wp-content\/uploads\/2023\/01\/Post-Swiss-Team-1997-TeamFoto-300x208.jpg\" alt=\"Post-Equipe Suisse 1997\" width=\"300\" height=\"208\" srcset=\"https:\/\/vintagecycling.store\/wp-content\/uploads\/2023\/01\/Post-Swiss-Team-1997-TeamFoto-300x208.jpg 300w, https:\/\/vintagecycling.store\/wp-content\/uploads\/2023\/01\/Post-Swiss-Team-1997-TeamFoto-18x12.jpg 18w, https:\/\/vintagecycling.store\/wp-content\/uploads\/2023\/01\/Post-Swiss-Team-1997-TeamFoto.jpg 600w\" sizes=\"(max-width: 300px) 100vw, 300px\" \/><\/p>\n<p>Post Swiss Team (POS) \u00e9tait une \u00e9quipe cycliste suisse qui a exist\u00e9 de 1996 \u00e0 2001.<br \/>\nEn 1996, cette \u00e9quipe professionnelle a couru sous le nom de PMU Romand \u2013 Bepsa.<\/p>\n<p>Chefs d&#039;\u00e9quipe Jacques Michaud, Serge Demierre et Jean-Jacques Loup<br \/>\nLes coureurs incluent Niki Aebersold, Richard Chasso, Daniel Paradis et Daniel Schnider.<\/p>\n<p><img decoding=\"async\" class=\"alignnone size-medium wp-image-27312\" src=\"https:\/\/cycling-originals.com\/wp-content\/uploads\/2023\/01\/Post-Swiss-Team-Nikki-Aebersold-1997-212x300.jpg\" alt=\"\" width=\"212\" height=\"300\" srcset=\"https:\/\/vintagecycling.store\/wp-content\/uploads\/2023\/01\/Post-Swiss-Team-Nikki-Aebersold-1997-212x300.jpg 212w, https:\/\/vintagecycling.store\/wp-content\/uploads\/2023\/01\/Post-Swiss-Team-Nikki-Aebersold-1997-8x12.jpg 8w, https:\/\/vintagecycling.store\/wp-content\/uploads\/2023\/01\/Post-Swiss-Team-Nikki-Aebersold-1997.jpg 450w\" sizes=\"(max-width: 212px) 100vw, 212px\" \/><\/p>\n<p><em>\u00a0 \u00a0 \u00a0 photo : Niki Aebersold<\/em><\/p>\n<p>&nbsp;<\/p>\n<p>Niki Aebersold \u00e9tait un cycliste suisse actif de 1989 \u00e0 2002. Il \u00e9tait surtout connu comme un solide contre-la-montre et a remport\u00e9 plusieurs victoires dans cette discipline au cours de sa carri\u00e8re. Aebersold a \u00e9galement particip\u00e9 \u00e0 plusieurs grandes courses cyclistes, dont le Tour de France et le Tour d&#039;Italie. Cependant, il n&#039;a jamais remport\u00e9 d&#039;\u00e9tape dans aucune de ces courses. Apr\u00e8s sa carri\u00e8re active de cycliste, Aebersold est rest\u00e9 impliqu\u00e9 dans le sport en tant que directeur sportif et entra\u00eeneur.<\/p>","protected":false},"excerpt":{"rendered":"<p>Post Swiss Team (POS) was een Zwitsers wielerteam dat bestond van 1996 tot 2001. In 1996 reed dit pro team onder de naam PMU Romand\u2013Bepsa in 1996. Team managers Jacques Michaud, Serge Demierre en Jean-Jacques Loup Renners o.a. Niki Aebersold, Richard Chasso, Daniel Paradis en Daniel Schnider. \u00a0 \u00a0 \u00a0 foto: Niki Aebersold &nbsp; Niki [&hellip;]<\/p>\n","protected":false},"featured_media":5225,"template":"","meta":[],"product_brand":[],"product_cat":[151],"product_tag":[],"class_list":{"0":"post-5226","1":"product","2":"type-product","3":"status-publish","4":"has-post-thumbnail","6":"product_cat-pro-team","8":"first","9":"onbackorder","10":"taxable","11":"shipping-taxable","12":"purchasable","13":"product-type-variable"},"yoast_head":"<!-- This site is optimized with the Yoast SEO plugin v27.3 - https:\/\/yoast.com\/product\/yoast-seo-wordpress\/ -->\n<title>POST SWISS (a) TEAM - 1997 - WIELERSHIRT - Vintage Cycling Store<\/title>\n<meta name=\"robots\" content=\"index, follow, max-snippet:-1, max-image-preview:large, max-video-preview:-1\" \/>\n<link rel=\"canonical\" href=\"https:\/\/vintagecycling.store\/fr\/maillot-de-cyclisme-retro\/equipe-post-suisse\/\" \/>\n<meta property=\"og:locale\" content=\"fr_FR\" \/>\n<meta property=\"og:type\" content=\"article\" \/>\n<meta property=\"og:title\" content=\"POST SWISS (a) TEAM - 1997 - WIELERSHIRT - Vintage Cycling Store\" \/>\n<meta property=\"og:description\" content=\"Post Swiss Team (POS) was een Zwitsers wielerteam dat bestond van 1996 tot 2001. In 1996 reed dit pro team onder de naam PMU Romand\u2013Bepsa in 1996. Team managers Jacques Michaud, Serge Demierre en Jean-Jacques Loup Renners o.a. Niki Aebersold, Richard Chasso, Daniel Paradis en Daniel Schnider. \u00a0 \u00a0 \u00a0 foto: Niki Aebersold &nbsp; Niki [&hellip;]\" \/>\n<meta property=\"og:url\" content=\"https:\/\/vintagecycling.store\/fr\/maillot-de-cyclisme-retro\/equipe-post-suisse\/\" \/>\n<meta property=\"og:site_name\" content=\"Vintage Cycling Store\" \/>\n<meta property=\"article:modified_time\" content=\"2026-01-28T11:00:53+00:00\" \/>\n<meta property=\"og:image\" content=\"https:\/\/vintagecycling.store\/wp-content\/uploads\/2023\/01\/SSA43926.jpg\" \/>\n\t<meta property=\"og:image:width\" content=\"1704\" \/>\n\t<meta property=\"og:image:height\" content=\"2272\" \/>\n\t<meta property=\"og:image:type\" content=\"image\/jpeg\" \/>\n<meta name=\"twitter:card\" content=\"summary_large_image\" \/>\n<meta name=\"twitter:label1\" content=\"Dur\u00e9e de lecture estim\u00e9e\" \/>\n\t<meta name=\"twitter:data1\" content=\"2 minutes\" \/>\n<script type=\"application\/ld+json\" class=\"yoast-schema-graph\">{\"@context\":\"https:\\\/\\\/schema.org\",\"@graph\":[{\"@type\":\"WebPage\",\"@id\":\"https:\\\/\\\/vintagecycling.store\\\/retro-wielershirt\\\/post-swiss-team\\\/\",\"url\":\"https:\\\/\\\/vintagecycling.store\\\/retro-wielershirt\\\/post-swiss-team\\\/\",\"name\":\"POST SWISS (a) TEAM - 1997 - WIELERSHIRT - Vintage Cycling Store\",\"isPartOf\":{\"@id\":\"https:\\\/\\\/mail.tonmerckxwielershirts.nl\\\/ja\\\/#website\"},\"primaryImageOfPage\":{\"@id\":\"https:\\\/\\\/vintagecycling.store\\\/retro-wielershirt\\\/post-swiss-team\\\/#primaryimage\"},\"image\":{\"@id\":\"https:\\\/\\\/vintagecycling.store\\\/retro-wielershirt\\\/post-swiss-team\\\/#primaryimage\"},\"thumbnailUrl\":\"https:\\\/\\\/vintagecycling.store\\\/wp-content\\\/uploads\\\/2023\\\/01\\\/SSA43926.jpg\",\"datePublished\":\"2023-01-24T18:25:03+00:00\",\"dateModified\":\"2026-01-28T11:00:53+00:00\",\"breadcrumb\":{\"@id\":\"https:\\\/\\\/vintagecycling.store\\\/retro-wielershirt\\\/post-swiss-team\\\/#breadcrumb\"},\"inLanguage\":\"fr-FR\",\"potentialAction\":[{\"@type\":\"ReadAction\",\"target\":[\"https:\\\/\\\/vintagecycling.store\\\/retro-wielershirt\\\/post-swiss-team\\\/\"]}]},{\"@type\":\"ImageObject\",\"inLanguage\":\"fr-FR\",\"@id\":\"https:\\\/\\\/vintagecycling.store\\\/retro-wielershirt\\\/post-swiss-team\\\/#primaryimage\",\"url\":\"https:\\\/\\\/vintagecycling.store\\\/wp-content\\\/uploads\\\/2023\\\/01\\\/SSA43926.jpg\",\"contentUrl\":\"https:\\\/\\\/vintagecycling.store\\\/wp-content\\\/uploads\\\/2023\\\/01\\\/SSA43926.jpg\",\"width\":1704,\"height\":2272},{\"@type\":\"BreadcrumbList\",\"@id\":\"https:\\\/\\\/vintagecycling.store\\\/retro-wielershirt\\\/post-swiss-team\\\/#breadcrumb\",\"itemListElement\":[{\"@type\":\"ListItem\",\"position\":1,\"name\":\"Home\",\"item\":\"https:\\\/\\\/mail.tonmerckxwielershirts.nl\\\/ja\\\/\"},{\"@type\":\"ListItem\",\"position\":2,\"name\":\"Retro wielershirts\",\"item\":\"https:\\\/\\\/mail.tonmerckxwielershirts.nl\\\/ja\\\/%e3%83%ac%e3%83%88%e3%83%ad%e3%81%aa%e3%82%b5%e3%82%a4%e3%82%af%e3%83%ab%e3%82%b8%e3%83%a3%e3%83%bc%e3%82%b8-2\\\/\"},{\"@type\":\"ListItem\",\"position\":3,\"name\":\"POST SWISS (a) TEAM &#8211; 1997 &#8211; WIELERSHIRT\"}]},{\"@type\":\"WebSite\",\"@id\":\"https:\\\/\\\/mail.tonmerckxwielershirts.nl\\\/ja\\\/#website\",\"url\":\"https:\\\/\\\/mail.tonmerckxwielershirts.nl\\\/ja\\\/\",\"name\":\"Vintage Cycling Store\",\"description\":\"thousands of original cycling jerseys - order your replica!\",\"publisher\":{\"@id\":\"https:\\\/\\\/mail.tonmerckxwielershirts.nl\\\/ja\\\/#organization\"},\"potentialAction\":[{\"@type\":\"SearchAction\",\"target\":{\"@type\":\"EntryPoint\",\"urlTemplate\":\"https:\\\/\\\/mail.tonmerckxwielershirts.nl\\\/ja\\\/?s={search_term_string}\"},\"query-input\":{\"@type\":\"PropertyValueSpecification\",\"valueRequired\":true,\"valueName\":\"search_term_string\"}}],\"inLanguage\":\"fr-FR\"},{\"@type\":\"Organization\",\"@id\":\"https:\\\/\\\/mail.tonmerckxwielershirts.nl\\\/ja\\\/#organization\",\"name\":\"Vintage Cycling Store\",\"url\":\"https:\\\/\\\/mail.tonmerckxwielershirts.nl\\\/ja\\\/\",\"logo\":{\"@type\":\"ImageObject\",\"inLanguage\":\"fr-FR\",\"@id\":\"https:\\\/\\\/mail.tonmerckxwielershirts.nl\\\/ja\\\/#\\\/schema\\\/logo\\\/image\\\/\",\"url\":\"https:\\\/\\\/vintagecycling.store\\\/wp-content\\\/uploads\\\/2023\\\/03\\\/ton-merckx-logo.jpg\",\"contentUrl\":\"https:\\\/\\\/vintagecycling.store\\\/wp-content\\\/uploads\\\/2023\\\/03\\\/ton-merckx-logo.jpg\",\"width\":391,\"height\":57,\"caption\":\"Vintage Cycling Store\"},\"image\":{\"@id\":\"https:\\\/\\\/mail.tonmerckxwielershirts.nl\\\/ja\\\/#\\\/schema\\\/logo\\\/image\\\/\"}}]}<\/script>\n<!-- \/ Yoast SEO plugin. -->","yoast_head_json":{"title":"POST SWISS (a) TEAM - 1997 - CHEMISE DE CYCLISME - Vintage Cycling Store","robots":{"index":"index","follow":"follow","max-snippet":"max-snippet:-1","max-image-preview":"max-image-preview:large","max-video-preview":"max-video-preview:-1"},"canonical":"https:\/\/vintagecycling.store\/fr\/maillot-de-cyclisme-retro\/equipe-post-suisse\/","og_locale":"fr_FR","og_type":"article","og_title":"POST SWISS (a) TEAM - 1997 - WIELERSHIRT - Vintage Cycling Store","og_description":"Post Swiss Team (POS) was een Zwitsers wielerteam dat bestond van 1996 tot 2001. In 1996 reed dit pro team onder de naam PMU Romand\u2013Bepsa in 1996. Team managers Jacques Michaud, Serge Demierre en Jean-Jacques Loup Renners o.a. Niki Aebersold, Richard Chasso, Daniel Paradis en Daniel Schnider. \u00a0 \u00a0 \u00a0 foto: Niki Aebersold &nbsp; Niki [&hellip;]","og_url":"https:\/\/vintagecycling.store\/fr\/maillot-de-cyclisme-retro\/equipe-post-suisse\/","og_site_name":"Vintage Cycling Store","article_modified_time":"2026-01-28T11:00:53+00:00","og_image":[{"width":1704,"height":2272,"url":"https:\/\/vintagecycling.store\/wp-content\/uploads\/2023\/01\/SSA43926.jpg","type":"image\/jpeg"}],"twitter_card":"summary_large_image","twitter_misc":{"Dur\u00e9e de lecture estim\u00e9e":"2 minutes"},"schema":{"@context":"https:\/\/schema.org","@graph":[{"@type":"WebPage","@id":"https:\/\/vintagecycling.store\/retro-wielershirt\/post-swiss-team\/","url":"https:\/\/vintagecycling.store\/retro-wielershirt\/post-swiss-team\/","name":"POST SWISS (a) TEAM - 1997 - CHEMISE DE CYCLISME - Vintage Cycling Store","isPartOf":{"@id":"https:\/\/mail.tonmerckxwielershirts.nl\/ja\/#website"},"primaryImageOfPage":{"@id":"https:\/\/vintagecycling.store\/retro-wielershirt\/post-swiss-team\/#primaryimage"},"image":{"@id":"https:\/\/vintagecycling.store\/retro-wielershirt\/post-swiss-team\/#primaryimage"},"thumbnailUrl":"https:\/\/vintagecycling.store\/wp-content\/uploads\/2023\/01\/SSA43926.jpg","datePublished":"2023-01-24T18:25:03+00:00","dateModified":"2026-01-28T11:00:53+00:00","breadcrumb":{"@id":"https:\/\/vintagecycling.store\/retro-wielershirt\/post-swiss-team\/#breadcrumb"},"inLanguage":"fr-FR","potentialAction":[{"@type":"ReadAction","target":["https:\/\/vintagecycling.store\/retro-wielershirt\/post-swiss-team\/"]}]},{"@type":"ImageObject","inLanguage":"fr-FR","@id":"https:\/\/vintagecycling.store\/retro-wielershirt\/post-swiss-team\/#primaryimage","url":"https:\/\/vintagecycling.store\/wp-content\/uploads\/2023\/01\/SSA43926.jpg","contentUrl":"https:\/\/vintagecycling.store\/wp-content\/uploads\/2023\/01\/SSA43926.jpg","width":1704,"height":2272},{"@type":"BreadcrumbList","@id":"https:\/\/vintagecycling.store\/retro-wielershirt\/post-swiss-team\/#breadcrumb","itemListElement":[{"@type":"ListItem","position":1,"name":"Home","item":"https:\/\/mail.tonmerckxwielershirts.nl\/ja\/"},{"@type":"ListItem","position":2,"name":"Retro wielershirts","item":"https:\/\/mail.tonmerckxwielershirts.nl\/ja\/%e3%83%ac%e3%83%88%e3%83%ad%e3%81%aa%e3%82%b5%e3%82%a4%e3%82%af%e3%83%ab%e3%82%b8%e3%83%a3%e3%83%bc%e3%82%b8-2\/"},{"@type":"ListItem","position":3,"name":"POST SWISS (a) TEAM &#8211; 1997 &#8211; WIELERSHIRT"}]},{"@type":"WebSite","@id":"https:\/\/mail.tonmerckxwielershirts.nl\/ja\/#website","url":"https:\/\/mail.tonmerckxwielershirts.nl\/ja\/","name":"Magasin de cyclisme vintage","description":"des milliers de maillots de cyclisme originaux - commandez votre r\u00e9plique !","publisher":{"@id":"https:\/\/mail.tonmerckxwielershirts.nl\/ja\/#organization"},"potentialAction":[{"@type":"SearchAction","target":{"@type":"EntryPoint","urlTemplate":"https:\/\/mail.tonmerckxwielershirts.nl\/ja\/?s={search_term_string}"},"query-input":{"@type":"PropertyValueSpecification","valueRequired":true,"valueName":"search_term_string"}}],"inLanguage":"fr-FR"},{"@type":"Organization","@id":"https:\/\/mail.tonmerckxwielershirts.nl\/ja\/#organization","name":"Magasin de cyclisme vintage","url":"https:\/\/mail.tonmerckxwielershirts.nl\/ja\/","logo":{"@type":"ImageObject","inLanguage":"fr-FR","@id":"https:\/\/mail.tonmerckxwielershirts.nl\/ja\/#\/schema\/logo\/image\/","url":"https:\/\/vintagecycling.store\/wp-content\/uploads\/2023\/03\/ton-merckx-logo.jpg","contentUrl":"https:\/\/vintagecycling.store\/wp-content\/uploads\/2023\/03\/ton-merckx-logo.jpg","width":391,"height":57,"caption":"Vintage Cycling Store"},"image":{"@id":"https:\/\/mail.tonmerckxwielershirts.nl\/ja\/#\/schema\/logo\/image\/"}}]}},"_links":{"self":[{"href":"https:\/\/vintagecycling.store\/fr\/wp-json\/wp\/v2\/product\/5226","targetHints":{"allow":["GET"]}}],"collection":[{"href":"https:\/\/vintagecycling.store\/fr\/wp-json\/wp\/v2\/product"}],"about":[{"href":"https:\/\/vintagecycling.store\/fr\/wp-json\/wp\/v2\/types\/product"}],"wp:featuredmedia":[{"embeddable":true,"href":"https:\/\/vintagecycling.store\/fr\/wp-json\/wp\/v2\/media\/5225"}],"wp:attachment":[{"href":"https:\/\/vintagecycling.store\/fr\/wp-json\/wp\/v2\/media?parent=5226"}],"wp:term":[{"taxonomy":"product_brand","embeddable":true,"href":"https:\/\/vintagecycling.store\/fr\/wp-json\/wp\/v2\/product_brand?post=5226"},{"taxonomy":"product_cat","embeddable":true,"href":"https:\/\/vintagecycling.store\/fr\/wp-json\/wp\/v2\/product_cat?post=5226"},{"taxonomy":"product_tag","embeddable":true,"href":"https:\/\/vintagecycling.store\/fr\/wp-json\/wp\/v2\/product_tag?post=5226"}],"curies":[{"name":"wp","href":"https:\/\/api.w.org\/{rel}","templated":true}]}}