{"id":991,"date":"2023-01-24T17:33:42","date_gmt":"2023-01-24T17:33:42","guid":{"rendered":"https:\/\/ton.connectingminds.net\/product\/colba-isorex\/"},"modified":"2026-01-28T12:05:00","modified_gmt":"2026-01-28T11:05:00","slug":"colba-isorex","status":"publish","type":"product","link":"https:\/\/vintagecycling.store\/fr\/retro-wielershirt\/colba-isorex\/","title":{"rendered":"MAILLOT DE CYCLISME COLBA (d)-ISOREX-SUPERANO JAMBON 2015"},"content":{"rendered":"<p>En octobre 2015, la chemise COLBA est radicalement modifi\u00e9e.<\/p>\n<p>D\u00e9sormais, les coureurs de cyclo-cross de l&#039;\u00e9quipe COLBA rouleront sous le maillot avec SUPERANO HAM comme sponsor principal.<\/p>\n<p>Ce maillot se trouve plus loin sur ce site (proteams\/Belgique) chez SUPERANO HAM.<\/p>","protected":false},"excerpt":{"rendered":"<p>En octobre 2015, la chemise COLBA est radicalement modifi\u00e9e. D\u00e9sormais, les coureurs de cyclo-cross de l&#039;\u00e9quipe COLBA rouleront sous le maillot avec SUPERANO HAM comme sponsor principal. Ce maillot se trouve plus loin sur ce site (proteams\/Belgique) chez SUPERANO HAM.<\/p>","protected":false},"featured_media":990,"template":"","meta":[],"product_brand":[],"product_cat":[151],"product_tag":[],"class_list":{"0":"post-991","1":"product","2":"type-product","3":"status-publish","4":"has-post-thumbnail","6":"product_cat-pro-team","8":"first","9":"onbackorder","10":"taxable","11":"shipping-taxable","12":"purchasable","13":"product-type-variable"},"yoast_head":"<!-- This site is optimized with the Yoast SEO plugin v27.3 - https:\/\/yoast.com\/product\/yoast-seo-wordpress\/ -->\n<title>COLBA (d)-ISOREX-SUPERANO HAM  2015                     WIELERSHIRT - Vintage Cycling Store<\/title>\n<meta name=\"robots\" content=\"index, follow, max-snippet:-1, max-image-preview:large, max-video-preview:-1\" \/>\n<link rel=\"canonical\" href=\"https:\/\/tonmerckxwielershirts.nl\/en\/retro-cycling-jersey\/colba-isorex\/\" \/>\n<meta property=\"og:locale\" content=\"fr_FR\" \/>\n<meta property=\"og:type\" content=\"article\" \/>\n<meta property=\"og:title\" content=\"COLBA (d)-ISOREX-SUPERANO HAM  2015                     WIELERSHIRT - Vintage Cycling Store\" \/>\n<meta property=\"og:description\" content=\"In oktober 2015 is het shirt van COLBA ingrijpend veranderd. De veldrijders van de COLBA ploeg rijden vanaf dan in het shirt met SUPERANO HAM als hoofdsponsor. Dit shirt is verderop op deze website (proteams\/Belgie) te vinden bij SUPERANO HAM.\" \/>\n<meta property=\"og:url\" content=\"https:\/\/tonmerckxwielershirts.nl\/en\/retro-cycling-jersey\/colba-isorex\/\" \/>\n<meta property=\"og:site_name\" content=\"Vintage Cycling Store\" \/>\n<meta property=\"article:modified_time\" content=\"2026-01-28T11:05:00+00:00\" \/>\n<meta property=\"og:image\" content=\"https:\/\/tonmerckxwielershirts.nl\/wp-content\/uploads\/2023\/01\/SSA45480-rotated.jpg\" \/>\n\t<meta property=\"og:image:width\" content=\"1704\" \/>\n\t<meta property=\"og:image:height\" content=\"2272\" \/>\n\t<meta property=\"og:image:type\" content=\"image\/jpeg\" \/>\n<meta name=\"twitter:card\" content=\"summary_large_image\" \/>\n<meta name=\"twitter:label1\" content=\"Dur\u00e9e de lecture estim\u00e9e\" \/>\n\t<meta name=\"twitter:data1\" content=\"1 minute\" \/>\n<script type=\"application\/ld+json\" class=\"yoast-schema-graph\">{\"@context\":\"https:\\\/\\\/schema.org\",\"@graph\":[{\"@type\":\"WebPage\",\"@id\":\"https:\\\/\\\/tonmerckxwielershirts.nl\\\/en\\\/retro-cycling-jersey\\\/colba-isorex\\\/\",\"url\":\"https:\\\/\\\/tonmerckxwielershirts.nl\\\/en\\\/retro-cycling-jersey\\\/colba-isorex\\\/\",\"name\":\"COLBA (d)-ISOREX-SUPERANO HAM 2015 WIELERSHIRT - Vintage Cycling Store\",\"isPartOf\":{\"@id\":\"https:\\\/\\\/tonmerckxwielershirts.nl\\\/es\\\/#website\"},\"primaryImageOfPage\":{\"@id\":\"https:\\\/\\\/tonmerckxwielershirts.nl\\\/en\\\/retro-cycling-jersey\\\/colba-isorex\\\/#primaryimage\"},\"image\":{\"@id\":\"https:\\\/\\\/tonmerckxwielershirts.nl\\\/en\\\/retro-cycling-jersey\\\/colba-isorex\\\/#primaryimage\"},\"thumbnailUrl\":\"https:\\\/\\\/vintagecycling.store\\\/wp-content\\\/uploads\\\/2023\\\/01\\\/SSA45480-rotated.jpg\",\"datePublished\":\"2023-01-24T17:33:42+00:00\",\"dateModified\":\"2026-01-28T11:05:00+00:00\",\"breadcrumb\":{\"@id\":\"https:\\\/\\\/tonmerckxwielershirts.nl\\\/en\\\/retro-cycling-jersey\\\/colba-isorex\\\/#breadcrumb\"},\"inLanguage\":\"fr-FR\",\"potentialAction\":[{\"@type\":\"ReadAction\",\"target\":[\"https:\\\/\\\/tonmerckxwielershirts.nl\\\/en\\\/retro-cycling-jersey\\\/colba-isorex\\\/\"]}]},{\"@type\":\"ImageObject\",\"inLanguage\":\"fr-FR\",\"@id\":\"https:\\\/\\\/tonmerckxwielershirts.nl\\\/en\\\/retro-cycling-jersey\\\/colba-isorex\\\/#primaryimage\",\"url\":\"https:\\\/\\\/vintagecycling.store\\\/wp-content\\\/uploads\\\/2023\\\/01\\\/SSA45480-rotated.jpg\",\"contentUrl\":\"https:\\\/\\\/vintagecycling.store\\\/wp-content\\\/uploads\\\/2023\\\/01\\\/SSA45480-rotated.jpg\",\"width\":1704,\"height\":2272},{\"@type\":\"BreadcrumbList\",\"@id\":\"https:\\\/\\\/tonmerckxwielershirts.nl\\\/en\\\/retro-cycling-jersey\\\/colba-isorex\\\/#breadcrumb\",\"itemListElement\":[{\"@type\":\"ListItem\",\"position\":1,\"name\":\"Home\",\"item\":\"https:\\\/\\\/tonmerckxwielershirts.nl\\\/es\\\/\"},{\"@type\":\"ListItem\",\"position\":2,\"name\":\"Retro wielershirts\",\"item\":\"https:\\\/\\\/tonmerckxwielershirts.nl\\\/es\\\/camisetas-de-ciclismo-retro\\\/\"},{\"@type\":\"ListItem\",\"position\":3,\"name\":\"COLBA (d)-ISOREX-SUPERANO HAM 2015 WIELERSHIRT\"}]},{\"@type\":\"WebSite\",\"@id\":\"https:\\\/\\\/tonmerckxwielershirts.nl\\\/es\\\/#website\",\"url\":\"https:\\\/\\\/tonmerckxwielershirts.nl\\\/es\\\/\",\"name\":\"Vintage Cycling Store\",\"description\":\"thousands of original cycling jerseys - order your replica!\",\"publisher\":{\"@id\":\"https:\\\/\\\/tonmerckxwielershirts.nl\\\/es\\\/#organization\"},\"potentialAction\":[{\"@type\":\"SearchAction\",\"target\":{\"@type\":\"EntryPoint\",\"urlTemplate\":\"https:\\\/\\\/tonmerckxwielershirts.nl\\\/es\\\/?s={search_term_string}\"},\"query-input\":{\"@type\":\"PropertyValueSpecification\",\"valueRequired\":true,\"valueName\":\"search_term_string\"}}],\"inLanguage\":\"fr-FR\"},{\"@type\":\"Organization\",\"@id\":\"https:\\\/\\\/tonmerckxwielershirts.nl\\\/es\\\/#organization\",\"name\":\"Vintage Cycling Store\",\"url\":\"https:\\\/\\\/tonmerckxwielershirts.nl\\\/es\\\/\",\"logo\":{\"@type\":\"ImageObject\",\"inLanguage\":\"fr-FR\",\"@id\":\"https:\\\/\\\/tonmerckxwielershirts.nl\\\/es\\\/#\\\/schema\\\/logo\\\/image\\\/\",\"url\":\"https:\\\/\\\/vintagecycling.store\\\/wp-content\\\/uploads\\\/2023\\\/03\\\/ton-merckx-logo.jpg\",\"contentUrl\":\"https:\\\/\\\/vintagecycling.store\\\/wp-content\\\/uploads\\\/2023\\\/03\\\/ton-merckx-logo.jpg\",\"width\":391,\"height\":57,\"caption\":\"Vintage Cycling Store\"},\"image\":{\"@id\":\"https:\\\/\\\/tonmerckxwielershirts.nl\\\/es\\\/#\\\/schema\\\/logo\\\/image\\\/\"}}]}<\/script>\n<!-- \/ Yoast SEO plugin. -->","yoast_head_json":{"title":"CHEMISE DE CYCLISME COLBA (d)-ISOREX-SUPERANO HAM 2015 - Vintage Cycling Store","robots":{"index":"index","follow":"follow","max-snippet":"max-snippet:-1","max-image-preview":"max-image-preview:large","max-video-preview":"max-video-preview:-1"},"canonical":"https:\/\/tonmerckxwielershirts.nl\/en\/retro-cycling-jersey\/colba-isorex\/","og_locale":"fr_FR","og_type":"article","og_title":"COLBA (d)-ISOREX-SUPERANO HAM  2015                     WIELERSHIRT - Vintage Cycling Store","og_description":"In oktober 2015 is het shirt van COLBA ingrijpend veranderd. De veldrijders van de COLBA ploeg rijden vanaf dan in het shirt met SUPERANO HAM als hoofdsponsor. Dit shirt is verderop op deze website (proteams\/Belgie) te vinden bij SUPERANO HAM.","og_url":"https:\/\/tonmerckxwielershirts.nl\/en\/retro-cycling-jersey\/colba-isorex\/","og_site_name":"Vintage Cycling Store","article_modified_time":"2026-01-28T11:05:00+00:00","og_image":[{"width":1704,"height":2272,"url":"https:\/\/tonmerckxwielershirts.nl\/wp-content\/uploads\/2023\/01\/SSA45480-rotated.jpg","type":"image\/jpeg"}],"twitter_card":"summary_large_image","twitter_misc":{"Dur\u00e9e de lecture estim\u00e9e":"1 minute"},"schema":{"@context":"https:\/\/schema.org","@graph":[{"@type":"WebPage","@id":"https:\/\/tonmerckxwielershirts.nl\/en\/retro-cycling-jersey\/colba-isorex\/","url":"https:\/\/tonmerckxwielershirts.nl\/en\/retro-cycling-jersey\/colba-isorex\/","name":"CHEMISE DE CYCLISME COLBA (d)-ISOREX-SUPERANO HAM 2015 - Vintage Cycling Store","isPartOf":{"@id":"https:\/\/tonmerckxwielershirts.nl\/es\/#website"},"primaryImageOfPage":{"@id":"https:\/\/tonmerckxwielershirts.nl\/en\/retro-cycling-jersey\/colba-isorex\/#primaryimage"},"image":{"@id":"https:\/\/tonmerckxwielershirts.nl\/en\/retro-cycling-jersey\/colba-isorex\/#primaryimage"},"thumbnailUrl":"https:\/\/vintagecycling.store\/wp-content\/uploads\/2023\/01\/SSA45480-rotated.jpg","datePublished":"2023-01-24T17:33:42+00:00","dateModified":"2026-01-28T11:05:00+00:00","breadcrumb":{"@id":"https:\/\/tonmerckxwielershirts.nl\/en\/retro-cycling-jersey\/colba-isorex\/#breadcrumb"},"inLanguage":"fr-FR","potentialAction":[{"@type":"ReadAction","target":["https:\/\/tonmerckxwielershirts.nl\/en\/retro-cycling-jersey\/colba-isorex\/"]}]},{"@type":"ImageObject","inLanguage":"fr-FR","@id":"https:\/\/tonmerckxwielershirts.nl\/en\/retro-cycling-jersey\/colba-isorex\/#primaryimage","url":"https:\/\/vintagecycling.store\/wp-content\/uploads\/2023\/01\/SSA45480-rotated.jpg","contentUrl":"https:\/\/vintagecycling.store\/wp-content\/uploads\/2023\/01\/SSA45480-rotated.jpg","width":1704,"height":2272},{"@type":"BreadcrumbList","@id":"https:\/\/tonmerckxwielershirts.nl\/en\/retro-cycling-jersey\/colba-isorex\/#breadcrumb","itemListElement":[{"@type":"ListItem","position":1,"name":"Home","item":"https:\/\/tonmerckxwielershirts.nl\/es\/"},{"@type":"ListItem","position":2,"name":"Retro wielershirts","item":"https:\/\/tonmerckxwielershirts.nl\/es\/camisetas-de-ciclismo-retro\/"},{"@type":"ListItem","position":3,"name":"COLBA (d)-ISOREX-SUPERANO HAM 2015 WIELERSHIRT"}]},{"@type":"WebSite","@id":"https:\/\/tonmerckxwielershirts.nl\/es\/#website","url":"https:\/\/tonmerckxwielershirts.nl\/es\/","name":"Magasin de cyclisme vintage","description":"des milliers de maillots de cyclisme originaux - commandez votre r\u00e9plique !","publisher":{"@id":"https:\/\/tonmerckxwielershirts.nl\/es\/#organization"},"potentialAction":[{"@type":"SearchAction","target":{"@type":"EntryPoint","urlTemplate":"https:\/\/tonmerckxwielershirts.nl\/es\/?s={search_term_string}"},"query-input":{"@type":"PropertyValueSpecification","valueRequired":true,"valueName":"search_term_string"}}],"inLanguage":"fr-FR"},{"@type":"Organization","@id":"https:\/\/tonmerckxwielershirts.nl\/es\/#organization","name":"Magasin de cyclisme vintage","url":"https:\/\/tonmerckxwielershirts.nl\/es\/","logo":{"@type":"ImageObject","inLanguage":"fr-FR","@id":"https:\/\/tonmerckxwielershirts.nl\/es\/#\/schema\/logo\/image\/","url":"https:\/\/vintagecycling.store\/wp-content\/uploads\/2023\/03\/ton-merckx-logo.jpg","contentUrl":"https:\/\/vintagecycling.store\/wp-content\/uploads\/2023\/03\/ton-merckx-logo.jpg","width":391,"height":57,"caption":"Vintage Cycling Store"},"image":{"@id":"https:\/\/tonmerckxwielershirts.nl\/es\/#\/schema\/logo\/image\/"}}]}},"_links":{"self":[{"href":"https:\/\/vintagecycling.store\/fr\/wp-json\/wp\/v2\/product\/991","targetHints":{"allow":["GET"]}}],"collection":[{"href":"https:\/\/vintagecycling.store\/fr\/wp-json\/wp\/v2\/product"}],"about":[{"href":"https:\/\/vintagecycling.store\/fr\/wp-json\/wp\/v2\/types\/product"}],"wp:featuredmedia":[{"embeddable":true,"href":"https:\/\/vintagecycling.store\/fr\/wp-json\/wp\/v2\/media\/990"}],"wp:attachment":[{"href":"https:\/\/vintagecycling.store\/fr\/wp-json\/wp\/v2\/media?parent=991"}],"wp:term":[{"taxonomy":"product_brand","embeddable":true,"href":"https:\/\/vintagecycling.store\/fr\/wp-json\/wp\/v2\/product_brand?post=991"},{"taxonomy":"product_cat","embeddable":true,"href":"https:\/\/vintagecycling.store\/fr\/wp-json\/wp\/v2\/product_cat?post=991"},{"taxonomy":"product_tag","embeddable":true,"href":"https:\/\/vintagecycling.store\/fr\/wp-json\/wp\/v2\/product_tag?post=991"}],"curies":[{"name":"wp","href":"https:\/\/api.w.org\/{rel}","templated":true}]}}