{"id":2156,"date":"2023-01-24T17:46:28","date_gmt":"2023-01-24T17:46:28","guid":{"rendered":"https:\/\/ton.connectingminds.net\/product\/nationale-ploeg-2\/"},"modified":"2026-01-28T12:03:51","modified_gmt":"2026-01-28T11:03:51","slug":"selecao-nacional-19","status":"publish","type":"product","link":"https:\/\/vintagecycling.store\/pt\/retro-wielershirt\/nationale-ploeg-2\/","title":{"rendered":"CAMISA DE CICLISMO DA SELE\u00c7\u00c3O NACIONAL DA RDA"},"content":{"rendered":"<p>A camisa dos famosos ESTADOS AMADORES da RDA (Alemanha Oriental).<\/p>\n<p>Os Amadores Estaduais da RDA venceram muitas corridas no pa\u00eds e no exterior, ap\u00f3s a queda do MURO muitos se tornaram profissionais e o ciclismo alem\u00e3o floresceu por v\u00e1rios anos com pilotos como Olaf Ludwig, Uwe Raab e Jan Ullrich<\/p>","protected":false},"excerpt":{"rendered":"<p>A camisa dos famosos ESTADOS AMADORES da RDA (Alemanha Oriental). Os Amadores Estaduais da RDA venceram muitas corridas no pa\u00eds e no exterior, ap\u00f3s a queda do MURO muitos se tornaram profissionais e o ciclismo alem\u00e3o floresceu por v\u00e1rios anos com pilotos como Olaf Ludwig, Uwe Raab e Jan Ullrich<\/p>","protected":false},"featured_media":2155,"template":"","meta":[],"product_brand":[],"product_cat":[1372],"product_tag":[],"class_list":{"0":"post-2156","1":"product","2":"type-product","3":"status-publish","4":"has-post-thumbnail","6":"product_cat-nationale-teams","8":"first","9":"outofstock","10":"taxable","11":"shipping-taxable","12":"purchasable","13":"product-type-variable"},"yoast_head":"<!-- This site is optimized with the Yoast SEO plugin v27.4 - https:\/\/yoast.com\/product\/yoast-seo-wordpress\/ -->\n<title>DDR NATIONALE PLOEG                            WIELERSHIRT - Vintage Cycling Store<\/title>\n<meta name=\"robots\" content=\"index, follow, max-snippet:-1, max-image-preview:large, max-video-preview:-1\" \/>\n<link rel=\"canonical\" href=\"https:\/\/ton.connectingminds.net\/pt\/camisa-de-ciclismo-retro\/selecao-nacional-19\/\" \/>\n<meta property=\"og:locale\" content=\"pt_PT\" \/>\n<meta property=\"og:type\" content=\"article\" \/>\n<meta property=\"og:title\" content=\"DDR NATIONALE PLOEG                            WIELERSHIRT - Vintage Cycling Store\" \/>\n<meta property=\"og:description\" content=\"Het shirt van de Roemruchte STAATSAMATEURS van de DDR (Oost-Duitsland). De Staatsamateurs van de DDR wonnen veel koersen in binnen en buitenland, na het vallen van de MUUR werden er vele prof en floreerde de Duitse wielersport voor meerdere jaren met renners als Olaf Ludwig, Uwe Raab en Jan Ullrich\" \/>\n<meta property=\"og:url\" content=\"https:\/\/ton.connectingminds.net\/pt\/camisa-de-ciclismo-retro\/selecao-nacional-19\/\" \/>\n<meta property=\"og:site_name\" content=\"Vintage Cycling Store\" \/>\n<meta property=\"article:modified_time\" content=\"2026-01-28T11:03:51+00:00\" \/>\n<meta property=\"og:image\" content=\"https:\/\/ton.connectingminds.net\/wp-content\/uploads\/2023\/01\/SSA43373.jpg\" \/>\n\t<meta property=\"og:image:width\" content=\"1704\" \/>\n\t<meta property=\"og:image:height\" content=\"2272\" \/>\n\t<meta property=\"og:image:type\" content=\"image\/jpeg\" \/>\n<meta name=\"twitter:card\" content=\"summary_large_image\" \/>\n<meta name=\"twitter:label1\" content=\"Tempo estimado de leitura\" \/>\n\t<meta name=\"twitter:data1\" content=\"1 minuto\" \/>\n<script type=\"application\/ld+json\" class=\"yoast-schema-graph\">{\"@context\":\"https:\\\/\\\/schema.org\",\"@graph\":[{\"@type\":\"WebPage\",\"@id\":\"https:\\\/\\\/ton.connectingminds.net\\\/pt\\\/camisa-de-ciclismo-retro\\\/selecao-nacional-19\\\/\",\"url\":\"https:\\\/\\\/ton.connectingminds.net\\\/pt\\\/camisa-de-ciclismo-retro\\\/selecao-nacional-19\\\/\",\"name\":\"DDR NATIONALE PLOEG WIELERSHIRT - Vintage Cycling Store\",\"isPartOf\":{\"@id\":\"https:\\\/\\\/mail.ton.connectingminds.net\\\/de\\\/#website\"},\"primaryImageOfPage\":{\"@id\":\"https:\\\/\\\/ton.connectingminds.net\\\/pt\\\/camisa-de-ciclismo-retro\\\/selecao-nacional-19\\\/#primaryimage\"},\"image\":{\"@id\":\"https:\\\/\\\/ton.connectingminds.net\\\/pt\\\/camisa-de-ciclismo-retro\\\/selecao-nacional-19\\\/#primaryimage\"},\"thumbnailUrl\":\"https:\\\/\\\/vintagecycling.store\\\/wp-content\\\/uploads\\\/2023\\\/01\\\/SSA43373.jpg\",\"datePublished\":\"2023-01-24T17:46:28+00:00\",\"dateModified\":\"2026-01-28T11:03:51+00:00\",\"breadcrumb\":{\"@id\":\"https:\\\/\\\/ton.connectingminds.net\\\/pt\\\/camisa-de-ciclismo-retro\\\/selecao-nacional-19\\\/#breadcrumb\"},\"inLanguage\":\"pt-PT\",\"potentialAction\":[{\"@type\":\"ReadAction\",\"target\":[\"https:\\\/\\\/ton.connectingminds.net\\\/pt\\\/camisa-de-ciclismo-retro\\\/selecao-nacional-19\\\/\"]}]},{\"@type\":\"ImageObject\",\"inLanguage\":\"pt-PT\",\"@id\":\"https:\\\/\\\/ton.connectingminds.net\\\/pt\\\/camisa-de-ciclismo-retro\\\/selecao-nacional-19\\\/#primaryimage\",\"url\":\"https:\\\/\\\/vintagecycling.store\\\/wp-content\\\/uploads\\\/2023\\\/01\\\/SSA43373.jpg\",\"contentUrl\":\"https:\\\/\\\/vintagecycling.store\\\/wp-content\\\/uploads\\\/2023\\\/01\\\/SSA43373.jpg\",\"width\":1704,\"height\":2272},{\"@type\":\"BreadcrumbList\",\"@id\":\"https:\\\/\\\/ton.connectingminds.net\\\/pt\\\/camisa-de-ciclismo-retro\\\/selecao-nacional-19\\\/#breadcrumb\",\"itemListElement\":[{\"@type\":\"ListItem\",\"position\":1,\"name\":\"Home\",\"item\":\"https:\\\/\\\/mail.ton.connectingminds.net\\\/de\\\/\"},{\"@type\":\"ListItem\",\"position\":2,\"name\":\"Retro wielershirts\",\"item\":\"https:\\\/\\\/mail.ton.connectingminds.net\\\/de\\\/retro-radtrikots\\\/\"},{\"@type\":\"ListItem\",\"position\":3,\"name\":\"DDR NATIONALE PLOEG WIELERSHIRT\"}]},{\"@type\":\"WebSite\",\"@id\":\"https:\\\/\\\/mail.ton.connectingminds.net\\\/de\\\/#website\",\"url\":\"https:\\\/\\\/mail.ton.connectingminds.net\\\/de\\\/\",\"name\":\"Vintage Cycling Store\",\"description\":\"thousands of original cycling jerseys - order your replica!\",\"publisher\":{\"@id\":\"https:\\\/\\\/mail.ton.connectingminds.net\\\/de\\\/#organization\"},\"potentialAction\":[{\"@type\":\"SearchAction\",\"target\":{\"@type\":\"EntryPoint\",\"urlTemplate\":\"https:\\\/\\\/mail.ton.connectingminds.net\\\/de\\\/?s={search_term_string}\"},\"query-input\":{\"@type\":\"PropertyValueSpecification\",\"valueRequired\":true,\"valueName\":\"search_term_string\"}}],\"inLanguage\":\"pt-PT\"},{\"@type\":\"Organization\",\"@id\":\"https:\\\/\\\/mail.ton.connectingminds.net\\\/de\\\/#organization\",\"name\":\"Vintage Cycling Store\",\"url\":\"https:\\\/\\\/mail.ton.connectingminds.net\\\/de\\\/\",\"logo\":{\"@type\":\"ImageObject\",\"inLanguage\":\"pt-PT\",\"@id\":\"https:\\\/\\\/mail.ton.connectingminds.net\\\/de\\\/#\\\/schema\\\/logo\\\/image\\\/\",\"url\":\"https:\\\/\\\/vintagecycling.store\\\/wp-content\\\/uploads\\\/2023\\\/03\\\/ton-merckx-logo.jpg\",\"contentUrl\":\"https:\\\/\\\/vintagecycling.store\\\/wp-content\\\/uploads\\\/2023\\\/03\\\/ton-merckx-logo.jpg\",\"width\":391,\"height\":57,\"caption\":\"Vintage Cycling Store\"},\"image\":{\"@id\":\"https:\\\/\\\/mail.ton.connectingminds.net\\\/de\\\/#\\\/schema\\\/logo\\\/image\\\/\"}}]}<\/script>\n<!-- \/ Yoast SEO plugin. -->","yoast_head_json":{"title":"CAMISA DE CICLISMO DA EQUIPE NACIONAL DA RDA - Vintage Cycling Store","robots":{"index":"index","follow":"follow","max-snippet":"max-snippet:-1","max-image-preview":"max-image-preview:large","max-video-preview":"max-video-preview:-1"},"canonical":"https:\/\/ton.connectingminds.net\/pt\/camisa-de-ciclismo-retro\/selecao-nacional-19\/","og_locale":"pt_PT","og_type":"article","og_title":"DDR NATIONALE PLOEG                            WIELERSHIRT - Vintage Cycling Store","og_description":"Het shirt van de Roemruchte STAATSAMATEURS van de DDR (Oost-Duitsland). De Staatsamateurs van de DDR wonnen veel koersen in binnen en buitenland, na het vallen van de MUUR werden er vele prof en floreerde de Duitse wielersport voor meerdere jaren met renners als Olaf Ludwig, Uwe Raab en Jan Ullrich","og_url":"https:\/\/ton.connectingminds.net\/pt\/camisa-de-ciclismo-retro\/selecao-nacional-19\/","og_site_name":"Vintage Cycling Store","article_modified_time":"2026-01-28T11:03:51+00:00","og_image":[{"width":1704,"height":2272,"url":"https:\/\/ton.connectingminds.net\/wp-content\/uploads\/2023\/01\/SSA43373.jpg","type":"image\/jpeg"}],"twitter_card":"summary_large_image","twitter_misc":{"Tempo estimado de leitura":"1 minuto"},"schema":{"@context":"https:\/\/schema.org","@graph":[{"@type":"WebPage","@id":"https:\/\/ton.connectingminds.net\/pt\/camisa-de-ciclismo-retro\/selecao-nacional-19\/","url":"https:\/\/ton.connectingminds.net\/pt\/camisa-de-ciclismo-retro\/selecao-nacional-19\/","name":"CAMISA DE CICLISMO DA EQUIPE NACIONAL DA RDA - Vintage Cycling Store","isPartOf":{"@id":"https:\/\/mail.ton.connectingminds.net\/de\/#website"},"primaryImageOfPage":{"@id":"https:\/\/ton.connectingminds.net\/pt\/camisa-de-ciclismo-retro\/selecao-nacional-19\/#primaryimage"},"image":{"@id":"https:\/\/ton.connectingminds.net\/pt\/camisa-de-ciclismo-retro\/selecao-nacional-19\/#primaryimage"},"thumbnailUrl":"https:\/\/vintagecycling.store\/wp-content\/uploads\/2023\/01\/SSA43373.jpg","datePublished":"2023-01-24T17:46:28+00:00","dateModified":"2026-01-28T11:03:51+00:00","breadcrumb":{"@id":"https:\/\/ton.connectingminds.net\/pt\/camisa-de-ciclismo-retro\/selecao-nacional-19\/#breadcrumb"},"inLanguage":"pt-PT","potentialAction":[{"@type":"ReadAction","target":["https:\/\/ton.connectingminds.net\/pt\/camisa-de-ciclismo-retro\/selecao-nacional-19\/"]}]},{"@type":"ImageObject","inLanguage":"pt-PT","@id":"https:\/\/ton.connectingminds.net\/pt\/camisa-de-ciclismo-retro\/selecao-nacional-19\/#primaryimage","url":"https:\/\/vintagecycling.store\/wp-content\/uploads\/2023\/01\/SSA43373.jpg","contentUrl":"https:\/\/vintagecycling.store\/wp-content\/uploads\/2023\/01\/SSA43373.jpg","width":1704,"height":2272},{"@type":"BreadcrumbList","@id":"https:\/\/ton.connectingminds.net\/pt\/camisa-de-ciclismo-retro\/selecao-nacional-19\/#breadcrumb","itemListElement":[{"@type":"ListItem","position":1,"name":"Home","item":"https:\/\/mail.ton.connectingminds.net\/de\/"},{"@type":"ListItem","position":2,"name":"Retro wielershirts","item":"https:\/\/mail.ton.connectingminds.net\/de\/retro-radtrikots\/"},{"@type":"ListItem","position":3,"name":"DDR NATIONALE PLOEG WIELERSHIRT"}]},{"@type":"WebSite","@id":"https:\/\/mail.ton.connectingminds.net\/de\/#website","url":"https:\/\/mail.ton.connectingminds.net\/de\/","name":"Loja de ciclismo vintage","description":"milhares de camisas de ciclismo originais - encomende a sua r\u00e9plica!","publisher":{"@id":"https:\/\/mail.ton.connectingminds.net\/de\/#organization"},"potentialAction":[{"@type":"SearchAction","target":{"@type":"EntryPoint","urlTemplate":"https:\/\/mail.ton.connectingminds.net\/de\/?s={search_term_string}"},"query-input":{"@type":"PropertyValueSpecification","valueRequired":true,"valueName":"search_term_string"}}],"inLanguage":"pt-PT"},{"@type":"Organization","@id":"https:\/\/mail.ton.connectingminds.net\/de\/#organization","name":"Loja de ciclismo vintage","url":"https:\/\/mail.ton.connectingminds.net\/de\/","logo":{"@type":"ImageObject","inLanguage":"pt-PT","@id":"https:\/\/mail.ton.connectingminds.net\/de\/#\/schema\/logo\/image\/","url":"https:\/\/vintagecycling.store\/wp-content\/uploads\/2023\/03\/ton-merckx-logo.jpg","contentUrl":"https:\/\/vintagecycling.store\/wp-content\/uploads\/2023\/03\/ton-merckx-logo.jpg","width":391,"height":57,"caption":"Vintage Cycling Store"},"image":{"@id":"https:\/\/mail.ton.connectingminds.net\/de\/#\/schema\/logo\/image\/"}}]}},"_links":{"self":[{"href":"https:\/\/vintagecycling.store\/pt\/wp-json\/wp\/v2\/product\/2156","targetHints":{"allow":["GET"]}}],"collection":[{"href":"https:\/\/vintagecycling.store\/pt\/wp-json\/wp\/v2\/product"}],"about":[{"href":"https:\/\/vintagecycling.store\/pt\/wp-json\/wp\/v2\/types\/product"}],"wp:featuredmedia":[{"embeddable":true,"href":"https:\/\/vintagecycling.store\/pt\/wp-json\/wp\/v2\/media\/2155"}],"wp:attachment":[{"href":"https:\/\/vintagecycling.store\/pt\/wp-json\/wp\/v2\/media?parent=2156"}],"wp:term":[{"taxonomy":"product_brand","embeddable":true,"href":"https:\/\/vintagecycling.store\/pt\/wp-json\/wp\/v2\/product_brand?post=2156"},{"taxonomy":"product_cat","embeddable":true,"href":"https:\/\/vintagecycling.store\/pt\/wp-json\/wp\/v2\/product_cat?post=2156"},{"taxonomy":"product_tag","embeddable":true,"href":"https:\/\/vintagecycling.store\/pt\/wp-json\/wp\/v2\/product_tag?post=2156"}],"curies":[{"name":"wp","href":"https:\/\/api.w.org\/{rel}","templated":true}]}}