{"id":3625,"date":"2023-01-24T18:04:43","date_gmt":"2023-01-24T18:04:43","guid":{"rendered":"https:\/\/ton.connectingminds.net\/product\/erotic-discount-center\/"},"modified":"2026-01-28T12:02:24","modified_gmt":"2026-01-28T11:02:24","slug":"centro-de-descontos-eroticos","status":"publish","type":"product","link":"https:\/\/vintagecycling.store\/pt\/retro-wielershirt\/erotic-discount-center\/","title":{"rendered":"CAMISA DE CICLISMO ER\u00d3TICO CENTRO DE DESCONTOS 1995"},"content":{"rendered":"<p>Em 1994, Jos Elen pensa ter encontrado um grande patrocinador principal para sua equipe Elro Snacks.<\/p>\n<p>A empresa EROTIC DISCOUNT CENTER quer investir 500 mil florins em uma equipe profissional de ciclismo.<\/p>\n<p>Os senhores Jos Elen e Joop de Jonge do EROTIC DISCOUNT CENTER gostaram muito.<\/p>\n<p>Mas o KNWU n\u00e3o est\u00e1 muito feliz com esse plano, principalmente a camisa do time com uma senhora seminua \u00e9 um ponto ruim do KNWU, o que prejudica a imagem do ciclismo.<\/p>\n<p>Joop de Jonge do EROTIC DISCOUNT CENTER afirma: NO TITS, NO MONEY e por isso a equipe n\u00e3o decolou como equipe profissional em 1994.<\/p>\n<p>Em 1995, por\u00e9m, o EROTIC DISCOUNT CENTER come\u00e7ou como um time amador com uma camisa modificada.<\/p>\n<p>De 1\u00ba de junho a 31 de julho, TOM CORDES pedalar\u00e1 com esta equipe como PROF.<\/p>","protected":false},"excerpt":{"rendered":"<p>In 1994 denkt Jos Elen een mooie hoofdsponsor te hebben gevonden voor zijn Elro Snacks ploeg. Het bedrijf EROTIC DISCOUNT CENTER wil 500.000 Gulden investeren in een professionele wielerploeg. De heren Jos Elen en Joop de Jonge van EROTIC DISCOUNT CENTER zien het helemaal zitten. Maar de KNWU is niet heel blij met dit plan, [&hellip;]<\/p>\n","protected":false},"featured_media":3624,"template":"","meta":[],"product_brand":[],"product_cat":[151],"product_tag":[],"class_list":{"0":"post-3625","1":"product","2":"type-product","3":"status-publish","4":"has-post-thumbnail","6":"product_cat-pro-team","8":"first","9":"onbackorder","10":"taxable","11":"shipping-taxable","12":"purchasable","13":"product-type-variable"},"yoast_head":"<!-- This site is optimized with the Yoast SEO plugin v27.3 - https:\/\/yoast.com\/product\/yoast-seo-wordpress\/ -->\n<title>EROTIC DISCOUNT CENTER  1995  WIELERSHIRT - Vintage Cycling Store<\/title>\n<meta name=\"robots\" content=\"index, follow, max-snippet:-1, max-image-preview:large, max-video-preview:-1\" \/>\n<link rel=\"canonical\" href=\"https:\/\/mail.tonmerckxwielershirts.nl\/es\/maillot-ciclista-retro\/centro-de-descuentos-eroticos\/\" \/>\n<meta property=\"og:locale\" content=\"pt_PT\" \/>\n<meta property=\"og:type\" content=\"article\" \/>\n<meta property=\"og:title\" content=\"EROTIC DISCOUNT CENTER  1995  WIELERSHIRT - Vintage Cycling Store\" \/>\n<meta property=\"og:description\" content=\"In 1994 denkt Jos Elen een mooie hoofdsponsor te hebben gevonden voor zijn Elro Snacks ploeg. Het bedrijf EROTIC DISCOUNT CENTER wil 500.000 Gulden investeren in een professionele wielerploeg. De heren Jos Elen en Joop de Jonge van EROTIC DISCOUNT CENTER zien het helemaal zitten. Maar de KNWU is niet heel blij met dit plan, [&hellip;]\" \/>\n<meta property=\"og:url\" content=\"https:\/\/mail.tonmerckxwielershirts.nl\/es\/maillot-ciclista-retro\/centro-de-descuentos-eroticos\/\" \/>\n<meta property=\"og:site_name\" content=\"Vintage Cycling Store\" \/>\n<meta property=\"article:modified_time\" content=\"2026-01-28T11:02:24+00:00\" \/>\n<meta property=\"og:image\" content=\"https:\/\/mail.tonmerckxwielershirts.nl\/wp-content\/uploads\/2023\/01\/SSA42020.jpg\" \/>\n\t<meta property=\"og:image:width\" content=\"1704\" \/>\n\t<meta property=\"og:image:height\" content=\"2272\" \/>\n\t<meta property=\"og:image:type\" content=\"image\/jpeg\" \/>\n<meta name=\"twitter:card\" content=\"summary_large_image\" \/>\n<meta name=\"twitter:label1\" content=\"Tempo estimado de leitura\" \/>\n\t<meta name=\"twitter:data1\" content=\"1 minuto\" \/>\n<script type=\"application\/ld+json\" class=\"yoast-schema-graph\">{\"@context\":\"https:\\\/\\\/schema.org\",\"@graph\":[{\"@type\":\"WebPage\",\"@id\":\"https:\\\/\\\/mail.tonmerckxwielershirts.nl\\\/es\\\/maillot-ciclista-retro\\\/centro-de-descuentos-eroticos\\\/\",\"url\":\"https:\\\/\\\/mail.tonmerckxwielershirts.nl\\\/es\\\/maillot-ciclista-retro\\\/centro-de-descuentos-eroticos\\\/\",\"name\":\"EROTIC DISCOUNT CENTER 1995 WIELERSHIRT - Vintage Cycling Store\",\"isPartOf\":{\"@id\":\"https:\\\/\\\/vintagecycling.store\\\/pt\\\/#website\"},\"primaryImageOfPage\":{\"@id\":\"https:\\\/\\\/mail.tonmerckxwielershirts.nl\\\/es\\\/maillot-ciclista-retro\\\/centro-de-descuentos-eroticos\\\/#primaryimage\"},\"image\":{\"@id\":\"https:\\\/\\\/mail.tonmerckxwielershirts.nl\\\/es\\\/maillot-ciclista-retro\\\/centro-de-descuentos-eroticos\\\/#primaryimage\"},\"thumbnailUrl\":\"https:\\\/\\\/vintagecycling.store\\\/wp-content\\\/uploads\\\/2023\\\/01\\\/SSA42020.jpg\",\"datePublished\":\"2023-01-24T18:04:43+00:00\",\"dateModified\":\"2026-01-28T11:02:24+00:00\",\"breadcrumb\":{\"@id\":\"https:\\\/\\\/mail.tonmerckxwielershirts.nl\\\/es\\\/maillot-ciclista-retro\\\/centro-de-descuentos-eroticos\\\/#breadcrumb\"},\"inLanguage\":\"pt-PT\",\"potentialAction\":[{\"@type\":\"ReadAction\",\"target\":[\"https:\\\/\\\/mail.tonmerckxwielershirts.nl\\\/es\\\/maillot-ciclista-retro\\\/centro-de-descuentos-eroticos\\\/\"]}]},{\"@type\":\"ImageObject\",\"inLanguage\":\"pt-PT\",\"@id\":\"https:\\\/\\\/mail.tonmerckxwielershirts.nl\\\/es\\\/maillot-ciclista-retro\\\/centro-de-descuentos-eroticos\\\/#primaryimage\",\"url\":\"https:\\\/\\\/vintagecycling.store\\\/wp-content\\\/uploads\\\/2023\\\/01\\\/SSA42020.jpg\",\"contentUrl\":\"https:\\\/\\\/vintagecycling.store\\\/wp-content\\\/uploads\\\/2023\\\/01\\\/SSA42020.jpg\",\"width\":1704,\"height\":2272},{\"@type\":\"BreadcrumbList\",\"@id\":\"https:\\\/\\\/mail.tonmerckxwielershirts.nl\\\/es\\\/maillot-ciclista-retro\\\/centro-de-descuentos-eroticos\\\/#breadcrumb\",\"itemListElement\":[{\"@type\":\"ListItem\",\"position\":1,\"name\":\"Home\",\"item\":\"https:\\\/\\\/vintagecycling.store\\\/pt\\\/\"},{\"@type\":\"ListItem\",\"position\":2,\"name\":\"Retro wielershirts\",\"item\":\"https:\\\/\\\/vintagecycling.store\\\/pt\\\/retro-wielershirts\\\/\"},{\"@type\":\"ListItem\",\"position\":3,\"name\":\"EROTIC DISCOUNT CENTER 1995 WIELERSHIRT\"}]},{\"@type\":\"WebSite\",\"@id\":\"https:\\\/\\\/vintagecycling.store\\\/pt\\\/#website\",\"url\":\"https:\\\/\\\/vintagecycling.store\\\/pt\\\/\",\"name\":\"Vintage Cycling Store\",\"description\":\"thousands of original cycling jerseys - order your replica!\",\"publisher\":{\"@id\":\"https:\\\/\\\/vintagecycling.store\\\/pt\\\/#organization\"},\"potentialAction\":[{\"@type\":\"SearchAction\",\"target\":{\"@type\":\"EntryPoint\",\"urlTemplate\":\"https:\\\/\\\/vintagecycling.store\\\/pt\\\/?s={search_term_string}\"},\"query-input\":{\"@type\":\"PropertyValueSpecification\",\"valueRequired\":true,\"valueName\":\"search_term_string\"}}],\"inLanguage\":\"pt-PT\"},{\"@type\":\"Organization\",\"@id\":\"https:\\\/\\\/vintagecycling.store\\\/pt\\\/#organization\",\"name\":\"Vintage Cycling Store\",\"url\":\"https:\\\/\\\/vintagecycling.store\\\/pt\\\/\",\"logo\":{\"@type\":\"ImageObject\",\"inLanguage\":\"pt-PT\",\"@id\":\"https:\\\/\\\/vintagecycling.store\\\/pt\\\/#\\\/schema\\\/logo\\\/image\\\/\",\"url\":\"https:\\\/\\\/vintagecycling.store\\\/wp-content\\\/uploads\\\/2023\\\/03\\\/ton-merckx-logo.jpg\",\"contentUrl\":\"https:\\\/\\\/vintagecycling.store\\\/wp-content\\\/uploads\\\/2023\\\/03\\\/ton-merckx-logo.jpg\",\"width\":391,\"height\":57,\"caption\":\"Vintage Cycling Store\"},\"image\":{\"@id\":\"https:\\\/\\\/vintagecycling.store\\\/pt\\\/#\\\/schema\\\/logo\\\/image\\\/\"}}]}<\/script>\n<!-- \/ Yoast SEO plugin. -->","yoast_head_json":{"title":"EROTIC DISCOUNT CENTER 1995 CAMISETA DE CICLISMO - Loja de Ciclismo Vintage","robots":{"index":"index","follow":"follow","max-snippet":"max-snippet:-1","max-image-preview":"max-image-preview:large","max-video-preview":"max-video-preview:-1"},"canonical":"https:\/\/mail.tonmerckxwielershirts.nl\/es\/maillot-ciclista-retro\/centro-de-descuentos-eroticos\/","og_locale":"pt_PT","og_type":"article","og_title":"EROTIC DISCOUNT CENTER  1995  WIELERSHIRT - Vintage Cycling Store","og_description":"In 1994 denkt Jos Elen een mooie hoofdsponsor te hebben gevonden voor zijn Elro Snacks ploeg. Het bedrijf EROTIC DISCOUNT CENTER wil 500.000 Gulden investeren in een professionele wielerploeg. De heren Jos Elen en Joop de Jonge van EROTIC DISCOUNT CENTER zien het helemaal zitten. Maar de KNWU is niet heel blij met dit plan, [&hellip;]","og_url":"https:\/\/mail.tonmerckxwielershirts.nl\/es\/maillot-ciclista-retro\/centro-de-descuentos-eroticos\/","og_site_name":"Vintage Cycling Store","article_modified_time":"2026-01-28T11:02:24+00:00","og_image":[{"width":1704,"height":2272,"url":"https:\/\/mail.tonmerckxwielershirts.nl\/wp-content\/uploads\/2023\/01\/SSA42020.jpg","type":"image\/jpeg"}],"twitter_card":"summary_large_image","twitter_misc":{"Tempo estimado de leitura":"1 minuto"},"schema":{"@context":"https:\/\/schema.org","@graph":[{"@type":"WebPage","@id":"https:\/\/mail.tonmerckxwielershirts.nl\/es\/maillot-ciclista-retro\/centro-de-descuentos-eroticos\/","url":"https:\/\/mail.tonmerckxwielershirts.nl\/es\/maillot-ciclista-retro\/centro-de-descuentos-eroticos\/","name":"EROTIC DISCOUNT CENTER 1995 CAMISETA DE CICLISMO - Loja de Ciclismo Vintage","isPartOf":{"@id":"https:\/\/vintagecycling.store\/pt\/#website"},"primaryImageOfPage":{"@id":"https:\/\/mail.tonmerckxwielershirts.nl\/es\/maillot-ciclista-retro\/centro-de-descuentos-eroticos\/#primaryimage"},"image":{"@id":"https:\/\/mail.tonmerckxwielershirts.nl\/es\/maillot-ciclista-retro\/centro-de-descuentos-eroticos\/#primaryimage"},"thumbnailUrl":"https:\/\/vintagecycling.store\/wp-content\/uploads\/2023\/01\/SSA42020.jpg","datePublished":"2023-01-24T18:04:43+00:00","dateModified":"2026-01-28T11:02:24+00:00","breadcrumb":{"@id":"https:\/\/mail.tonmerckxwielershirts.nl\/es\/maillot-ciclista-retro\/centro-de-descuentos-eroticos\/#breadcrumb"},"inLanguage":"pt-PT","potentialAction":[{"@type":"ReadAction","target":["https:\/\/mail.tonmerckxwielershirts.nl\/es\/maillot-ciclista-retro\/centro-de-descuentos-eroticos\/"]}]},{"@type":"ImageObject","inLanguage":"pt-PT","@id":"https:\/\/mail.tonmerckxwielershirts.nl\/es\/maillot-ciclista-retro\/centro-de-descuentos-eroticos\/#primaryimage","url":"https:\/\/vintagecycling.store\/wp-content\/uploads\/2023\/01\/SSA42020.jpg","contentUrl":"https:\/\/vintagecycling.store\/wp-content\/uploads\/2023\/01\/SSA42020.jpg","width":1704,"height":2272},{"@type":"BreadcrumbList","@id":"https:\/\/mail.tonmerckxwielershirts.nl\/es\/maillot-ciclista-retro\/centro-de-descuentos-eroticos\/#breadcrumb","itemListElement":[{"@type":"ListItem","position":1,"name":"Home","item":"https:\/\/vintagecycling.store\/pt\/"},{"@type":"ListItem","position":2,"name":"Retro wielershirts","item":"https:\/\/vintagecycling.store\/pt\/retro-wielershirts\/"},{"@type":"ListItem","position":3,"name":"EROTIC DISCOUNT CENTER 1995 WIELERSHIRT"}]},{"@type":"WebSite","@id":"https:\/\/vintagecycling.store\/pt\/#website","url":"https:\/\/vintagecycling.store\/pt\/","name":"Loja de ciclismo vintage","description":"milhares de camisas de ciclismo originais - encomende a sua r\u00e9plica!","publisher":{"@id":"https:\/\/vintagecycling.store\/pt\/#organization"},"potentialAction":[{"@type":"SearchAction","target":{"@type":"EntryPoint","urlTemplate":"https:\/\/vintagecycling.store\/pt\/?s={search_term_string}"},"query-input":{"@type":"PropertyValueSpecification","valueRequired":true,"valueName":"search_term_string"}}],"inLanguage":"pt-PT"},{"@type":"Organization","@id":"https:\/\/vintagecycling.store\/pt\/#organization","name":"Loja de ciclismo vintage","url":"https:\/\/vintagecycling.store\/pt\/","logo":{"@type":"ImageObject","inLanguage":"pt-PT","@id":"https:\/\/vintagecycling.store\/pt\/#\/schema\/logo\/image\/","url":"https:\/\/vintagecycling.store\/wp-content\/uploads\/2023\/03\/ton-merckx-logo.jpg","contentUrl":"https:\/\/vintagecycling.store\/wp-content\/uploads\/2023\/03\/ton-merckx-logo.jpg","width":391,"height":57,"caption":"Vintage Cycling Store"},"image":{"@id":"https:\/\/vintagecycling.store\/pt\/#\/schema\/logo\/image\/"}}]}},"_links":{"self":[{"href":"https:\/\/vintagecycling.store\/pt\/wp-json\/wp\/v2\/product\/3625","targetHints":{"allow":["GET"]}}],"collection":[{"href":"https:\/\/vintagecycling.store\/pt\/wp-json\/wp\/v2\/product"}],"about":[{"href":"https:\/\/vintagecycling.store\/pt\/wp-json\/wp\/v2\/types\/product"}],"wp:featuredmedia":[{"embeddable":true,"href":"https:\/\/vintagecycling.store\/pt\/wp-json\/wp\/v2\/media\/3624"}],"wp:attachment":[{"href":"https:\/\/vintagecycling.store\/pt\/wp-json\/wp\/v2\/media?parent=3625"}],"wp:term":[{"taxonomy":"product_brand","embeddable":true,"href":"https:\/\/vintagecycling.store\/pt\/wp-json\/wp\/v2\/product_brand?post=3625"},{"taxonomy":"product_cat","embeddable":true,"href":"https:\/\/vintagecycling.store\/pt\/wp-json\/wp\/v2\/product_cat?post=3625"},{"taxonomy":"product_tag","embeddable":true,"href":"https:\/\/vintagecycling.store\/pt\/wp-json\/wp\/v2\/product_tag?post=3625"}],"curies":[{"name":"wp","href":"https:\/\/api.w.org\/{rel}","templated":true}]}}