{"id":3759,"date":"2023-01-24T18:06:24","date_gmt":"2023-01-24T18:06:24","guid":{"rendered":"https:\/\/ton.connectingminds.net\/product\/kwantum-hallen-decosol-2\/"},"modified":"2026-01-28T12:02:17","modified_gmt":"2026-01-28T11:02:17","slug":"saloes-quanticos-decosol-2","status":"publish","type":"product","link":"https:\/\/vintagecycling.store\/pt\/retro-wielershirt\/kwantum-hallen-decosol-2\/","title":{"rendered":"CAMISA DE CICLISMO KWANTUM HALLEN (a)-DECOSOL-JAN VAN ERP-YOKO 1984"},"content":{"rendered":"<p>Ap\u00f3s uma grande discuss\u00e3o entre Peter Post e Jan Raas na equipe TI RALEIGH, Jan Raas decide montar sua pr\u00f3pria equipe tendo KWANTUM HALLEN como patrocinador principal.<\/p>\n<p>Este \u00e9 o in\u00edcio de uma equipa que ainda corre no pelot\u00e3o sob v\u00e1rios nomes de patrocinadores (Visma-Lease a bike 2024).<\/p>","protected":false},"excerpt":{"rendered":"<p>Ap\u00f3s uma grande discuss\u00e3o entre Peter Post e Jan Raas na equipe TI RALEIGH, Jan Raas decide montar sua pr\u00f3pria equipe tendo KWANTUM HALLEN como patrocinador principal. Este \u00e9 o in\u00edcio de uma equipa que ainda corre no pelot\u00e3o sob v\u00e1rios nomes de patrocinadores (Visma-Lease a bike 2024).<\/p>","protected":false},"featured_media":3758,"template":"","meta":[],"product_brand":[],"product_cat":[151],"product_tag":[],"class_list":{"0":"post-3759","1":"product","2":"type-product","3":"status-publish","4":"has-post-thumbnail","6":"product_cat-pro-team","8":"first","9":"onbackorder","10":"taxable","11":"shipping-taxable","12":"purchasable","13":"product-type-variable"},"yoast_head":"<!-- This site is optimized with the Yoast SEO plugin v27.4 - https:\/\/yoast.com\/product\/yoast-seo-wordpress\/ -->\n<title>KWANTUM HALLEN (a)-DECOSOL-JAN VAN ERP-YOKO  1984  WIELERSHIRT - Vintage Cycling Store<\/title>\n<meta name=\"robots\" content=\"index, follow, max-snippet:-1, max-image-preview:large, max-video-preview:-1\" \/>\n<link rel=\"canonical\" href=\"https:\/\/vintagecycling.store\/pt\/camisa-de-ciclismo-retro\/saloes-quanticos-decosol-2\/\" \/>\n<meta property=\"og:locale\" content=\"pt_PT\" \/>\n<meta property=\"og:type\" content=\"article\" \/>\n<meta property=\"og:title\" content=\"KWANTUM HALLEN (a)-DECOSOL-JAN VAN ERP-YOKO  1984  WIELERSHIRT - Vintage Cycling Store\" \/>\n<meta property=\"og:description\" content=\"Na een flinke ruzie tussen Peter Post en Jan Raas bij de TI RALEIGH ploeg besluit Jan Raas om een eigen ploeg op te zetten met KWANTUM HALLEN als hoofdsponsor. Dit is het begin van een ploeg die onder verschillende sponsornamen tot momenteel nog steeds in het peloton rondrijdt (Visma-Lease a bike 2024).\" \/>\n<meta property=\"og:url\" content=\"https:\/\/vintagecycling.store\/pt\/camisa-de-ciclismo-retro\/saloes-quanticos-decosol-2\/\" \/>\n<meta property=\"og:site_name\" content=\"Vintage Cycling Store\" \/>\n<meta property=\"article:modified_time\" content=\"2026-01-28T11:02:17+00:00\" \/>\n<meta property=\"og:image\" content=\"https:\/\/vintagecycling.store\/wp-content\/uploads\/2023\/01\/SSA42630.jpg\" \/>\n\t<meta property=\"og:image:width\" content=\"1704\" \/>\n\t<meta property=\"og:image:height\" content=\"2272\" \/>\n\t<meta property=\"og:image:type\" content=\"image\/jpeg\" \/>\n<meta name=\"twitter:card\" content=\"summary_large_image\" \/>\n<meta name=\"twitter:label1\" content=\"Tempo estimado de leitura\" \/>\n\t<meta name=\"twitter:data1\" content=\"1 minuto\" \/>\n<script type=\"application\/ld+json\" class=\"yoast-schema-graph\">{\"@context\":\"https:\\\/\\\/schema.org\",\"@graph\":[{\"@type\":\"WebPage\",\"@id\":\"https:\\\/\\\/vintagecycling.store\\\/en\\\/retro-cycling-jersey\\\/quantum-halls-decosol-2\\\/\",\"url\":\"https:\\\/\\\/vintagecycling.store\\\/en\\\/retro-cycling-jersey\\\/quantum-halls-decosol-2\\\/\",\"name\":\"KWANTUM HALLEN (a)-DECOSOL-JAN VAN ERP-YOKO 1984 WIELERSHIRT - Vintage Cycling Store\",\"isPartOf\":{\"@id\":\"https:\\\/\\\/mail.ton-merckx-wielershirts.nl\\\/#website\"},\"primaryImageOfPage\":{\"@id\":\"https:\\\/\\\/vintagecycling.store\\\/en\\\/retro-cycling-jersey\\\/quantum-halls-decosol-2\\\/#primaryimage\"},\"image\":{\"@id\":\"https:\\\/\\\/vintagecycling.store\\\/en\\\/retro-cycling-jersey\\\/quantum-halls-decosol-2\\\/#primaryimage\"},\"thumbnailUrl\":\"https:\\\/\\\/vintagecycling.store\\\/wp-content\\\/uploads\\\/2023\\\/01\\\/SSA42630.jpg\",\"datePublished\":\"2023-01-24T18:06:24+00:00\",\"dateModified\":\"2026-01-28T11:02:17+00:00\",\"breadcrumb\":{\"@id\":\"https:\\\/\\\/vintagecycling.store\\\/en\\\/retro-cycling-jersey\\\/quantum-halls-decosol-2\\\/#breadcrumb\"},\"inLanguage\":\"pt-PT\",\"potentialAction\":[{\"@type\":\"ReadAction\",\"target\":[\"https:\\\/\\\/vintagecycling.store\\\/en\\\/retro-cycling-jersey\\\/quantum-halls-decosol-2\\\/\"]}]},{\"@type\":\"ImageObject\",\"inLanguage\":\"pt-PT\",\"@id\":\"https:\\\/\\\/vintagecycling.store\\\/en\\\/retro-cycling-jersey\\\/quantum-halls-decosol-2\\\/#primaryimage\",\"url\":\"https:\\\/\\\/vintagecycling.store\\\/wp-content\\\/uploads\\\/2023\\\/01\\\/SSA42630.jpg\",\"contentUrl\":\"https:\\\/\\\/vintagecycling.store\\\/wp-content\\\/uploads\\\/2023\\\/01\\\/SSA42630.jpg\",\"width\":1704,\"height\":2272},{\"@type\":\"BreadcrumbList\",\"@id\":\"https:\\\/\\\/vintagecycling.store\\\/en\\\/retro-cycling-jersey\\\/quantum-halls-decosol-2\\\/#breadcrumb\",\"itemListElement\":[{\"@type\":\"ListItem\",\"position\":1,\"name\":\"Home\",\"item\":\"https:\\\/\\\/mail.ton-merckx-wielershirts.nl\\\/\"},{\"@type\":\"ListItem\",\"position\":2,\"name\":\"Retro wielershirts\",\"item\":\"https:\\\/\\\/mail.cyclingoriginals.com\\\/it\\\/maglie-da-ciclismo-retro\\\/\"},{\"@type\":\"ListItem\",\"position\":3,\"name\":\"KWANTUM HALLEN (a)-DECOSOL-JAN VAN ERP-YOKO 1984 WIELERSHIRT\"}]},{\"@type\":\"WebSite\",\"@id\":\"https:\\\/\\\/mail.ton-merckx-wielershirts.nl\\\/#website\",\"url\":\"https:\\\/\\\/mail.ton-merckx-wielershirts.nl\\\/\",\"name\":\"Vintage Cycling Store\",\"description\":\"thousands of original cycling jerseys - order your replica!\",\"publisher\":{\"@id\":\"https:\\\/\\\/mail.ton-merckx-wielershirts.nl\\\/#organization\"},\"potentialAction\":[{\"@type\":\"SearchAction\",\"target\":{\"@type\":\"EntryPoint\",\"urlTemplate\":\"https:\\\/\\\/mail.ton-merckx-wielershirts.nl\\\/?s={search_term_string}\"},\"query-input\":{\"@type\":\"PropertyValueSpecification\",\"valueRequired\":true,\"valueName\":\"search_term_string\"}}],\"inLanguage\":\"pt-PT\"},{\"@type\":\"Organization\",\"@id\":\"https:\\\/\\\/mail.ton-merckx-wielershirts.nl\\\/#organization\",\"name\":\"Vintage Cycling Store\",\"url\":\"https:\\\/\\\/mail.ton-merckx-wielershirts.nl\\\/\",\"logo\":{\"@type\":\"ImageObject\",\"inLanguage\":\"pt-PT\",\"@id\":\"https:\\\/\\\/mail.ton-merckx-wielershirts.nl\\\/#\\\/schema\\\/logo\\\/image\\\/\",\"url\":\"https:\\\/\\\/vintagecycling.store\\\/wp-content\\\/uploads\\\/2023\\\/03\\\/ton-merckx-logo.jpg\",\"contentUrl\":\"https:\\\/\\\/vintagecycling.store\\\/wp-content\\\/uploads\\\/2023\\\/03\\\/ton-merckx-logo.jpg\",\"width\":391,\"height\":57,\"caption\":\"Vintage Cycling Store\"},\"image\":{\"@id\":\"https:\\\/\\\/mail.ton-merckx-wielershirts.nl\\\/#\\\/schema\\\/logo\\\/image\\\/\"}}]}<\/script>\n<!-- \/ Yoast SEO plugin. -->","yoast_head_json":{"title":"CAMISA DE CICLISMO KWANTUM HALLEN (a)-DECOSOL-JAN VAN ERP-YOKO 1984 - Loja de ciclismo vintage","robots":{"index":"index","follow":"follow","max-snippet":"max-snippet:-1","max-image-preview":"max-image-preview:large","max-video-preview":"max-video-preview:-1"},"canonical":"https:\/\/vintagecycling.store\/pt\/camisa-de-ciclismo-retro\/saloes-quanticos-decosol-2\/","og_locale":"pt_PT","og_type":"article","og_title":"KWANTUM HALLEN (a)-DECOSOL-JAN VAN ERP-YOKO  1984  WIELERSHIRT - Vintage Cycling Store","og_description":"Na een flinke ruzie tussen Peter Post en Jan Raas bij de TI RALEIGH ploeg besluit Jan Raas om een eigen ploeg op te zetten met KWANTUM HALLEN als hoofdsponsor. Dit is het begin van een ploeg die onder verschillende sponsornamen tot momenteel nog steeds in het peloton rondrijdt (Visma-Lease a bike 2024).","og_url":"https:\/\/vintagecycling.store\/pt\/camisa-de-ciclismo-retro\/saloes-quanticos-decosol-2\/","og_site_name":"Vintage Cycling Store","article_modified_time":"2026-01-28T11:02:17+00:00","og_image":[{"width":1704,"height":2272,"url":"https:\/\/vintagecycling.store\/wp-content\/uploads\/2023\/01\/SSA42630.jpg","type":"image\/jpeg"}],"twitter_card":"summary_large_image","twitter_misc":{"Tempo estimado de leitura":"1 minuto"},"schema":{"@context":"https:\/\/schema.org","@graph":[{"@type":"WebPage","@id":"https:\/\/vintagecycling.store\/en\/retro-cycling-jersey\/quantum-halls-decosol-2\/","url":"https:\/\/vintagecycling.store\/en\/retro-cycling-jersey\/quantum-halls-decosol-2\/","name":"CAMISA DE CICLISMO KWANTUM HALLEN (a)-DECOSOL-JAN VAN ERP-YOKO 1984 - Loja de ciclismo vintage","isPartOf":{"@id":"https:\/\/mail.ton-merckx-wielershirts.nl\/#website"},"primaryImageOfPage":{"@id":"https:\/\/vintagecycling.store\/en\/retro-cycling-jersey\/quantum-halls-decosol-2\/#primaryimage"},"image":{"@id":"https:\/\/vintagecycling.store\/en\/retro-cycling-jersey\/quantum-halls-decosol-2\/#primaryimage"},"thumbnailUrl":"https:\/\/vintagecycling.store\/wp-content\/uploads\/2023\/01\/SSA42630.jpg","datePublished":"2023-01-24T18:06:24+00:00","dateModified":"2026-01-28T11:02:17+00:00","breadcrumb":{"@id":"https:\/\/vintagecycling.store\/en\/retro-cycling-jersey\/quantum-halls-decosol-2\/#breadcrumb"},"inLanguage":"pt-PT","potentialAction":[{"@type":"ReadAction","target":["https:\/\/vintagecycling.store\/en\/retro-cycling-jersey\/quantum-halls-decosol-2\/"]}]},{"@type":"ImageObject","inLanguage":"pt-PT","@id":"https:\/\/vintagecycling.store\/en\/retro-cycling-jersey\/quantum-halls-decosol-2\/#primaryimage","url":"https:\/\/vintagecycling.store\/wp-content\/uploads\/2023\/01\/SSA42630.jpg","contentUrl":"https:\/\/vintagecycling.store\/wp-content\/uploads\/2023\/01\/SSA42630.jpg","width":1704,"height":2272},{"@type":"BreadcrumbList","@id":"https:\/\/vintagecycling.store\/en\/retro-cycling-jersey\/quantum-halls-decosol-2\/#breadcrumb","itemListElement":[{"@type":"ListItem","position":1,"name":"Home","item":"https:\/\/mail.ton-merckx-wielershirts.nl\/"},{"@type":"ListItem","position":2,"name":"Retro wielershirts","item":"https:\/\/mail.cyclingoriginals.com\/it\/maglie-da-ciclismo-retro\/"},{"@type":"ListItem","position":3,"name":"KWANTUM HALLEN (a)-DECOSOL-JAN VAN ERP-YOKO 1984 WIELERSHIRT"}]},{"@type":"WebSite","@id":"https:\/\/mail.ton-merckx-wielershirts.nl\/#website","url":"https:\/\/mail.ton-merckx-wielershirts.nl\/","name":"Loja de ciclismo vintage","description":"milhares de camisas de ciclismo originais - encomende a sua r\u00e9plica!","publisher":{"@id":"https:\/\/mail.ton-merckx-wielershirts.nl\/#organization"},"potentialAction":[{"@type":"SearchAction","target":{"@type":"EntryPoint","urlTemplate":"https:\/\/mail.ton-merckx-wielershirts.nl\/?s={search_term_string}"},"query-input":{"@type":"PropertyValueSpecification","valueRequired":true,"valueName":"search_term_string"}}],"inLanguage":"pt-PT"},{"@type":"Organization","@id":"https:\/\/mail.ton-merckx-wielershirts.nl\/#organization","name":"Loja de ciclismo vintage","url":"https:\/\/mail.ton-merckx-wielershirts.nl\/","logo":{"@type":"ImageObject","inLanguage":"pt-PT","@id":"https:\/\/mail.ton-merckx-wielershirts.nl\/#\/schema\/logo\/image\/","url":"https:\/\/vintagecycling.store\/wp-content\/uploads\/2023\/03\/ton-merckx-logo.jpg","contentUrl":"https:\/\/vintagecycling.store\/wp-content\/uploads\/2023\/03\/ton-merckx-logo.jpg","width":391,"height":57,"caption":"Vintage Cycling Store"},"image":{"@id":"https:\/\/mail.ton-merckx-wielershirts.nl\/#\/schema\/logo\/image\/"}}]}},"_links":{"self":[{"href":"https:\/\/vintagecycling.store\/pt\/wp-json\/wp\/v2\/product\/3759","targetHints":{"allow":["GET"]}}],"collection":[{"href":"https:\/\/vintagecycling.store\/pt\/wp-json\/wp\/v2\/product"}],"about":[{"href":"https:\/\/vintagecycling.store\/pt\/wp-json\/wp\/v2\/types\/product"}],"wp:featuredmedia":[{"embeddable":true,"href":"https:\/\/vintagecycling.store\/pt\/wp-json\/wp\/v2\/media\/3758"}],"wp:attachment":[{"href":"https:\/\/vintagecycling.store\/pt\/wp-json\/wp\/v2\/media?parent=3759"}],"wp:term":[{"taxonomy":"product_brand","embeddable":true,"href":"https:\/\/vintagecycling.store\/pt\/wp-json\/wp\/v2\/product_brand?post=3759"},{"taxonomy":"product_cat","embeddable":true,"href":"https:\/\/vintagecycling.store\/pt\/wp-json\/wp\/v2\/product_cat?post=3759"},{"taxonomy":"product_tag","embeddable":true,"href":"https:\/\/vintagecycling.store\/pt\/wp-json\/wp\/v2\/product_tag?post=3759"}],"curies":[{"name":"wp","href":"https:\/\/api.w.org\/{rel}","templated":true}]}}