{"id":4455,"date":"2023-01-24T18:14:20","date_gmt":"2023-01-24T18:14:20","guid":{"rendered":"https:\/\/ton.connectingminds.net\/product\/zero\/"},"modified":"2026-01-28T12:01:36","modified_gmt":"2026-01-28T11:01:36","slug":"zero","status":"publish","type":"product","link":"https:\/\/vintagecycling.store\/pt\/retro-wielershirt\/zero\/","title":{"rendered":"CAMISA DE CICLISMO ZERO (a) 1988"},"content":{"rendered":"<p>A equipe Zero foi um projeto not\u00e1vel de Frans Alberts.<\/p>\n<p>O time n\u00e3o tinha patrocinadores, s\u00f3 tinha um grande ZERO na camisa.<\/p>\n<p>A ideia por tr\u00e1s disso era que os pilotos espaciais pudessem encontrar seus pr\u00f3prios patrocinadores no ZERO.<\/p>\n<p>N\u00e3o foi realmente um grande sucesso, apenas HISFA mordeu a isca...<\/p>","protected":false},"excerpt":{"rendered":"<p>A equipe Zero foi um projeto not\u00e1vel de Frans Alberts. O time n\u00e3o tinha patrocinadores e apenas um grande ZERO na camisa. A ideia por tr\u00e1s disso era que os ciclistas pudessem encontrar seus pr\u00f3prios patrocinadores no espa\u00e7o na frente do ZERO. N\u00e3o foi realmente um grande sucesso, apenas a HISFA mordeu a isca...<\/p>","protected":false},"featured_media":4454,"template":"","meta":[],"product_brand":[],"product_cat":[151],"product_tag":[],"class_list":{"0":"post-4455","1":"product","2":"type-product","3":"status-publish","4":"has-post-thumbnail","6":"product_cat-pro-team","8":"first","9":"onbackorder","10":"taxable","11":"shipping-taxable","12":"purchasable","13":"product-type-variable"},"yoast_head":"<!-- This site is optimized with the Yoast SEO plugin v27.5 - https:\/\/yoast.com\/product\/yoast-seo-wordpress\/ -->\n<title>ZERO (a) 1988    WIELERSHIRT - Vintage Cycling Store<\/title>\n<meta name=\"robots\" content=\"index, follow, max-snippet:-1, max-image-preview:large, max-video-preview:-1\" \/>\n<link rel=\"canonical\" href=\"https:\/\/vintagecycling.store\/pt\/camisa-de-ciclismo-retro\/zero\/\" \/>\n<meta property=\"og:locale\" content=\"pt_PT\" \/>\n<meta property=\"og:type\" content=\"article\" \/>\n<meta property=\"og:title\" content=\"ZERO (a) 1988    WIELERSHIRT - Vintage Cycling Store\" \/>\n<meta property=\"og:description\" content=\"De Zero ploeg was een opmerkelijk project van Frans Alberts. De ploeg had geen sponsors er stand enkel een grote NUL (ZERO) op het shirt. Het idee hierachter was, dat renners voor in de ruimte in de ZERO hun eigen sponsors konden zoeken. Het werd niet echt een groot succes, enkel HISFA hapte toe&#8230;&#8230;\" \/>\n<meta property=\"og:url\" content=\"https:\/\/vintagecycling.store\/pt\/camisa-de-ciclismo-retro\/zero\/\" \/>\n<meta property=\"og:site_name\" content=\"Vintage Cycling Store\" \/>\n<meta property=\"article:modified_time\" content=\"2026-01-28T11:01:36+00:00\" \/>\n<meta property=\"og:image\" content=\"https:\/\/vintagecycling.store\/wp-content\/uploads\/2023\/01\/SSA42816.jpg\" \/>\n\t<meta property=\"og:image:width\" content=\"1704\" \/>\n\t<meta property=\"og:image:height\" content=\"2272\" \/>\n\t<meta property=\"og:image:type\" content=\"image\/jpeg\" \/>\n<meta name=\"twitter:card\" content=\"summary_large_image\" \/>\n<meta name=\"twitter:label1\" content=\"Tempo estimado de leitura\" \/>\n\t<meta name=\"twitter:data1\" content=\"1 minuto\" \/>\n<script type=\"application\/ld+json\" class=\"yoast-schema-graph\">{\"@context\":\"https:\\\/\\\/schema.org\",\"@graph\":[{\"@type\":\"WebPage\",\"@id\":\"https:\\\/\\\/vintagecycling.store\\\/es\\\/retro-wielershirt\\\/zero\\\/\",\"url\":\"https:\\\/\\\/vintagecycling.store\\\/es\\\/retro-wielershirt\\\/zero\\\/\",\"name\":\"ZERO (a) 1988 WIELERSHIRT - Vintage Cycling Store\",\"isPartOf\":{\"@id\":\"https:\\\/\\\/www.tonmerckxwielershirts.nl\\\/es\\\/#website\"},\"primaryImageOfPage\":{\"@id\":\"https:\\\/\\\/vintagecycling.store\\\/es\\\/retro-wielershirt\\\/zero\\\/#primaryimage\"},\"image\":{\"@id\":\"https:\\\/\\\/vintagecycling.store\\\/es\\\/retro-wielershirt\\\/zero\\\/#primaryimage\"},\"thumbnailUrl\":\"https:\\\/\\\/vintagecycling.store\\\/wp-content\\\/uploads\\\/2023\\\/01\\\/SSA42816.jpg\",\"datePublished\":\"2023-01-24T18:14:20+00:00\",\"dateModified\":\"2026-01-28T11:01:36+00:00\",\"breadcrumb\":{\"@id\":\"https:\\\/\\\/vintagecycling.store\\\/es\\\/retro-wielershirt\\\/zero\\\/#breadcrumb\"},\"inLanguage\":\"pt-PT\",\"potentialAction\":[{\"@type\":\"ReadAction\",\"target\":[\"https:\\\/\\\/vintagecycling.store\\\/es\\\/retro-wielershirt\\\/zero\\\/\"]}]},{\"@type\":\"ImageObject\",\"inLanguage\":\"pt-PT\",\"@id\":\"https:\\\/\\\/vintagecycling.store\\\/es\\\/retro-wielershirt\\\/zero\\\/#primaryimage\",\"url\":\"https:\\\/\\\/vintagecycling.store\\\/wp-content\\\/uploads\\\/2023\\\/01\\\/SSA42816.jpg\",\"contentUrl\":\"https:\\\/\\\/vintagecycling.store\\\/wp-content\\\/uploads\\\/2023\\\/01\\\/SSA42816.jpg\",\"width\":1704,\"height\":2272},{\"@type\":\"BreadcrumbList\",\"@id\":\"https:\\\/\\\/vintagecycling.store\\\/es\\\/retro-wielershirt\\\/zero\\\/#breadcrumb\",\"itemListElement\":[{\"@type\":\"ListItem\",\"position\":1,\"name\":\"Home\",\"item\":\"https:\\\/\\\/www.tonmerckxwielershirts.nl\\\/es\\\/\"},{\"@type\":\"ListItem\",\"position\":2,\"name\":\"Retro wielershirts\",\"item\":\"https:\\\/\\\/www.tonmerckxwielershirts.nl\\\/es\\\/camisetas-de-ciclismo-retro\\\/\"},{\"@type\":\"ListItem\",\"position\":3,\"name\":\"ZERO (a) 1988 WIELERSHIRT\"}]},{\"@type\":\"WebSite\",\"@id\":\"https:\\\/\\\/www.tonmerckxwielershirts.nl\\\/es\\\/#website\",\"url\":\"https:\\\/\\\/www.tonmerckxwielershirts.nl\\\/es\\\/\",\"name\":\"Vintage Cycling Store\",\"description\":\"thousands of original cycling jerseys - order your replica!\",\"publisher\":{\"@id\":\"https:\\\/\\\/www.tonmerckxwielershirts.nl\\\/es\\\/#organization\"},\"potentialAction\":[{\"@type\":\"SearchAction\",\"target\":{\"@type\":\"EntryPoint\",\"urlTemplate\":\"https:\\\/\\\/www.tonmerckxwielershirts.nl\\\/es\\\/?s={search_term_string}\"},\"query-input\":{\"@type\":\"PropertyValueSpecification\",\"valueRequired\":true,\"valueName\":\"search_term_string\"}}],\"inLanguage\":\"pt-PT\"},{\"@type\":\"Organization\",\"@id\":\"https:\\\/\\\/www.tonmerckxwielershirts.nl\\\/es\\\/#organization\",\"name\":\"Vintage Cycling Store\",\"url\":\"https:\\\/\\\/www.tonmerckxwielershirts.nl\\\/es\\\/\",\"logo\":{\"@type\":\"ImageObject\",\"inLanguage\":\"pt-PT\",\"@id\":\"https:\\\/\\\/www.tonmerckxwielershirts.nl\\\/es\\\/#\\\/schema\\\/logo\\\/image\\\/\",\"url\":\"https:\\\/\\\/vintagecycling.store\\\/wp-content\\\/uploads\\\/2023\\\/03\\\/ton-merckx-logo.jpg\",\"contentUrl\":\"https:\\\/\\\/vintagecycling.store\\\/wp-content\\\/uploads\\\/2023\\\/03\\\/ton-merckx-logo.jpg\",\"width\":391,\"height\":57,\"caption\":\"Vintage Cycling Store\"},\"image\":{\"@id\":\"https:\\\/\\\/www.tonmerckxwielershirts.nl\\\/es\\\/#\\\/schema\\\/logo\\\/image\\\/\"}}]}<\/script>\n<!-- \/ Yoast SEO plugin. -->","yoast_head_json":{"title":"CAMISA DE CICLISMO ZERO (a) 1988 - Loja de ciclismo vintage","robots":{"index":"index","follow":"follow","max-snippet":"max-snippet:-1","max-image-preview":"max-image-preview:large","max-video-preview":"max-video-preview:-1"},"canonical":"https:\/\/vintagecycling.store\/pt\/camisa-de-ciclismo-retro\/zero\/","og_locale":"pt_PT","og_type":"article","og_title":"ZERO (a) 1988    WIELERSHIRT - Vintage Cycling Store","og_description":"De Zero ploeg was een opmerkelijk project van Frans Alberts. De ploeg had geen sponsors er stand enkel een grote NUL (ZERO) op het shirt. Het idee hierachter was, dat renners voor in de ruimte in de ZERO hun eigen sponsors konden zoeken. Het werd niet echt een groot succes, enkel HISFA hapte toe&#8230;&#8230;","og_url":"https:\/\/vintagecycling.store\/pt\/camisa-de-ciclismo-retro\/zero\/","og_site_name":"Vintage Cycling Store","article_modified_time":"2026-01-28T11:01:36+00:00","og_image":[{"width":1704,"height":2272,"url":"https:\/\/vintagecycling.store\/wp-content\/uploads\/2023\/01\/SSA42816.jpg","type":"image\/jpeg"}],"twitter_card":"summary_large_image","twitter_misc":{"Tempo estimado de leitura":"1 minuto"},"schema":{"@context":"https:\/\/schema.org","@graph":[{"@type":"WebPage","@id":"https:\/\/vintagecycling.store\/es\/retro-wielershirt\/zero\/","url":"https:\/\/vintagecycling.store\/es\/retro-wielershirt\/zero\/","name":"CAMISA DE CICLISMO ZERO (a) 1988 - Loja de ciclismo vintage","isPartOf":{"@id":"https:\/\/www.tonmerckxwielershirts.nl\/es\/#website"},"primaryImageOfPage":{"@id":"https:\/\/vintagecycling.store\/es\/retro-wielershirt\/zero\/#primaryimage"},"image":{"@id":"https:\/\/vintagecycling.store\/es\/retro-wielershirt\/zero\/#primaryimage"},"thumbnailUrl":"https:\/\/vintagecycling.store\/wp-content\/uploads\/2023\/01\/SSA42816.jpg","datePublished":"2023-01-24T18:14:20+00:00","dateModified":"2026-01-28T11:01:36+00:00","breadcrumb":{"@id":"https:\/\/vintagecycling.store\/es\/retro-wielershirt\/zero\/#breadcrumb"},"inLanguage":"pt-PT","potentialAction":[{"@type":"ReadAction","target":["https:\/\/vintagecycling.store\/es\/retro-wielershirt\/zero\/"]}]},{"@type":"ImageObject","inLanguage":"pt-PT","@id":"https:\/\/vintagecycling.store\/es\/retro-wielershirt\/zero\/#primaryimage","url":"https:\/\/vintagecycling.store\/wp-content\/uploads\/2023\/01\/SSA42816.jpg","contentUrl":"https:\/\/vintagecycling.store\/wp-content\/uploads\/2023\/01\/SSA42816.jpg","width":1704,"height":2272},{"@type":"BreadcrumbList","@id":"https:\/\/vintagecycling.store\/es\/retro-wielershirt\/zero\/#breadcrumb","itemListElement":[{"@type":"ListItem","position":1,"name":"Home","item":"https:\/\/www.tonmerckxwielershirts.nl\/es\/"},{"@type":"ListItem","position":2,"name":"Retro wielershirts","item":"https:\/\/www.tonmerckxwielershirts.nl\/es\/camisetas-de-ciclismo-retro\/"},{"@type":"ListItem","position":3,"name":"ZERO (a) 1988 WIELERSHIRT"}]},{"@type":"WebSite","@id":"https:\/\/www.tonmerckxwielershirts.nl\/es\/#website","url":"https:\/\/www.tonmerckxwielershirts.nl\/es\/","name":"Loja de ciclismo vintage","description":"milhares de camisas de ciclismo originais - encomende a sua r\u00e9plica!","publisher":{"@id":"https:\/\/www.tonmerckxwielershirts.nl\/es\/#organization"},"potentialAction":[{"@type":"SearchAction","target":{"@type":"EntryPoint","urlTemplate":"https:\/\/www.tonmerckxwielershirts.nl\/es\/?s={search_term_string}"},"query-input":{"@type":"PropertyValueSpecification","valueRequired":true,"valueName":"search_term_string"}}],"inLanguage":"pt-PT"},{"@type":"Organization","@id":"https:\/\/www.tonmerckxwielershirts.nl\/es\/#organization","name":"Loja de ciclismo vintage","url":"https:\/\/www.tonmerckxwielershirts.nl\/es\/","logo":{"@type":"ImageObject","inLanguage":"pt-PT","@id":"https:\/\/www.tonmerckxwielershirts.nl\/es\/#\/schema\/logo\/image\/","url":"https:\/\/vintagecycling.store\/wp-content\/uploads\/2023\/03\/ton-merckx-logo.jpg","contentUrl":"https:\/\/vintagecycling.store\/wp-content\/uploads\/2023\/03\/ton-merckx-logo.jpg","width":391,"height":57,"caption":"Vintage Cycling Store"},"image":{"@id":"https:\/\/www.tonmerckxwielershirts.nl\/es\/#\/schema\/logo\/image\/"}}]}},"_links":{"self":[{"href":"https:\/\/vintagecycling.store\/pt\/wp-json\/wp\/v2\/product\/4455","targetHints":{"allow":["GET"]}}],"collection":[{"href":"https:\/\/vintagecycling.store\/pt\/wp-json\/wp\/v2\/product"}],"about":[{"href":"https:\/\/vintagecycling.store\/pt\/wp-json\/wp\/v2\/types\/product"}],"wp:featuredmedia":[{"embeddable":true,"href":"https:\/\/vintagecycling.store\/pt\/wp-json\/wp\/v2\/media\/4454"}],"wp:attachment":[{"href":"https:\/\/vintagecycling.store\/pt\/wp-json\/wp\/v2\/media?parent=4455"}],"wp:term":[{"taxonomy":"product_brand","embeddable":true,"href":"https:\/\/vintagecycling.store\/pt\/wp-json\/wp\/v2\/product_brand?post=4455"},{"taxonomy":"product_cat","embeddable":true,"href":"https:\/\/vintagecycling.store\/pt\/wp-json\/wp\/v2\/product_cat?post=4455"},{"taxonomy":"product_tag","embeddable":true,"href":"https:\/\/vintagecycling.store\/pt\/wp-json\/wp\/v2\/product_tag?post=4455"}],"curies":[{"name":"wp","href":"https:\/\/api.w.org\/{rel}","templated":true}]}}