{"id":4755,"date":"2023-01-24T18:18:13","date_gmt":"2023-01-24T18:18:13","guid":{"rendered":"https:\/\/ton.connectingminds.net\/product\/once-eroski-tour-de-france\/"},"modified":"2026-04-20T20:51:14","modified_gmt":"2026-04-20T18:51:14","slug":"uma-vez-eroski-tour-de-france","status":"publish","type":"product","link":"https:\/\/vintagecycling.store\/pt\/retro-wielershirt\/once-eroski-tour-de-france\/","title":{"rendered":"CAMISA DE CICLISMO ONCE (g)-EROSKI 2001 TOUR DE FRANCE"},"content":{"rendered":"<p>ONCE-EROSKI 2001 TOUR DE FRAN\u00c7A<\/p>\n<p>Como a ONCE est\u00e1 vestindo a camisa amarela, foi necess\u00e1rio usar uma camisa diferente no TOUR DE FRANCE para evitar confus\u00e3o com a CAMISA AMARELA.<\/p>\n<p>\u00c9 por isso que existe uma camisa rosa no Tour de France.<\/p>","protected":false},"excerpt":{"rendered":"<p>ONCE-EROSKI TOUR DE FRANCE 2001: Como ONCE estava vestindo a camisa amarela, foi necess\u00e1rio usar uma camisa diferente no Tour de France para evitar confus\u00e3o com a camisa amarela. Portanto, uma camisa rosa no Tour de France.<\/p>","protected":false},"featured_media":178489,"template":"","meta":[],"product_brand":[],"product_cat":[151],"product_tag":[],"class_list":{"0":"post-4755","1":"product","2":"type-product","3":"status-publish","4":"has-post-thumbnail","6":"product_cat-pro-team","8":"first","9":"onbackorder","10":"taxable","11":"shipping-taxable","12":"purchasable","13":"product-type-variable"},"yoast_head":"<!-- This site is optimized with the Yoast SEO plugin v27.5 - https:\/\/yoast.com\/product\/yoast-seo-wordpress\/ -->\n<title>ONCE (g)-EROSKI 2001  TOUR DE FRANCE  WIELERSHIRT - Vintage Cycling Store<\/title>\n<meta name=\"robots\" content=\"index, follow, max-snippet:-1, max-image-preview:large, max-video-preview:-1\" \/>\n<link rel=\"canonical\" href=\"https:\/\/vintagecycling.store\/pt\/camisa-de-ciclismo-retro\/uma-vez-eroski-tour-de-france\/\" \/>\n<meta property=\"og:locale\" content=\"pt_PT\" \/>\n<meta property=\"og:type\" content=\"article\" \/>\n<meta property=\"og:title\" content=\"ONCE (g)-EROSKI 2001  TOUR DE FRANCE  WIELERSHIRT - Vintage Cycling Store\" \/>\n<meta property=\"og:description\" content=\"ONCE-EROSKI 2001 TOUR DE FRANCE Omdat ONCE in een geel shirt rijdt, was het nodig om in de TOUR DE FRANCE een ander shirt te dragen om geen verwarring te krijgen met de GELE TRUI. Daarom in de Tour de France een roze shirt.\" \/>\n<meta property=\"og:url\" content=\"https:\/\/vintagecycling.store\/pt\/camisa-de-ciclismo-retro\/uma-vez-eroski-tour-de-france\/\" \/>\n<meta property=\"og:site_name\" content=\"Vintage Cycling Store\" \/>\n<meta property=\"article:modified_time\" content=\"2026-04-20T18:51:14+00:00\" \/>\n<meta property=\"og:image\" content=\"https:\/\/vintagecycling.store\/wp-content\/uploads\/2023\/01\/IMG_5009-scaled.jpg\" \/>\n\t<meta property=\"og:image:width\" content=\"1920\" \/>\n\t<meta property=\"og:image:height\" content=\"2560\" \/>\n\t<meta property=\"og:image:type\" content=\"image\/jpeg\" \/>\n<meta name=\"twitter:card\" content=\"summary_large_image\" \/>\n<meta name=\"twitter:label1\" content=\"Tempo estimado de leitura\" \/>\n\t<meta name=\"twitter:data1\" content=\"1 minuto\" \/>\n<script type=\"application\/ld+json\" class=\"yoast-schema-graph\">{\"@context\":\"https:\\\/\\\/schema.org\",\"@graph\":[{\"@type\":\"WebPage\",\"@id\":\"https:\\\/\\\/vintagecycling.store\\\/pt\\\/camisa-de-ciclismo-retro\\\/uma-vez-eroski-tour-de-france\\\/\",\"url\":\"https:\\\/\\\/vintagecycling.store\\\/pt\\\/camisa-de-ciclismo-retro\\\/uma-vez-eroski-tour-de-france\\\/\",\"name\":\"ONCE (g)-EROSKI 2001 TOUR DE FRANCE WIELERSHIRT - Vintage Cycling Store\",\"isPartOf\":{\"@id\":\"https:\\\/\\\/vintagecycling.store\\\/de\\\/#website\"},\"primaryImageOfPage\":{\"@id\":\"https:\\\/\\\/vintagecycling.store\\\/pt\\\/camisa-de-ciclismo-retro\\\/uma-vez-eroski-tour-de-france\\\/#primaryimage\"},\"image\":{\"@id\":\"https:\\\/\\\/vintagecycling.store\\\/pt\\\/camisa-de-ciclismo-retro\\\/uma-vez-eroski-tour-de-france\\\/#primaryimage\"},\"thumbnailUrl\":\"https:\\\/\\\/vintagecycling.store\\\/wp-content\\\/uploads\\\/2023\\\/01\\\/IMG_5009-scaled.jpg\",\"datePublished\":\"2023-01-24T18:18:13+00:00\",\"dateModified\":\"2026-04-20T18:51:14+00:00\",\"breadcrumb\":{\"@id\":\"https:\\\/\\\/vintagecycling.store\\\/pt\\\/camisa-de-ciclismo-retro\\\/uma-vez-eroski-tour-de-france\\\/#breadcrumb\"},\"inLanguage\":\"pt-PT\",\"potentialAction\":[{\"@type\":\"ReadAction\",\"target\":[\"https:\\\/\\\/vintagecycling.store\\\/pt\\\/camisa-de-ciclismo-retro\\\/uma-vez-eroski-tour-de-france\\\/\"]}]},{\"@type\":\"ImageObject\",\"inLanguage\":\"pt-PT\",\"@id\":\"https:\\\/\\\/vintagecycling.store\\\/pt\\\/camisa-de-ciclismo-retro\\\/uma-vez-eroski-tour-de-france\\\/#primaryimage\",\"url\":\"https:\\\/\\\/vintagecycling.store\\\/wp-content\\\/uploads\\\/2023\\\/01\\\/IMG_5009-scaled.jpg\",\"contentUrl\":\"https:\\\/\\\/vintagecycling.store\\\/wp-content\\\/uploads\\\/2023\\\/01\\\/IMG_5009-scaled.jpg\",\"width\":1920,\"height\":2560,\"caption\":\"ONCE-EROSKI 2001 TOUR DE FRANCE\"},{\"@type\":\"BreadcrumbList\",\"@id\":\"https:\\\/\\\/vintagecycling.store\\\/pt\\\/camisa-de-ciclismo-retro\\\/uma-vez-eroski-tour-de-france\\\/#breadcrumb\",\"itemListElement\":[{\"@type\":\"ListItem\",\"position\":1,\"name\":\"Home\",\"item\":\"https:\\\/\\\/tonmerckxwielershirts.nl\\\/pt\\\/\"},{\"@type\":\"ListItem\",\"position\":2,\"name\":\"Retro wielershirts\",\"item\":\"https:\\\/\\\/tonmerckxwielershirts.nl\\\/pt\\\/camisas-de-ciclismo-retro\\\/\"},{\"@type\":\"ListItem\",\"position\":3,\"name\":\"ONCE (g)-EROSKI 2001 TOUR DE FRANCE WIELERSHIRT\"}]},{\"@type\":\"WebSite\",\"@id\":\"https:\\\/\\\/vintagecycling.store\\\/de\\\/#website\",\"url\":\"https:\\\/\\\/vintagecycling.store\\\/de\\\/\",\"name\":\"Vintage Cycling Store\",\"description\":\"thousands of original cycling jerseys - order your replica!\",\"publisher\":{\"@id\":\"https:\\\/\\\/vintagecycling.store\\\/de\\\/#organization\"},\"potentialAction\":[{\"@type\":\"SearchAction\",\"target\":{\"@type\":\"EntryPoint\",\"urlTemplate\":\"https:\\\/\\\/vintagecycling.store\\\/de\\\/?s={search_term_string}\"},\"query-input\":{\"@type\":\"PropertyValueSpecification\",\"valueRequired\":true,\"valueName\":\"search_term_string\"}}],\"inLanguage\":\"pt-PT\"},{\"@type\":\"Organization\",\"@id\":\"https:\\\/\\\/vintagecycling.store\\\/de\\\/#organization\",\"name\":\"Vintage Cycling Store\",\"url\":\"https:\\\/\\\/vintagecycling.store\\\/de\\\/\",\"logo\":{\"@type\":\"ImageObject\",\"inLanguage\":\"pt-PT\",\"@id\":\"https:\\\/\\\/vintagecycling.store\\\/de\\\/#\\\/schema\\\/logo\\\/image\\\/\",\"url\":\"https:\\\/\\\/vintagecycling.store\\\/wp-content\\\/uploads\\\/2023\\\/03\\\/ton-merckx-logo.jpg\",\"contentUrl\":\"https:\\\/\\\/vintagecycling.store\\\/wp-content\\\/uploads\\\/2023\\\/03\\\/ton-merckx-logo.jpg\",\"width\":391,\"height\":57,\"caption\":\"Vintage Cycling Store\"},\"image\":{\"@id\":\"https:\\\/\\\/vintagecycling.store\\\/de\\\/#\\\/schema\\\/logo\\\/image\\\/\"}}]}<\/script>\n<!-- \/ Yoast SEO plugin. -->","yoast_head_json":{"title":"CAMISA DE CICLISMO ONCE (g)-EROSKI 2001 TOUR DE FRANCE - Loja de ciclismo vintage","robots":{"index":"index","follow":"follow","max-snippet":"max-snippet:-1","max-image-preview":"max-image-preview:large","max-video-preview":"max-video-preview:-1"},"canonical":"https:\/\/vintagecycling.store\/pt\/camisa-de-ciclismo-retro\/uma-vez-eroski-tour-de-france\/","og_locale":"pt_PT","og_type":"article","og_title":"ONCE (g)-EROSKI 2001  TOUR DE FRANCE  WIELERSHIRT - Vintage Cycling Store","og_description":"ONCE-EROSKI 2001 TOUR DE FRANCE Omdat ONCE in een geel shirt rijdt, was het nodig om in de TOUR DE FRANCE een ander shirt te dragen om geen verwarring te krijgen met de GELE TRUI. Daarom in de Tour de France een roze shirt.","og_url":"https:\/\/vintagecycling.store\/pt\/camisa-de-ciclismo-retro\/uma-vez-eroski-tour-de-france\/","og_site_name":"Vintage Cycling Store","article_modified_time":"2026-04-20T18:51:14+00:00","og_image":[{"width":1920,"height":2560,"url":"https:\/\/vintagecycling.store\/wp-content\/uploads\/2023\/01\/IMG_5009-scaled.jpg","type":"image\/jpeg"}],"twitter_card":"summary_large_image","twitter_misc":{"Tempo estimado de leitura":"1 minuto"},"schema":{"@context":"https:\/\/schema.org","@graph":[{"@type":"WebPage","@id":"https:\/\/vintagecycling.store\/pt\/camisa-de-ciclismo-retro\/uma-vez-eroski-tour-de-france\/","url":"https:\/\/vintagecycling.store\/pt\/camisa-de-ciclismo-retro\/uma-vez-eroski-tour-de-france\/","name":"CAMISA DE CICLISMO ONCE (g)-EROSKI 2001 TOUR DE FRANCE - Loja de ciclismo vintage","isPartOf":{"@id":"https:\/\/vintagecycling.store\/de\/#website"},"primaryImageOfPage":{"@id":"https:\/\/vintagecycling.store\/pt\/camisa-de-ciclismo-retro\/uma-vez-eroski-tour-de-france\/#primaryimage"},"image":{"@id":"https:\/\/vintagecycling.store\/pt\/camisa-de-ciclismo-retro\/uma-vez-eroski-tour-de-france\/#primaryimage"},"thumbnailUrl":"https:\/\/vintagecycling.store\/wp-content\/uploads\/2023\/01\/IMG_5009-scaled.jpg","datePublished":"2023-01-24T18:18:13+00:00","dateModified":"2026-04-20T18:51:14+00:00","breadcrumb":{"@id":"https:\/\/vintagecycling.store\/pt\/camisa-de-ciclismo-retro\/uma-vez-eroski-tour-de-france\/#breadcrumb"},"inLanguage":"pt-PT","potentialAction":[{"@type":"ReadAction","target":["https:\/\/vintagecycling.store\/pt\/camisa-de-ciclismo-retro\/uma-vez-eroski-tour-de-france\/"]}]},{"@type":"ImageObject","inLanguage":"pt-PT","@id":"https:\/\/vintagecycling.store\/pt\/camisa-de-ciclismo-retro\/uma-vez-eroski-tour-de-france\/#primaryimage","url":"https:\/\/vintagecycling.store\/wp-content\/uploads\/2023\/01\/IMG_5009-scaled.jpg","contentUrl":"https:\/\/vintagecycling.store\/wp-content\/uploads\/2023\/01\/IMG_5009-scaled.jpg","width":1920,"height":2560,"caption":"ONCE-EROSKI 2001 TOUR DE FRANCE"},{"@type":"BreadcrumbList","@id":"https:\/\/vintagecycling.store\/pt\/camisa-de-ciclismo-retro\/uma-vez-eroski-tour-de-france\/#breadcrumb","itemListElement":[{"@type":"ListItem","position":1,"name":"Home","item":"https:\/\/tonmerckxwielershirts.nl\/pt\/"},{"@type":"ListItem","position":2,"name":"Retro wielershirts","item":"https:\/\/tonmerckxwielershirts.nl\/pt\/camisas-de-ciclismo-retro\/"},{"@type":"ListItem","position":3,"name":"ONCE (g)-EROSKI 2001 TOUR DE FRANCE WIELERSHIRT"}]},{"@type":"WebSite","@id":"https:\/\/vintagecycling.store\/de\/#website","url":"https:\/\/vintagecycling.store\/de\/","name":"Loja de ciclismo vintage","description":"milhares de camisas de ciclismo originais - encomende a sua r\u00e9plica!","publisher":{"@id":"https:\/\/vintagecycling.store\/de\/#organization"},"potentialAction":[{"@type":"SearchAction","target":{"@type":"EntryPoint","urlTemplate":"https:\/\/vintagecycling.store\/de\/?s={search_term_string}"},"query-input":{"@type":"PropertyValueSpecification","valueRequired":true,"valueName":"search_term_string"}}],"inLanguage":"pt-PT"},{"@type":"Organization","@id":"https:\/\/vintagecycling.store\/de\/#organization","name":"Loja de ciclismo vintage","url":"https:\/\/vintagecycling.store\/de\/","logo":{"@type":"ImageObject","inLanguage":"pt-PT","@id":"https:\/\/vintagecycling.store\/de\/#\/schema\/logo\/image\/","url":"https:\/\/vintagecycling.store\/wp-content\/uploads\/2023\/03\/ton-merckx-logo.jpg","contentUrl":"https:\/\/vintagecycling.store\/wp-content\/uploads\/2023\/03\/ton-merckx-logo.jpg","width":391,"height":57,"caption":"Vintage Cycling Store"},"image":{"@id":"https:\/\/vintagecycling.store\/de\/#\/schema\/logo\/image\/"}}]}},"_links":{"self":[{"href":"https:\/\/vintagecycling.store\/pt\/wp-json\/wp\/v2\/product\/4755","targetHints":{"allow":["GET"]}}],"collection":[{"href":"https:\/\/vintagecycling.store\/pt\/wp-json\/wp\/v2\/product"}],"about":[{"href":"https:\/\/vintagecycling.store\/pt\/wp-json\/wp\/v2\/types\/product"}],"wp:featuredmedia":[{"embeddable":true,"href":"https:\/\/vintagecycling.store\/pt\/wp-json\/wp\/v2\/media\/178489"}],"wp:attachment":[{"href":"https:\/\/vintagecycling.store\/pt\/wp-json\/wp\/v2\/media?parent=4755"}],"wp:term":[{"taxonomy":"product_brand","embeddable":true,"href":"https:\/\/vintagecycling.store\/pt\/wp-json\/wp\/v2\/product_brand?post=4755"},{"taxonomy":"product_cat","embeddable":true,"href":"https:\/\/vintagecycling.store\/pt\/wp-json\/wp\/v2\/product_cat?post=4755"},{"taxonomy":"product_tag","embeddable":true,"href":"https:\/\/vintagecycling.store\/pt\/wp-json\/wp\/v2\/product_tag?post=4755"}],"curies":[{"name":"wp","href":"https:\/\/api.w.org\/{rel}","templated":true}]}}