{"id":5186,"date":"2023-01-24T18:24:30","date_gmt":"2023-01-24T18:24:30","guid":{"rendered":"https:\/\/ton.connectingminds.net\/product\/cilo-aufina-tcs\/"},"modified":"2026-01-28T12:00:54","modified_gmt":"2026-01-28T11:00:54","slug":"cilo-aufina-tcs","status":"publish","type":"product","link":"https:\/\/vintagecycling.store\/pt\/retro-wielershirt\/cilo-aufina-tcs\/","title":{"rendered":"CAMISA CILO-AUFINA (c)-TCS 1985"},"content":{"rendered":"<p>Cilo Aufina \u00e9 uma ex-equipe su\u00ed\u00e7a de ciclismo, a equipe foi patrocinada pela Cilo, uma marca su\u00ed\u00e7a de bicicletas, e pela Aufina, uma empresa su\u00ed\u00e7a de servi\u00e7os financeiros. A marca de bicicletas Cilo foi a principal patrocinadora da equipe Cilo de 1939 a 1997, inclusive de 1980 a 1985 sob o nome Cilo-Aufina. Os pilotos incluem Daniel Gisiger, Gilbert Glaus, Beat Breu e Serge Demierre.<\/p>\n<p><img fetchpriority=\"high\" decoding=\"async\" class=\"size-medium wp-image-27487 aligncenter\" src=\"https:\/\/cycling-originals.com\/wp-content\/uploads\/2023\/01\/cilo-aufina-teamcard-1985-300x213.jpg\" alt=\"cilo aufina 1985\" width=\"300\" height=\"213\" srcset=\"https:\/\/vintagecycling.store\/wp-content\/uploads\/2023\/01\/cilo-aufina-teamcard-1985-300x213.jpg 300w, https:\/\/vintagecycling.store\/wp-content\/uploads\/2023\/01\/cilo-aufina-teamcard-1985-18x12.jpg 18w, https:\/\/vintagecycling.store\/wp-content\/uploads\/2023\/01\/cilo-aufina-teamcard-1985.jpg 600w\" sizes=\"(max-width: 300px) 100vw, 300px\" \/><\/p>\n<p>&nbsp;<\/p>","protected":false},"excerpt":{"rendered":"<p>Cilo Aufina is een voormalige Zwitserse wielerploeg, de ploeg werd gesponsord door Cilo, een Zwitsers fietsenmerk, en Aufina, een Zwitserse financi\u00eble dienstverlener. Het fietsenmerk Cilo was van 1939 tot 1997 hoofdsponsor van de Cilo ploeg, waarvan in 1980 tot en met 1985 onder de naam Cilo-Aufina. Renners ondermeer Daniel Gisiger, Gilbert Glaus, Beat Breu en [&hellip;]<\/p>\n","protected":false},"featured_media":5185,"template":"","meta":[],"product_brand":[],"product_cat":[151],"product_tag":[],"class_list":{"0":"post-5186","1":"product","2":"type-product","3":"status-publish","4":"has-post-thumbnail","6":"product_cat-pro-team","8":"first","9":"onbackorder","10":"taxable","11":"shipping-taxable","12":"purchasable","13":"product-type-variable"},"yoast_head":"<!-- This site is optimized with the Yoast SEO plugin v27.3 - https:\/\/yoast.com\/product\/yoast-seo-wordpress\/ -->\n<title>CILO-AUFINA (c)-TCS 1985 WIELERSHIRT - Vintage Cycling Store<\/title>\n<meta name=\"robots\" content=\"index, follow, max-snippet:-1, max-image-preview:large, max-video-preview:-1\" \/>\n<link rel=\"canonical\" href=\"https:\/\/vintagecycling.store\/pt\/camisa-de-ciclismo-retro\/cilo-aufina-tcs\/\" \/>\n<meta property=\"og:locale\" content=\"pt_PT\" \/>\n<meta property=\"og:type\" content=\"article\" \/>\n<meta property=\"og:title\" content=\"CILO-AUFINA (c)-TCS 1985 WIELERSHIRT - Vintage Cycling Store\" \/>\n<meta property=\"og:description\" content=\"Cilo Aufina is een voormalige Zwitserse wielerploeg, de ploeg werd gesponsord door Cilo, een Zwitsers fietsenmerk, en Aufina, een Zwitserse financi\u00eble dienstverlener. Het fietsenmerk Cilo was van 1939 tot 1997 hoofdsponsor van de Cilo ploeg, waarvan in 1980 tot en met 1985 onder de naam Cilo-Aufina. Renners ondermeer Daniel Gisiger, Gilbert Glaus, Beat Breu en [&hellip;]\" \/>\n<meta property=\"og:url\" content=\"https:\/\/vintagecycling.store\/pt\/camisa-de-ciclismo-retro\/cilo-aufina-tcs\/\" \/>\n<meta property=\"og:site_name\" content=\"Vintage Cycling Store\" \/>\n<meta property=\"article:modified_time\" content=\"2026-01-28T11:00:54+00:00\" \/>\n<meta property=\"og:image\" content=\"https:\/\/vintagecycling.store\/wp-content\/uploads\/2023\/01\/SSA43914.jpg\" \/>\n\t<meta property=\"og:image:width\" content=\"1704\" \/>\n\t<meta property=\"og:image:height\" content=\"2272\" \/>\n\t<meta property=\"og:image:type\" content=\"image\/jpeg\" \/>\n<meta name=\"twitter:card\" content=\"summary_large_image\" \/>\n<meta name=\"twitter:label1\" content=\"Tempo estimado de leitura\" \/>\n\t<meta name=\"twitter:data1\" content=\"1 minuto\" \/>\n<script type=\"application\/ld+json\" class=\"yoast-schema-graph\">{\"@context\":\"https:\\\/\\\/schema.org\",\"@graph\":[{\"@type\":\"WebPage\",\"@id\":\"https:\\\/\\\/vintagecycling.store\\\/de\\\/retro-radtrikot\\\/cilo-aufina-tcs\\\/\",\"url\":\"https:\\\/\\\/vintagecycling.store\\\/de\\\/retro-radtrikot\\\/cilo-aufina-tcs\\\/\",\"name\":\"CILO-AUFINA (c)-TCS 1985 WIELERSHIRT - Vintage Cycling Store\",\"isPartOf\":{\"@id\":\"https:\\\/\\\/tonmerckxwielershirts.nl\\\/es\\\/#website\"},\"primaryImageOfPage\":{\"@id\":\"https:\\\/\\\/vintagecycling.store\\\/de\\\/retro-radtrikot\\\/cilo-aufina-tcs\\\/#primaryimage\"},\"image\":{\"@id\":\"https:\\\/\\\/vintagecycling.store\\\/de\\\/retro-radtrikot\\\/cilo-aufina-tcs\\\/#primaryimage\"},\"thumbnailUrl\":\"https:\\\/\\\/vintagecycling.store\\\/wp-content\\\/uploads\\\/2023\\\/01\\\/SSA43914.jpg\",\"datePublished\":\"2023-01-24T18:24:30+00:00\",\"dateModified\":\"2026-01-28T11:00:54+00:00\",\"breadcrumb\":{\"@id\":\"https:\\\/\\\/vintagecycling.store\\\/de\\\/retro-radtrikot\\\/cilo-aufina-tcs\\\/#breadcrumb\"},\"inLanguage\":\"pt-PT\",\"potentialAction\":[{\"@type\":\"ReadAction\",\"target\":[\"https:\\\/\\\/vintagecycling.store\\\/de\\\/retro-radtrikot\\\/cilo-aufina-tcs\\\/\"]}]},{\"@type\":\"ImageObject\",\"inLanguage\":\"pt-PT\",\"@id\":\"https:\\\/\\\/vintagecycling.store\\\/de\\\/retro-radtrikot\\\/cilo-aufina-tcs\\\/#primaryimage\",\"url\":\"https:\\\/\\\/vintagecycling.store\\\/wp-content\\\/uploads\\\/2023\\\/01\\\/SSA43914.jpg\",\"contentUrl\":\"https:\\\/\\\/vintagecycling.store\\\/wp-content\\\/uploads\\\/2023\\\/01\\\/SSA43914.jpg\",\"width\":1704,\"height\":2272},{\"@type\":\"BreadcrumbList\",\"@id\":\"https:\\\/\\\/vintagecycling.store\\\/de\\\/retro-radtrikot\\\/cilo-aufina-tcs\\\/#breadcrumb\",\"itemListElement\":[{\"@type\":\"ListItem\",\"position\":1,\"name\":\"Home\",\"item\":\"https:\\\/\\\/tonmerckxwielershirts.nl\\\/es\\\/\"},{\"@type\":\"ListItem\",\"position\":2,\"name\":\"Retro wielershirts\",\"item\":\"https:\\\/\\\/tonmerckxwielershirts.nl\\\/es\\\/camisetas-de-ciclismo-retro\\\/\"},{\"@type\":\"ListItem\",\"position\":3,\"name\":\"CILO-AUFINA (c)-TCS 1985 WIELERSHIRT\"}]},{\"@type\":\"WebSite\",\"@id\":\"https:\\\/\\\/tonmerckxwielershirts.nl\\\/es\\\/#website\",\"url\":\"https:\\\/\\\/tonmerckxwielershirts.nl\\\/es\\\/\",\"name\":\"Vintage Cycling Store\",\"description\":\"thousands of original cycling jerseys - order your replica!\",\"publisher\":{\"@id\":\"https:\\\/\\\/tonmerckxwielershirts.nl\\\/es\\\/#organization\"},\"potentialAction\":[{\"@type\":\"SearchAction\",\"target\":{\"@type\":\"EntryPoint\",\"urlTemplate\":\"https:\\\/\\\/tonmerckxwielershirts.nl\\\/es\\\/?s={search_term_string}\"},\"query-input\":{\"@type\":\"PropertyValueSpecification\",\"valueRequired\":true,\"valueName\":\"search_term_string\"}}],\"inLanguage\":\"pt-PT\"},{\"@type\":\"Organization\",\"@id\":\"https:\\\/\\\/tonmerckxwielershirts.nl\\\/es\\\/#organization\",\"name\":\"Vintage Cycling Store\",\"url\":\"https:\\\/\\\/tonmerckxwielershirts.nl\\\/es\\\/\",\"logo\":{\"@type\":\"ImageObject\",\"inLanguage\":\"pt-PT\",\"@id\":\"https:\\\/\\\/tonmerckxwielershirts.nl\\\/es\\\/#\\\/schema\\\/logo\\\/image\\\/\",\"url\":\"https:\\\/\\\/vintagecycling.store\\\/wp-content\\\/uploads\\\/2023\\\/03\\\/ton-merckx-logo.jpg\",\"contentUrl\":\"https:\\\/\\\/vintagecycling.store\\\/wp-content\\\/uploads\\\/2023\\\/03\\\/ton-merckx-logo.jpg\",\"width\":391,\"height\":57,\"caption\":\"Vintage Cycling Store\"},\"image\":{\"@id\":\"https:\\\/\\\/tonmerckxwielershirts.nl\\\/es\\\/#\\\/schema\\\/logo\\\/image\\\/\"}}]}<\/script>\n<!-- \/ Yoast SEO plugin. -->","yoast_head_json":{"title":"CAMISA DE CICLISMO CILO-AUFINA (c)-TCS 1985 - Loja de Ciclismo Vintage","robots":{"index":"index","follow":"follow","max-snippet":"max-snippet:-1","max-image-preview":"max-image-preview:large","max-video-preview":"max-video-preview:-1"},"canonical":"https:\/\/vintagecycling.store\/pt\/camisa-de-ciclismo-retro\/cilo-aufina-tcs\/","og_locale":"pt_PT","og_type":"article","og_title":"CILO-AUFINA (c)-TCS 1985 WIELERSHIRT - Vintage Cycling Store","og_description":"Cilo Aufina is een voormalige Zwitserse wielerploeg, de ploeg werd gesponsord door Cilo, een Zwitsers fietsenmerk, en Aufina, een Zwitserse financi\u00eble dienstverlener. Het fietsenmerk Cilo was van 1939 tot 1997 hoofdsponsor van de Cilo ploeg, waarvan in 1980 tot en met 1985 onder de naam Cilo-Aufina. Renners ondermeer Daniel Gisiger, Gilbert Glaus, Beat Breu en [&hellip;]","og_url":"https:\/\/vintagecycling.store\/pt\/camisa-de-ciclismo-retro\/cilo-aufina-tcs\/","og_site_name":"Vintage Cycling Store","article_modified_time":"2026-01-28T11:00:54+00:00","og_image":[{"width":1704,"height":2272,"url":"https:\/\/vintagecycling.store\/wp-content\/uploads\/2023\/01\/SSA43914.jpg","type":"image\/jpeg"}],"twitter_card":"summary_large_image","twitter_misc":{"Tempo estimado de leitura":"1 minuto"},"schema":{"@context":"https:\/\/schema.org","@graph":[{"@type":"WebPage","@id":"https:\/\/vintagecycling.store\/de\/retro-radtrikot\/cilo-aufina-tcs\/","url":"https:\/\/vintagecycling.store\/de\/retro-radtrikot\/cilo-aufina-tcs\/","name":"CAMISA DE CICLISMO CILO-AUFINA (c)-TCS 1985 - Loja de Ciclismo Vintage","isPartOf":{"@id":"https:\/\/tonmerckxwielershirts.nl\/es\/#website"},"primaryImageOfPage":{"@id":"https:\/\/vintagecycling.store\/de\/retro-radtrikot\/cilo-aufina-tcs\/#primaryimage"},"image":{"@id":"https:\/\/vintagecycling.store\/de\/retro-radtrikot\/cilo-aufina-tcs\/#primaryimage"},"thumbnailUrl":"https:\/\/vintagecycling.store\/wp-content\/uploads\/2023\/01\/SSA43914.jpg","datePublished":"2023-01-24T18:24:30+00:00","dateModified":"2026-01-28T11:00:54+00:00","breadcrumb":{"@id":"https:\/\/vintagecycling.store\/de\/retro-radtrikot\/cilo-aufina-tcs\/#breadcrumb"},"inLanguage":"pt-PT","potentialAction":[{"@type":"ReadAction","target":["https:\/\/vintagecycling.store\/de\/retro-radtrikot\/cilo-aufina-tcs\/"]}]},{"@type":"ImageObject","inLanguage":"pt-PT","@id":"https:\/\/vintagecycling.store\/de\/retro-radtrikot\/cilo-aufina-tcs\/#primaryimage","url":"https:\/\/vintagecycling.store\/wp-content\/uploads\/2023\/01\/SSA43914.jpg","contentUrl":"https:\/\/vintagecycling.store\/wp-content\/uploads\/2023\/01\/SSA43914.jpg","width":1704,"height":2272},{"@type":"BreadcrumbList","@id":"https:\/\/vintagecycling.store\/de\/retro-radtrikot\/cilo-aufina-tcs\/#breadcrumb","itemListElement":[{"@type":"ListItem","position":1,"name":"Home","item":"https:\/\/tonmerckxwielershirts.nl\/es\/"},{"@type":"ListItem","position":2,"name":"Retro wielershirts","item":"https:\/\/tonmerckxwielershirts.nl\/es\/camisetas-de-ciclismo-retro\/"},{"@type":"ListItem","position":3,"name":"CILO-AUFINA (c)-TCS 1985 WIELERSHIRT"}]},{"@type":"WebSite","@id":"https:\/\/tonmerckxwielershirts.nl\/es\/#website","url":"https:\/\/tonmerckxwielershirts.nl\/es\/","name":"Loja de ciclismo vintage","description":"milhares de camisas de ciclismo originais - encomende a sua r\u00e9plica!","publisher":{"@id":"https:\/\/tonmerckxwielershirts.nl\/es\/#organization"},"potentialAction":[{"@type":"SearchAction","target":{"@type":"EntryPoint","urlTemplate":"https:\/\/tonmerckxwielershirts.nl\/es\/?s={search_term_string}"},"query-input":{"@type":"PropertyValueSpecification","valueRequired":true,"valueName":"search_term_string"}}],"inLanguage":"pt-PT"},{"@type":"Organization","@id":"https:\/\/tonmerckxwielershirts.nl\/es\/#organization","name":"Loja de ciclismo vintage","url":"https:\/\/tonmerckxwielershirts.nl\/es\/","logo":{"@type":"ImageObject","inLanguage":"pt-PT","@id":"https:\/\/tonmerckxwielershirts.nl\/es\/#\/schema\/logo\/image\/","url":"https:\/\/vintagecycling.store\/wp-content\/uploads\/2023\/03\/ton-merckx-logo.jpg","contentUrl":"https:\/\/vintagecycling.store\/wp-content\/uploads\/2023\/03\/ton-merckx-logo.jpg","width":391,"height":57,"caption":"Vintage Cycling Store"},"image":{"@id":"https:\/\/tonmerckxwielershirts.nl\/es\/#\/schema\/logo\/image\/"}}]}},"_links":{"self":[{"href":"https:\/\/vintagecycling.store\/pt\/wp-json\/wp\/v2\/product\/5186","targetHints":{"allow":["GET"]}}],"collection":[{"href":"https:\/\/vintagecycling.store\/pt\/wp-json\/wp\/v2\/product"}],"about":[{"href":"https:\/\/vintagecycling.store\/pt\/wp-json\/wp\/v2\/types\/product"}],"wp:featuredmedia":[{"embeddable":true,"href":"https:\/\/vintagecycling.store\/pt\/wp-json\/wp\/v2\/media\/5185"}],"wp:attachment":[{"href":"https:\/\/vintagecycling.store\/pt\/wp-json\/wp\/v2\/media?parent=5186"}],"wp:term":[{"taxonomy":"product_brand","embeddable":true,"href":"https:\/\/vintagecycling.store\/pt\/wp-json\/wp\/v2\/product_brand?post=5186"},{"taxonomy":"product_cat","embeddable":true,"href":"https:\/\/vintagecycling.store\/pt\/wp-json\/wp\/v2\/product_cat?post=5186"},{"taxonomy":"product_tag","embeddable":true,"href":"https:\/\/vintagecycling.store\/pt\/wp-json\/wp\/v2\/product_tag?post=5186"}],"curies":[{"name":"wp","href":"https:\/\/api.w.org\/{rel}","templated":true}]}}